{"id":2038,"date":"2018-04-18T20:12:41","date_gmt":"2018-04-18T18:12:41","guid":{"rendered":"https:\/\/sub.hotelteledom.sk\/restauracia\/denne-menu\/"},"modified":"2024-09-29T19:59:16","modified_gmt":"2024-09-29T17:59:16","slug":"denne-menu-2","status":"publish","type":"page","link":"https:\/\/sub.hotelteledom.sk\/ru\/restoran\/denne-menu-2\/","title":{"rendered":"T\u00fd\u017edenn\u00e9 menu"},"content":{"rendered":"<h2 style=\"text-align: center;\"><strong style=\"font-size: 1.8rem;\">30.9.2024<\/strong><\/h2>\n<p style=\"text-align: center;\"><strong>Obedov\u00e9 menu si m\u00f4\u017eete rezervova\u0165 telefonicky na \u010d\u00edsle +421 55\/327 44 01, <\/strong><\/p>\n<p style=\"text-align: center;\"><strong>alebo osobn\u00fd odber od 10:30 do 14:00 na adrese Timonov\u00e1 27<\/strong><\/p>\n<h4 style=\"text-align: center;\"><strong>PONDELOK &#8212; 30.9<\/strong><strong>.2024<\/strong><\/h4>\n<h5 style=\"text-align: center;\">Meniny oslavuje: Jarol\u00edm<\/h5>\n<p>Polievka 1:\u00a0<\/p>\n<p><strong style=\"font-family: var( --e-global-typography-text-font-family ), Sans-serif; font-size: 0.875rem;\">Slepa\u010d\u00ed v\u00fdvar\u00a0<\/strong><\/p>\n<h6>Alerg\u00e9ny (1,3)<\/h6>\n<p><strong>Cena menu s polievkou je 7,00\u20ac<\/strong><\/p>\n<p>Menu 1:<\/p>\n<p><b>Rizoto s hov\u00e4dz\u00edm m\u00e4som a zeleninou, \u013eadov\u00fd \u0161al\u00e1t\u00a0<\/b><\/p>\n<h6>Alerg\u00e9ny (1,3,7)<\/h6>\n<h4 style=\"text-align: center;\"><strong>UTOROK-1.10.2024<\/strong><\/h4>\n<h5 style=\"text-align: center;\">Re\u0161taur\u00e1cia je zatvoren\u00e1\u00a0\u00a0<\/h5>\n<p>V\u00e1\u017een\u00ed z\u00e1kazn\u00edci, vzh\u013eadom na na\u0161e obmedzen\u00e9 kapacity sme pod\u00e1vanie obedov od 1. okt\u00f3bra 2024 museli obmedzi\u0165 len pre \u00fa\u010dastn\u00edkov vzdel\u00e1vac\u00edch a skupinov\u00fdch udalost\u00ed TeleDom, ktor\u00e9 si m\u00f4\u017eete objedna\u0165 na recepcii TeleDom 055\/327 44\u00a0 01. Na\u010falej V\u00e1m pon\u00fakame ka\u017ed\u00fd de\u0148 aj cez v\u00edkendy\u00a0 a sviatky Bufetov\u00e9 ra\u0148ajky od 7:30 do 10:30 a priestory pre Va\u0161e spolo\u010densk\u00e9 udalosti.\u00a0<\/p>\n<p>\u010eakujeme V\u00e1m za Va\u0161u doteraj\u0161iu priaze\u0148 a te\u0161\u00edme sa na \u010fal\u0161iu spolupr\u00e1cu pri organizovan\u00ed Va\u0161ich v\u00fdnimo\u010dn\u00fdch udalost\u00ed.\u00a0<\/p>\n<p>s pozdravom T\u00edm re\u0161taur\u00e1cie<\/p>\n<h4 style=\"text-align: center;\"><strong>STREDA-2.10.2024<\/strong><\/h4>\n<h5 style=\"text-align: center;\">Re\u0161taur\u00e1cia je zatvoren\u00e1\u00a0\u00a0<\/h5>\n<p>V\u00e1\u017een\u00ed z\u00e1kazn\u00edci, vzh\u013eadom na na\u0161e obmedzen\u00e9 kapacity sme pod\u00e1vanie obedov od 1. okt\u00f3bra 2024 museli obmedzi\u0165 len pre \u00fa\u010dastn\u00edkov vzdel\u00e1vac\u00edch a skupinov\u00fdch udalost\u00ed TeleDom, ktor\u00e9 si m\u00f4\u017eete objedna\u0165 na recepcii TeleDom 055\/327 44\u00a0 01. Na\u010falej V\u00e1m pon\u00fakame ka\u017ed\u00fd de\u0148 aj cez v\u00edkendy\u00a0 a sviatky Bufetov\u00e9 ra\u0148ajky od 7:30 do 10:30 a priestory pre Va\u0161e spolo\u010densk\u00e9 udalosti.\u00a0<\/p>\n<p>\u010eakujeme V\u00e1m za Va\u0161u doteraj\u0161iu priaze\u0148 a te\u0161\u00edme sa na \u010fal\u0161iu spolupr\u00e1cu pri organizovan\u00ed Va\u0161ich v\u00fdnimo\u010dn\u00fdch udalost\u00ed.\u00a0<\/p>\n<p>s pozdravom T\u00edm re\u0161taur\u00e1cie<\/p>\n<h4 style=\"text-align: center;\"><strong>\u0160TVRTOK-3.10.2024<\/strong><\/h4>\n<h5 style=\"text-align: center;\">Re\u0161taur\u00e1cia je zatvoren\u00e1\u00a0\u00a0<\/h5>\n<p>V\u00e1\u017een\u00ed z\u00e1kazn\u00edci, vzh\u013eadom na na\u0161e obmedzen\u00e9 kapacity sme pod\u00e1vanie obedov od 1. okt\u00f3bra 2024 museli obmedzi\u0165 len pre \u00fa\u010dastn\u00edkov vzdel\u00e1vac\u00edch a skupinov\u00fdch udalost\u00ed TeleDom, ktor\u00e9 si m\u00f4\u017eete objedna\u0165 na recepcii TeleDom 055\/327 44\u00a0 01. Na\u010falej V\u00e1m pon\u00fakame ka\u017ed\u00fd de\u0148 aj cez v\u00edkendy\u00a0 a sviatky Bufetov\u00e9 ra\u0148ajky od 7:30 do 10:30 a priestory pre Va\u0161e spolo\u010densk\u00e9 udalosti.\u00a0<\/p>\n<p>\u010eakujeme V\u00e1m za Va\u0161u doteraj\u0161iu priaze\u0148 a te\u0161\u00edme sa na \u010fal\u0161iu spolupr\u00e1cu pri organizovan\u00ed Va\u0161ich v\u00fdnimo\u010dn\u00fdch udalost\u00ed.\u00a0<\/p>\n<p>s pozdravom T\u00edm re\u0161taur\u00e1cie<\/p>\n<h4 style=\"text-align: center;\"><strong>PIATOK-4.10.2024<\/strong><\/h4>\n<h5 style=\"text-align: center;\">Re\u0161taur\u00e1cia je zatvoren\u00e1\u00a0\u00a0<\/h5>\n<p>V\u00e1\u017een\u00ed z\u00e1kazn\u00edci, vzh\u013eadom na na\u0161e obmedzen\u00e9 kapacity sme pod\u00e1vanie obedov od 1. okt\u00f3bra 2024 museli obmedzi\u0165 len pre \u00fa\u010dastn\u00edkov vzdel\u00e1vac\u00edch a skupinov\u00fdch udalost\u00ed TeleDom, ktor\u00e9 si m\u00f4\u017eete objedna\u0165 na recepcii TeleDom 055\/327 44\u00a0 01. Na\u010falej V\u00e1m pon\u00fakame ka\u017ed\u00fd de\u0148 aj cez v\u00edkendy\u00a0 a sviatky Bufetov\u00e9 ra\u0148ajky od 7:30 do 10:30 a priestory pre Va\u0161e spolo\u010densk\u00e9 udalosti.\u00a0<\/p>\n<p>\u010eakujeme V\u00e1m za Va\u0161u doteraj\u0161iu priaze\u0148 a te\u0161\u00edme sa na \u010fal\u0161iu spolupr\u00e1cu pri organizovan\u00ed Va\u0161ich v\u00fdnimo\u010dn\u00fdch udalost\u00ed.\u00a0<\/p>\n<p>s pozdravom T\u00edm re\u0161taur\u00e1cie<\/p>\n","protected":false},"excerpt":{"rendered":"<p>30.9.2024 Obedov\u00e9 menu si m\u00f4\u017eete rezervova\u0165 telefonicky na \u010d\u00edsle +421 55\/327 44 01, alebo osobn\u00fd odber od 10:30 do 14:00 na adrese Timonov\u00e1 27 PONDELOK &#8212; 30.9.2024 Meniny oslavuje: Jarol\u00edm Polievka 1:\u00a0 Slepa\u010d\u00ed v\u00fdvar\u00a0 Alerg\u00e9ny (1,3) Cena menu s polievkou je 7,00\u20ac Menu 1: Rizoto s hov\u00e4dz\u00edm m\u00e4som a zeleninou, \u013eadov\u00fd \u0161al\u00e1t\u00a0 Alerg\u00e9ny (1,3,7) UTOROK-1.10.2024 &#8230; <a title=\"T\u00fd\u017edenn\u00e9 menu\" class=\"read-more\" href=\"https:\/\/sub.hotelteledom.sk\/ru\/restoran\/denne-menu-2\/\" aria-label=\"\u041f\u0440\u043e\u0447\u0438\u0442\u0430\u0442\u044c \u0431\u043e\u043b\u044c\u0448\u0435 \u043e T\u00fd\u017edenn\u00e9 menu\">\u0427\u0438\u0442\u0430\u0442\u044c \u0434\u0430\u043b\u0435\u0435<\/a><\/p>\n","protected":false},"author":10,"featured_media":0,"parent":2781,"menu_order":0,"comment_status":"closed","ping_status":"closed","template":"elementor_header_footer","meta":{"_teledom_gallery_image_ids":[],"footnotes":""},"class_list":["post-2038","page","type-page","status-publish"],"yoast_head":"<!-- This site is optimized with the Yoast SEO Premium plugin v27.3 (Yoast SEO v27.3) - https:\/\/yoast.com\/product\/yoast-seo-premium-wordpress\/ -->\n<title>\u0411\u0438\u0437\u043d\u0435\u0441-\u043b\u0430\u043d\u0447 \u041a\u043e\u0448\u0438\u0446\u0435 | \u0420\u0435\u0441\u0442\u043e\u0440\u0430\u043d TeleDom \u0432 \u0446\u0435\u043d\u0442\u0440\u0435<\/title>\n<meta name=\"description\" content=\"\u041d\u0435\u0434\u0435\u043b\u044c\u043d\u043e\u0435 \u043e\u0431\u0435\u0434\u0435\u043d\u043d\u043e\u0435 \u043c\u0435\u043d\u044e \u0432 \u0420\u0435\u0441\u0442\u043e\u0440\u0430\u043d\u0435 TeleDom \u0432 \u0446\u0435\u043d\u0442\u0440\u0435 \u041a\u043e\u0448\u0438\u0446\u0435. \u0414\u043e\u043c\u0430\u0448\u043d\u0438\u0435 \u0441\u043b\u043e\u0432\u0430\u0446\u043a\u0438\u0435 \u0431\u043b\u044e\u0434\u0430, \u0441\u0443\u043f\u044b \u0434\u043d\u044f \u0438 \u0433\u043e\u0440\u044f\u0447\u0435\u0435 \u043f\u043e \u0432\u044b\u0433\u043e\u0434\u043d\u043e\u0439 \u0446\u0435\u043d\u0435. \u041f\u043e\u043d\u0435\u0434\u0435\u043b\u044c\u043d\u0438\u043a \u2013 \u043f\u044f\u0442\u043d\u0438\u0446\u0430.\" \/>\n<meta name=\"robots\" content=\"index, follow, max-snippet:-1, max-image-preview:large, max-video-preview:-1\" \/>\n<link rel=\"canonical\" href=\"https:\/\/sub.hotelteledom.sk\/ru\/restoran\/denne-menu-2\/\" \/>\n<meta property=\"og:locale\" content=\"ru_RU\" \/>\n<meta property=\"og:type\" content=\"article\" \/>\n<meta property=\"og:title\" content=\"T\u00fd\u017edenn\u00e9 menu\" \/>\n<meta property=\"og:description\" content=\"\u041d\u0435\u0434\u0435\u043b\u044c\u043d\u043e\u0435 \u043e\u0431\u0435\u0434\u0435\u043d\u043d\u043e\u0435 \u043c\u0435\u043d\u044e \u0432 \u0420\u0435\u0441\u0442\u043e\u0440\u0430\u043d\u0435 TeleDom \u0432 \u0446\u0435\u043d\u0442\u0440\u0435 \u041a\u043e\u0448\u0438\u0446\u0435. \u0414\u043e\u043c\u0430\u0448\u043d\u0438\u0435 \u0441\u043b\u043e\u0432\u0430\u0446\u043a\u0438\u0435 \u0431\u043b\u044e\u0434\u0430, \u0441\u0443\u043f\u044b \u0434\u043d\u044f \u0438 \u0433\u043e\u0440\u044f\u0447\u0435\u0435 \u043f\u043e \u0432\u044b\u0433\u043e\u0434\u043d\u043e\u0439 \u0446\u0435\u043d\u0435. \u041f\u043e\u043d\u0435\u0434\u0435\u043b\u044c\u043d\u0438\u043a \u2013 \u043f\u044f\u0442\u043d\u0438\u0446\u0430.\" \/>\n<meta property=\"og:url\" content=\"https:\/\/sub.hotelteledom.sk\/ru\/restoran\/denne-menu-2\/\" \/>\n<meta property=\"og:site_name\" content=\"Hotel Teledom\" \/>\n<meta property=\"article:publisher\" content=\"https:\/\/www.facebook.com\/teledomonline\" \/>\n<meta property=\"article:modified_time\" content=\"2024-09-29T17:59:16+00:00\" \/>\n<meta property=\"og:image\" content=\"https:\/\/sub.hotelteledom.sk\/wp-content\/uploads\/2026\/04\/2020-09-08.webp\" \/>\n\t<meta property=\"og:image:width\" content=\"680\" \/>\n\t<meta property=\"og:image:height\" content=\"410\" \/>\n\t<meta property=\"og:image:type\" content=\"image\/webp\" \/>\n<meta name=\"twitter:card\" content=\"summary_large_image\" \/>\n<meta name=\"twitter:label1\" content=\"\u041f\u0440\u0438\u043c\u0435\u0440\u043d\u043e\u0435 \u0432\u0440\u0435\u043c\u044f \u0434\u043b\u044f \u0447\u0442\u0435\u043d\u0438\u044f\" \/>\n\t<meta name=\"twitter:data1\" content=\"2 \u043c\u0438\u043d\u0443\u0442\u044b\" \/>\n<script type=\"application\/ld+json\" class=\"yoast-schema-graph\">{\"@context\":\"https:\\\/\\\/schema.org\",\"@graph\":[{\"@type\":\"WebPage\",\"@id\":\"https:\\\/\\\/sub.hotelteledom.sk\\\/ru\\\/restoran\\\/denne-menu-2\\\/\",\"url\":\"https:\\\/\\\/sub.hotelteledom.sk\\\/ru\\\/restoran\\\/denne-menu-2\\\/\",\"name\":\"\u0411\u0438\u0437\u043d\u0435\u0441-\u043b\u0430\u043d\u0447 \u041a\u043e\u0448\u0438\u0446\u0435 | \u0420\u0435\u0441\u0442\u043e\u0440\u0430\u043d TeleDom \u0432 \u0446\u0435\u043d\u0442\u0440\u0435\",\"isPartOf\":{\"@id\":\"https:\\\/\\\/sub.hotelteledom.sk\\\/#website\"},\"datePublished\":\"2018-04-18T18:12:41+00:00\",\"dateModified\":\"2024-09-29T17:59:16+00:00\",\"description\":\"\u041d\u0435\u0434\u0435\u043b\u044c\u043d\u043e\u0435 \u043e\u0431\u0435\u0434\u0435\u043d\u043d\u043e\u0435 \u043c\u0435\u043d\u044e \u0432 \u0420\u0435\u0441\u0442\u043e\u0440\u0430\u043d\u0435 TeleDom \u0432 \u0446\u0435\u043d\u0442\u0440\u0435 \u041a\u043e\u0448\u0438\u0446\u0435. \u0414\u043e\u043c\u0430\u0448\u043d\u0438\u0435 \u0441\u043b\u043e\u0432\u0430\u0446\u043a\u0438\u0435 \u0431\u043b\u044e\u0434\u0430, \u0441\u0443\u043f\u044b \u0434\u043d\u044f \u0438 \u0433\u043e\u0440\u044f\u0447\u0435\u0435 \u043f\u043e \u0432\u044b\u0433\u043e\u0434\u043d\u043e\u0439 \u0446\u0435\u043d\u0435. \u041f\u043e\u043d\u0435\u0434\u0435\u043b\u044c\u043d\u0438\u043a \u2013 \u043f\u044f\u0442\u043d\u0438\u0446\u0430.\",\"breadcrumb\":{\"@id\":\"https:\\\/\\\/sub.hotelteledom.sk\\\/ru\\\/restoran\\\/denne-menu-2\\\/#breadcrumb\"},\"inLanguage\":\"ru-RU\",\"potentialAction\":[{\"@type\":\"ReadAction\",\"target\":[\"https:\\\/\\\/sub.hotelteledom.sk\\\/ru\\\/restoran\\\/denne-menu-2\\\/\"]}]},{\"@type\":\"BreadcrumbList\",\"@id\":\"https:\\\/\\\/sub.hotelteledom.sk\\\/ru\\\/restoran\\\/denne-menu-2\\\/#breadcrumb\",\"itemListElement\":[{\"@type\":\"ListItem\",\"position\":1,\"name\":\"Domovsk\u00e1 str\u00e1nka\",\"item\":\"https:\\\/\\\/sub.hotelteledom.sk\\\/\"},{\"@type\":\"ListItem\",\"position\":2,\"name\":\"\u0420\u0435\u0441\u0442\u043e\u0440\u0430\u043d\",\"item\":\"https:\\\/\\\/sub.hotelteledom.sk\\\/ru\\\/restoran\\\/\"},{\"@type\":\"ListItem\",\"position\":3,\"name\":\"T\u00fd\u017edenn\u00e9 menu\"}]},{\"@type\":\"WebSite\",\"@id\":\"https:\\\/\\\/sub.hotelteledom.sk\\\/#website\",\"url\":\"https:\\\/\\\/sub.hotelteledom.sk\\\/\",\"name\":\"Hotel TeleDom & Conference Center\",\"description\":\"Trojhviezdi\u010dkov\u00fd hotel, re\u0161taur\u00e1cia Mestsk\u00e1 Pivnica a konferen\u010dn\u00e9 centrum v historickom centre Ko\u0161\u00edc, 200 m od D\u00f3mu sv. Al\u017ebety.\",\"publisher\":{\"@id\":\"https:\\\/\\\/sub.hotelteledom.sk\\\/#organization\"},\"alternateName\":\"Hotel TeleDom\",\"potentialAction\":[{\"@type\":\"SearchAction\",\"target\":{\"@type\":\"EntryPoint\",\"urlTemplate\":\"https:\\\/\\\/sub.hotelteledom.sk\\\/?s={search_term_string}\"},\"query-input\":{\"@type\":\"PropertyValueSpecification\",\"valueRequired\":true,\"valueName\":\"search_term_string\"}}],\"inLanguage\":\"ru-RU\"},{\"@type\":\"Organization\",\"@id\":\"https:\\\/\\\/sub.hotelteledom.sk\\\/#organization\",\"name\":\"Novitech Partner s.r.o.\",\"url\":\"https:\\\/\\\/sub.hotelteledom.sk\\\/\",\"logo\":{\"@type\":\"ImageObject\",\"inLanguage\":\"ru-RU\",\"@id\":\"https:\\\/\\\/sub.hotelteledom.sk\\\/#\\\/schema\\\/logo\\\/image\\\/\",\"url\":\"https:\\\/\\\/sub.hotelteledom.sk\\\/wp-content\\\/uploads\\\/2022\\\/08\\\/cropped-teledom-logotyp-2021-2_\u041c\u043e\u043d\u0442\u0430\u0436\u043d\u0430\u044f-\u043e\u0431\u043b\u0430\u0441\u0442\u044c-1.png\",\"contentUrl\":\"https:\\\/\\\/sub.hotelteledom.sk\\\/wp-content\\\/uploads\\\/2022\\\/08\\\/cropped-teledom-logotyp-2021-2_\u041c\u043e\u043d\u0442\u0430\u0436\u043d\u0430\u044f-\u043e\u0431\u043b\u0430\u0441\u0442\u044c-1.png\",\"width\":512,\"height\":512,\"caption\":\"Novitech Partner s.r.o.\"},\"image\":{\"@id\":\"https:\\\/\\\/sub.hotelteledom.sk\\\/#\\\/schema\\\/logo\\\/image\\\/\"},\"sameAs\":[\"https:\\\/\\\/www.facebook.com\\\/teledomonline\",\"https:\\\/\\\/www.instagram.com\\\/teledomkosice\\\/\"],\"description\":\"Trojhviezdi\u010dkov\u00fd hotel, re\u0161taur\u00e1cia Mestsk\u00e1 Pivnica a konferen\u010dn\u00e9 centrum v historickom centre Ko\u0161\u00edc, 200 m od D\u00f3mu sv. Al\u017ebety.\",\"email\":\"online@teledom.sk\",\"telephone\":\"+421 55 327 44 01\",\"legalName\":\"Novitech Partner s.r.o.\",\"foundingDate\":\"2001-01-08\",\"vatID\":\"SK2020061043\",\"taxID\":\"2020061043\",\"numberOfEmployees\":{\"@type\":\"QuantitativeValue\",\"minValue\":\"11\",\"maxValue\":\"50\"},\"publishingPrinciples\":\"https:\\\/\\\/sub.hotelteledom.sk\\\/gdpr-system-ochrany-osobnych-udajov-v-ramci-spolocnosti-novitech-partner-s-r-o\\\/\",\"ownershipFundingInfo\":\"https:\\\/\\\/sub.hotelteledom.sk\\\/gdpr-system-ochrany-osobnych-udajov-v-ramci-spolocnosti-novitech-partner-s-r-o\\\/\",\"actionableFeedbackPolicy\":\"https:\\\/\\\/sub.hotelteledom.sk\\\/gdpr-system-ochrany-osobnych-udajov-v-ramci-spolocnosti-novitech-partner-s-r-o\\\/\"}]}<\/script>\n<!-- \/ Yoast SEO Premium plugin. -->","yoast_head_json":{"title":"\u0411\u0438\u0437\u043d\u0435\u0441-\u043b\u0430\u043d\u0447 \u041a\u043e\u0448\u0438\u0446\u0435 | \u0420\u0435\u0441\u0442\u043e\u0440\u0430\u043d TeleDom \u0432 \u0446\u0435\u043d\u0442\u0440\u0435","description":"\u041d\u0435\u0434\u0435\u043b\u044c\u043d\u043e\u0435 \u043e\u0431\u0435\u0434\u0435\u043d\u043d\u043e\u0435 \u043c\u0435\u043d\u044e \u0432 \u0420\u0435\u0441\u0442\u043e\u0440\u0430\u043d\u0435 TeleDom \u0432 \u0446\u0435\u043d\u0442\u0440\u0435 \u041a\u043e\u0448\u0438\u0446\u0435. \u0414\u043e\u043c\u0430\u0448\u043d\u0438\u0435 \u0441\u043b\u043e\u0432\u0430\u0446\u043a\u0438\u0435 \u0431\u043b\u044e\u0434\u0430, \u0441\u0443\u043f\u044b \u0434\u043d\u044f \u0438 \u0433\u043e\u0440\u044f\u0447\u0435\u0435 \u043f\u043e \u0432\u044b\u0433\u043e\u0434\u043d\u043e\u0439 \u0446\u0435\u043d\u0435. \u041f\u043e\u043d\u0435\u0434\u0435\u043b\u044c\u043d\u0438\u043a \u2013 \u043f\u044f\u0442\u043d\u0438\u0446\u0430.","robots":{"index":"index","follow":"follow","max-snippet":"max-snippet:-1","max-image-preview":"max-image-preview:large","max-video-preview":"max-video-preview:-1"},"canonical":"https:\/\/sub.hotelteledom.sk\/ru\/restoran\/denne-menu-2\/","og_locale":"ru_RU","og_type":"article","og_title":"T\u00fd\u017edenn\u00e9 menu","og_description":"\u041d\u0435\u0434\u0435\u043b\u044c\u043d\u043e\u0435 \u043e\u0431\u0435\u0434\u0435\u043d\u043d\u043e\u0435 \u043c\u0435\u043d\u044e \u0432 \u0420\u0435\u0441\u0442\u043e\u0440\u0430\u043d\u0435 TeleDom \u0432 \u0446\u0435\u043d\u0442\u0440\u0435 \u041a\u043e\u0448\u0438\u0446\u0435. \u0414\u043e\u043c\u0430\u0448\u043d\u0438\u0435 \u0441\u043b\u043e\u0432\u0430\u0446\u043a\u0438\u0435 \u0431\u043b\u044e\u0434\u0430, \u0441\u0443\u043f\u044b \u0434\u043d\u044f \u0438 \u0433\u043e\u0440\u044f\u0447\u0435\u0435 \u043f\u043e \u0432\u044b\u0433\u043e\u0434\u043d\u043e\u0439 \u0446\u0435\u043d\u0435. \u041f\u043e\u043d\u0435\u0434\u0435\u043b\u044c\u043d\u0438\u043a \u2013 \u043f\u044f\u0442\u043d\u0438\u0446\u0430.","og_url":"https:\/\/sub.hotelteledom.sk\/ru\/restoran\/denne-menu-2\/","og_site_name":"Hotel Teledom","article_publisher":"https:\/\/www.facebook.com\/teledomonline","article_modified_time":"2024-09-29T17:59:16+00:00","og_image":[{"width":680,"height":410,"url":"https:\/\/sub.hotelteledom.sk\/wp-content\/uploads\/2026\/04\/2020-09-08.webp","type":"image\/webp"}],"twitter_card":"summary_large_image","twitter_misc":{"\u041f\u0440\u0438\u043c\u0435\u0440\u043d\u043e\u0435 \u0432\u0440\u0435\u043c\u044f \u0434\u043b\u044f \u0447\u0442\u0435\u043d\u0438\u044f":"2 \u043c\u0438\u043d\u0443\u0442\u044b"},"schema":{"@context":"https:\/\/schema.org","@graph":[{"@type":"WebPage","@id":"https:\/\/sub.hotelteledom.sk\/ru\/restoran\/denne-menu-2\/","url":"https:\/\/sub.hotelteledom.sk\/ru\/restoran\/denne-menu-2\/","name":"\u0411\u0438\u0437\u043d\u0435\u0441-\u043b\u0430\u043d\u0447 \u041a\u043e\u0448\u0438\u0446\u0435 | \u0420\u0435\u0441\u0442\u043e\u0440\u0430\u043d TeleDom \u0432 \u0446\u0435\u043d\u0442\u0440\u0435","isPartOf":{"@id":"https:\/\/sub.hotelteledom.sk\/#website"},"datePublished":"2018-04-18T18:12:41+00:00","dateModified":"2024-09-29T17:59:16+00:00","description":"\u041d\u0435\u0434\u0435\u043b\u044c\u043d\u043e\u0435 \u043e\u0431\u0435\u0434\u0435\u043d\u043d\u043e\u0435 \u043c\u0435\u043d\u044e \u0432 \u0420\u0435\u0441\u0442\u043e\u0440\u0430\u043d\u0435 TeleDom \u0432 \u0446\u0435\u043d\u0442\u0440\u0435 \u041a\u043e\u0448\u0438\u0446\u0435. \u0414\u043e\u043c\u0430\u0448\u043d\u0438\u0435 \u0441\u043b\u043e\u0432\u0430\u0446\u043a\u0438\u0435 \u0431\u043b\u044e\u0434\u0430, \u0441\u0443\u043f\u044b \u0434\u043d\u044f \u0438 \u0433\u043e\u0440\u044f\u0447\u0435\u0435 \u043f\u043e \u0432\u044b\u0433\u043e\u0434\u043d\u043e\u0439 \u0446\u0435\u043d\u0435. \u041f\u043e\u043d\u0435\u0434\u0435\u043b\u044c\u043d\u0438\u043a \u2013 \u043f\u044f\u0442\u043d\u0438\u0446\u0430.","breadcrumb":{"@id":"https:\/\/sub.hotelteledom.sk\/ru\/restoran\/denne-menu-2\/#breadcrumb"},"inLanguage":"ru-RU","potentialAction":[{"@type":"ReadAction","target":["https:\/\/sub.hotelteledom.sk\/ru\/restoran\/denne-menu-2\/"]}]},{"@type":"BreadcrumbList","@id":"https:\/\/sub.hotelteledom.sk\/ru\/restoran\/denne-menu-2\/#breadcrumb","itemListElement":[{"@type":"ListItem","position":1,"name":"Domovsk\u00e1 str\u00e1nka","item":"https:\/\/sub.hotelteledom.sk\/"},{"@type":"ListItem","position":2,"name":"\u0420\u0435\u0441\u0442\u043e\u0440\u0430\u043d","item":"https:\/\/sub.hotelteledom.sk\/ru\/restoran\/"},{"@type":"ListItem","position":3,"name":"T\u00fd\u017edenn\u00e9 menu"}]},{"@type":"WebSite","@id":"https:\/\/sub.hotelteledom.sk\/#website","url":"https:\/\/sub.hotelteledom.sk\/","name":"Hotel TeleDom & Conference Center","description":"Trojhviezdi\u010dkov\u00fd hotel, re\u0161taur\u00e1cia Mestsk\u00e1 Pivnica a konferen\u010dn\u00e9 centrum v historickom centre Ko\u0161\u00edc, 200 m od D\u00f3mu sv. Al\u017ebety.","publisher":{"@id":"https:\/\/sub.hotelteledom.sk\/#organization"},"alternateName":"Hotel TeleDom","potentialAction":[{"@type":"SearchAction","target":{"@type":"EntryPoint","urlTemplate":"https:\/\/sub.hotelteledom.sk\/?s={search_term_string}"},"query-input":{"@type":"PropertyValueSpecification","valueRequired":true,"valueName":"search_term_string"}}],"inLanguage":"ru-RU"},{"@type":"Organization","@id":"https:\/\/sub.hotelteledom.sk\/#organization","name":"Novitech Partner s.r.o.","url":"https:\/\/sub.hotelteledom.sk\/","logo":{"@type":"ImageObject","inLanguage":"ru-RU","@id":"https:\/\/sub.hotelteledom.sk\/#\/schema\/logo\/image\/","url":"https:\/\/sub.hotelteledom.sk\/wp-content\/uploads\/2022\/08\/cropped-teledom-logotyp-2021-2_\u041c\u043e\u043d\u0442\u0430\u0436\u043d\u0430\u044f-\u043e\u0431\u043b\u0430\u0441\u0442\u044c-1.png","contentUrl":"https:\/\/sub.hotelteledom.sk\/wp-content\/uploads\/2022\/08\/cropped-teledom-logotyp-2021-2_\u041c\u043e\u043d\u0442\u0430\u0436\u043d\u0430\u044f-\u043e\u0431\u043b\u0430\u0441\u0442\u044c-1.png","width":512,"height":512,"caption":"Novitech Partner s.r.o."},"image":{"@id":"https:\/\/sub.hotelteledom.sk\/#\/schema\/logo\/image\/"},"sameAs":["https:\/\/www.facebook.com\/teledomonline","https:\/\/www.instagram.com\/teledomkosice\/"],"description":"Trojhviezdi\u010dkov\u00fd hotel, re\u0161taur\u00e1cia Mestsk\u00e1 Pivnica a konferen\u010dn\u00e9 centrum v historickom centre Ko\u0161\u00edc, 200 m od D\u00f3mu sv. Al\u017ebety.","email":"online@teledom.sk","telephone":"+421 55 327 44 01","legalName":"Novitech Partner s.r.o.","foundingDate":"2001-01-08","vatID":"SK2020061043","taxID":"2020061043","numberOfEmployees":{"@type":"QuantitativeValue","minValue":"11","maxValue":"50"},"publishingPrinciples":"https:\/\/sub.hotelteledom.sk\/gdpr-system-ochrany-osobnych-udajov-v-ramci-spolocnosti-novitech-partner-s-r-o\/","ownershipFundingInfo":"https:\/\/sub.hotelteledom.sk\/gdpr-system-ochrany-osobnych-udajov-v-ramci-spolocnosti-novitech-partner-s-r-o\/","actionableFeedbackPolicy":"https:\/\/sub.hotelteledom.sk\/gdpr-system-ochrany-osobnych-udajov-v-ramci-spolocnosti-novitech-partner-s-r-o\/"}]}},"_links":{"self":[{"href":"https:\/\/sub.hotelteledom.sk\/ru\/wp-json\/wp\/v2\/pages\/2038","targetHints":{"allow":["GET"]}}],"collection":[{"href":"https:\/\/sub.hotelteledom.sk\/ru\/wp-json\/wp\/v2\/pages"}],"about":[{"href":"https:\/\/sub.hotelteledom.sk\/ru\/wp-json\/wp\/v2\/types\/page"}],"author":[{"embeddable":true,"href":"https:\/\/sub.hotelteledom.sk\/ru\/wp-json\/wp\/v2\/users\/10"}],"replies":[{"embeddable":true,"href":"https:\/\/sub.hotelteledom.sk\/ru\/wp-json\/wp\/v2\/comments?post=2038"}],"version-history":[{"count":5,"href":"https:\/\/sub.hotelteledom.sk\/ru\/wp-json\/wp\/v2\/pages\/2038\/revisions"}],"predecessor-version":[{"id":8906,"href":"https:\/\/sub.hotelteledom.sk\/ru\/wp-json\/wp\/v2\/pages\/2038\/revisions\/8906"}],"up":[{"embeddable":true,"href":"https:\/\/sub.hotelteledom.sk\/ru\/wp-json\/wp\/v2\/pages\/2781"}],"wp:attachment":[{"href":"https:\/\/sub.hotelteledom.sk\/ru\/wp-json\/wp\/v2\/media?parent=2038"}],"curies":[{"name":"wp","href":"https:\/\/api.w.org\/{rel}","templated":true}]}}