{"id":9829,"date":"2026-04-28T16:49:48","date_gmt":"2026-04-28T14:49:48","guid":{"rendered":"https:\/\/sub.hotelteledom.sk\/eskuvok-helyszinek-a-varos-sziveben\/"},"modified":"2026-04-28T18:52:50","modified_gmt":"2026-04-28T16:52:50","slug":"eskuvok-helyszinek-a-varos-sziveben","status":"publish","type":"page","link":"https:\/\/sub.hotelteledom.sk\/hu\/eskuvok-helyszinek-a-varos-sziveben\/","title":{"rendered":"Esk\u00fcv\u0151k \u2013 helysz\u00ednek a v\u00e1ros sz\u00edv\u00e9ben"},"content":{"rendered":"<h2>Esk\u00fcv\u0151k Kass\u00e1n \u2013 Romantikus helysz\u00ednek a nagy napra<\/h2>\n<h4>T\u00f6bb, rugalmasan kialak\u00edthat\u00f3 termet k\u00edn\u00e1lunk. Kis, 30 f\u0151s esk\u00fcv\u0151t\u0151l a nagy, ak\u00e1r 100 f\u0151s rendezv\u00e9nyig minden alkalmat gond n\u00e9lk\u00fcl megszervez\u00fcnk.<\/h4>\n<p>\t\t\tmax. f\u0151<br \/>\n\t\t\t\t0<br \/>\n\t\t\talapter\u00fclet m\u00b2<br \/>\n\t\t\t\t0<\/p>\n<p>Minden term\u00fcnk semleges \u00e9s eleg\u00e1ns, \u00edgy nem sz\u00fcks\u00e9ges befektetni p\u00e9ld\u00e1ul a falak vagy oszlopok d\u00edsz\u00edt\u00e9s\u00e9be. B\u00e1rmilyen sz\u00edn\u0171 dekor\u00e1ci\u00f3 \u00edzl\u00e9ses lesz, \u00e9s semmi sem fogja zavarni. A Hotel TeleDom termei magas mennyezet\u0171ek, klimatiz\u00e1ltak \u00e9s min\u0151s\u00e9gi hangos\u00edt\u00e1ssal felszereltek. Nagy vet\u00edt\u0151v\u00e1szon \u00e9s projektor is rendelkez\u00e9sre \u00e1ll. Ezek haszn\u00e1lata eset\u00e9n a terem vagy annak r\u00e9sze els\u00f6t\u00e9t\u00edthet\u0151, hogy a f\u00e9nyk\u00e9pek vagy csal\u00e1di vide\u00f3k kivet\u00edt\u00e9se jobban \u00e9rv\u00e9nyes\u00fclj\u00f6n.<\/p>\n<p>A TeleDom \u00e9tterem k\u00fcl\u00f6nb\u00f6z\u0151 esem\u00e9nyek \u00e9s \u00fcnneps\u00e9gek szervez\u00e9s\u00e9re specializ\u00e1l\u00f3dott:<\/p>\n<ul>\n<li>Esk\u00fcv\u0151k szervez\u00e9se<\/li>\n<li>Csal\u00e1di rendezv\u00e9nyek<\/li>\n<li>Szalagavat\u00f3k<\/li>\n<li>C\u00e9ges rendezv\u00e9nyek<\/li>\n<li>Tematikus \u00e9s szezon\u00e1lis rendezv\u00e9nyek<\/li>\n<\/ul>\n<p>\t\t\t<a href=\"#priestory\"><br \/>\n\t\t\t\t\t\t<\/a><\/p>\n<h2>Hely mindenki sz\u00e1m\u00e1ra, akit szeret<\/h2>\n<h4>ESK\u00dcV\u0150I HELYSZ\u00cdNEK<\/h4>\n<p>B\u00fcszk\u00e9k vagyunk arra, hogy gy\u00f6ny\u00f6r\u0171 \u00e9s eleg\u00e1ns helysz\u00edneket k\u00edn\u00e1lhatunk esk\u00fcv\u0151j\u00e9re, amelyek t\u00f6k\u00e9letes hangulatot biztos\u00edtanak az \u00fcnnepl\u00e9shez. Az intim \u00e9s romantikus termekt\u0151l a nagy \u00e9s luxus termekig minden \u00edzl\u00e9shez \u00e9s st\u00edlushoz megtal\u00e1ljuk a megfelel\u0151 lehet\u0151s\u00e9get. Profi \u00e9s odafigyel\u0151 szem\u00e9lyzet\u00fcnk minden r\u00e9szletre \u00fcgyel, hogy az \u00d6n nagy napja igaz\u00e1n felejthetetlen \u00e9lm\u00e9ny legyen.<\/p>\n<p>\t\t\t\t\t\t\t\t\t\t\u00c1trium (max. 100 f\u0151)R\u00e1k\u00f3czi-szalon (max. 20 f\u0151)Arany szalon (max. 25 f\u0151)<br \/>\n\t\t\t\t\t\t\t\t\t\t\t\t\t\tPrevious slide<br \/>\n\t\t\t\t\t\t\t\t\t\t\t\t\t\tNext slide<\/p>\n<h4>\u00c1trium<\/h4>\n<p>elrendez\u00e9s\u00e9vel ak\u00e1r 100 f\u0151s kapacit\u00e1st k\u00edn\u00e1l. A t\u00e9r ide\u00e1lis nagyobb esk\u00fcv\u0151i<br \/>\nfogad\u00e1sokhoz, csal\u00e1di \u00fcnneps\u00e9gekhez (sz\u00fclet\u00e9snap, keresztel\u0151, b\u00e9rm\u00e1lkoz\u00e1s, ballag\u00e1s), szalagavat\u00f3khoz,<br \/>\nc\u00e9ges vacsor\u00e1khoz, \u00fczleti t\u00e1rgyal\u00e1sokhoz, bankettokhoz, fogad\u00e1sokhoz \u00e9s b\u00e1lokhoz.<\/p>\n<p>\t\t\t<a role=\"button\"><br \/>\n\t\t\t\t\t\t\t\t\tTov\u00e1bbi fot\u00f3k<br \/>\n\t\t\t\t\t<\/a><\/p>\n<h4>R\u00e1k\u00f3czi-szalon<\/h4>\n<p>ak\u00e1r 20 f\u0151s kapacit\u00e1s\u00e1val ide\u00e1lis helysz\u00edn csal\u00e1di \u00e9s c\u00e9ges rendezv\u00e9nyekhez. A szalon<br \/>\nk\u00e9t helyis\u00e9gb\u0151l \u00e1ll: az els\u0151 az \u00e9tkez\u0151r\u00e9sz, a m\u00e1sodik pedig egy pihen\u0151z\u00f3na<br \/>\nk\u00e9nyelmes b\u0151r \u00fcl\u0151garnit\u00far\u00e1kkal. A szalon t\u00f6rt\u00e9nelmi hangulatot \u00e1raszt \u00e9s kellemes,<br \/>\nkamarazenei l\u00e9gk\u00f6rt teremt.<\/p>\n<p>\t\t\t<a role=\"button\"><br \/>\n\t\t\t\t\t\t\t\t\tTov\u00e1bbi fot\u00f3k<br \/>\n\t\t\t\t\t<\/a><\/p>\n<h4>Arany szalon<\/h4>\n<p>ide\u00e1lis t\u00e9r kisebb rendezv\u00e9nyekhez, ak\u00e1r 25 f\u0151s kapacit\u00e1ssal. Vizu\u00e1lisan<br \/>\nfinom \u00e9s \u00e1lomszer\u0171 hangulatot kelt; a teret az arany sz\u00edn \u00e9s a term\u00e9szetes nappali f\u00e9ny uralja.<\/p>\n<p>\t\t\t<a href=\"#baliky\"><br \/>\n\t\t\t\t\t\t<\/a><\/p>\n<h2>ESK\u00dcV\u0150I CSOMAGOK K\u00cdN\u00c1LATA<\/h2>\n<h4>EGY\u00c9NI IG\u00c9NYRE SZABJUK<\/h4>\n<p>\u00c9lje \u00e1t \u00e1lmai esk\u00fcv\u0151i napj\u00e1t a Hotel TeleDom gy\u00f6ny\u00f6r\u0171 k\u00f6rnyezet\u00e9ben! Speci\u00e1lis esk\u00fcv\u0151i csomagokat k\u00edn\u00e1lunk, melyek megk\u00f6nny\u00edtik a felk\u00e9sz\u00fcl\u00e9st \u00e9s gondoskodnak arr\u00f3l, hogy nagy napja val\u00f3ban felejthetetlen legyen. Vend\u00e9geinknek exkluz\u00edv helysz\u00edneket, els\u0151 oszt\u00e1ly\u00fa gasztron\u00f3mi\u00e1t \u00e9s professzion\u00e1lis szolg\u00e1ltat\u00e1sokat biztos\u00edtunk, hogy minden r\u00e9szlet t\u00f6k\u00e9letes legyen.<\/p>\n<h4>STANDARD<\/h4>\n<h5>49,00 \u20ac\/ f\u0151<\/h5>\n<h4>PREMIUM<\/h4>\n<h5>54,00 \u20ac\/ f\u0151<\/h5>\n<h4>EXCLUSIVE<\/h4>\n<h5>59,00 \u20ac\/ f\u0151<\/h5>\n<p>* 10 \u00e9v alatti gyermekek sz\u00e1m\u00e1ra gyermekadag rendelhet\u0151 \u2013 a teljes csomag \u00e1r\u00e1nak fele.<br \/>** 3 \u00e9v alatti gyermekek \u2013 \u00e9tkez\u00e9s n\u00e9lk\u00fcl \/ egy\u00e9ni aj\u00e1nlat.<\/p>\n<figure><img decoding=\"async\" src=\"https:\/\/sub.hotelteledom.sk\/wp-content\/uploads\/2024\/09\/ceri-10.webp\" alt=\"ceri-10.webp\" \/><\/figure>\n<figure><img decoding=\"async\" src=\"https:\/\/sub.hotelteledom.sk\/wp-content\/uploads\/2024\/09\/ceri-33.webp\" alt=\"ceri-33.webp\" \/><\/figure>\n<figure><img decoding=\"async\" src=\"https:\/\/sub.hotelteledom.sk\/wp-content\/uploads\/2024\/09\/ceri-36.webp\" alt=\"ceri-36.webp\" \/><\/figure>\n<figure><img decoding=\"async\" src=\"https:\/\/sub.hotelteledom.sk\/wp-content\/uploads\/2024\/09\/ceri-2.webp\" alt=\"ceri-2.webp\" \/><\/figure>\n<figure><img decoding=\"async\" src=\"https:\/\/sub.hotelteledom.sk\/wp-content\/uploads\/2024\/09\/IMG_2656-3.webp\" alt=\"IMG_2656-3.webp\" \/><\/figure>\n<figure><img decoding=\"async\" src=\"https:\/\/sub.hotelteledom.sk\/wp-content\/uploads\/2024\/09\/ceri-3-2.webp\" alt=\"ceri-3-2.webp\" \/><\/figure>\n<figure><img decoding=\"async\" src=\"https:\/\/sub.hotelteledom.sk\/wp-content\/uploads\/2024\/09\/ceri1.webp\" alt=\"ceri1.webp\" \/><\/figure>\n<h4>Kieg\u00e9sz\u00edt\u0151 szolg\u00e1ltat\u00e1sok<\/h4>\n<h5>Saj\u00e1t alkohol\/s\u00fctem\u00e9ny<\/h5>\n<p>Saj\u00e1t alkohol\/s\u00fctem\u00e9ny behozatala 5,00 \u20ac\/ feln\u0151tt d\u00edj ellen\u00e9ben lehets\u00e9ges.<\/p>\n<h5>Saj\u00e1t \u00e1ru behozatala<\/h5>\n<p>Lehet\u0151s\u00e9g saj\u00e1t \u00e1ru behozatal\u00e1ra az esk\u00fcv\u0151i fogad\u00e1sra m\u00e1r k\u00e9t nappal az esk\u00fcv\u0151 el\u0151tt.<\/p>\n<h5>Esk\u00fcv\u0151i dekor\u00e1ci\u00f3<\/h5>\n<p>Alapdekor\u00e1ci\u00f3 \u2013 3,00 \u20ac\/ f\u0151 (feh\u00e9r ter\u00edt\u0151k, fut\u00f3k, sz\u00e9khuzatok, esk\u00fcv\u0151i kell\u00e9kek, szalv\u00e9t\u00e1k)<\/p>\n<h5>Terem b\u00e9rl\u00e9se<\/h5>\n<p> 21:00-ig az esk\u00fcv\u0151i men\u00fc \u00e1r\u00e1ban van. 21:00 ut\u00e1n minden megkezdett \u00f3r\u00e1\u00e9rt 50,00 \u20ac felsz\u00e1m\u00edt\u00e1sra ker\u00fcl.<\/p>\n<p>* A teremb\u00e9rl\u00e9s \u00e9s az esk\u00fcv\u0151i fogad\u00e1s szab\u00e1lyai<\/p>\n<p>\t\t\t<a href=\"#contact\"><br \/>\n\t\t\t\t\t\t<\/a><\/p>\n<h2>L\u00c9PJEN KAPCSOLATBA CSAPATUNKKAL, AMELY MINDEN<br \/>\nR\u00c9SZLETET \u00c9S LEHET\u0150S\u00c9GET MEGBESZ\u00c9L \u00d6NNEL<\/h2>\n<h5>Ing. J\u00e1n Fucsko<\/h5>\n<p>\u00c9tteremvezet\u0151<\/p>\n<p>\t\t\t\t<a href=\"tel:+421553274405\" tabindex=\"-1\"><br \/>\n\t\t\t\t\t\t\t\t<\/a><\/p>\n<h6>\n\t\t\t\t\t\t<a href=\"tel:+421553274405\" ><br \/>\n\t\t\t\t\t\t\t+421 915 055 662\t\t\t\t\t\t<\/a><br \/>\n\t\t\t\t\t<\/h6>\n<p>\t\t\t\t<a href=\"mailto:restauracia@teledom.sk\" tabindex=\"-1\"><br \/>\n\t\t\t\t\t\t\t\t<\/a><\/p>\n<h6>\n\t\t\t\t\t\t<a href=\"mailto:restauracia@teledom.sk\" ><br \/>\n\t\t\t\t\t\t\trestauracia@teledom.sk\t\t\t\t\t\t<\/a><br \/>\n\t\t\t\t\t<\/h6>\n<p>\t\t\t\t\t<a href=\"https:\/\/www.facebook.com\/teledomonline\" target=\"_blank\"><br \/>\n\t\t\t\t\t\tFacebook<br \/>\n\t\t\t\t\t\t\t\t\t\t\t<\/a><br \/>\n\t\t\t\t\t<a href=\"https:\/\/www.instagram.com\/teledomonline\/\" target=\"_blank\"><br \/>\n\t\t\t\t\t\tInstagram<br \/>\n\t\t\t\t\t\t\t\t\t\t\t<\/a><br \/>\n\t\t\t\t\t<a href=\"mailto:restauracia@teledom.sk\" target=\"_blank\"><br \/>\n\t\t\t\t\t\tEnvelope<br \/>\n\t\t\t\t\t\t\t\t\t\t\t<\/a><br \/>\n\t\t\t<iframe loading=\"lazy\"\n\t\t\t\t\tsrc=\"https:\/\/maps.google.com\/maps?q=Timonova%20754%2F27%2C%20040%2001%20Star%C3%A9%20Mesto&#038;t=m&#038;z=15&#038;output=embed&#038;iwloc=near\"\n\t\t\t\t\ttitle=\"Timonova 754\/27, 040 01 Star\u00e9 Mesto\"\n\t\t\t\t\taria-label=\"Timonova 754\/27, 040 01 Star\u00e9 Mesto\"\n\t\t\t><\/iframe><\/p>\n","protected":false},"excerpt":{"rendered":"<p>Esk\u00fcv\u0151k Kass\u00e1n \u2013 Romantikus helysz\u00ednek a nagy napra T\u00f6bb, rugalmasan kialak\u00edthat\u00f3 termet k\u00edn\u00e1lunk. Kis, 30 f\u0151s esk\u00fcv\u0151t\u0151l a nagy, ak\u00e1r 100 f\u0151s rendezv\u00e9nyig minden alkalmat gond n\u00e9lk\u00fcl megszervez\u00fcnk. max. f\u0151 0 alapter\u00fclet m\u00b2 0 Minden term\u00fcnk semleges \u00e9s eleg\u00e1ns, \u00edgy nem sz\u00fcks\u00e9ges befektetni p\u00e9ld\u00e1ul a falak vagy oszlopok d\u00edsz\u00edt\u00e9s\u00e9be. B\u00e1rmilyen sz\u00edn\u0171 dekor\u00e1ci\u00f3 \u00edzl\u00e9ses lesz, \u00e9s &#8230; <a title=\"Esk\u00fcv\u0151k \u2013 helysz\u00ednek a v\u00e1ros sz\u00edv\u00e9ben\" class=\"read-more\" href=\"https:\/\/sub.hotelteledom.sk\/hu\/eskuvok-helyszinek-a-varos-sziveben\/\" aria-label=\"Read more about Esk\u00fcv\u0151k \u2013 helysz\u00ednek a v\u00e1ros sz\u00edv\u00e9ben\">Olvass tov\u00e1bb<\/a><\/p>\n","protected":false},"author":10,"featured_media":0,"parent":0,"menu_order":0,"comment_status":"closed","ping_status":"closed","template":"elementor_header_footer","meta":{"_teledom_gallery_image_ids":[],"footnotes":""},"class_list":["post-9829","page","type-page","status-publish"],"yoast_head":"<!-- This site is optimized with the Yoast SEO Premium plugin v27.3 (Yoast SEO v27.3) - https:\/\/yoast.com\/product\/yoast-seo-premium-wordpress\/ -->\n<title>Esk\u00fcv\u0151k Kassa | Esk\u00fcv\u0151i termek \u2013 Hotel Teledom***<\/title>\n<meta name=\"description\" content=\"Tartsa esk\u00fcv\u0151j\u00e9t Kassa sz\u00edv\u00e9ben. Eleg\u00e1ns termek 30-170 vend\u00e9g sz\u00e1m\u00e1ra, teljes k\u00f6r\u0171 catering \u00e9s dekor\u00e1ci\u00f3. STANDARD, PREMIUM \u00e9s EXCLUSIVE csomagok.\" \/>\n<meta name=\"robots\" content=\"index, follow, max-snippet:-1, max-image-preview:large, max-video-preview:-1\" \/>\n<link rel=\"canonical\" href=\"https:\/\/sub.hotelteledom.sk\/ru\/\u0441\u0432\u0430\u0434\u044c\u0431\u044b-\u0437\u0430\u043b\u044b-\u0432-\u0441\u0435\u0440\u0434\u0446\u0435-\u0433\u043e\u0440\u043e\u0434\u0430\/\" \/>\n<meta property=\"og:locale\" content=\"hu_HU\" \/>\n<meta property=\"og:type\" content=\"article\" \/>\n<meta property=\"og:title\" content=\"Esk\u00fcv\u0151k \u2013 helysz\u00ednek a v\u00e1ros sz\u00edv\u00e9ben\" \/>\n<meta property=\"og:description\" content=\"Tartsa esk\u00fcv\u0151j\u00e9t Kassa sz\u00edv\u00e9ben. Eleg\u00e1ns termek 30-170 vend\u00e9g sz\u00e1m\u00e1ra, teljes k\u00f6r\u0171 catering \u00e9s dekor\u00e1ci\u00f3. STANDARD, PREMIUM \u00e9s EXCLUSIVE csomagok.\" \/>\n<meta property=\"og:url\" content=\"https:\/\/sub.hotelteledom.sk\/ru\/\u0441\u0432\u0430\u0434\u044c\u0431\u044b-\u0437\u0430\u043b\u044b-\u0432-\u0441\u0435\u0440\u0434\u0446\u0435-\u0433\u043e\u0440\u043e\u0434\u0430\/\" \/>\n<meta property=\"og:site_name\" content=\"Hotel Teledom\" \/>\n<meta property=\"article:publisher\" content=\"https:\/\/www.facebook.com\/teledomonline\" \/>\n<meta property=\"article:modified_time\" content=\"2026-04-28T16:52:50+00:00\" \/>\n<meta property=\"og:image\" content=\"https:\/\/sub.hotelteledom.sk\/wp-content\/uploads\/2024\/09\/ceri-10.webp\" \/>\n<meta name=\"twitter:card\" content=\"summary_large_image\" \/>\n<meta name=\"twitter:label1\" content=\"Becs\u00fclt olvas\u00e1si id\u0151\" \/>\n\t<meta name=\"twitter:data1\" content=\"4 perc\" \/>\n<script type=\"application\/ld+json\" class=\"yoast-schema-graph\">{\"@context\":\"https:\\\/\\\/schema.org\",\"@graph\":[{\"@type\":\"WebPage\",\"@id\":\"https:\\\/\\\/sub.hotelteledom.sk\\\/ru\\\/%d1%81%d0%b2%d0%b0%d0%b4%d1%8c%d0%b1%d1%8b-%d0%b7%d0%b0%d0%bb%d1%8b-%d0%b2-%d1%81%d0%b5%d1%80%d0%b4%d1%86%d0%b5-%d0%b3%d0%be%d1%80%d0%be%d0%b4%d0%b0\\\/\",\"url\":\"https:\\\/\\\/sub.hotelteledom.sk\\\/ru\\\/%d1%81%d0%b2%d0%b0%d0%b4%d1%8c%d0%b1%d1%8b-%d0%b7%d0%b0%d0%bb%d1%8b-%d0%b2-%d1%81%d0%b5%d1%80%d0%b4%d1%86%d0%b5-%d0%b3%d0%be%d1%80%d0%be%d0%b4%d0%b0\\\/\",\"name\":\"Esk\u00fcv\u0151k Kassa | Esk\u00fcv\u0151i termek \u2013 Hotel Teledom***\",\"isPartOf\":{\"@id\":\"https:\\\/\\\/sub.hotelteledom.sk\\\/#website\"},\"primaryImageOfPage\":{\"@id\":\"https:\\\/\\\/sub.hotelteledom.sk\\\/ru\\\/%d1%81%d0%b2%d0%b0%d0%b4%d1%8c%d0%b1%d1%8b-%d0%b7%d0%b0%d0%bb%d1%8b-%d0%b2-%d1%81%d0%b5%d1%80%d0%b4%d1%86%d0%b5-%d0%b3%d0%be%d1%80%d0%be%d0%b4%d0%b0\\\/#primaryimage\"},\"image\":{\"@id\":\"https:\\\/\\\/sub.hotelteledom.sk\\\/ru\\\/%d1%81%d0%b2%d0%b0%d0%b4%d1%8c%d0%b1%d1%8b-%d0%b7%d0%b0%d0%bb%d1%8b-%d0%b2-%d1%81%d0%b5%d1%80%d0%b4%d1%86%d0%b5-%d0%b3%d0%be%d1%80%d0%be%d0%b4%d0%b0\\\/#primaryimage\"},\"thumbnailUrl\":\"https:\\\/\\\/sub.hotelteledom.sk\\\/wp-content\\\/uploads\\\/2024\\\/09\\\/ceri-10.webp\",\"datePublished\":\"2026-04-28T14:49:48+00:00\",\"dateModified\":\"2026-04-28T16:52:50+00:00\",\"description\":\"Tartsa esk\u00fcv\u0151j\u00e9t Kassa sz\u00edv\u00e9ben. Eleg\u00e1ns termek 30-170 vend\u00e9g sz\u00e1m\u00e1ra, teljes k\u00f6r\u0171 catering \u00e9s dekor\u00e1ci\u00f3. STANDARD, PREMIUM \u00e9s EXCLUSIVE csomagok.\",\"breadcrumb\":{\"@id\":\"https:\\\/\\\/sub.hotelteledom.sk\\\/ru\\\/%d1%81%d0%b2%d0%b0%d0%b4%d1%8c%d0%b1%d1%8b-%d0%b7%d0%b0%d0%bb%d1%8b-%d0%b2-%d1%81%d0%b5%d1%80%d0%b4%d1%86%d0%b5-%d0%b3%d0%be%d1%80%d0%be%d0%b4%d0%b0\\\/#breadcrumb\"},\"inLanguage\":\"hu\",\"potentialAction\":[{\"@type\":\"ReadAction\",\"target\":[\"https:\\\/\\\/sub.hotelteledom.sk\\\/ru\\\/%d1%81%d0%b2%d0%b0%d0%b4%d1%8c%d0%b1%d1%8b-%d0%b7%d0%b0%d0%bb%d1%8b-%d0%b2-%d1%81%d0%b5%d1%80%d0%b4%d1%86%d0%b5-%d0%b3%d0%be%d1%80%d0%be%d0%b4%d0%b0\\\/\"]}]},{\"@type\":\"ImageObject\",\"inLanguage\":\"hu\",\"@id\":\"https:\\\/\\\/sub.hotelteledom.sk\\\/ru\\\/%d1%81%d0%b2%d0%b0%d0%b4%d1%8c%d0%b1%d1%8b-%d0%b7%d0%b0%d0%bb%d1%8b-%d0%b2-%d1%81%d0%b5%d1%80%d0%b4%d1%86%d0%b5-%d0%b3%d0%be%d1%80%d0%be%d0%b4%d0%b0\\\/#primaryimage\",\"url\":\"https:\\\/\\\/sub.hotelteledom.sk\\\/wp-content\\\/uploads\\\/2024\\\/09\\\/ceri-10.webp\",\"contentUrl\":\"https:\\\/\\\/sub.hotelteledom.sk\\\/wp-content\\\/uploads\\\/2024\\\/09\\\/ceri-10.webp\"},{\"@type\":\"BreadcrumbList\",\"@id\":\"https:\\\/\\\/sub.hotelteledom.sk\\\/ru\\\/%d1%81%d0%b2%d0%b0%d0%b4%d1%8c%d0%b1%d1%8b-%d0%b7%d0%b0%d0%bb%d1%8b-%d0%b2-%d1%81%d0%b5%d1%80%d0%b4%d1%86%d0%b5-%d0%b3%d0%be%d1%80%d0%be%d0%b4%d0%b0\\\/#breadcrumb\",\"itemListElement\":[{\"@type\":\"ListItem\",\"position\":1,\"name\":\"Domovsk\u00e1 str\u00e1nka\",\"item\":\"https:\\\/\\\/sub.hotelteledom.sk\\\/\"},{\"@type\":\"ListItem\",\"position\":2,\"name\":\"Esk\u00fcv\u0151k \u2013 helysz\u00ednek a v\u00e1ros sz\u00edv\u00e9ben\"}]},{\"@type\":\"WebSite\",\"@id\":\"https:\\\/\\\/sub.hotelteledom.sk\\\/#website\",\"url\":\"https:\\\/\\\/sub.hotelteledom.sk\\\/\",\"name\":\"Hotel TeleDom & Conference Center\",\"description\":\"Trojhviezdi\u010dkov\u00fd hotel, re\u0161taur\u00e1cia Mestsk\u00e1 Pivnica a konferen\u010dn\u00e9 centrum v historickom centre Ko\u0161\u00edc, 200 m od D\u00f3mu sv. Al\u017ebety.\",\"publisher\":{\"@id\":\"https:\\\/\\\/sub.hotelteledom.sk\\\/#organization\"},\"alternateName\":\"Hotel TeleDom\",\"potentialAction\":[{\"@type\":\"SearchAction\",\"target\":{\"@type\":\"EntryPoint\",\"urlTemplate\":\"https:\\\/\\\/sub.hotelteledom.sk\\\/?s={search_term_string}\"},\"query-input\":{\"@type\":\"PropertyValueSpecification\",\"valueRequired\":true,\"valueName\":\"search_term_string\"}}],\"inLanguage\":\"hu\"},{\"@type\":\"Organization\",\"@id\":\"https:\\\/\\\/sub.hotelteledom.sk\\\/#organization\",\"name\":\"Novitech Partner s.r.o.\",\"url\":\"https:\\\/\\\/sub.hotelteledom.sk\\\/\",\"logo\":{\"@type\":\"ImageObject\",\"inLanguage\":\"hu\",\"@id\":\"https:\\\/\\\/sub.hotelteledom.sk\\\/#\\\/schema\\\/logo\\\/image\\\/\",\"url\":\"https:\\\/\\\/sub.hotelteledom.sk\\\/wp-content\\\/uploads\\\/2022\\\/08\\\/cropped-teledom-logotyp-2021-2_\u041c\u043e\u043d\u0442\u0430\u0436\u043d\u0430\u044f-\u043e\u0431\u043b\u0430\u0441\u0442\u044c-1.png\",\"contentUrl\":\"https:\\\/\\\/sub.hotelteledom.sk\\\/wp-content\\\/uploads\\\/2022\\\/08\\\/cropped-teledom-logotyp-2021-2_\u041c\u043e\u043d\u0442\u0430\u0436\u043d\u0430\u044f-\u043e\u0431\u043b\u0430\u0441\u0442\u044c-1.png\",\"width\":512,\"height\":512,\"caption\":\"Novitech Partner s.r.o.\"},\"image\":{\"@id\":\"https:\\\/\\\/sub.hotelteledom.sk\\\/#\\\/schema\\\/logo\\\/image\\\/\"},\"sameAs\":[\"https:\\\/\\\/www.facebook.com\\\/teledomonline\",\"https:\\\/\\\/www.instagram.com\\\/teledomkosice\\\/\"],\"description\":\"Trojhviezdi\u010dkov\u00fd hotel, re\u0161taur\u00e1cia Mestsk\u00e1 Pivnica a konferen\u010dn\u00e9 centrum v historickom centre Ko\u0161\u00edc, 200 m od D\u00f3mu sv. Al\u017ebety.\",\"email\":\"online@teledom.sk\",\"telephone\":\"+421 55 327 44 01\",\"legalName\":\"Novitech Partner s.r.o.\",\"foundingDate\":\"2001-01-08\",\"vatID\":\"SK2020061043\",\"taxID\":\"2020061043\",\"numberOfEmployees\":{\"@type\":\"QuantitativeValue\",\"minValue\":\"11\",\"maxValue\":\"50\"},\"publishingPrinciples\":\"https:\\\/\\\/sub.hotelteledom.sk\\\/gdpr-system-ochrany-osobnych-udajov-v-ramci-spolocnosti-novitech-partner-s-r-o\\\/\",\"ownershipFundingInfo\":\"https:\\\/\\\/sub.hotelteledom.sk\\\/gdpr-system-ochrany-osobnych-udajov-v-ramci-spolocnosti-novitech-partner-s-r-o\\\/\",\"actionableFeedbackPolicy\":\"https:\\\/\\\/sub.hotelteledom.sk\\\/gdpr-system-ochrany-osobnych-udajov-v-ramci-spolocnosti-novitech-partner-s-r-o\\\/\"}]}<\/script>\n<!-- \/ Yoast SEO Premium plugin. -->","yoast_head_json":{"title":"Esk\u00fcv\u0151k Kassa | Esk\u00fcv\u0151i termek \u2013 Hotel Teledom***","description":"Tartsa esk\u00fcv\u0151j\u00e9t Kassa sz\u00edv\u00e9ben. Eleg\u00e1ns termek 30-170 vend\u00e9g sz\u00e1m\u00e1ra, teljes k\u00f6r\u0171 catering \u00e9s dekor\u00e1ci\u00f3. STANDARD, PREMIUM \u00e9s EXCLUSIVE csomagok.","robots":{"index":"index","follow":"follow","max-snippet":"max-snippet:-1","max-image-preview":"max-image-preview:large","max-video-preview":"max-video-preview:-1"},"canonical":"https:\/\/sub.hotelteledom.sk\/ru\/\u0441\u0432\u0430\u0434\u044c\u0431\u044b-\u0437\u0430\u043b\u044b-\u0432-\u0441\u0435\u0440\u0434\u0446\u0435-\u0433\u043e\u0440\u043e\u0434\u0430\/","og_locale":"hu_HU","og_type":"article","og_title":"Esk\u00fcv\u0151k \u2013 helysz\u00ednek a v\u00e1ros sz\u00edv\u00e9ben","og_description":"Tartsa esk\u00fcv\u0151j\u00e9t Kassa sz\u00edv\u00e9ben. Eleg\u00e1ns termek 30-170 vend\u00e9g sz\u00e1m\u00e1ra, teljes k\u00f6r\u0171 catering \u00e9s dekor\u00e1ci\u00f3. STANDARD, PREMIUM \u00e9s EXCLUSIVE csomagok.","og_url":"https:\/\/sub.hotelteledom.sk\/ru\/\u0441\u0432\u0430\u0434\u044c\u0431\u044b-\u0437\u0430\u043b\u044b-\u0432-\u0441\u0435\u0440\u0434\u0446\u0435-\u0433\u043e\u0440\u043e\u0434\u0430\/","og_site_name":"Hotel Teledom","article_publisher":"https:\/\/www.facebook.com\/teledomonline","article_modified_time":"2026-04-28T16:52:50+00:00","og_image":[{"url":"https:\/\/sub.hotelteledom.sk\/wp-content\/uploads\/2024\/09\/ceri-10.webp","type":"","width":"","height":""}],"twitter_card":"summary_large_image","twitter_misc":{"Becs\u00fclt olvas\u00e1si id\u0151":"4 perc"},"schema":{"@context":"https:\/\/schema.org","@graph":[{"@type":"WebPage","@id":"https:\/\/sub.hotelteledom.sk\/ru\/%d1%81%d0%b2%d0%b0%d0%b4%d1%8c%d0%b1%d1%8b-%d0%b7%d0%b0%d0%bb%d1%8b-%d0%b2-%d1%81%d0%b5%d1%80%d0%b4%d1%86%d0%b5-%d0%b3%d0%be%d1%80%d0%be%d0%b4%d0%b0\/","url":"https:\/\/sub.hotelteledom.sk\/ru\/%d1%81%d0%b2%d0%b0%d0%b4%d1%8c%d0%b1%d1%8b-%d0%b7%d0%b0%d0%bb%d1%8b-%d0%b2-%d1%81%d0%b5%d1%80%d0%b4%d1%86%d0%b5-%d0%b3%d0%be%d1%80%d0%be%d0%b4%d0%b0\/","name":"Esk\u00fcv\u0151k Kassa | Esk\u00fcv\u0151i termek \u2013 Hotel Teledom***","isPartOf":{"@id":"https:\/\/sub.hotelteledom.sk\/#website"},"primaryImageOfPage":{"@id":"https:\/\/sub.hotelteledom.sk\/ru\/%d1%81%d0%b2%d0%b0%d0%b4%d1%8c%d0%b1%d1%8b-%d0%b7%d0%b0%d0%bb%d1%8b-%d0%b2-%d1%81%d0%b5%d1%80%d0%b4%d1%86%d0%b5-%d0%b3%d0%be%d1%80%d0%be%d0%b4%d0%b0\/#primaryimage"},"image":{"@id":"https:\/\/sub.hotelteledom.sk\/ru\/%d1%81%d0%b2%d0%b0%d0%b4%d1%8c%d0%b1%d1%8b-%d0%b7%d0%b0%d0%bb%d1%8b-%d0%b2-%d1%81%d0%b5%d1%80%d0%b4%d1%86%d0%b5-%d0%b3%d0%be%d1%80%d0%be%d0%b4%d0%b0\/#primaryimage"},"thumbnailUrl":"https:\/\/sub.hotelteledom.sk\/wp-content\/uploads\/2024\/09\/ceri-10.webp","datePublished":"2026-04-28T14:49:48+00:00","dateModified":"2026-04-28T16:52:50+00:00","description":"Tartsa esk\u00fcv\u0151j\u00e9t Kassa sz\u00edv\u00e9ben. Eleg\u00e1ns termek 30-170 vend\u00e9g sz\u00e1m\u00e1ra, teljes k\u00f6r\u0171 catering \u00e9s dekor\u00e1ci\u00f3. STANDARD, PREMIUM \u00e9s EXCLUSIVE csomagok.","breadcrumb":{"@id":"https:\/\/sub.hotelteledom.sk\/ru\/%d1%81%d0%b2%d0%b0%d0%b4%d1%8c%d0%b1%d1%8b-%d0%b7%d0%b0%d0%bb%d1%8b-%d0%b2-%d1%81%d0%b5%d1%80%d0%b4%d1%86%d0%b5-%d0%b3%d0%be%d1%80%d0%be%d0%b4%d0%b0\/#breadcrumb"},"inLanguage":"hu","potentialAction":[{"@type":"ReadAction","target":["https:\/\/sub.hotelteledom.sk\/ru\/%d1%81%d0%b2%d0%b0%d0%b4%d1%8c%d0%b1%d1%8b-%d0%b7%d0%b0%d0%bb%d1%8b-%d0%b2-%d1%81%d0%b5%d1%80%d0%b4%d1%86%d0%b5-%d0%b3%d0%be%d1%80%d0%be%d0%b4%d0%b0\/"]}]},{"@type":"ImageObject","inLanguage":"hu","@id":"https:\/\/sub.hotelteledom.sk\/ru\/%d1%81%d0%b2%d0%b0%d0%b4%d1%8c%d0%b1%d1%8b-%d0%b7%d0%b0%d0%bb%d1%8b-%d0%b2-%d1%81%d0%b5%d1%80%d0%b4%d1%86%d0%b5-%d0%b3%d0%be%d1%80%d0%be%d0%b4%d0%b0\/#primaryimage","url":"https:\/\/sub.hotelteledom.sk\/wp-content\/uploads\/2024\/09\/ceri-10.webp","contentUrl":"https:\/\/sub.hotelteledom.sk\/wp-content\/uploads\/2024\/09\/ceri-10.webp"},{"@type":"BreadcrumbList","@id":"https:\/\/sub.hotelteledom.sk\/ru\/%d1%81%d0%b2%d0%b0%d0%b4%d1%8c%d0%b1%d1%8b-%d0%b7%d0%b0%d0%bb%d1%8b-%d0%b2-%d1%81%d0%b5%d1%80%d0%b4%d1%86%d0%b5-%d0%b3%d0%be%d1%80%d0%be%d0%b4%d0%b0\/#breadcrumb","itemListElement":[{"@type":"ListItem","position":1,"name":"Domovsk\u00e1 str\u00e1nka","item":"https:\/\/sub.hotelteledom.sk\/"},{"@type":"ListItem","position":2,"name":"Esk\u00fcv\u0151k \u2013 helysz\u00ednek a v\u00e1ros sz\u00edv\u00e9ben"}]},{"@type":"WebSite","@id":"https:\/\/sub.hotelteledom.sk\/#website","url":"https:\/\/sub.hotelteledom.sk\/","name":"Hotel TeleDom & Conference Center","description":"Trojhviezdi\u010dkov\u00fd hotel, re\u0161taur\u00e1cia Mestsk\u00e1 Pivnica a konferen\u010dn\u00e9 centrum v historickom centre Ko\u0161\u00edc, 200 m od D\u00f3mu sv. Al\u017ebety.","publisher":{"@id":"https:\/\/sub.hotelteledom.sk\/#organization"},"alternateName":"Hotel TeleDom","potentialAction":[{"@type":"SearchAction","target":{"@type":"EntryPoint","urlTemplate":"https:\/\/sub.hotelteledom.sk\/?s={search_term_string}"},"query-input":{"@type":"PropertyValueSpecification","valueRequired":true,"valueName":"search_term_string"}}],"inLanguage":"hu"},{"@type":"Organization","@id":"https:\/\/sub.hotelteledom.sk\/#organization","name":"Novitech Partner s.r.o.","url":"https:\/\/sub.hotelteledom.sk\/","logo":{"@type":"ImageObject","inLanguage":"hu","@id":"https:\/\/sub.hotelteledom.sk\/#\/schema\/logo\/image\/","url":"https:\/\/sub.hotelteledom.sk\/wp-content\/uploads\/2022\/08\/cropped-teledom-logotyp-2021-2_\u041c\u043e\u043d\u0442\u0430\u0436\u043d\u0430\u044f-\u043e\u0431\u043b\u0430\u0441\u0442\u044c-1.png","contentUrl":"https:\/\/sub.hotelteledom.sk\/wp-content\/uploads\/2022\/08\/cropped-teledom-logotyp-2021-2_\u041c\u043e\u043d\u0442\u0430\u0436\u043d\u0430\u044f-\u043e\u0431\u043b\u0430\u0441\u0442\u044c-1.png","width":512,"height":512,"caption":"Novitech Partner s.r.o."},"image":{"@id":"https:\/\/sub.hotelteledom.sk\/#\/schema\/logo\/image\/"},"sameAs":["https:\/\/www.facebook.com\/teledomonline","https:\/\/www.instagram.com\/teledomkosice\/"],"description":"Trojhviezdi\u010dkov\u00fd hotel, re\u0161taur\u00e1cia Mestsk\u00e1 Pivnica a konferen\u010dn\u00e9 centrum v historickom centre Ko\u0161\u00edc, 200 m od D\u00f3mu sv. Al\u017ebety.","email":"online@teledom.sk","telephone":"+421 55 327 44 01","legalName":"Novitech Partner s.r.o.","foundingDate":"2001-01-08","vatID":"SK2020061043","taxID":"2020061043","numberOfEmployees":{"@type":"QuantitativeValue","minValue":"11","maxValue":"50"},"publishingPrinciples":"https:\/\/sub.hotelteledom.sk\/gdpr-system-ochrany-osobnych-udajov-v-ramci-spolocnosti-novitech-partner-s-r-o\/","ownershipFundingInfo":"https:\/\/sub.hotelteledom.sk\/gdpr-system-ochrany-osobnych-udajov-v-ramci-spolocnosti-novitech-partner-s-r-o\/","actionableFeedbackPolicy":"https:\/\/sub.hotelteledom.sk\/gdpr-system-ochrany-osobnych-udajov-v-ramci-spolocnosti-novitech-partner-s-r-o\/"}]}},"_links":{"self":[{"href":"https:\/\/sub.hotelteledom.sk\/hu\/wp-json\/wp\/v2\/pages\/9829","targetHints":{"allow":["GET"]}}],"collection":[{"href":"https:\/\/sub.hotelteledom.sk\/hu\/wp-json\/wp\/v2\/pages"}],"about":[{"href":"https:\/\/sub.hotelteledom.sk\/hu\/wp-json\/wp\/v2\/types\/page"}],"author":[{"embeddable":true,"href":"https:\/\/sub.hotelteledom.sk\/hu\/wp-json\/wp\/v2\/users\/10"}],"replies":[{"embeddable":true,"href":"https:\/\/sub.hotelteledom.sk\/hu\/wp-json\/wp\/v2\/comments?post=9829"}],"version-history":[{"count":3,"href":"https:\/\/sub.hotelteledom.sk\/hu\/wp-json\/wp\/v2\/pages\/9829\/revisions"}],"predecessor-version":[{"id":9998,"href":"https:\/\/sub.hotelteledom.sk\/hu\/wp-json\/wp\/v2\/pages\/9829\/revisions\/9998"}],"wp:attachment":[{"href":"https:\/\/sub.hotelteledom.sk\/hu\/wp-json\/wp\/v2\/media?parent=9829"}],"curies":[{"name":"wp","href":"https:\/\/api.w.org\/{rel}","templated":true}]}}