{"id":9799,"date":"2026-04-28T16:48:08","date_gmt":"2026-04-28T14:48:08","guid":{"rendered":"https:\/\/sub.hotelteledom.sk\/etterem\/konferenciakozpont\/"},"modified":"2026-04-28T18:37:33","modified_gmt":"2026-04-28T16:37:33","slug":"konferenciakozpont","status":"publish","type":"page","link":"https:\/\/sub.hotelteledom.sk\/hu\/etterem\/konferenciakozpont\/","title":{"rendered":"Konferenciak\u00f6zpont"},"content":{"rendered":"<h1>Helysz\u00ednt keres c\u00e9ges rendezv\u00e9nyhez vagy konferenci\u00e1hoz?<\/h1>\n<p style=\"text-align: center;\">J\u00f3 helyen j\u00e1r. Rendezv\u00e9nyei szervez\u00e9sekor sz\u00edvesen kamatoztatjuk gazdag tapasztalatainkat \u2013 t\u00f6bb mint 20 \u00e9ve vagyunk jelen a piacon!<\/p>\n<p style=\"text-align: center;\"><strong>A TeleDom<\/strong> egy 2001-ben alap\u00edtott konferencia-, sz\u00e1lloda- \u00e9s \u00e9tteremkomplexum, amely Kassa t\u00f6rt\u00e9nelmi belv\u00e1ros\u00e1ban tal\u00e1lhat\u00f3.<\/p>\n<p style=\"text-align: center;\">\u00dcgyfeleinknek a k\u00e9nyelmes sz\u00e1ll\u00e1st\u00f3l, a vend\u00e9gl\u00e1t\u00e1son \u00e9s k\u00e9pzett szem\u00e9lyzeten \u00e1t a k\u00fcl\u00f6nb\u00f6z\u0151 kapacit\u00e1s\u00fa oktat\u00f3- \u00e9s tantermekkel felszerelt technol\u00f3giai h\u00e1tt\u00e9rig sz\u00e9les k\u00f6r\u0171 szolg\u00e1ltat\u00e1st ny\u00fajtunk.<\/p>\n<figure><img decoding=\"async\" src=\"https:\/\/sub.hotelteledom.sk\/wp-content\/uploads\/2024\/10\/aula-new-scaled-1024x683-1.webp\" alt=\"aula-new-scaled-1024x683-1.webp\" \/><\/figure>\n<figure><img decoding=\"async\" src=\"https:\/\/sub.hotelteledom.sk\/wp-content\/uploads\/2024\/10\/aula-3-2048x1365-1.webp\" alt=\"aula-3-2048x1365-1.webp\" \/><\/figure>\n<figure><img decoding=\"async\" src=\"https:\/\/sub.hotelteledom.sk\/wp-content\/uploads\/2024\/10\/aula2-2048x1365-1.webp\" alt=\"aula2-2048x1365-1.webp\" \/><\/figure>\n<h2>KONGRESSZUSI TEREM<br \/>\nALBERT EINSTEIN AULA<\/h2>\n<figure><img decoding=\"async\" src=\"https:\/\/sub.hotelteledom.sk\/wp-content\/uploads\/2024\/10\/aula-new-scaled-1024x683-1.webp\" alt=\"aula-new-scaled-1024x683-1.webp\" \/><\/figure>\n<figure><img decoding=\"async\" src=\"https:\/\/sub.hotelteledom.sk\/wp-content\/uploads\/2024\/10\/aula-3-2048x1365-1.webp\" alt=\"aula-3-2048x1365-1.webp\" \/><\/figure>\n<figure><img decoding=\"async\" src=\"https:\/\/sub.hotelteledom.sk\/wp-content\/uploads\/2024\/10\/aula2-2048x1365-1.webp\" alt=\"aula2-2048x1365-1.webp\" \/><\/figure>\n<p>Felszerelt oktat\u00f3terem kl\u00edm\u00e1val \u00e9s min\u0151s\u00e9gi hangos\u00edt\u00e1ssal.<\/p>\n<p>Kiv\u00e1l\u00f3an alkalmas konferenci\u00e1k, szemin\u00e1riumok \u00e9s m\u00e1s rendezv\u00e9nyek szervez\u00e9s\u00e9re, melyek j\u00f3 akusztik\u00e1t \u00e9s az el\u0151ad\u00f3 tiszta l\u00e1that\u00f3s\u00e1g\u00e1t ig\u00e9nylik.<\/p>\n<p>\u00dcl\u00e9srend \u00e9s kapacit\u00e1s:<\/p>\n<ul>\n<li><strong>\u00dcl\u00e9srend: <\/strong>Aula<\/li>\n<li><strong>Kapacit\u00e1s: <\/strong>85\u201390 f\u0151<\/li>\n<\/ul>\n<h2>P. F. DRUCKER SPECI\u00c1LIS MENEDZSER OKTAT\u00d3TEREM<\/h2>\n<figure><img decoding=\"async\" src=\"https:\/\/sub.hotelteledom.sk\/wp-content\/uploads\/2024\/10\/mu207-2-1000x1365-1.webp\" alt=\"mu207-2-1000x1365-1.webp\" \/><\/figure>\n<figure><img decoding=\"async\" src=\"https:\/\/sub.hotelteledom.sk\/wp-content\/uploads\/2024\/10\/mu207-1000x1365-1.webp\" alt=\"mu207-1000x1365-1.webp\" \/><\/figure>\n<figure><img decoding=\"async\" src=\"https:\/\/sub.hotelteledom.sk\/wp-content\/uploads\/2024\/10\/mu207-3-1000x1365-1.webp\" alt=\"mu207-3-1000x1365-1.webp\" \/><\/figure>\n<p>Felszerelt oktat\u00f3terem kl\u00edm\u00e1val, flipcharttal \u00e9s prezent\u00e1ci\u00f3s technik\u00e1val.<\/p>\n<p>Munkahelyi szemin\u00e1riumok, workshopok \u00e9s tr\u00e9ningek tart\u00e1s\u00e1ra.<\/p>\n<p>\u00dcl\u00e9srend \u00e9s kapacit\u00e1s:<\/p>\n<ul>\n<li><strong>U-alak\u00fa:<\/strong> max. 18 f\u0151<\/li>\n<li><strong>Iskolapadi elrendez\u00e9s:<\/strong> max. 27 f\u0151<\/li>\n<li><strong>Sz\u00ednh\u00e1ztermi (asztalok n\u00e9lk\u00fcl):<\/strong> max. 30 f\u0151<\/li>\n<\/ul>\n<figure><img decoding=\"async\" src=\"https:\/\/sub.hotelteledom.sk\/wp-content\/uploads\/2024\/10\/MicrosoftTeams-image.jpg\" alt=\"MicrosoftTeams-image.jpg\" \/><\/figure>\n<figure><img decoding=\"async\" src=\"https:\/\/sub.hotelteledom.sk\/wp-content\/uploads\/2024\/10\/MicrosoftTeams-image-4.jpg\" alt=\"MicrosoftTeams-image-4.jpg\" \/><\/figure>\n<figure><img decoding=\"async\" src=\"https:\/\/sub.hotelteledom.sk\/wp-content\/uploads\/2024\/10\/MicrosoftTeams-image-3.jpg\" alt=\"MicrosoftTeams-image-3.jpg\" \/><\/figure>\n<figure><img decoding=\"async\" src=\"https:\/\/sub.hotelteledom.sk\/wp-content\/uploads\/2024\/10\/MicrosoftTeams-image-1.jpg\" alt=\"MicrosoftTeams-image-1.jpg\" \/><\/figure>\n<figure><img decoding=\"async\" src=\"https:\/\/sub.hotelteledom.sk\/wp-content\/uploads\/2024\/10\/MicrosoftTeams-image-2.jpg\" alt=\"MicrosoftTeams-image-2.jpg\" \/><\/figure>\n<figure><img decoding=\"async\" src=\"https:\/\/sub.hotelteledom.sk\/wp-content\/uploads\/2024\/10\/processed-1.webp\" alt=\"processed-1.webp\" \/><\/figure>\n<figure><img decoding=\"async\" src=\"https:\/\/sub.hotelteledom.sk\/wp-content\/uploads\/2024\/10\/processed-2.webp\" alt=\"Konferen\u010dn\u00e1 miestnos\u0165 v Hoteli TeleDom Ko\u0161ice \u2013 \u0161kolenia a semin\u00e1re\" \/><\/figure>\n<figure><img decoding=\"async\" src=\"https:\/\/sub.hotelteledom.sk\/wp-content\/uploads\/2024\/10\/processed-3.webp\" alt=\"Zasadacia miestnos\u0165 v Hoteli TeleDom Ko\u0161ice\" \/><\/figure>\n<figure><img decoding=\"async\" src=\"https:\/\/sub.hotelteledom.sk\/wp-content\/uploads\/2024\/10\/processed-4.webp\" alt=\"Konferen\u010dn\u00e9 priestory pre firemn\u00e9 podujatia \u2013 Hotel TeleDom Ko\u0161ice\" \/><\/figure>\n<h2>Menedzser oktat\u00f3terem<br \/>\nJ. VON NEUMANN<\/h2>\n<figure><img decoding=\"async\" src=\"https:\/\/sub.hotelteledom.sk\/wp-content\/uploads\/2024\/10\/processed-1.webp\" alt=\"processed-1.webp\" \/><\/figure>\n<figure><img decoding=\"async\" src=\"https:\/\/sub.hotelteledom.sk\/wp-content\/uploads\/2024\/10\/processed-2.webp\" alt=\"Konferen\u010dn\u00e1 miestnos\u0165 v Hoteli TeleDom Ko\u0161ice \u2013 \u0161kolenia a semin\u00e1re\" \/><\/figure>\n<figure><img decoding=\"async\" src=\"https:\/\/sub.hotelteledom.sk\/wp-content\/uploads\/2024\/10\/processed-3.webp\" alt=\"Zasadacia miestnos\u0165 v Hoteli TeleDom Ko\u0161ice\" \/><\/figure>\n<figure><img decoding=\"async\" src=\"https:\/\/sub.hotelteledom.sk\/wp-content\/uploads\/2024\/10\/processed-4.webp\" alt=\"Konferen\u010dn\u00e9 priestory pre firemn\u00e9 podujatia \u2013 Hotel TeleDom Ko\u0161ice\" \/><\/figure>\n<p>Felszerelt oktat\u00f3terem kl\u00edm\u00e1val, flipcharttal \u00e9s prezent\u00e1ci\u00f3s technik\u00e1val.<\/p>\n<p>E-learninghez, tanfolyamokhoz, workshopokhoz \u00e9s tr\u00e9ningekhez.<\/p>\n<p>\u00dcl\u00e9srend \u00e9s kapacit\u00e1s:<\/p>\n<ul>\n<li><strong>U-alak\u00fa: <\/strong>max. 18 f\u0151<\/li>\n<li><strong>Iskolapadi elrendez\u00e9s: <\/strong>max. 24 f\u0151<\/li>\n<li><strong>Sz\u00ednh\u00e1ztermi (asztalok n\u00e9lk\u00fcl): <\/strong> max. 25 f\u0151<\/li>\n<\/ul>\n<h2>MENEDZSER OKTAT\u00d3TERMEK 307. \u00c9S 303.<\/h2>\n<figure><img decoding=\"async\" src=\"https:\/\/sub.hotelteledom.sk\/wp-content\/uploads\/2024\/10\/8I0A0731-2048x1365-1.webp\" alt=\"8I0A0731-2048x1365-1.webp\" \/><\/figure>\n<figure><img decoding=\"async\" src=\"https:\/\/sub.hotelteledom.sk\/wp-content\/uploads\/2024\/10\/8I0A0738-2048x1365-1.webp\" alt=\"8I0A0738-2048x1365-1.webp\" \/><\/figure>\n<figure><img decoding=\"async\" src=\"https:\/\/sub.hotelteledom.sk\/wp-content\/uploads\/2024\/10\/aula-new-scaled-1024x683-2.webp\" alt=\"Konferen\u010dn\u00e1 miestnos\u0165 v Hoteli TeleDom Ko\u0161ice \u2013 \u0161kolenia a semin\u00e1re\" \/><\/figure>\n<p>Felszerelt oktat\u00f3termek kl\u00edm\u00e1val, flipcharttal \u00e9s prezent\u00e1ci\u00f3s technik\u00e1val.<\/p>\n<p>Munkahelyi szemin\u00e1riumok, workshopok \u00e9s tr\u00e9ningek tart\u00e1s\u00e1ra.<\/p>\n<p>\u00dcl\u00e9srend \u00e9s kapacit\u00e1s:<\/p>\n<ul>\n<li><strong>U-alak\u00fa:<\/strong> max. 18 f\u0151<\/li>\n<li><strong>Iskolapadi elrendez\u00e9s:<\/strong> max. 27 f\u0151<\/li>\n<li><strong>Sz\u00ednh\u00e1ztermi (asztalok n\u00e9lk\u00fcl):<\/strong> max. 30 f\u0151<\/li>\n<\/ul>\n<figure><img decoding=\"async\" src=\"https:\/\/sub.hotelteledom.sk\/wp-content\/uploads\/2024\/10\/8I0A0731-2048x1365-1.webp\" alt=\"8I0A0731-2048x1365-1.webp\" \/><\/figure>\n<figure><img decoding=\"async\" src=\"https:\/\/sub.hotelteledom.sk\/wp-content\/uploads\/2024\/10\/8I0A0738-2048x1365-1.webp\" alt=\"8I0A0738-2048x1365-1.webp\" \/><\/figure>\n<figure><img decoding=\"async\" src=\"https:\/\/sub.hotelteledom.sk\/wp-content\/uploads\/2024\/10\/aula-new-scaled-1024x683-2.webp\" alt=\"Konferen\u010dn\u00e1 miestnos\u0165 v Hoteli TeleDom Ko\u0161ice \u2013 \u0161kolenia a semin\u00e1re\" \/><\/figure>\n<h2>\u00c9rdekl\u0151d\u00e9s eset\u00e9n forduljon hozz\u00e1nk bizalommal<br \/><\/h2>\n","protected":false},"excerpt":{"rendered":"<p>Helysz\u00ednt keres c\u00e9ges rendezv\u00e9nyhez vagy konferenci\u00e1hoz? J\u00f3 helyen j\u00e1r. Rendezv\u00e9nyei szervez\u00e9sekor sz\u00edvesen kamatoztatjuk gazdag tapasztalatainkat \u2013 t\u00f6bb mint 20 \u00e9ve vagyunk jelen a piacon! A TeleDom egy 2001-ben alap\u00edtott konferencia-, sz\u00e1lloda- \u00e9s \u00e9tteremkomplexum, amely Kassa t\u00f6rt\u00e9nelmi belv\u00e1ros\u00e1ban tal\u00e1lhat\u00f3. \u00dcgyfeleinknek a k\u00e9nyelmes sz\u00e1ll\u00e1st\u00f3l, a vend\u00e9gl\u00e1t\u00e1son \u00e9s k\u00e9pzett szem\u00e9lyzeten \u00e1t a k\u00fcl\u00f6nb\u00f6z\u0151 kapacit\u00e1s\u00fa oktat\u00f3- \u00e9s tantermekkel felszerelt &#8230; <a title=\"Konferenciak\u00f6zpont\" class=\"read-more\" href=\"https:\/\/sub.hotelteledom.sk\/hu\/etterem\/konferenciakozpont\/\" aria-label=\"Read more about Konferenciak\u00f6zpont\">Olvass tov\u00e1bb<\/a><\/p>\n","protected":false},"author":10,"featured_media":0,"parent":2767,"menu_order":0,"comment_status":"closed","ping_status":"closed","template":"elementor_header_footer","meta":{"_teledom_gallery_image_ids":[],"footnotes":""},"class_list":["post-9799","page","type-page","status-publish"],"yoast_head":"<!-- This site is optimized with the Yoast SEO Premium plugin v27.3 (Yoast SEO v27.3) - https:\/\/yoast.com\/product\/yoast-seo-premium-wordpress\/ -->\n<title>Konferenciak\u00f6zpont Kassa | Termek \u00e9s k\u00e9pz\u00e9sek \u2013 Hotel Teledom***<\/title>\n<meta name=\"description\" content=\"Konferenciak\u00f6zpont a Hotel Teledom*** sz\u00e1llod\u00e1ban Kassa belv\u00e1ros\u00e1ban. Termek 170 f\u0151ig, technika, kl\u00edma, catering \u00e9s sz\u00e1ll\u00e1s a r\u00e9sztvev\u0151knek.\" \/>\n<meta name=\"robots\" content=\"index, follow, max-snippet:-1, max-image-preview:large, max-video-preview:-1\" \/>\n<link rel=\"canonical\" href=\"https:\/\/sub.hotelteledom.sk\/ru\/\u0440\u0435\u0441\u0442\u043e\u0440\u0430\u043d\/\u043a\u043e\u043d\u0444\u0435\u0440\u0435\u043d\u0446-\u0446\u0435\u043d\u0442\u0440\/\" \/>\n<meta property=\"og:locale\" content=\"hu_HU\" \/>\n<meta property=\"og:type\" content=\"article\" \/>\n<meta property=\"og:title\" content=\"Konferenciak\u00f6zpont\" \/>\n<meta property=\"og:description\" content=\"Konferenciak\u00f6zpont a Hotel Teledom*** sz\u00e1llod\u00e1ban Kassa belv\u00e1ros\u00e1ban. Termek 170 f\u0151ig, technika, kl\u00edma, catering \u00e9s sz\u00e1ll\u00e1s a r\u00e9sztvev\u0151knek.\" \/>\n<meta property=\"og:url\" content=\"https:\/\/sub.hotelteledom.sk\/ru\/\u0440\u0435\u0441\u0442\u043e\u0440\u0430\u043d\/\u043a\u043e\u043d\u0444\u0435\u0440\u0435\u043d\u0446-\u0446\u0435\u043d\u0442\u0440\/\" \/>\n<meta property=\"og:site_name\" content=\"Hotel Teledom\" \/>\n<meta property=\"article:publisher\" content=\"https:\/\/www.facebook.com\/teledomonline\" \/>\n<meta property=\"article:modified_time\" content=\"2026-04-28T16:37:33+00:00\" \/>\n<meta property=\"og:image\" content=\"https:\/\/sub.hotelteledom.sk\/wp-content\/uploads\/2024\/10\/aula-new-scaled-1024x683-1.webp\" \/>\n<meta name=\"twitter:card\" content=\"summary_large_image\" \/>\n<meta name=\"twitter:label1\" content=\"Becs\u00fclt olvas\u00e1si id\u0151\" \/>\n\t<meta name=\"twitter:data1\" content=\"2 perc\" \/>\n<script type=\"application\/ld+json\" class=\"yoast-schema-graph\">{\"@context\":\"https:\\\/\\\/schema.org\",\"@graph\":[{\"@type\":\"WebPage\",\"@id\":\"https:\\\/\\\/sub.hotelteledom.sk\\\/ru\\\/%d1%80%d0%b5%d1%81%d1%82%d0%be%d1%80%d0%b0%d0%bd\\\/%d0%ba%d0%be%d0%bd%d1%84%d0%b5%d1%80%d0%b5%d0%bd%d1%86-%d1%86%d0%b5%d0%bd%d1%82%d1%80\\\/\",\"url\":\"https:\\\/\\\/sub.hotelteledom.sk\\\/ru\\\/%d1%80%d0%b5%d1%81%d1%82%d0%be%d1%80%d0%b0%d0%bd\\\/%d0%ba%d0%be%d0%bd%d1%84%d0%b5%d1%80%d0%b5%d0%bd%d1%86-%d1%86%d0%b5%d0%bd%d1%82%d1%80\\\/\",\"name\":\"Konferenciak\u00f6zpont Kassa | Termek \u00e9s k\u00e9pz\u00e9sek \u2013 Hotel Teledom***\",\"isPartOf\":{\"@id\":\"https:\\\/\\\/sub.hotelteledom.sk\\\/#website\"},\"primaryImageOfPage\":{\"@id\":\"https:\\\/\\\/sub.hotelteledom.sk\\\/ru\\\/%d1%80%d0%b5%d1%81%d1%82%d0%be%d1%80%d0%b0%d0%bd\\\/%d0%ba%d0%be%d0%bd%d1%84%d0%b5%d1%80%d0%b5%d0%bd%d1%86-%d1%86%d0%b5%d0%bd%d1%82%d1%80\\\/#primaryimage\"},\"image\":{\"@id\":\"https:\\\/\\\/sub.hotelteledom.sk\\\/ru\\\/%d1%80%d0%b5%d1%81%d1%82%d0%be%d1%80%d0%b0%d0%bd\\\/%d0%ba%d0%be%d0%bd%d1%84%d0%b5%d1%80%d0%b5%d0%bd%d1%86-%d1%86%d0%b5%d0%bd%d1%82%d1%80\\\/#primaryimage\"},\"thumbnailUrl\":\"https:\\\/\\\/sub.hotelteledom.sk\\\/wp-content\\\/uploads\\\/2024\\\/10\\\/aula-new-scaled-1024x683-1.webp\",\"datePublished\":\"2026-04-28T14:48:08+00:00\",\"dateModified\":\"2026-04-28T16:37:33+00:00\",\"description\":\"Konferenciak\u00f6zpont a Hotel Teledom*** sz\u00e1llod\u00e1ban Kassa belv\u00e1ros\u00e1ban. Termek 170 f\u0151ig, technika, kl\u00edma, catering \u00e9s sz\u00e1ll\u00e1s a r\u00e9sztvev\u0151knek.\",\"breadcrumb\":{\"@id\":\"https:\\\/\\\/sub.hotelteledom.sk\\\/ru\\\/%d1%80%d0%b5%d1%81%d1%82%d0%be%d1%80%d0%b0%d0%bd\\\/%d0%ba%d0%be%d0%bd%d1%84%d0%b5%d1%80%d0%b5%d0%bd%d1%86-%d1%86%d0%b5%d0%bd%d1%82%d1%80\\\/#breadcrumb\"},\"inLanguage\":\"hu\",\"potentialAction\":[{\"@type\":\"ReadAction\",\"target\":[\"https:\\\/\\\/sub.hotelteledom.sk\\\/ru\\\/%d1%80%d0%b5%d1%81%d1%82%d0%be%d1%80%d0%b0%d0%bd\\\/%d0%ba%d0%be%d0%bd%d1%84%d0%b5%d1%80%d0%b5%d0%bd%d1%86-%d1%86%d0%b5%d0%bd%d1%82%d1%80\\\/\"]}]},{\"@type\":\"ImageObject\",\"inLanguage\":\"hu\",\"@id\":\"https:\\\/\\\/sub.hotelteledom.sk\\\/ru\\\/%d1%80%d0%b5%d1%81%d1%82%d0%be%d1%80%d0%b0%d0%bd\\\/%d0%ba%d0%be%d0%bd%d1%84%d0%b5%d1%80%d0%b5%d0%bd%d1%86-%d1%86%d0%b5%d0%bd%d1%82%d1%80\\\/#primaryimage\",\"url\":\"https:\\\/\\\/sub.hotelteledom.sk\\\/wp-content\\\/uploads\\\/2024\\\/10\\\/aula-new-scaled-1024x683-1.webp\",\"contentUrl\":\"https:\\\/\\\/sub.hotelteledom.sk\\\/wp-content\\\/uploads\\\/2024\\\/10\\\/aula-new-scaled-1024x683-1.webp\"},{\"@type\":\"BreadcrumbList\",\"@id\":\"https:\\\/\\\/sub.hotelteledom.sk\\\/ru\\\/%d1%80%d0%b5%d1%81%d1%82%d0%be%d1%80%d0%b0%d0%bd\\\/%d0%ba%d0%be%d0%bd%d1%84%d0%b5%d1%80%d0%b5%d0%bd%d1%86-%d1%86%d0%b5%d0%bd%d1%82%d1%80\\\/#breadcrumb\",\"itemListElement\":[{\"@type\":\"ListItem\",\"position\":1,\"name\":\"Domovsk\u00e1 str\u00e1nka\",\"item\":\"https:\\\/\\\/sub.hotelteledom.sk\\\/\"},{\"@type\":\"ListItem\",\"position\":2,\"name\":\"\u00c9tterem\",\"item\":\"https:\\\/\\\/sub.hotelteledom.sk\\\/ru\\\/%d1%80%d0%b5%d1%81%d1%82%d0%be%d1%80%d0%b0%d0%bd\\\/\"},{\"@type\":\"ListItem\",\"position\":3,\"name\":\"Konferenciak\u00f6zpont\"}]},{\"@type\":\"WebSite\",\"@id\":\"https:\\\/\\\/sub.hotelteledom.sk\\\/#website\",\"url\":\"https:\\\/\\\/sub.hotelteledom.sk\\\/\",\"name\":\"Hotel TeleDom & Conference Center\",\"description\":\"Trojhviezdi\u010dkov\u00fd hotel, re\u0161taur\u00e1cia Mestsk\u00e1 Pivnica a konferen\u010dn\u00e9 centrum v historickom centre Ko\u0161\u00edc, 200 m od D\u00f3mu sv. Al\u017ebety.\",\"publisher\":{\"@id\":\"https:\\\/\\\/sub.hotelteledom.sk\\\/#organization\"},\"alternateName\":\"Hotel TeleDom\",\"potentialAction\":[{\"@type\":\"SearchAction\",\"target\":{\"@type\":\"EntryPoint\",\"urlTemplate\":\"https:\\\/\\\/sub.hotelteledom.sk\\\/?s={search_term_string}\"},\"query-input\":{\"@type\":\"PropertyValueSpecification\",\"valueRequired\":true,\"valueName\":\"search_term_string\"}}],\"inLanguage\":\"hu\"},{\"@type\":\"Organization\",\"@id\":\"https:\\\/\\\/sub.hotelteledom.sk\\\/#organization\",\"name\":\"Novitech Partner s.r.o.\",\"url\":\"https:\\\/\\\/sub.hotelteledom.sk\\\/\",\"logo\":{\"@type\":\"ImageObject\",\"inLanguage\":\"hu\",\"@id\":\"https:\\\/\\\/sub.hotelteledom.sk\\\/#\\\/schema\\\/logo\\\/image\\\/\",\"url\":\"https:\\\/\\\/sub.hotelteledom.sk\\\/wp-content\\\/uploads\\\/2022\\\/08\\\/cropped-teledom-logotyp-2021-2_\u041c\u043e\u043d\u0442\u0430\u0436\u043d\u0430\u044f-\u043e\u0431\u043b\u0430\u0441\u0442\u044c-1.png\",\"contentUrl\":\"https:\\\/\\\/sub.hotelteledom.sk\\\/wp-content\\\/uploads\\\/2022\\\/08\\\/cropped-teledom-logotyp-2021-2_\u041c\u043e\u043d\u0442\u0430\u0436\u043d\u0430\u044f-\u043e\u0431\u043b\u0430\u0441\u0442\u044c-1.png\",\"width\":512,\"height\":512,\"caption\":\"Novitech Partner s.r.o.\"},\"image\":{\"@id\":\"https:\\\/\\\/sub.hotelteledom.sk\\\/#\\\/schema\\\/logo\\\/image\\\/\"},\"sameAs\":[\"https:\\\/\\\/www.facebook.com\\\/teledomonline\",\"https:\\\/\\\/www.instagram.com\\\/teledomkosice\\\/\"],\"description\":\"Trojhviezdi\u010dkov\u00fd hotel, re\u0161taur\u00e1cia Mestsk\u00e1 Pivnica a konferen\u010dn\u00e9 centrum v historickom centre Ko\u0161\u00edc, 200 m od D\u00f3mu sv. Al\u017ebety.\",\"email\":\"online@teledom.sk\",\"telephone\":\"+421 55 327 44 01\",\"legalName\":\"Novitech Partner s.r.o.\",\"foundingDate\":\"2001-01-08\",\"vatID\":\"SK2020061043\",\"taxID\":\"2020061043\",\"numberOfEmployees\":{\"@type\":\"QuantitativeValue\",\"minValue\":\"11\",\"maxValue\":\"50\"},\"publishingPrinciples\":\"https:\\\/\\\/sub.hotelteledom.sk\\\/gdpr-system-ochrany-osobnych-udajov-v-ramci-spolocnosti-novitech-partner-s-r-o\\\/\",\"ownershipFundingInfo\":\"https:\\\/\\\/sub.hotelteledom.sk\\\/gdpr-system-ochrany-osobnych-udajov-v-ramci-spolocnosti-novitech-partner-s-r-o\\\/\",\"actionableFeedbackPolicy\":\"https:\\\/\\\/sub.hotelteledom.sk\\\/gdpr-system-ochrany-osobnych-udajov-v-ramci-spolocnosti-novitech-partner-s-r-o\\\/\"}]}<\/script>\n<!-- \/ Yoast SEO Premium plugin. -->","yoast_head_json":{"title":"Konferenciak\u00f6zpont Kassa | Termek \u00e9s k\u00e9pz\u00e9sek \u2013 Hotel Teledom***","description":"Konferenciak\u00f6zpont a Hotel Teledom*** sz\u00e1llod\u00e1ban Kassa belv\u00e1ros\u00e1ban. Termek 170 f\u0151ig, technika, kl\u00edma, catering \u00e9s sz\u00e1ll\u00e1s a r\u00e9sztvev\u0151knek.","robots":{"index":"index","follow":"follow","max-snippet":"max-snippet:-1","max-image-preview":"max-image-preview:large","max-video-preview":"max-video-preview:-1"},"canonical":"https:\/\/sub.hotelteledom.sk\/ru\/\u0440\u0435\u0441\u0442\u043e\u0440\u0430\u043d\/\u043a\u043e\u043d\u0444\u0435\u0440\u0435\u043d\u0446-\u0446\u0435\u043d\u0442\u0440\/","og_locale":"hu_HU","og_type":"article","og_title":"Konferenciak\u00f6zpont","og_description":"Konferenciak\u00f6zpont a Hotel Teledom*** sz\u00e1llod\u00e1ban Kassa belv\u00e1ros\u00e1ban. Termek 170 f\u0151ig, technika, kl\u00edma, catering \u00e9s sz\u00e1ll\u00e1s a r\u00e9sztvev\u0151knek.","og_url":"https:\/\/sub.hotelteledom.sk\/ru\/\u0440\u0435\u0441\u0442\u043e\u0440\u0430\u043d\/\u043a\u043e\u043d\u0444\u0435\u0440\u0435\u043d\u0446-\u0446\u0435\u043d\u0442\u0440\/","og_site_name":"Hotel Teledom","article_publisher":"https:\/\/www.facebook.com\/teledomonline","article_modified_time":"2026-04-28T16:37:33+00:00","og_image":[{"url":"https:\/\/sub.hotelteledom.sk\/wp-content\/uploads\/2024\/10\/aula-new-scaled-1024x683-1.webp","type":"","width":"","height":""}],"twitter_card":"summary_large_image","twitter_misc":{"Becs\u00fclt olvas\u00e1si id\u0151":"2 perc"},"schema":{"@context":"https:\/\/schema.org","@graph":[{"@type":"WebPage","@id":"https:\/\/sub.hotelteledom.sk\/ru\/%d1%80%d0%b5%d1%81%d1%82%d0%be%d1%80%d0%b0%d0%bd\/%d0%ba%d0%be%d0%bd%d1%84%d0%b5%d1%80%d0%b5%d0%bd%d1%86-%d1%86%d0%b5%d0%bd%d1%82%d1%80\/","url":"https:\/\/sub.hotelteledom.sk\/ru\/%d1%80%d0%b5%d1%81%d1%82%d0%be%d1%80%d0%b0%d0%bd\/%d0%ba%d0%be%d0%bd%d1%84%d0%b5%d1%80%d0%b5%d0%bd%d1%86-%d1%86%d0%b5%d0%bd%d1%82%d1%80\/","name":"Konferenciak\u00f6zpont Kassa | Termek \u00e9s k\u00e9pz\u00e9sek \u2013 Hotel Teledom***","isPartOf":{"@id":"https:\/\/sub.hotelteledom.sk\/#website"},"primaryImageOfPage":{"@id":"https:\/\/sub.hotelteledom.sk\/ru\/%d1%80%d0%b5%d1%81%d1%82%d0%be%d1%80%d0%b0%d0%bd\/%d0%ba%d0%be%d0%bd%d1%84%d0%b5%d1%80%d0%b5%d0%bd%d1%86-%d1%86%d0%b5%d0%bd%d1%82%d1%80\/#primaryimage"},"image":{"@id":"https:\/\/sub.hotelteledom.sk\/ru\/%d1%80%d0%b5%d1%81%d1%82%d0%be%d1%80%d0%b0%d0%bd\/%d0%ba%d0%be%d0%bd%d1%84%d0%b5%d1%80%d0%b5%d0%bd%d1%86-%d1%86%d0%b5%d0%bd%d1%82%d1%80\/#primaryimage"},"thumbnailUrl":"https:\/\/sub.hotelteledom.sk\/wp-content\/uploads\/2024\/10\/aula-new-scaled-1024x683-1.webp","datePublished":"2026-04-28T14:48:08+00:00","dateModified":"2026-04-28T16:37:33+00:00","description":"Konferenciak\u00f6zpont a Hotel Teledom*** sz\u00e1llod\u00e1ban Kassa belv\u00e1ros\u00e1ban. Termek 170 f\u0151ig, technika, kl\u00edma, catering \u00e9s sz\u00e1ll\u00e1s a r\u00e9sztvev\u0151knek.","breadcrumb":{"@id":"https:\/\/sub.hotelteledom.sk\/ru\/%d1%80%d0%b5%d1%81%d1%82%d0%be%d1%80%d0%b0%d0%bd\/%d0%ba%d0%be%d0%bd%d1%84%d0%b5%d1%80%d0%b5%d0%bd%d1%86-%d1%86%d0%b5%d0%bd%d1%82%d1%80\/#breadcrumb"},"inLanguage":"hu","potentialAction":[{"@type":"ReadAction","target":["https:\/\/sub.hotelteledom.sk\/ru\/%d1%80%d0%b5%d1%81%d1%82%d0%be%d1%80%d0%b0%d0%bd\/%d0%ba%d0%be%d0%bd%d1%84%d0%b5%d1%80%d0%b5%d0%bd%d1%86-%d1%86%d0%b5%d0%bd%d1%82%d1%80\/"]}]},{"@type":"ImageObject","inLanguage":"hu","@id":"https:\/\/sub.hotelteledom.sk\/ru\/%d1%80%d0%b5%d1%81%d1%82%d0%be%d1%80%d0%b0%d0%bd\/%d0%ba%d0%be%d0%bd%d1%84%d0%b5%d1%80%d0%b5%d0%bd%d1%86-%d1%86%d0%b5%d0%bd%d1%82%d1%80\/#primaryimage","url":"https:\/\/sub.hotelteledom.sk\/wp-content\/uploads\/2024\/10\/aula-new-scaled-1024x683-1.webp","contentUrl":"https:\/\/sub.hotelteledom.sk\/wp-content\/uploads\/2024\/10\/aula-new-scaled-1024x683-1.webp"},{"@type":"BreadcrumbList","@id":"https:\/\/sub.hotelteledom.sk\/ru\/%d1%80%d0%b5%d1%81%d1%82%d0%be%d1%80%d0%b0%d0%bd\/%d0%ba%d0%be%d0%bd%d1%84%d0%b5%d1%80%d0%b5%d0%bd%d1%86-%d1%86%d0%b5%d0%bd%d1%82%d1%80\/#breadcrumb","itemListElement":[{"@type":"ListItem","position":1,"name":"Domovsk\u00e1 str\u00e1nka","item":"https:\/\/sub.hotelteledom.sk\/"},{"@type":"ListItem","position":2,"name":"\u00c9tterem","item":"https:\/\/sub.hotelteledom.sk\/ru\/%d1%80%d0%b5%d1%81%d1%82%d0%be%d1%80%d0%b0%d0%bd\/"},{"@type":"ListItem","position":3,"name":"Konferenciak\u00f6zpont"}]},{"@type":"WebSite","@id":"https:\/\/sub.hotelteledom.sk\/#website","url":"https:\/\/sub.hotelteledom.sk\/","name":"Hotel TeleDom & Conference Center","description":"Trojhviezdi\u010dkov\u00fd hotel, re\u0161taur\u00e1cia Mestsk\u00e1 Pivnica a konferen\u010dn\u00e9 centrum v historickom centre Ko\u0161\u00edc, 200 m od D\u00f3mu sv. Al\u017ebety.","publisher":{"@id":"https:\/\/sub.hotelteledom.sk\/#organization"},"alternateName":"Hotel TeleDom","potentialAction":[{"@type":"SearchAction","target":{"@type":"EntryPoint","urlTemplate":"https:\/\/sub.hotelteledom.sk\/?s={search_term_string}"},"query-input":{"@type":"PropertyValueSpecification","valueRequired":true,"valueName":"search_term_string"}}],"inLanguage":"hu"},{"@type":"Organization","@id":"https:\/\/sub.hotelteledom.sk\/#organization","name":"Novitech Partner s.r.o.","url":"https:\/\/sub.hotelteledom.sk\/","logo":{"@type":"ImageObject","inLanguage":"hu","@id":"https:\/\/sub.hotelteledom.sk\/#\/schema\/logo\/image\/","url":"https:\/\/sub.hotelteledom.sk\/wp-content\/uploads\/2022\/08\/cropped-teledom-logotyp-2021-2_\u041c\u043e\u043d\u0442\u0430\u0436\u043d\u0430\u044f-\u043e\u0431\u043b\u0430\u0441\u0442\u044c-1.png","contentUrl":"https:\/\/sub.hotelteledom.sk\/wp-content\/uploads\/2022\/08\/cropped-teledom-logotyp-2021-2_\u041c\u043e\u043d\u0442\u0430\u0436\u043d\u0430\u044f-\u043e\u0431\u043b\u0430\u0441\u0442\u044c-1.png","width":512,"height":512,"caption":"Novitech Partner s.r.o."},"image":{"@id":"https:\/\/sub.hotelteledom.sk\/#\/schema\/logo\/image\/"},"sameAs":["https:\/\/www.facebook.com\/teledomonline","https:\/\/www.instagram.com\/teledomkosice\/"],"description":"Trojhviezdi\u010dkov\u00fd hotel, re\u0161taur\u00e1cia Mestsk\u00e1 Pivnica a konferen\u010dn\u00e9 centrum v historickom centre Ko\u0161\u00edc, 200 m od D\u00f3mu sv. Al\u017ebety.","email":"online@teledom.sk","telephone":"+421 55 327 44 01","legalName":"Novitech Partner s.r.o.","foundingDate":"2001-01-08","vatID":"SK2020061043","taxID":"2020061043","numberOfEmployees":{"@type":"QuantitativeValue","minValue":"11","maxValue":"50"},"publishingPrinciples":"https:\/\/sub.hotelteledom.sk\/gdpr-system-ochrany-osobnych-udajov-v-ramci-spolocnosti-novitech-partner-s-r-o\/","ownershipFundingInfo":"https:\/\/sub.hotelteledom.sk\/gdpr-system-ochrany-osobnych-udajov-v-ramci-spolocnosti-novitech-partner-s-r-o\/","actionableFeedbackPolicy":"https:\/\/sub.hotelteledom.sk\/gdpr-system-ochrany-osobnych-udajov-v-ramci-spolocnosti-novitech-partner-s-r-o\/"}]}},"_links":{"self":[{"href":"https:\/\/sub.hotelteledom.sk\/hu\/wp-json\/wp\/v2\/pages\/9799","targetHints":{"allow":["GET"]}}],"collection":[{"href":"https:\/\/sub.hotelteledom.sk\/hu\/wp-json\/wp\/v2\/pages"}],"about":[{"href":"https:\/\/sub.hotelteledom.sk\/hu\/wp-json\/wp\/v2\/types\/page"}],"author":[{"embeddable":true,"href":"https:\/\/sub.hotelteledom.sk\/hu\/wp-json\/wp\/v2\/users\/10"}],"replies":[{"embeddable":true,"href":"https:\/\/sub.hotelteledom.sk\/hu\/wp-json\/wp\/v2\/comments?post=9799"}],"version-history":[{"count":5,"href":"https:\/\/sub.hotelteledom.sk\/hu\/wp-json\/wp\/v2\/pages\/9799\/revisions"}],"predecessor-version":[{"id":9954,"href":"https:\/\/sub.hotelteledom.sk\/hu\/wp-json\/wp\/v2\/pages\/9799\/revisions\/9954"}],"up":[{"embeddable":true,"href":"https:\/\/sub.hotelteledom.sk\/hu\/wp-json\/wp\/v2\/pages\/2767"}],"wp:attachment":[{"href":"https:\/\/sub.hotelteledom.sk\/hu\/wp-json\/wp\/v2\/media?parent=9799"}],"curies":[{"name":"wp","href":"https:\/\/api.w.org\/{rel}","templated":true}]}}