{"id":2767,"date":"2019-03-11T17:45:23","date_gmt":"2019-03-11T16:45:23","guid":{"rendered":"https:\/\/sub.hotelteledom.sk\/?page_id=2767"},"modified":"2026-04-28T18:53:32","modified_gmt":"2026-04-28T16:53:32","slug":"etterem","status":"publish","type":"page","link":"https:\/\/sub.hotelteledom.sk\/hu\/etterem\/","title":{"rendered":"\u00c9tterem"},"content":{"rendered":"<h4 style=\"text-align: center;\">A TeleDom \u00e9tterem \u00fcgyfelei sz\u00e1m\u00e1ra szolg\u00e1ltat\u00e1sok \u00e9s helysz\u00ednek sz\u00e9les sk\u00e1l\u00e1j\u00e1t k\u00edn\u00e1lja a t\u00e1rsas\u00e1gi esem\u00e9ny jelleg\u00e9nek megfelel\u0151en. A sz\u00e1lloda r\u00e9sze a st\u00edlusos \u00c1trium \u00e9tterem, melyet \u00fcnneps\u00e9gekhez, esk\u00fcv\u0151kh\u00f6z, konferenci\u00e1khoz \u00e9s mindenfajta rendezv\u00e9nyhez haszn\u00e1lunk. Itt friss\u00edt\u0151ket, cateringet \u00e9s k\u00e1v\u00e9sz\u00fcneteket rendelhet, vagy egyszer\u0171en csak b\u00e9relheti a termeket.<\/h4>\n<p>\t\t\t\t\t\t\t\t\t\tSlide HeadingLorem ipsum dolor sit amet, consectetur adipiscing elit. Ut elit tellus, luctus nec ullamcorper mattis, pulvinar dapibus leo.Click Here<br \/>\n\t\t\t\t\t\t\t\t\t\t\t\t\t\tPredo\u0161l\u00e9<br \/>\n\t\t\t\t\t\t\t\t\t\t\t\t\t\t\u010eal\u0161ie<\/p>\n<h4><strong>\u00c1trium \u00e9tterem<\/strong><\/h4>\n<h4>Az \u00c1trium \u00e9tterem a TeleDom Hotel*** r\u00e9sze.<\/h4>\n<h4>\u00d6r\u00f6mmel megszervezz\u00fck \u00d6nnek: esk\u00fcv\u0151i fogad\u00e1sokat, csal\u00e1di \u00fcnneps\u00e9geket (sz\u00fclet\u00e9snapokat, keresztel\u0151ket, b\u00e9rm\u00e1lkoz\u00e1sokat, ballag\u00e1sokat), szalagavat\u00f3kat, c\u00e9ges vacsor\u00e1kat, \u00fczleti t\u00e1rgyal\u00e1sokat, bankettokat, fogad\u00e1sokat \u00e9s b\u00e1lokat.<\/h4>\n<h4>\u00dczleti, mag\u00e1n- vagy csal\u00e1di tal\u00e1lkoz\u00f3khoz szalonokat biztos\u00edtunk, melyek kell\u0151 intimit\u00e1st ny\u00fajtanak. Tekintse meg al\u00e1bb.<\/h4>\n<p>\t\t\t<a href=\"https:\/\/sub.hotelteledom.sk\/hu\/terem-foglalasa\/\"><br \/>\n\t\t\t\t\t\t\t\t\tId\u0151pont foglal\u00e1sa<br \/>\n\t\t\t\t\t<\/a><\/p>\n<h4><strong>R\u00e1k\u00f3czi-szalon \/ szalonok<\/strong><\/h4>\n<h4>A R\u00e1k\u00f3czi-szalon ide\u00e1lis helysz\u00edn csal\u00e1di vagy c\u00e9ges rendezv\u00e9nyekhez. <\/h4>\n<h4>A szalon k\u00e9t helyis\u00e9gb\u0151l \u00e1ll; az \u00e9tkez\u0151r\u00e9szben 20 vend\u00e9get tudunk fogadni. <\/h4>\n<h4>Forduljon bizalommal munkat\u00e1rsainkhoz \u2013 a terem b\u00e9rbead\u00e1sa mellett a cateringet is biztos\u00edtjuk.<\/h4>\n<p>\t\t\t<a href=\"https:\/\/sub.hotelteledom.sk\/hu\/terem-foglalasa\/\"><br \/>\n\t\t\t\t\t\t\t\t\tId\u0151pont foglal\u00e1sa<br \/>\n\t\t\t\t\t<\/a><br \/>\n\t\t\t\t\t\t\t\t\t\t\t\t\t\tPrevious slide<br \/>\n\t\t\t\t\t\t\t\t\t\t\t\t\t\tNext slide<br \/>\n\t\t\t\t\t\t\t\t\t\t\t\t\t\tPredo\u0161l\u00e9<br \/>\n\t\t\t\t\t\t\t\t\t\t\t\t\t\t\u010eal\u0161ie<br \/>\n\t\t\t\t\t\t\t\t\t\t\t\t\t\tPrevious slide<br \/>\n\t\t\t\t\t\t\t\t\t\t\t\t\t\tNext slide<br \/>\n\t\t\t\t\t\t\t\t\t\t\t\t\t\tPredo\u0161l\u00e9<br \/>\n\t\t\t\t\t\t\t\t\t\t\t\t\t\t\u010eal\u0161ie<\/p>\n<h4><strong>Kis Arany szalon <\/strong><\/h4>\n<h4>A kis szalon szint\u00e9n ide\u00e1lis helysz\u00edn kisebb rendezv\u00e9nyekhez.<\/h4>\n<h4>A gy\u00f6ny\u00f6r\u0171, vil\u00e1gos t\u00e9rben 22 vend\u00e9g f\u00e9r el.<\/h4>\n<h4>Forduljon bizalommal munkat\u00e1rsainkhoz \u2013 a terem b\u00e9rbead\u00e1sa mellett a cateringet is biztos\u00edtjuk.<\/h4>\n<p>\t\t\t<a href=\"https:\/\/sub.hotelteledom.sk\/hu\/terem-foglalasa\/\"><br \/>\n\t\t\t\t\t\t\t\t\tId\u0151pont foglal\u00e1sa<br \/>\n\t\t\t\t\t<\/a><\/p>\n<h3 style=\"text-align: center;\">A HELYIS\u00c9G ALAPRAJZA<\/h3>\n<p>\t\t\t\t\t\t\t\t\t\t\t\t\t<img loading=\"lazy\" decoding=\"async\" width=\"1500\" height=\"1013\" src=\"https:\/\/sub.hotelteledom.sk\/wp-content\/uploads\/2018\/04\/hotel-teledom-floor-plan-1.png\" alt=\"\" srcset=\"https:\/\/sub.hotelteledom.sk\/wp-content\/uploads\/2018\/04\/hotel-teledom-floor-plan-1.png 1500w, https:\/\/sub.hotelteledom.sk\/wp-content\/uploads\/2018\/04\/hotel-teledom-floor-plan-1-300x203.png 300w, https:\/\/sub.hotelteledom.sk\/wp-content\/uploads\/2018\/04\/hotel-teledom-floor-plan-1-768x519.png 768w, https:\/\/sub.hotelteledom.sk\/wp-content\/uploads\/2018\/04\/hotel-teledom-floor-plan-1-1024x692.png 1024w\" sizes=\"auto, (max-width: 1500px) 100vw, 1500px\" \/><\/p>\n","protected":false},"excerpt":{"rendered":"<p>A TeleDom \u00e9tterem \u00fcgyfelei sz\u00e1m\u00e1ra szolg\u00e1ltat\u00e1sok \u00e9s helysz\u00ednek sz\u00e9les sk\u00e1l\u00e1j\u00e1t k\u00edn\u00e1lja a t\u00e1rsas\u00e1gi esem\u00e9ny jelleg\u00e9nek megfelel\u0151en. A sz\u00e1lloda r\u00e9sze a st\u00edlusos \u00c1trium \u00e9tterem, melyet \u00fcnneps\u00e9gekhez, esk\u00fcv\u0151kh\u00f6z, konferenci\u00e1khoz \u00e9s mindenfajta rendezv\u00e9nyhez haszn\u00e1lunk. Itt friss\u00edt\u0151ket, cateringet \u00e9s k\u00e1v\u00e9sz\u00fcneteket rendelhet, vagy egyszer\u0171en csak b\u00e9relheti a termeket. Slide HeadingLorem ipsum dolor sit amet, consectetur adipiscing elit. Ut elit tellus, &#8230; <a title=\"\u00c9tterem\" class=\"read-more\" href=\"https:\/\/sub.hotelteledom.sk\/hu\/etterem\/\" aria-label=\"Read more about \u00c9tterem\">Olvass tov\u00e1bb<\/a><\/p>\n","protected":false},"author":1,"featured_media":8649,"parent":0,"menu_order":0,"comment_status":"closed","ping_status":"closed","template":"elementor_header_footer","meta":{"_teledom_gallery_image_ids":[],"footnotes":""},"class_list":["post-2767","page","type-page","status-publish","has-post-thumbnail"],"yoast_head":"<!-- This site is optimized with the Yoast SEO Premium plugin v27.3 (Yoast SEO v27.3) - https:\/\/yoast.com\/product\/yoast-seo-premium-wordpress\/ -->\n<title>TeleDom \u00e9tterem Kassa | Csal\u00e1di \u00fcnneps\u00e9gek, esk\u00fcv\u0151k, alkalmak<\/title>\n<meta name=\"description\" content=\"TeleDom \u00e9tterem Kassa belv\u00e1ros\u00e1ban \u2013 Arany szalon, R\u00e1k\u00f3czi-szalon \u00e9s \u00c1trium 30-100 vend\u00e9g sz\u00e1m\u00e1ra. Esk\u00fcv\u0151k, \u00fcnneps\u00e9gek, c\u00e9ges vacsor\u00e1k kulcsrak\u00e9szen.\" \/>\n<meta name=\"robots\" content=\"index, follow, max-snippet:-1, max-image-preview:large, max-video-preview:-1\" \/>\n<link rel=\"canonical\" href=\"https:\/\/sub.hotelteledom.sk\/ru\/\u0440\u0435\u0441\u0442\u043e\u0440\u0430\u043d\/\" \/>\n<meta property=\"og:locale\" content=\"hu_HU\" \/>\n<meta property=\"og:type\" content=\"article\" \/>\n<meta property=\"og:title\" content=\"\u00c9tterem\" \/>\n<meta property=\"og:description\" content=\"TeleDom \u00e9tterem Kassa belv\u00e1ros\u00e1ban \u2013 Arany szalon, R\u00e1k\u00f3czi-szalon \u00e9s \u00c1trium 30-100 vend\u00e9g sz\u00e1m\u00e1ra. Esk\u00fcv\u0151k, \u00fcnneps\u00e9gek, c\u00e9ges vacsor\u00e1k kulcsrak\u00e9szen.\" \/>\n<meta property=\"og:url\" content=\"https:\/\/sub.hotelteledom.sk\/ru\/\u0440\u0435\u0441\u0442\u043e\u0440\u0430\u043d\/\" \/>\n<meta property=\"og:site_name\" content=\"Hotel Teledom\" \/>\n<meta property=\"article:publisher\" content=\"https:\/\/www.facebook.com\/teledomonline\" \/>\n<meta property=\"article:modified_time\" content=\"2026-04-28T16:53:32+00:00\" \/>\n<meta property=\"og:image\" content=\"https:\/\/sub.hotelteledom.sk\/wp-content\/uploads\/2024\/09\/svadba2-1.webp\" \/>\n\t<meta property=\"og:image:width\" content=\"1008\" \/>\n\t<meta property=\"og:image:height\" content=\"1200\" \/>\n\t<meta property=\"og:image:type\" content=\"image\/webp\" \/>\n<meta name=\"twitter:card\" content=\"summary_large_image\" \/>\n<meta name=\"twitter:label1\" content=\"Becs\u00fclt olvas\u00e1si id\u0151\" \/>\n\t<meta name=\"twitter:data1\" content=\"1 perc\" \/>\n<script type=\"application\/ld+json\" class=\"yoast-schema-graph\">{\"@context\":\"https:\\\/\\\/schema.org\",\"@graph\":[{\"@type\":\"WebPage\",\"@id\":\"https:\\\/\\\/sub.hotelteledom.sk\\\/ru\\\/%d1%80%d0%b5%d1%81%d1%82%d0%be%d1%80%d0%b0%d0%bd\\\/\",\"url\":\"https:\\\/\\\/sub.hotelteledom.sk\\\/ru\\\/%d1%80%d0%b5%d1%81%d1%82%d0%be%d1%80%d0%b0%d0%bd\\\/\",\"name\":\"TeleDom \u00e9tterem Kassa | Csal\u00e1di \u00fcnneps\u00e9gek, esk\u00fcv\u0151k, alkalmak\",\"isPartOf\":{\"@id\":\"https:\\\/\\\/sub.hotelteledom.sk\\\/#website\"},\"primaryImageOfPage\":{\"@id\":\"https:\\\/\\\/sub.hotelteledom.sk\\\/ru\\\/%d1%80%d0%b5%d1%81%d1%82%d0%be%d1%80%d0%b0%d0%bd\\\/#primaryimage\"},\"image\":{\"@id\":\"https:\\\/\\\/sub.hotelteledom.sk\\\/ru\\\/%d1%80%d0%b5%d1%81%d1%82%d0%be%d1%80%d0%b0%d0%bd\\\/#primaryimage\"},\"thumbnailUrl\":\"https:\\\/\\\/sub.hotelteledom.sk\\\/wp-content\\\/uploads\\\/2024\\\/09\\\/svadba2-1.webp\",\"datePublished\":\"2019-03-11T16:45:23+00:00\",\"dateModified\":\"2026-04-28T16:53:32+00:00\",\"description\":\"TeleDom \u00e9tterem Kassa belv\u00e1ros\u00e1ban \u2013 Arany szalon, R\u00e1k\u00f3czi-szalon \u00e9s \u00c1trium 30-100 vend\u00e9g sz\u00e1m\u00e1ra. Esk\u00fcv\u0151k, \u00fcnneps\u00e9gek, c\u00e9ges vacsor\u00e1k kulcsrak\u00e9szen.\",\"breadcrumb\":{\"@id\":\"https:\\\/\\\/sub.hotelteledom.sk\\\/ru\\\/%d1%80%d0%b5%d1%81%d1%82%d0%be%d1%80%d0%b0%d0%bd\\\/#breadcrumb\"},\"inLanguage\":\"hu\",\"potentialAction\":[{\"@type\":\"ReadAction\",\"target\":[\"https:\\\/\\\/sub.hotelteledom.sk\\\/ru\\\/%d1%80%d0%b5%d1%81%d1%82%d0%be%d1%80%d0%b0%d0%bd\\\/\"]}]},{\"@type\":\"ImageObject\",\"inLanguage\":\"hu\",\"@id\":\"https:\\\/\\\/sub.hotelteledom.sk\\\/ru\\\/%d1%80%d0%b5%d1%81%d1%82%d0%be%d1%80%d0%b0%d0%bd\\\/#primaryimage\",\"url\":\"https:\\\/\\\/sub.hotelteledom.sk\\\/wp-content\\\/uploads\\\/2024\\\/09\\\/svadba2-1.webp\",\"contentUrl\":\"https:\\\/\\\/sub.hotelteledom.sk\\\/wp-content\\\/uploads\\\/2024\\\/09\\\/svadba2-1.webp\",\"width\":1008,\"height\":1200,\"caption\":\"Svadobn\u00e1 s\u00e1la v re\u0161taur\u00e1cii Mestsk\u00e1 Pivnica \u2013 Hotel TeleDom\"},{\"@type\":\"BreadcrumbList\",\"@id\":\"https:\\\/\\\/sub.hotelteledom.sk\\\/ru\\\/%d1%80%d0%b5%d1%81%d1%82%d0%be%d1%80%d0%b0%d0%bd\\\/#breadcrumb\",\"itemListElement\":[{\"@type\":\"ListItem\",\"position\":1,\"name\":\"Domovsk\u00e1 str\u00e1nka\",\"item\":\"https:\\\/\\\/sub.hotelteledom.sk\\\/\"},{\"@type\":\"ListItem\",\"position\":2,\"name\":\"\u00c9tterem\"}]},{\"@type\":\"WebSite\",\"@id\":\"https:\\\/\\\/sub.hotelteledom.sk\\\/#website\",\"url\":\"https:\\\/\\\/sub.hotelteledom.sk\\\/\",\"name\":\"Hotel TeleDom & Conference Center\",\"description\":\"Trojhviezdi\u010dkov\u00fd hotel, re\u0161taur\u00e1cia Mestsk\u00e1 Pivnica a konferen\u010dn\u00e9 centrum v historickom centre Ko\u0161\u00edc, 200 m od D\u00f3mu sv. Al\u017ebety.\",\"publisher\":{\"@id\":\"https:\\\/\\\/sub.hotelteledom.sk\\\/#organization\"},\"alternateName\":\"Hotel TeleDom\",\"potentialAction\":[{\"@type\":\"SearchAction\",\"target\":{\"@type\":\"EntryPoint\",\"urlTemplate\":\"https:\\\/\\\/sub.hotelteledom.sk\\\/?s={search_term_string}\"},\"query-input\":{\"@type\":\"PropertyValueSpecification\",\"valueRequired\":true,\"valueName\":\"search_term_string\"}}],\"inLanguage\":\"hu\"},{\"@type\":\"Organization\",\"@id\":\"https:\\\/\\\/sub.hotelteledom.sk\\\/#organization\",\"name\":\"Novitech Partner s.r.o.\",\"url\":\"https:\\\/\\\/sub.hotelteledom.sk\\\/\",\"logo\":{\"@type\":\"ImageObject\",\"inLanguage\":\"hu\",\"@id\":\"https:\\\/\\\/sub.hotelteledom.sk\\\/#\\\/schema\\\/logo\\\/image\\\/\",\"url\":\"https:\\\/\\\/sub.hotelteledom.sk\\\/wp-content\\\/uploads\\\/2022\\\/08\\\/cropped-teledom-logotyp-2021-2_\u041c\u043e\u043d\u0442\u0430\u0436\u043d\u0430\u044f-\u043e\u0431\u043b\u0430\u0441\u0442\u044c-1.png\",\"contentUrl\":\"https:\\\/\\\/sub.hotelteledom.sk\\\/wp-content\\\/uploads\\\/2022\\\/08\\\/cropped-teledom-logotyp-2021-2_\u041c\u043e\u043d\u0442\u0430\u0436\u043d\u0430\u044f-\u043e\u0431\u043b\u0430\u0441\u0442\u044c-1.png\",\"width\":512,\"height\":512,\"caption\":\"Novitech Partner s.r.o.\"},\"image\":{\"@id\":\"https:\\\/\\\/sub.hotelteledom.sk\\\/#\\\/schema\\\/logo\\\/image\\\/\"},\"sameAs\":[\"https:\\\/\\\/www.facebook.com\\\/teledomonline\",\"https:\\\/\\\/www.instagram.com\\\/teledomkosice\\\/\"],\"description\":\"Trojhviezdi\u010dkov\u00fd hotel, re\u0161taur\u00e1cia Mestsk\u00e1 Pivnica a konferen\u010dn\u00e9 centrum v historickom centre Ko\u0161\u00edc, 200 m od D\u00f3mu sv. Al\u017ebety.\",\"email\":\"online@teledom.sk\",\"telephone\":\"+421 55 327 44 01\",\"legalName\":\"Novitech Partner s.r.o.\",\"foundingDate\":\"2001-01-08\",\"vatID\":\"SK2020061043\",\"taxID\":\"2020061043\",\"numberOfEmployees\":{\"@type\":\"QuantitativeValue\",\"minValue\":\"11\",\"maxValue\":\"50\"},\"publishingPrinciples\":\"https:\\\/\\\/sub.hotelteledom.sk\\\/gdpr-system-ochrany-osobnych-udajov-v-ramci-spolocnosti-novitech-partner-s-r-o\\\/\",\"ownershipFundingInfo\":\"https:\\\/\\\/sub.hotelteledom.sk\\\/gdpr-system-ochrany-osobnych-udajov-v-ramci-spolocnosti-novitech-partner-s-r-o\\\/\",\"actionableFeedbackPolicy\":\"https:\\\/\\\/sub.hotelteledom.sk\\\/gdpr-system-ochrany-osobnych-udajov-v-ramci-spolocnosti-novitech-partner-s-r-o\\\/\"}]}<\/script>\n<!-- \/ Yoast SEO Premium plugin. -->","yoast_head_json":{"title":"TeleDom \u00e9tterem Kassa | Csal\u00e1di \u00fcnneps\u00e9gek, esk\u00fcv\u0151k, alkalmak","description":"TeleDom \u00e9tterem Kassa belv\u00e1ros\u00e1ban \u2013 Arany szalon, R\u00e1k\u00f3czi-szalon \u00e9s \u00c1trium 30-100 vend\u00e9g sz\u00e1m\u00e1ra. Esk\u00fcv\u0151k, \u00fcnneps\u00e9gek, c\u00e9ges vacsor\u00e1k kulcsrak\u00e9szen.","robots":{"index":"index","follow":"follow","max-snippet":"max-snippet:-1","max-image-preview":"max-image-preview:large","max-video-preview":"max-video-preview:-1"},"canonical":"https:\/\/sub.hotelteledom.sk\/ru\/\u0440\u0435\u0441\u0442\u043e\u0440\u0430\u043d\/","og_locale":"hu_HU","og_type":"article","og_title":"\u00c9tterem","og_description":"TeleDom \u00e9tterem Kassa belv\u00e1ros\u00e1ban \u2013 Arany szalon, R\u00e1k\u00f3czi-szalon \u00e9s \u00c1trium 30-100 vend\u00e9g sz\u00e1m\u00e1ra. Esk\u00fcv\u0151k, \u00fcnneps\u00e9gek, c\u00e9ges vacsor\u00e1k kulcsrak\u00e9szen.","og_url":"https:\/\/sub.hotelteledom.sk\/ru\/\u0440\u0435\u0441\u0442\u043e\u0440\u0430\u043d\/","og_site_name":"Hotel Teledom","article_publisher":"https:\/\/www.facebook.com\/teledomonline","article_modified_time":"2026-04-28T16:53:32+00:00","og_image":[{"width":1008,"height":1200,"url":"https:\/\/sub.hotelteledom.sk\/wp-content\/uploads\/2024\/09\/svadba2-1.webp","type":"image\/webp"}],"twitter_card":"summary_large_image","twitter_misc":{"Becs\u00fclt olvas\u00e1si id\u0151":"1 perc"},"schema":{"@context":"https:\/\/schema.org","@graph":[{"@type":"WebPage","@id":"https:\/\/sub.hotelteledom.sk\/ru\/%d1%80%d0%b5%d1%81%d1%82%d0%be%d1%80%d0%b0%d0%bd\/","url":"https:\/\/sub.hotelteledom.sk\/ru\/%d1%80%d0%b5%d1%81%d1%82%d0%be%d1%80%d0%b0%d0%bd\/","name":"TeleDom \u00e9tterem Kassa | Csal\u00e1di \u00fcnneps\u00e9gek, esk\u00fcv\u0151k, alkalmak","isPartOf":{"@id":"https:\/\/sub.hotelteledom.sk\/#website"},"primaryImageOfPage":{"@id":"https:\/\/sub.hotelteledom.sk\/ru\/%d1%80%d0%b5%d1%81%d1%82%d0%be%d1%80%d0%b0%d0%bd\/#primaryimage"},"image":{"@id":"https:\/\/sub.hotelteledom.sk\/ru\/%d1%80%d0%b5%d1%81%d1%82%d0%be%d1%80%d0%b0%d0%bd\/#primaryimage"},"thumbnailUrl":"https:\/\/sub.hotelteledom.sk\/wp-content\/uploads\/2024\/09\/svadba2-1.webp","datePublished":"2019-03-11T16:45:23+00:00","dateModified":"2026-04-28T16:53:32+00:00","description":"TeleDom \u00e9tterem Kassa belv\u00e1ros\u00e1ban \u2013 Arany szalon, R\u00e1k\u00f3czi-szalon \u00e9s \u00c1trium 30-100 vend\u00e9g sz\u00e1m\u00e1ra. Esk\u00fcv\u0151k, \u00fcnneps\u00e9gek, c\u00e9ges vacsor\u00e1k kulcsrak\u00e9szen.","breadcrumb":{"@id":"https:\/\/sub.hotelteledom.sk\/ru\/%d1%80%d0%b5%d1%81%d1%82%d0%be%d1%80%d0%b0%d0%bd\/#breadcrumb"},"inLanguage":"hu","potentialAction":[{"@type":"ReadAction","target":["https:\/\/sub.hotelteledom.sk\/ru\/%d1%80%d0%b5%d1%81%d1%82%d0%be%d1%80%d0%b0%d0%bd\/"]}]},{"@type":"ImageObject","inLanguage":"hu","@id":"https:\/\/sub.hotelteledom.sk\/ru\/%d1%80%d0%b5%d1%81%d1%82%d0%be%d1%80%d0%b0%d0%bd\/#primaryimage","url":"https:\/\/sub.hotelteledom.sk\/wp-content\/uploads\/2024\/09\/svadba2-1.webp","contentUrl":"https:\/\/sub.hotelteledom.sk\/wp-content\/uploads\/2024\/09\/svadba2-1.webp","width":1008,"height":1200,"caption":"Svadobn\u00e1 s\u00e1la v re\u0161taur\u00e1cii Mestsk\u00e1 Pivnica \u2013 Hotel TeleDom"},{"@type":"BreadcrumbList","@id":"https:\/\/sub.hotelteledom.sk\/ru\/%d1%80%d0%b5%d1%81%d1%82%d0%be%d1%80%d0%b0%d0%bd\/#breadcrumb","itemListElement":[{"@type":"ListItem","position":1,"name":"Domovsk\u00e1 str\u00e1nka","item":"https:\/\/sub.hotelteledom.sk\/"},{"@type":"ListItem","position":2,"name":"\u00c9tterem"}]},{"@type":"WebSite","@id":"https:\/\/sub.hotelteledom.sk\/#website","url":"https:\/\/sub.hotelteledom.sk\/","name":"Hotel TeleDom & Conference Center","description":"Trojhviezdi\u010dkov\u00fd hotel, re\u0161taur\u00e1cia Mestsk\u00e1 Pivnica a konferen\u010dn\u00e9 centrum v historickom centre Ko\u0161\u00edc, 200 m od D\u00f3mu sv. Al\u017ebety.","publisher":{"@id":"https:\/\/sub.hotelteledom.sk\/#organization"},"alternateName":"Hotel TeleDom","potentialAction":[{"@type":"SearchAction","target":{"@type":"EntryPoint","urlTemplate":"https:\/\/sub.hotelteledom.sk\/?s={search_term_string}"},"query-input":{"@type":"PropertyValueSpecification","valueRequired":true,"valueName":"search_term_string"}}],"inLanguage":"hu"},{"@type":"Organization","@id":"https:\/\/sub.hotelteledom.sk\/#organization","name":"Novitech Partner s.r.o.","url":"https:\/\/sub.hotelteledom.sk\/","logo":{"@type":"ImageObject","inLanguage":"hu","@id":"https:\/\/sub.hotelteledom.sk\/#\/schema\/logo\/image\/","url":"https:\/\/sub.hotelteledom.sk\/wp-content\/uploads\/2022\/08\/cropped-teledom-logotyp-2021-2_\u041c\u043e\u043d\u0442\u0430\u0436\u043d\u0430\u044f-\u043e\u0431\u043b\u0430\u0441\u0442\u044c-1.png","contentUrl":"https:\/\/sub.hotelteledom.sk\/wp-content\/uploads\/2022\/08\/cropped-teledom-logotyp-2021-2_\u041c\u043e\u043d\u0442\u0430\u0436\u043d\u0430\u044f-\u043e\u0431\u043b\u0430\u0441\u0442\u044c-1.png","width":512,"height":512,"caption":"Novitech Partner s.r.o."},"image":{"@id":"https:\/\/sub.hotelteledom.sk\/#\/schema\/logo\/image\/"},"sameAs":["https:\/\/www.facebook.com\/teledomonline","https:\/\/www.instagram.com\/teledomkosice\/"],"description":"Trojhviezdi\u010dkov\u00fd hotel, re\u0161taur\u00e1cia Mestsk\u00e1 Pivnica a konferen\u010dn\u00e9 centrum v historickom centre Ko\u0161\u00edc, 200 m od D\u00f3mu sv. Al\u017ebety.","email":"online@teledom.sk","telephone":"+421 55 327 44 01","legalName":"Novitech Partner s.r.o.","foundingDate":"2001-01-08","vatID":"SK2020061043","taxID":"2020061043","numberOfEmployees":{"@type":"QuantitativeValue","minValue":"11","maxValue":"50"},"publishingPrinciples":"https:\/\/sub.hotelteledom.sk\/gdpr-system-ochrany-osobnych-udajov-v-ramci-spolocnosti-novitech-partner-s-r-o\/","ownershipFundingInfo":"https:\/\/sub.hotelteledom.sk\/gdpr-system-ochrany-osobnych-udajov-v-ramci-spolocnosti-novitech-partner-s-r-o\/","actionableFeedbackPolicy":"https:\/\/sub.hotelteledom.sk\/gdpr-system-ochrany-osobnych-udajov-v-ramci-spolocnosti-novitech-partner-s-r-o\/"}]}},"_links":{"self":[{"href":"https:\/\/sub.hotelteledom.sk\/hu\/wp-json\/wp\/v2\/pages\/2767","targetHints":{"allow":["GET"]}}],"collection":[{"href":"https:\/\/sub.hotelteledom.sk\/hu\/wp-json\/wp\/v2\/pages"}],"about":[{"href":"https:\/\/sub.hotelteledom.sk\/hu\/wp-json\/wp\/v2\/types\/page"}],"author":[{"embeddable":true,"href":"https:\/\/sub.hotelteledom.sk\/hu\/wp-json\/wp\/v2\/users\/1"}],"replies":[{"embeddable":true,"href":"https:\/\/sub.hotelteledom.sk\/hu\/wp-json\/wp\/v2\/comments?post=2767"}],"version-history":[{"count":5,"href":"https:\/\/sub.hotelteledom.sk\/hu\/wp-json\/wp\/v2\/pages\/2767\/revisions"}],"predecessor-version":[{"id":10008,"href":"https:\/\/sub.hotelteledom.sk\/hu\/wp-json\/wp\/v2\/pages\/2767\/revisions\/10008"}],"wp:featuredmedia":[{"embeddable":true,"href":"https:\/\/sub.hotelteledom.sk\/hu\/wp-json\/wp\/v2\/media\/8649"}],"wp:attachment":[{"href":"https:\/\/sub.hotelteledom.sk\/hu\/wp-json\/wp\/v2\/media?parent=2767"}],"curies":[{"name":"wp","href":"https:\/\/api.w.org\/{rel}","templated":true}]}}