{"id":1420,"date":"2018-03-30T14:29:43","date_gmt":"2018-03-30T12:29:43","guid":{"rendered":"https:\/\/sub.hotelteledom.sk\/rezervacie-miestnosti\/"},"modified":"2019-11-05T17:32:49","modified_gmt":"2019-11-05T16:32:49","slug":"teremfoglalas","status":"publish","type":"page","link":"https:\/\/sub.hotelteledom.sk\/hu\/teremfoglalas\/","title":{"rendered":"Teremfoglal\u00e1s"},"content":{"rendered":"<p>K\u00cdN\u00c1LATUNKBAN T\u00d6BB TEREM TAL\u00c1LHAT\u00d3, AMELYEK SZ\u00dcKS\u00c9G SZERINT RUGALMASAN \u00c1TRENDEZHET\u0150K.&nbsp; TUDUNK AJ\u00c1NLANI TERMET KISEBB ESK\u00dcV\u0150I \u00dcNNEPS\u00c9GRE 30 VEND\u00c9G R\u00c9SZ\u00c9RE, DE AK\u00c1R 170 SZEM\u00c9LY KELLEMES SZ\u00d3RAKOZ\u00c1S\u00c1T IS BIZTOS\u00cdTANI TUDJUK.<\/p>\n<p>Minden terem semleges \u00e9s eleg\u00e1ns, \u00edgy nincs sz\u00fcks\u00e9g befektet\u00e9sre teremd\u00edsz\u00edt\u00e9s c\u00e9lj\u00e1b\u00f3l. B\u00e1rmilyen sz\u00ednben d\u00edsz\u00edtett dekor\u00e1ci\u00f3 \u00edzl\u00e9ses lesz, \u00e9s nincsenek zavar\u00f3 elemei. A teremben nagy vet\u00edt\u0151v\u00e1szon \u00e9s kivet\u00edt\u0151 \u00e1ll rendelkez\u00e9sre. Haszn\u00e1lata eset\u00e9n a terem vagy a terem egy r\u00e9sze s\u00f6t\u00e9t\u00edthet\u0151, hogy a&nbsp;f\u00e9nyk\u00e9pek, csal\u00e1di vide\u00f3kat&nbsp;bemutat\u00e1sa \u00e9lvezetesebb legyen.&nbsp;A TeleDom&nbsp;Hotel&nbsp;magas mennyezet\u0171, l\u00e9gkondicion\u00e1lt \u00e9s hangszigetelt szob\u00e1kat k\u00edn\u00e1l.&nbsp;<\/p>\n<p>SZERETNE T\u00d6BBET MEGTUDNI? K\u00c9RD\u00c9S\u00c9RE SZ\u00cdVESEN V\u00c1LASZOLUNK. K\u00c9RJ\u00dcK, T\u00d6LTSE KI AZ AL\u00c1BBI \u0170RLAPOT.&nbsp;<\/p>\n<figure class=\"gallery-item\">\n\t\t\t\t<a data-elementor-open-lightbox=\"default\" data-elementor-lightbox-slideshow=\"2b83958\" href=\"https:\/\/sub.hotelteledom.sk\/wp-content\/uploads\/2018\/03\/hotel-teledom-pivnica.jpg\"><img loading=\"lazy\" decoding=\"async\" width=\"600\" height=\"600\" src=\"https:\/\/sub.hotelteledom.sk\/wp-content\/uploads\/2018\/03\/hotel-teledom-pivnica-600x600.jpg\" alt=\"\" srcset=\"https:\/\/sub.hotelteledom.sk\/wp-content\/uploads\/2018\/03\/hotel-teledom-pivnica-600x600.jpg 600w, https:\/\/sub.hotelteledom.sk\/wp-content\/uploads\/2018\/03\/hotel-teledom-pivnica-150x150.jpg 150w, https:\/\/sub.hotelteledom.sk\/wp-content\/uploads\/2018\/03\/hotel-teledom-pivnica-75x75.jpg 75w, https:\/\/sub.hotelteledom.sk\/wp-content\/uploads\/2018\/03\/hotel-teledom-pivnica-300x300.jpg 300w, https:\/\/sub.hotelteledom.sk\/wp-content\/uploads\/2018\/03\/hotel-teledom-pivnica-570x570.jpg 570w, https:\/\/sub.hotelteledom.sk\/wp-content\/uploads\/2018\/03\/hotel-teledom-pivnica-320x320.jpg 320w\" sizes=\"auto, (max-width: 600px) 100vw, 600px\"><\/a><\/figure>\n<figure class=\"gallery-item\">\n\t\t\t\t<a data-elementor-open-lightbox=\"default\" data-elementor-lightbox-slideshow=\"2b83958\" href=\"https:\/\/sub.hotelteledom.sk\/wp-content\/uploads\/2018\/03\/hotelteledom-restauracia-2.jpg\"><img loading=\"lazy\" decoding=\"async\" width=\"600\" height=\"600\" src=\"https:\/\/sub.hotelteledom.sk\/wp-content\/uploads\/2018\/03\/hotelteledom-restauracia-2-600x600.jpg\" alt=\"\" srcset=\"https:\/\/sub.hotelteledom.sk\/wp-content\/uploads\/2018\/03\/hotelteledom-restauracia-2-600x600.jpg 600w, https:\/\/sub.hotelteledom.sk\/wp-content\/uploads\/2018\/03\/hotelteledom-restauracia-2-150x150.jpg 150w, https:\/\/sub.hotelteledom.sk\/wp-content\/uploads\/2018\/03\/hotelteledom-restauracia-2-75x75.jpg 75w, https:\/\/sub.hotelteledom.sk\/wp-content\/uploads\/2018\/03\/hotelteledom-restauracia-2-300x300.jpg 300w, https:\/\/sub.hotelteledom.sk\/wp-content\/uploads\/2018\/03\/hotelteledom-restauracia-2-570x570.jpg 570w, https:\/\/sub.hotelteledom.sk\/wp-content\/uploads\/2018\/03\/hotelteledom-restauracia-2-320x320.jpg 320w\" sizes=\"auto, (max-width: 600px) 100vw, 600px\"><\/a><\/figure>\n<figure class=\"gallery-item\">\n\t\t\t\t<a data-elementor-open-lightbox=\"default\" data-elementor-lightbox-slideshow=\"2b83958\" href=\"https:\/\/sub.hotelteledom.sk\/wp-content\/uploads\/2018\/03\/hotelteledom-restauracia-1.jpg\"><img loading=\"lazy\" decoding=\"async\" width=\"600\" height=\"600\" src=\"https:\/\/sub.hotelteledom.sk\/wp-content\/uploads\/2018\/03\/hotelteledom-restauracia-1-600x600.jpg\" alt=\"\" srcset=\"https:\/\/sub.hotelteledom.sk\/wp-content\/uploads\/2018\/03\/hotelteledom-restauracia-1-600x600.jpg 600w, https:\/\/sub.hotelteledom.sk\/wp-content\/uploads\/2018\/03\/hotelteledom-restauracia-1-150x150.jpg 150w, https:\/\/sub.hotelteledom.sk\/wp-content\/uploads\/2018\/03\/hotelteledom-restauracia-1-75x75.jpg 75w, https:\/\/sub.hotelteledom.sk\/wp-content\/uploads\/2018\/03\/hotelteledom-restauracia-1-300x300.jpg 300w, https:\/\/sub.hotelteledom.sk\/wp-content\/uploads\/2018\/03\/hotelteledom-restauracia-1-570x570.jpg 570w, https:\/\/sub.hotelteledom.sk\/wp-content\/uploads\/2018\/03\/hotelteledom-restauracia-1-320x320.jpg 320w\" sizes=\"auto, (max-width: 600px) 100vw, 600px\"><\/a><\/figure>\n<figure class=\"gallery-item\">\n\t\t\t\t<a data-elementor-open-lightbox=\"default\" data-elementor-lightbox-slideshow=\"679eea8\" href=\"https:\/\/sub.hotelteledom.sk\/wp-content\/uploads\/2018\/03\/hotel-teledom-pivnica.jpg\"><img loading=\"lazy\" decoding=\"async\" width=\"600\" height=\"600\" src=\"https:\/\/sub.hotelteledom.sk\/wp-content\/uploads\/2018\/03\/hotel-teledom-pivnica-600x600.jpg\" alt=\"\" srcset=\"https:\/\/sub.hotelteledom.sk\/wp-content\/uploads\/2018\/03\/hotel-teledom-pivnica-600x600.jpg 600w, https:\/\/sub.hotelteledom.sk\/wp-content\/uploads\/2018\/03\/hotel-teledom-pivnica-150x150.jpg 150w, https:\/\/sub.hotelteledom.sk\/wp-content\/uploads\/2018\/03\/hotel-teledom-pivnica-75x75.jpg 75w, https:\/\/sub.hotelteledom.sk\/wp-content\/uploads\/2018\/03\/hotel-teledom-pivnica-300x300.jpg 300w, https:\/\/sub.hotelteledom.sk\/wp-content\/uploads\/2018\/03\/hotel-teledom-pivnica-570x570.jpg 570w, https:\/\/sub.hotelteledom.sk\/wp-content\/uploads\/2018\/03\/hotel-teledom-pivnica-320x320.jpg 320w\" sizes=\"auto, (max-width: 600px) 100vw, 600px\"><\/a><\/figure>\n<figure class=\"gallery-item\">\n\t\t\t\t<a data-elementor-open-lightbox=\"default\" data-elementor-lightbox-slideshow=\"679eea8\" href=\"https:\/\/sub.hotelteledom.sk\/wp-content\/uploads\/2018\/03\/hotelteledom-restauracia-2.jpg\"><img loading=\"lazy\" decoding=\"async\" width=\"600\" height=\"600\" src=\"https:\/\/sub.hotelteledom.sk\/wp-content\/uploads\/2018\/03\/hotelteledom-restauracia-2-600x600.jpg\" alt=\"\" srcset=\"https:\/\/sub.hotelteledom.sk\/wp-content\/uploads\/2018\/03\/hotelteledom-restauracia-2-600x600.jpg 600w, https:\/\/sub.hotelteledom.sk\/wp-content\/uploads\/2018\/03\/hotelteledom-restauracia-2-150x150.jpg 150w, https:\/\/sub.hotelteledom.sk\/wp-content\/uploads\/2018\/03\/hotelteledom-restauracia-2-75x75.jpg 75w, https:\/\/sub.hotelteledom.sk\/wp-content\/uploads\/2018\/03\/hotelteledom-restauracia-2-300x300.jpg 300w, https:\/\/sub.hotelteledom.sk\/wp-content\/uploads\/2018\/03\/hotelteledom-restauracia-2-570x570.jpg 570w, https:\/\/sub.hotelteledom.sk\/wp-content\/uploads\/2018\/03\/hotelteledom-restauracia-2-320x320.jpg 320w\" sizes=\"auto, (max-width: 600px) 100vw, 600px\"><\/a><\/figure>\n<figure class=\"gallery-item\">\n\t\t\t\t<a data-elementor-open-lightbox=\"default\" data-elementor-lightbox-slideshow=\"679eea8\" href=\"https:\/\/sub.hotelteledom.sk\/wp-content\/uploads\/2018\/03\/hotelteledom-restauracia-1.jpg\"><img loading=\"lazy\" decoding=\"async\" width=\"600\" height=\"600\" src=\"https:\/\/sub.hotelteledom.sk\/wp-content\/uploads\/2018\/03\/hotelteledom-restauracia-1-600x600.jpg\" alt=\"\" srcset=\"https:\/\/sub.hotelteledom.sk\/wp-content\/uploads\/2018\/03\/hotelteledom-restauracia-1-600x600.jpg 600w, https:\/\/sub.hotelteledom.sk\/wp-content\/uploads\/2018\/03\/hotelteledom-restauracia-1-150x150.jpg 150w, https:\/\/sub.hotelteledom.sk\/wp-content\/uploads\/2018\/03\/hotelteledom-restauracia-1-75x75.jpg 75w, https:\/\/sub.hotelteledom.sk\/wp-content\/uploads\/2018\/03\/hotelteledom-restauracia-1-300x300.jpg 300w, https:\/\/sub.hotelteledom.sk\/wp-content\/uploads\/2018\/03\/hotelteledom-restauracia-1-570x570.jpg 570w, https:\/\/sub.hotelteledom.sk\/wp-content\/uploads\/2018\/03\/hotelteledom-restauracia-1-320x320.jpg 320w\" sizes=\"auto, (max-width: 600px) 100vw, 600px\"><\/a><\/figure>\n","protected":false},"excerpt":{"rendered":"<p>K\u00cdN\u00c1LATUNKBAN T\u00d6BB TEREM TAL\u00c1LHAT\u00d3, AMELYEK SZ\u00dcKS\u00c9G SZERINT RUGALMASAN \u00c1TRENDEZHET\u0150K.&nbsp; TUDUNK AJ\u00c1NLANI TERMET KISEBB ESK\u00dcV\u0150I \u00dcNNEPS\u00c9GRE 30 VEND\u00c9G R\u00c9SZ\u00c9RE, DE AK\u00c1R 170 SZEM\u00c9LY KELLEMES SZ\u00d3RAKOZ\u00c1S\u00c1T IS BIZTOS\u00cdTANI TUDJUK. Minden terem semleges \u00e9s eleg\u00e1ns, \u00edgy nincs sz\u00fcks\u00e9g befektet\u00e9sre teremd\u00edsz\u00edt\u00e9s c\u00e9lj\u00e1b\u00f3l. B\u00e1rmilyen sz\u00ednben d\u00edsz\u00edtett dekor\u00e1ci\u00f3 \u00edzl\u00e9ses lesz, \u00e9s nincsenek zavar\u00f3 elemei. A teremben nagy vet\u00edt\u0151v\u00e1szon \u00e9s kivet\u00edt\u0151 \u00e1ll &#8230; <a title=\"Teremfoglal\u00e1s\" class=\"read-more\" href=\"https:\/\/sub.hotelteledom.sk\/hu\/teremfoglalas\/\" aria-label=\"Read more about Teremfoglal\u00e1s\">Olvass tov\u00e1bb<\/a><\/p>\n","protected":false},"author":1,"featured_media":0,"parent":0,"menu_order":0,"comment_status":"closed","ping_status":"closed","template":"elementor_header_footer","meta":{"_teledom_gallery_image_ids":[],"footnotes":""},"class_list":["post-1420","page","type-page","status-publish"],"yoast_head":"<!-- This site is optimized with the Yoast SEO Premium plugin v27.3 (Yoast SEO v27.3) - https:\/\/yoast.com\/product\/yoast-seo-premium-wordpress\/ -->\n<title>Teremfoglal\u00e1s - Hotel Teledom<\/title>\n<meta name=\"robots\" content=\"index, follow, max-snippet:-1, max-image-preview:large, max-video-preview:-1\" \/>\n<link rel=\"canonical\" href=\"https:\/\/sub.hotelteledom.sk\/hu\/teremfoglalas\/\" \/>\n<meta property=\"og:locale\" content=\"hu_HU\" \/>\n<meta property=\"og:type\" content=\"article\" \/>\n<meta property=\"og:title\" content=\"Teremfoglal\u00e1s\" \/>\n<meta property=\"og:description\" content=\"K\u00cdN\u00c1LATUNKBAN T\u00d6BB TEREM TAL\u00c1LHAT\u00d3, AMELYEK SZ\u00dcKS\u00c9G SZERINT RUGALMASAN \u00c1TRENDEZHET\u0150K.&nbsp; TUDUNK AJ\u00c1NLANI TERMET KISEBB ESK\u00dcV\u0150I \u00dcNNEPS\u00c9GRE 30 VEND\u00c9G R\u00c9SZ\u00c9RE, DE AK\u00c1R 170 SZEM\u00c9LY KELLEMES SZ\u00d3RAKOZ\u00c1S\u00c1T IS BIZTOS\u00cdTANI TUDJUK. Minden terem semleges \u00e9s eleg\u00e1ns, \u00edgy nincs sz\u00fcks\u00e9g befektet\u00e9sre teremd\u00edsz\u00edt\u00e9s c\u00e9lj\u00e1b\u00f3l. B\u00e1rmilyen sz\u00ednben d\u00edsz\u00edtett dekor\u00e1ci\u00f3 \u00edzl\u00e9ses lesz, \u00e9s nincsenek zavar\u00f3 elemei. A teremben nagy vet\u00edt\u0151v\u00e1szon \u00e9s kivet\u00edt\u0151 \u00e1ll ... Olvass tov\u00e1bb\" \/>\n<meta property=\"og:url\" content=\"https:\/\/sub.hotelteledom.sk\/hu\/teremfoglalas\/\" \/>\n<meta property=\"og:site_name\" content=\"Hotel Teledom\" \/>\n<meta property=\"article:publisher\" content=\"https:\/\/www.facebook.com\/teledomonline\" \/>\n<meta property=\"article:modified_time\" content=\"2019-11-05T16:32:49+00:00\" \/>\n<meta property=\"og:image\" content=\"https:\/\/sub.hotelteledom.sk\/wp-content\/uploads\/2018\/03\/hotel-teledom-pivnica-600x600.jpg\" \/>\n<meta name=\"twitter:card\" content=\"summary_large_image\" \/>\n<meta name=\"twitter:label1\" content=\"Becs\u00fclt olvas\u00e1si id\u0151\" \/>\n\t<meta name=\"twitter:data1\" content=\"1 perc\" \/>\n<script type=\"application\/ld+json\" class=\"yoast-schema-graph\">{\"@context\":\"https:\\\/\\\/schema.org\",\"@graph\":[{\"@type\":\"WebPage\",\"@id\":\"https:\\\/\\\/sub.hotelteledom.sk\\\/hu\\\/teremfoglalas\\\/\",\"url\":\"https:\\\/\\\/sub.hotelteledom.sk\\\/hu\\\/teremfoglalas\\\/\",\"name\":\"Teremfoglal\u00e1s - Hotel Teledom\",\"isPartOf\":{\"@id\":\"https:\\\/\\\/sub.hotelteledom.sk\\\/#website\"},\"primaryImageOfPage\":{\"@id\":\"https:\\\/\\\/sub.hotelteledom.sk\\\/hu\\\/teremfoglalas\\\/#primaryimage\"},\"image\":{\"@id\":\"https:\\\/\\\/sub.hotelteledom.sk\\\/hu\\\/teremfoglalas\\\/#primaryimage\"},\"thumbnailUrl\":\"https:\\\/\\\/sub.hotelteledom.sk\\\/wp-content\\\/uploads\\\/2018\\\/03\\\/hotel-teledom-pivnica-600x600.jpg\",\"datePublished\":\"2018-03-30T12:29:43+00:00\",\"dateModified\":\"2019-11-05T16:32:49+00:00\",\"breadcrumb\":{\"@id\":\"https:\\\/\\\/sub.hotelteledom.sk\\\/hu\\\/teremfoglalas\\\/#breadcrumb\"},\"inLanguage\":\"hu\",\"potentialAction\":[{\"@type\":\"ReadAction\",\"target\":[\"https:\\\/\\\/sub.hotelteledom.sk\\\/hu\\\/teremfoglalas\\\/\"]}]},{\"@type\":\"ImageObject\",\"inLanguage\":\"hu\",\"@id\":\"https:\\\/\\\/sub.hotelteledom.sk\\\/hu\\\/teremfoglalas\\\/#primaryimage\",\"url\":\"https:\\\/\\\/sub.hotelteledom.sk\\\/wp-content\\\/uploads\\\/2018\\\/03\\\/hotel-teledom-pivnica-600x600.jpg\",\"contentUrl\":\"https:\\\/\\\/sub.hotelteledom.sk\\\/wp-content\\\/uploads\\\/2018\\\/03\\\/hotel-teledom-pivnica-600x600.jpg\"},{\"@type\":\"BreadcrumbList\",\"@id\":\"https:\\\/\\\/sub.hotelteledom.sk\\\/hu\\\/teremfoglalas\\\/#breadcrumb\",\"itemListElement\":[{\"@type\":\"ListItem\",\"position\":1,\"name\":\"Domovsk\u00e1 str\u00e1nka\",\"item\":\"https:\\\/\\\/sub.hotelteledom.sk\\\/\"},{\"@type\":\"ListItem\",\"position\":2,\"name\":\"Teremfoglal\u00e1s\"}]},{\"@type\":\"WebSite\",\"@id\":\"https:\\\/\\\/sub.hotelteledom.sk\\\/#website\",\"url\":\"https:\\\/\\\/sub.hotelteledom.sk\\\/\",\"name\":\"Hotel TeleDom & Conference Center\",\"description\":\"Trojhviezdi\u010dkov\u00fd hotel, re\u0161taur\u00e1cia Mestsk\u00e1 Pivnica a konferen\u010dn\u00e9 centrum v historickom centre Ko\u0161\u00edc, 200 m od D\u00f3mu sv. Al\u017ebety.\",\"publisher\":{\"@id\":\"https:\\\/\\\/sub.hotelteledom.sk\\\/#organization\"},\"alternateName\":\"Hotel TeleDom\",\"potentialAction\":[{\"@type\":\"SearchAction\",\"target\":{\"@type\":\"EntryPoint\",\"urlTemplate\":\"https:\\\/\\\/sub.hotelteledom.sk\\\/?s={search_term_string}\"},\"query-input\":{\"@type\":\"PropertyValueSpecification\",\"valueRequired\":true,\"valueName\":\"search_term_string\"}}],\"inLanguage\":\"hu\"},{\"@type\":\"Organization\",\"@id\":\"https:\\\/\\\/sub.hotelteledom.sk\\\/#organization\",\"name\":\"Novitech Partner s.r.o.\",\"url\":\"https:\\\/\\\/sub.hotelteledom.sk\\\/\",\"logo\":{\"@type\":\"ImageObject\",\"inLanguage\":\"hu\",\"@id\":\"https:\\\/\\\/sub.hotelteledom.sk\\\/#\\\/schema\\\/logo\\\/image\\\/\",\"url\":\"https:\\\/\\\/sub.hotelteledom.sk\\\/wp-content\\\/uploads\\\/2022\\\/08\\\/cropped-teledom-logotyp-2021-2_\u041c\u043e\u043d\u0442\u0430\u0436\u043d\u0430\u044f-\u043e\u0431\u043b\u0430\u0441\u0442\u044c-1.png\",\"contentUrl\":\"https:\\\/\\\/sub.hotelteledom.sk\\\/wp-content\\\/uploads\\\/2022\\\/08\\\/cropped-teledom-logotyp-2021-2_\u041c\u043e\u043d\u0442\u0430\u0436\u043d\u0430\u044f-\u043e\u0431\u043b\u0430\u0441\u0442\u044c-1.png\",\"width\":512,\"height\":512,\"caption\":\"Novitech Partner s.r.o.\"},\"image\":{\"@id\":\"https:\\\/\\\/sub.hotelteledom.sk\\\/#\\\/schema\\\/logo\\\/image\\\/\"},\"sameAs\":[\"https:\\\/\\\/www.facebook.com\\\/teledomonline\",\"https:\\\/\\\/www.instagram.com\\\/teledomkosice\\\/\"],\"description\":\"Trojhviezdi\u010dkov\u00fd hotel, re\u0161taur\u00e1cia Mestsk\u00e1 Pivnica a konferen\u010dn\u00e9 centrum v historickom centre Ko\u0161\u00edc, 200 m od D\u00f3mu sv. Al\u017ebety.\",\"email\":\"online@teledom.sk\",\"telephone\":\"+421 55 327 44 01\",\"legalName\":\"Novitech Partner s.r.o.\",\"foundingDate\":\"2001-01-08\",\"vatID\":\"SK2020061043\",\"taxID\":\"2020061043\",\"numberOfEmployees\":{\"@type\":\"QuantitativeValue\",\"minValue\":\"11\",\"maxValue\":\"50\"},\"publishingPrinciples\":\"https:\\\/\\\/sub.hotelteledom.sk\\\/gdpr-system-ochrany-osobnych-udajov-v-ramci-spolocnosti-novitech-partner-s-r-o\\\/\",\"ownershipFundingInfo\":\"https:\\\/\\\/sub.hotelteledom.sk\\\/gdpr-system-ochrany-osobnych-udajov-v-ramci-spolocnosti-novitech-partner-s-r-o\\\/\",\"actionableFeedbackPolicy\":\"https:\\\/\\\/sub.hotelteledom.sk\\\/gdpr-system-ochrany-osobnych-udajov-v-ramci-spolocnosti-novitech-partner-s-r-o\\\/\"}]}<\/script>\n<!-- \/ Yoast SEO Premium plugin. -->","yoast_head_json":{"title":"Teremfoglal\u00e1s - Hotel Teledom","robots":{"index":"index","follow":"follow","max-snippet":"max-snippet:-1","max-image-preview":"max-image-preview:large","max-video-preview":"max-video-preview:-1"},"canonical":"https:\/\/sub.hotelteledom.sk\/hu\/teremfoglalas\/","og_locale":"hu_HU","og_type":"article","og_title":"Teremfoglal\u00e1s","og_description":"K\u00cdN\u00c1LATUNKBAN T\u00d6BB TEREM TAL\u00c1LHAT\u00d3, AMELYEK SZ\u00dcKS\u00c9G SZERINT RUGALMASAN \u00c1TRENDEZHET\u0150K.&nbsp; TUDUNK AJ\u00c1NLANI TERMET KISEBB ESK\u00dcV\u0150I \u00dcNNEPS\u00c9GRE 30 VEND\u00c9G R\u00c9SZ\u00c9RE, DE AK\u00c1R 170 SZEM\u00c9LY KELLEMES SZ\u00d3RAKOZ\u00c1S\u00c1T IS BIZTOS\u00cdTANI TUDJUK. Minden terem semleges \u00e9s eleg\u00e1ns, \u00edgy nincs sz\u00fcks\u00e9g befektet\u00e9sre teremd\u00edsz\u00edt\u00e9s c\u00e9lj\u00e1b\u00f3l. B\u00e1rmilyen sz\u00ednben d\u00edsz\u00edtett dekor\u00e1ci\u00f3 \u00edzl\u00e9ses lesz, \u00e9s nincsenek zavar\u00f3 elemei. A teremben nagy vet\u00edt\u0151v\u00e1szon \u00e9s kivet\u00edt\u0151 \u00e1ll ... Olvass tov\u00e1bb","og_url":"https:\/\/sub.hotelteledom.sk\/hu\/teremfoglalas\/","og_site_name":"Hotel Teledom","article_publisher":"https:\/\/www.facebook.com\/teledomonline","article_modified_time":"2019-11-05T16:32:49+00:00","og_image":[{"url":"https:\/\/sub.hotelteledom.sk\/wp-content\/uploads\/2018\/03\/hotel-teledom-pivnica-600x600.jpg","type":"","width":"","height":""}],"twitter_card":"summary_large_image","twitter_misc":{"Becs\u00fclt olvas\u00e1si id\u0151":"1 perc"},"schema":{"@context":"https:\/\/schema.org","@graph":[{"@type":"WebPage","@id":"https:\/\/sub.hotelteledom.sk\/hu\/teremfoglalas\/","url":"https:\/\/sub.hotelteledom.sk\/hu\/teremfoglalas\/","name":"Teremfoglal\u00e1s - Hotel Teledom","isPartOf":{"@id":"https:\/\/sub.hotelteledom.sk\/#website"},"primaryImageOfPage":{"@id":"https:\/\/sub.hotelteledom.sk\/hu\/teremfoglalas\/#primaryimage"},"image":{"@id":"https:\/\/sub.hotelteledom.sk\/hu\/teremfoglalas\/#primaryimage"},"thumbnailUrl":"https:\/\/sub.hotelteledom.sk\/wp-content\/uploads\/2018\/03\/hotel-teledom-pivnica-600x600.jpg","datePublished":"2018-03-30T12:29:43+00:00","dateModified":"2019-11-05T16:32:49+00:00","breadcrumb":{"@id":"https:\/\/sub.hotelteledom.sk\/hu\/teremfoglalas\/#breadcrumb"},"inLanguage":"hu","potentialAction":[{"@type":"ReadAction","target":["https:\/\/sub.hotelteledom.sk\/hu\/teremfoglalas\/"]}]},{"@type":"ImageObject","inLanguage":"hu","@id":"https:\/\/sub.hotelteledom.sk\/hu\/teremfoglalas\/#primaryimage","url":"https:\/\/sub.hotelteledom.sk\/wp-content\/uploads\/2018\/03\/hotel-teledom-pivnica-600x600.jpg","contentUrl":"https:\/\/sub.hotelteledom.sk\/wp-content\/uploads\/2018\/03\/hotel-teledom-pivnica-600x600.jpg"},{"@type":"BreadcrumbList","@id":"https:\/\/sub.hotelteledom.sk\/hu\/teremfoglalas\/#breadcrumb","itemListElement":[{"@type":"ListItem","position":1,"name":"Domovsk\u00e1 str\u00e1nka","item":"https:\/\/sub.hotelteledom.sk\/"},{"@type":"ListItem","position":2,"name":"Teremfoglal\u00e1s"}]},{"@type":"WebSite","@id":"https:\/\/sub.hotelteledom.sk\/#website","url":"https:\/\/sub.hotelteledom.sk\/","name":"Hotel TeleDom & Conference Center","description":"Trojhviezdi\u010dkov\u00fd hotel, re\u0161taur\u00e1cia Mestsk\u00e1 Pivnica a konferen\u010dn\u00e9 centrum v historickom centre Ko\u0161\u00edc, 200 m od D\u00f3mu sv. Al\u017ebety.","publisher":{"@id":"https:\/\/sub.hotelteledom.sk\/#organization"},"alternateName":"Hotel TeleDom","potentialAction":[{"@type":"SearchAction","target":{"@type":"EntryPoint","urlTemplate":"https:\/\/sub.hotelteledom.sk\/?s={search_term_string}"},"query-input":{"@type":"PropertyValueSpecification","valueRequired":true,"valueName":"search_term_string"}}],"inLanguage":"hu"},{"@type":"Organization","@id":"https:\/\/sub.hotelteledom.sk\/#organization","name":"Novitech Partner s.r.o.","url":"https:\/\/sub.hotelteledom.sk\/","logo":{"@type":"ImageObject","inLanguage":"hu","@id":"https:\/\/sub.hotelteledom.sk\/#\/schema\/logo\/image\/","url":"https:\/\/sub.hotelteledom.sk\/wp-content\/uploads\/2022\/08\/cropped-teledom-logotyp-2021-2_\u041c\u043e\u043d\u0442\u0430\u0436\u043d\u0430\u044f-\u043e\u0431\u043b\u0430\u0441\u0442\u044c-1.png","contentUrl":"https:\/\/sub.hotelteledom.sk\/wp-content\/uploads\/2022\/08\/cropped-teledom-logotyp-2021-2_\u041c\u043e\u043d\u0442\u0430\u0436\u043d\u0430\u044f-\u043e\u0431\u043b\u0430\u0441\u0442\u044c-1.png","width":512,"height":512,"caption":"Novitech Partner s.r.o."},"image":{"@id":"https:\/\/sub.hotelteledom.sk\/#\/schema\/logo\/image\/"},"sameAs":["https:\/\/www.facebook.com\/teledomonline","https:\/\/www.instagram.com\/teledomkosice\/"],"description":"Trojhviezdi\u010dkov\u00fd hotel, re\u0161taur\u00e1cia Mestsk\u00e1 Pivnica a konferen\u010dn\u00e9 centrum v historickom centre Ko\u0161\u00edc, 200 m od D\u00f3mu sv. Al\u017ebety.","email":"online@teledom.sk","telephone":"+421 55 327 44 01","legalName":"Novitech Partner s.r.o.","foundingDate":"2001-01-08","vatID":"SK2020061043","taxID":"2020061043","numberOfEmployees":{"@type":"QuantitativeValue","minValue":"11","maxValue":"50"},"publishingPrinciples":"https:\/\/sub.hotelteledom.sk\/gdpr-system-ochrany-osobnych-udajov-v-ramci-spolocnosti-novitech-partner-s-r-o\/","ownershipFundingInfo":"https:\/\/sub.hotelteledom.sk\/gdpr-system-ochrany-osobnych-udajov-v-ramci-spolocnosti-novitech-partner-s-r-o\/","actionableFeedbackPolicy":"https:\/\/sub.hotelteledom.sk\/gdpr-system-ochrany-osobnych-udajov-v-ramci-spolocnosti-novitech-partner-s-r-o\/"}]}},"_links":{"self":[{"href":"https:\/\/sub.hotelteledom.sk\/hu\/wp-json\/wp\/v2\/pages\/1420","targetHints":{"allow":["GET"]}}],"collection":[{"href":"https:\/\/sub.hotelteledom.sk\/hu\/wp-json\/wp\/v2\/pages"}],"about":[{"href":"https:\/\/sub.hotelteledom.sk\/hu\/wp-json\/wp\/v2\/types\/page"}],"author":[{"embeddable":true,"href":"https:\/\/sub.hotelteledom.sk\/hu\/wp-json\/wp\/v2\/users\/1"}],"replies":[{"embeddable":true,"href":"https:\/\/sub.hotelteledom.sk\/hu\/wp-json\/wp\/v2\/comments?post=1420"}],"version-history":[{"count":5,"href":"https:\/\/sub.hotelteledom.sk\/hu\/wp-json\/wp\/v2\/pages\/1420\/revisions"}],"predecessor-version":[{"id":3411,"href":"https:\/\/sub.hotelteledom.sk\/hu\/wp-json\/wp\/v2\/pages\/1420\/revisions\/3411"}],"wp:attachment":[{"href":"https:\/\/sub.hotelteledom.sk\/hu\/wp-json\/wp\/v2\/media?parent=1420"}],"curies":[{"name":"wp","href":"https:\/\/api.w.org\/{rel}","templated":true}]}}