{"id":1419,"date":"2018-04-18T20:12:41","date_gmt":"2018-04-18T18:12:41","guid":{"rendered":"https:\/\/sub.hotelteledom.sk\/restauracia\/denne-menu\/"},"modified":"2019-11-05T16:54:05","modified_gmt":"2019-11-05T15:54:05","slug":"denne-menu","status":"publish","type":"page","link":"https:\/\/sub.hotelteledom.sk\/hu\/etterem\/denne-menu\/","title":{"rendered":"NAPI K\u00cdN\u00c1LAT"},"content":{"rendered":"<p><strong>TeleDom Gasztron\u00f3mia<br \/>\n<\/strong>Konyh\u00e1nk jellegzetess\u00e9ge a szezon\u00e1lis \u00e9s region\u00e1lis k\u00edn\u00e1lat. A t\u00f6rt\u00e9nelmi m\u00falt\u00fa TeleDom Hotel \u00e9ttermei a Slow Food (kom\u00f3tos \u00e9tkez\u00e9s) elfogadott szab\u00e1lyainak betart\u00e1s\u00e1val k\u00edn\u00e1lnak olyan finoms\u00e1gokat, amelyek a helyi gasztron\u00f3miai hagyom\u00e1nyokat jellemzik. Az \u00e9teleket kiz\u00e1r\u00f3lag friss helyi nyersanyagb\u00f3l k\u00e9sz\u00edtj\u00fck, amelyek besz\u00e1ll\u00edt\u00f3i megb\u00edzhat\u00f3 \u0151stermel\u0151k. A h\u00fast \u00e9s h\u00fask\u00e9sz\u00edtm\u00e9nyeket csak a helyi, ill. k\u00f6rny\u00e9kbeli besz\u00e1ll\u00edt\u00f3kt\u00f3l biztos\u00edtjuk. A z\u00f6lds\u00e9g \u00e9s gy\u00fcm\u00f6lcs szlov\u00e1kiai kertekb\u0151l \u00e9s gy\u00fcm\u00f6lcs\u00f6s\u00f6kb\u0151l sz\u00e1rmazik. A p\u00e9k\u00e1ruk \u00e9s t\u00e9sztaf\u00e9l\u00e9k saj\u00e1t k\u00e9sz\u00edt\u00e9s\u0171ek.<\/p>\n<p><img loading=\"lazy\" decoding=\"async\" width=\"640\" height=\"906\" src=\"https:\/\/sub.hotelteledom.sk\/wp-content\/uploads\/2018\/04\/GAZDOVSKA\u0301-PIVNICA-1-723x1024.jpg\" alt=\"\" srcset=\"https:\/\/sub.hotelteledom.sk\/wp-content\/uploads\/2018\/04\/GAZDOVSKA\u0301-PIVNICA-1-723x1024.jpg 723w, https:\/\/sub.hotelteledom.sk\/wp-content\/uploads\/2018\/04\/GAZDOVSKA\u0301-PIVNICA-1-212x300.jpg 212w, https:\/\/sub.hotelteledom.sk\/wp-content\/uploads\/2018\/04\/GAZDOVSKA\u0301-PIVNICA-1-768x1088.jpg 768w, https:\/\/sub.hotelteledom.sk\/wp-content\/uploads\/2018\/04\/GAZDOVSKA\u0301-PIVNICA-1.jpg 1167w\" sizes=\"auto, (max-width: 640px) 100vw, 640px\"><\/p>\n<p><strong>\u00c1trium \u00c9tterem<br \/>\n<\/strong>Konyh\u00e1nk jellegzetess\u00e9ge a friss helyi nyersanyagokb\u00f3l \u00f6ssze\u00e1ll\u00edtott szezon\u00e1lis \u00e9s region\u00e1lis k\u00edn\u00e1lat.&nbsp; A felszolg\u00e1lt z\u00f6lds\u00e9geket \u00e9s gy\u00fcm\u00f6lcs\u00f6ket a kiv\u00e1lasztott besz\u00e1ll\u00edt\u00f3ink otthon termesztik. A friss csirke, sert\u00e9s \u00e9s marhah\u00fas is k\u00f6zvetlen\u00fcl szlov\u00e1kiai sz\u00e1ll\u00edt\u00f3kt\u00f3l ker\u00fcl beszerz\u00e9sre. A friss p\u00e9k\u00e1rut \u00e9s t\u00e9sztaf\u00e9l\u00e9ket magunk k\u00e9sz\u00edtj\u00fck. Az \u00f6sszes \u00f6sszetev\u0151 term\u00e9szetes eredet\u0171!<\/p>\n","protected":false},"excerpt":{"rendered":"<p>TeleDom Gasztron\u00f3mia Konyh\u00e1nk jellegzetess\u00e9ge a szezon\u00e1lis \u00e9s region\u00e1lis k\u00edn\u00e1lat. A t\u00f6rt\u00e9nelmi m\u00falt\u00fa TeleDom Hotel \u00e9ttermei a Slow Food (kom\u00f3tos \u00e9tkez\u00e9s) elfogadott szab\u00e1lyainak betart\u00e1s\u00e1val k\u00edn\u00e1lnak olyan finoms\u00e1gokat, amelyek a helyi gasztron\u00f3miai hagyom\u00e1nyokat jellemzik. Az \u00e9teleket kiz\u00e1r\u00f3lag friss helyi nyersanyagb\u00f3l k\u00e9sz\u00edtj\u00fck, amelyek besz\u00e1ll\u00edt\u00f3i megb\u00edzhat\u00f3 \u0151stermel\u0151k. A h\u00fast \u00e9s h\u00fask\u00e9sz\u00edtm\u00e9nyeket csak a helyi, ill. k\u00f6rny\u00e9kbeli besz\u00e1ll\u00edt\u00f3kt\u00f3l biztos\u00edtjuk. A &#8230; <a title=\"NAPI K\u00cdN\u00c1LAT\" class=\"read-more\" href=\"https:\/\/sub.hotelteledom.sk\/hu\/etterem\/denne-menu\/\" aria-label=\"Read more about NAPI K\u00cdN\u00c1LAT\">Olvass tov\u00e1bb<\/a><\/p>\n","protected":false},"author":1,"featured_media":0,"parent":2767,"menu_order":0,"comment_status":"closed","ping_status":"closed","template":"elementor_header_footer","meta":{"_teledom_gallery_image_ids":[],"footnotes":""},"class_list":["post-1419","page","type-page","status-publish"],"yoast_head":"<!-- This site is optimized with the Yoast SEO Premium plugin v27.3 (Yoast SEO v27.3) - https:\/\/yoast.com\/product\/yoast-seo-premium-wordpress\/ -->\n<title>Heti men\u00fc Kassa | TeleDom \u00e9tterem belv\u00e1ros<\/title>\n<meta name=\"description\" content=\"Heti eb\u00e9dmen\u00fc a TeleDom \u00e9tteremben Kassa belv\u00e1ros\u00e1ban. H\u00e1zias szlov\u00e1k \u00e9telek, napi levesek \u00e9s f\u0151\u00e9telek kedvez\u0151 \u00e1ron. H\u00e9tf\u0151t\u0151l p\u00e9ntekig.\" \/>\n<meta name=\"robots\" content=\"index, follow, max-snippet:-1, max-image-preview:large, max-video-preview:-1\" \/>\n<link rel=\"canonical\" href=\"https:\/\/sub.hotelteledom.sk\/ru\/\u0440\u0435\u0441\u0442\u043e\u0440\u0430\u043d\/denne-menu-2\/\" \/>\n<meta property=\"og:locale\" content=\"hu_HU\" \/>\n<meta property=\"og:type\" content=\"article\" \/>\n<meta property=\"og:title\" content=\"NAPI K\u00cdN\u00c1LAT\" \/>\n<meta property=\"og:description\" content=\"Heti eb\u00e9dmen\u00fc a TeleDom \u00e9tteremben Kassa belv\u00e1ros\u00e1ban. H\u00e1zias szlov\u00e1k \u00e9telek, napi levesek \u00e9s f\u0151\u00e9telek kedvez\u0151 \u00e1ron. H\u00e9tf\u0151t\u0151l p\u00e9ntekig.\" \/>\n<meta property=\"og:url\" content=\"https:\/\/sub.hotelteledom.sk\/ru\/\u0440\u0435\u0441\u0442\u043e\u0440\u0430\u043d\/denne-menu-2\/\" \/>\n<meta property=\"og:site_name\" content=\"Hotel Teledom\" \/>\n<meta property=\"article:publisher\" content=\"https:\/\/www.facebook.com\/teledomonline\" \/>\n<meta property=\"article:modified_time\" content=\"2019-11-05T15:54:05+00:00\" \/>\n<meta property=\"og:image\" content=\"https:\/\/sub.hotelteledom.sk\/wp-content\/uploads\/2026\/04\/2020-09-08.webp\" \/>\n\t<meta property=\"og:image:width\" content=\"680\" \/>\n\t<meta property=\"og:image:height\" content=\"410\" \/>\n\t<meta property=\"og:image:type\" content=\"image\/webp\" \/>\n<meta name=\"twitter:card\" content=\"summary_large_image\" \/>\n<meta name=\"twitter:label1\" content=\"Becs\u00fclt olvas\u00e1si id\u0151\" \/>\n\t<meta name=\"twitter:data1\" content=\"1 perc\" \/>\n<script type=\"application\/ld+json\" class=\"yoast-schema-graph\">{\"@context\":\"https:\\\/\\\/schema.org\",\"@graph\":[{\"@type\":\"WebPage\",\"@id\":\"https:\\\/\\\/sub.hotelteledom.sk\\\/ru\\\/%d1%80%d0%b5%d1%81%d1%82%d0%be%d1%80%d0%b0%d0%bd\\\/denne-menu-2\\\/\",\"url\":\"https:\\\/\\\/sub.hotelteledom.sk\\\/ru\\\/%d1%80%d0%b5%d1%81%d1%82%d0%be%d1%80%d0%b0%d0%bd\\\/denne-menu-2\\\/\",\"name\":\"Heti men\u00fc Kassa | TeleDom \u00e9tterem belv\u00e1ros\",\"isPartOf\":{\"@id\":\"https:\\\/\\\/sub.hotelteledom.sk\\\/#website\"},\"datePublished\":\"2018-04-18T18:12:41+00:00\",\"dateModified\":\"2019-11-05T15:54:05+00:00\",\"description\":\"Heti eb\u00e9dmen\u00fc a TeleDom \u00e9tteremben Kassa belv\u00e1ros\u00e1ban. H\u00e1zias szlov\u00e1k \u00e9telek, napi levesek \u00e9s f\u0151\u00e9telek kedvez\u0151 \u00e1ron. H\u00e9tf\u0151t\u0151l p\u00e9ntekig.\",\"breadcrumb\":{\"@id\":\"https:\\\/\\\/sub.hotelteledom.sk\\\/ru\\\/%d1%80%d0%b5%d1%81%d1%82%d0%be%d1%80%d0%b0%d0%bd\\\/denne-menu-2\\\/#breadcrumb\"},\"inLanguage\":\"hu\",\"potentialAction\":[{\"@type\":\"ReadAction\",\"target\":[\"https:\\\/\\\/sub.hotelteledom.sk\\\/ru\\\/%d1%80%d0%b5%d1%81%d1%82%d0%be%d1%80%d0%b0%d0%bd\\\/denne-menu-2\\\/\"]}]},{\"@type\":\"BreadcrumbList\",\"@id\":\"https:\\\/\\\/sub.hotelteledom.sk\\\/ru\\\/%d1%80%d0%b5%d1%81%d1%82%d0%be%d1%80%d0%b0%d0%bd\\\/denne-menu-2\\\/#breadcrumb\",\"itemListElement\":[{\"@type\":\"ListItem\",\"position\":1,\"name\":\"Domovsk\u00e1 str\u00e1nka\",\"item\":\"https:\\\/\\\/sub.hotelteledom.sk\\\/\"},{\"@type\":\"ListItem\",\"position\":2,\"name\":\"\u00c9tterem\",\"item\":\"https:\\\/\\\/sub.hotelteledom.sk\\\/ru\\\/%d1%80%d0%b5%d1%81%d1%82%d0%be%d1%80%d0%b0%d0%bd\\\/\"},{\"@type\":\"ListItem\",\"position\":3,\"name\":\"NAPI K\u00cdN\u00c1LAT\"}]},{\"@type\":\"WebSite\",\"@id\":\"https:\\\/\\\/sub.hotelteledom.sk\\\/#website\",\"url\":\"https:\\\/\\\/sub.hotelteledom.sk\\\/\",\"name\":\"Hotel TeleDom & Conference Center\",\"description\":\"Trojhviezdi\u010dkov\u00fd hotel, re\u0161taur\u00e1cia Mestsk\u00e1 Pivnica a konferen\u010dn\u00e9 centrum v historickom centre Ko\u0161\u00edc, 200 m od D\u00f3mu sv. Al\u017ebety.\",\"publisher\":{\"@id\":\"https:\\\/\\\/sub.hotelteledom.sk\\\/#organization\"},\"alternateName\":\"Hotel TeleDom\",\"potentialAction\":[{\"@type\":\"SearchAction\",\"target\":{\"@type\":\"EntryPoint\",\"urlTemplate\":\"https:\\\/\\\/sub.hotelteledom.sk\\\/?s={search_term_string}\"},\"query-input\":{\"@type\":\"PropertyValueSpecification\",\"valueRequired\":true,\"valueName\":\"search_term_string\"}}],\"inLanguage\":\"hu\"},{\"@type\":\"Organization\",\"@id\":\"https:\\\/\\\/sub.hotelteledom.sk\\\/#organization\",\"name\":\"Novitech Partner s.r.o.\",\"url\":\"https:\\\/\\\/sub.hotelteledom.sk\\\/\",\"logo\":{\"@type\":\"ImageObject\",\"inLanguage\":\"hu\",\"@id\":\"https:\\\/\\\/sub.hotelteledom.sk\\\/#\\\/schema\\\/logo\\\/image\\\/\",\"url\":\"https:\\\/\\\/sub.hotelteledom.sk\\\/wp-content\\\/uploads\\\/2022\\\/08\\\/cropped-teledom-logotyp-2021-2_\u041c\u043e\u043d\u0442\u0430\u0436\u043d\u0430\u044f-\u043e\u0431\u043b\u0430\u0441\u0442\u044c-1.png\",\"contentUrl\":\"https:\\\/\\\/sub.hotelteledom.sk\\\/wp-content\\\/uploads\\\/2022\\\/08\\\/cropped-teledom-logotyp-2021-2_\u041c\u043e\u043d\u0442\u0430\u0436\u043d\u0430\u044f-\u043e\u0431\u043b\u0430\u0441\u0442\u044c-1.png\",\"width\":512,\"height\":512,\"caption\":\"Novitech Partner s.r.o.\"},\"image\":{\"@id\":\"https:\\\/\\\/sub.hotelteledom.sk\\\/#\\\/schema\\\/logo\\\/image\\\/\"},\"sameAs\":[\"https:\\\/\\\/www.facebook.com\\\/teledomonline\",\"https:\\\/\\\/www.instagram.com\\\/teledomkosice\\\/\"],\"description\":\"Trojhviezdi\u010dkov\u00fd hotel, re\u0161taur\u00e1cia Mestsk\u00e1 Pivnica a konferen\u010dn\u00e9 centrum v historickom centre Ko\u0161\u00edc, 200 m od D\u00f3mu sv. Al\u017ebety.\",\"email\":\"online@teledom.sk\",\"telephone\":\"+421 55 327 44 01\",\"legalName\":\"Novitech Partner s.r.o.\",\"foundingDate\":\"2001-01-08\",\"vatID\":\"SK2020061043\",\"taxID\":\"2020061043\",\"numberOfEmployees\":{\"@type\":\"QuantitativeValue\",\"minValue\":\"11\",\"maxValue\":\"50\"},\"publishingPrinciples\":\"https:\\\/\\\/sub.hotelteledom.sk\\\/gdpr-system-ochrany-osobnych-udajov-v-ramci-spolocnosti-novitech-partner-s-r-o\\\/\",\"ownershipFundingInfo\":\"https:\\\/\\\/sub.hotelteledom.sk\\\/gdpr-system-ochrany-osobnych-udajov-v-ramci-spolocnosti-novitech-partner-s-r-o\\\/\",\"actionableFeedbackPolicy\":\"https:\\\/\\\/sub.hotelteledom.sk\\\/gdpr-system-ochrany-osobnych-udajov-v-ramci-spolocnosti-novitech-partner-s-r-o\\\/\"}]}<\/script>\n<!-- \/ Yoast SEO Premium plugin. -->","yoast_head_json":{"title":"Heti men\u00fc Kassa | TeleDom \u00e9tterem belv\u00e1ros","description":"Heti eb\u00e9dmen\u00fc a TeleDom \u00e9tteremben Kassa belv\u00e1ros\u00e1ban. H\u00e1zias szlov\u00e1k \u00e9telek, napi levesek \u00e9s f\u0151\u00e9telek kedvez\u0151 \u00e1ron. H\u00e9tf\u0151t\u0151l p\u00e9ntekig.","robots":{"index":"index","follow":"follow","max-snippet":"max-snippet:-1","max-image-preview":"max-image-preview:large","max-video-preview":"max-video-preview:-1"},"canonical":"https:\/\/sub.hotelteledom.sk\/ru\/\u0440\u0435\u0441\u0442\u043e\u0440\u0430\u043d\/denne-menu-2\/","og_locale":"hu_HU","og_type":"article","og_title":"NAPI K\u00cdN\u00c1LAT","og_description":"Heti eb\u00e9dmen\u00fc a TeleDom \u00e9tteremben Kassa belv\u00e1ros\u00e1ban. H\u00e1zias szlov\u00e1k \u00e9telek, napi levesek \u00e9s f\u0151\u00e9telek kedvez\u0151 \u00e1ron. H\u00e9tf\u0151t\u0151l p\u00e9ntekig.","og_url":"https:\/\/sub.hotelteledom.sk\/ru\/\u0440\u0435\u0441\u0442\u043e\u0440\u0430\u043d\/denne-menu-2\/","og_site_name":"Hotel Teledom","article_publisher":"https:\/\/www.facebook.com\/teledomonline","article_modified_time":"2019-11-05T15:54:05+00:00","og_image":[{"width":680,"height":410,"url":"https:\/\/sub.hotelteledom.sk\/wp-content\/uploads\/2026\/04\/2020-09-08.webp","type":"image\/webp"}],"twitter_card":"summary_large_image","twitter_misc":{"Becs\u00fclt olvas\u00e1si id\u0151":"1 perc"},"schema":{"@context":"https:\/\/schema.org","@graph":[{"@type":"WebPage","@id":"https:\/\/sub.hotelteledom.sk\/ru\/%d1%80%d0%b5%d1%81%d1%82%d0%be%d1%80%d0%b0%d0%bd\/denne-menu-2\/","url":"https:\/\/sub.hotelteledom.sk\/ru\/%d1%80%d0%b5%d1%81%d1%82%d0%be%d1%80%d0%b0%d0%bd\/denne-menu-2\/","name":"Heti men\u00fc Kassa | TeleDom \u00e9tterem belv\u00e1ros","isPartOf":{"@id":"https:\/\/sub.hotelteledom.sk\/#website"},"datePublished":"2018-04-18T18:12:41+00:00","dateModified":"2019-11-05T15:54:05+00:00","description":"Heti eb\u00e9dmen\u00fc a TeleDom \u00e9tteremben Kassa belv\u00e1ros\u00e1ban. H\u00e1zias szlov\u00e1k \u00e9telek, napi levesek \u00e9s f\u0151\u00e9telek kedvez\u0151 \u00e1ron. H\u00e9tf\u0151t\u0151l p\u00e9ntekig.","breadcrumb":{"@id":"https:\/\/sub.hotelteledom.sk\/ru\/%d1%80%d0%b5%d1%81%d1%82%d0%be%d1%80%d0%b0%d0%bd\/denne-menu-2\/#breadcrumb"},"inLanguage":"hu","potentialAction":[{"@type":"ReadAction","target":["https:\/\/sub.hotelteledom.sk\/ru\/%d1%80%d0%b5%d1%81%d1%82%d0%be%d1%80%d0%b0%d0%bd\/denne-menu-2\/"]}]},{"@type":"BreadcrumbList","@id":"https:\/\/sub.hotelteledom.sk\/ru\/%d1%80%d0%b5%d1%81%d1%82%d0%be%d1%80%d0%b0%d0%bd\/denne-menu-2\/#breadcrumb","itemListElement":[{"@type":"ListItem","position":1,"name":"Domovsk\u00e1 str\u00e1nka","item":"https:\/\/sub.hotelteledom.sk\/"},{"@type":"ListItem","position":2,"name":"\u00c9tterem","item":"https:\/\/sub.hotelteledom.sk\/ru\/%d1%80%d0%b5%d1%81%d1%82%d0%be%d1%80%d0%b0%d0%bd\/"},{"@type":"ListItem","position":3,"name":"NAPI K\u00cdN\u00c1LAT"}]},{"@type":"WebSite","@id":"https:\/\/sub.hotelteledom.sk\/#website","url":"https:\/\/sub.hotelteledom.sk\/","name":"Hotel TeleDom & Conference Center","description":"Trojhviezdi\u010dkov\u00fd hotel, re\u0161taur\u00e1cia Mestsk\u00e1 Pivnica a konferen\u010dn\u00e9 centrum v historickom centre Ko\u0161\u00edc, 200 m od D\u00f3mu sv. Al\u017ebety.","publisher":{"@id":"https:\/\/sub.hotelteledom.sk\/#organization"},"alternateName":"Hotel TeleDom","potentialAction":[{"@type":"SearchAction","target":{"@type":"EntryPoint","urlTemplate":"https:\/\/sub.hotelteledom.sk\/?s={search_term_string}"},"query-input":{"@type":"PropertyValueSpecification","valueRequired":true,"valueName":"search_term_string"}}],"inLanguage":"hu"},{"@type":"Organization","@id":"https:\/\/sub.hotelteledom.sk\/#organization","name":"Novitech Partner s.r.o.","url":"https:\/\/sub.hotelteledom.sk\/","logo":{"@type":"ImageObject","inLanguage":"hu","@id":"https:\/\/sub.hotelteledom.sk\/#\/schema\/logo\/image\/","url":"https:\/\/sub.hotelteledom.sk\/wp-content\/uploads\/2022\/08\/cropped-teledom-logotyp-2021-2_\u041c\u043e\u043d\u0442\u0430\u0436\u043d\u0430\u044f-\u043e\u0431\u043b\u0430\u0441\u0442\u044c-1.png","contentUrl":"https:\/\/sub.hotelteledom.sk\/wp-content\/uploads\/2022\/08\/cropped-teledom-logotyp-2021-2_\u041c\u043e\u043d\u0442\u0430\u0436\u043d\u0430\u044f-\u043e\u0431\u043b\u0430\u0441\u0442\u044c-1.png","width":512,"height":512,"caption":"Novitech Partner s.r.o."},"image":{"@id":"https:\/\/sub.hotelteledom.sk\/#\/schema\/logo\/image\/"},"sameAs":["https:\/\/www.facebook.com\/teledomonline","https:\/\/www.instagram.com\/teledomkosice\/"],"description":"Trojhviezdi\u010dkov\u00fd hotel, re\u0161taur\u00e1cia Mestsk\u00e1 Pivnica a konferen\u010dn\u00e9 centrum v historickom centre Ko\u0161\u00edc, 200 m od D\u00f3mu sv. Al\u017ebety.","email":"online@teledom.sk","telephone":"+421 55 327 44 01","legalName":"Novitech Partner s.r.o.","foundingDate":"2001-01-08","vatID":"SK2020061043","taxID":"2020061043","numberOfEmployees":{"@type":"QuantitativeValue","minValue":"11","maxValue":"50"},"publishingPrinciples":"https:\/\/sub.hotelteledom.sk\/gdpr-system-ochrany-osobnych-udajov-v-ramci-spolocnosti-novitech-partner-s-r-o\/","ownershipFundingInfo":"https:\/\/sub.hotelteledom.sk\/gdpr-system-ochrany-osobnych-udajov-v-ramci-spolocnosti-novitech-partner-s-r-o\/","actionableFeedbackPolicy":"https:\/\/sub.hotelteledom.sk\/gdpr-system-ochrany-osobnych-udajov-v-ramci-spolocnosti-novitech-partner-s-r-o\/"}]}},"_links":{"self":[{"href":"https:\/\/sub.hotelteledom.sk\/hu\/wp-json\/wp\/v2\/pages\/1419","targetHints":{"allow":["GET"]}}],"collection":[{"href":"https:\/\/sub.hotelteledom.sk\/hu\/wp-json\/wp\/v2\/pages"}],"about":[{"href":"https:\/\/sub.hotelteledom.sk\/hu\/wp-json\/wp\/v2\/types\/page"}],"author":[{"embeddable":true,"href":"https:\/\/sub.hotelteledom.sk\/hu\/wp-json\/wp\/v2\/users\/1"}],"replies":[{"embeddable":true,"href":"https:\/\/sub.hotelteledom.sk\/hu\/wp-json\/wp\/v2\/comments?post=1419"}],"version-history":[{"count":5,"href":"https:\/\/sub.hotelteledom.sk\/hu\/wp-json\/wp\/v2\/pages\/1419\/revisions"}],"predecessor-version":[{"id":3362,"href":"https:\/\/sub.hotelteledom.sk\/hu\/wp-json\/wp\/v2\/pages\/1419\/revisions\/3362"}],"up":[{"embeddable":true,"href":"https:\/\/sub.hotelteledom.sk\/hu\/wp-json\/wp\/v2\/pages\/2767"}],"wp:attachment":[{"href":"https:\/\/sub.hotelteledom.sk\/hu\/wp-json\/wp\/v2\/media?parent=1419"}],"curies":[{"name":"wp","href":"https:\/\/api.w.org\/{rel}","templated":true}]}}