{"id":10003,"date":"2026-04-28T18:53:15","date_gmt":"2026-04-28T16:53:15","guid":{"rendered":"https:\/\/sub.hotelteledom.sk\/terem-foglalasa\/"},"modified":"2026-04-28T18:53:16","modified_gmt":"2026-04-28T16:53:16","slug":"terem-foglalasa","status":"publish","type":"page","link":"https:\/\/sub.hotelteledom.sk\/hu\/terem-foglalasa\/","title":{"rendered":"Terem foglal\u00e1sa"},"content":{"rendered":"<p>T\u00f6bb, rugalmasan kialak\u00edthat\u00f3 termet k\u00edn\u00e1lunk. Kis, 30 f\u0151s esk\u00fcv\u0151t\u0151l a nagy, ak\u00e1r 170 f\u0151s rendezv\u00e9nyig minden alkalmat gond n\u00e9lk\u00fcl megszervez\u00fcnk.<\/p>\n<p>Minden term\u00fcnk semleges \u00e9s eleg\u00e1ns, \u00edgy nem sz\u00fcks\u00e9ges befektetni p\u00e9ld\u00e1ul a falak vagy oszlopok d\u00edsz\u00edt\u00e9s\u00e9be. B\u00e1rmilyen sz\u00edn\u0171 dekor\u00e1ci\u00f3 \u00edzl\u00e9ses lesz, \u00e9s semmi sem fogja zavarni. A Hotel TeleDom termei magas mennyezet\u0171ek, klimatiz\u00e1ltak \u00e9s min\u0151s\u00e9gi hangos\u00edt\u00e1ssal felszereltek. Nagy vet\u00edt\u0151v\u00e1szon \u00e9s projektor is rendelkez\u00e9sre \u00e1ll. Ezek haszn\u00e1lata eset\u00e9n a terem vagy annak r\u00e9sze els\u00f6t\u00e9t\u00edthet\u0151, hogy a f\u00e9nyk\u00e9pek vagy csal\u00e1di vide\u00f3k kivet\u00edt\u00e9se jobban \u00e9rv\u00e9nyes\u00fclj\u00f6n.<\/p>\n<p>K\u00e9rd\u00e9se van? K\u00e9rj\u00fck, t\u00f6ltse ki az \u0171rlapot \u00e9s \u00f6r\u00f6mmel felvessz\u00fck \u00d6nnel a kapcsolatot.\t\t<\/p>\n<figure class='gallery-item'>\n\t\t\t\t<a data-elementor-open-lightbox=\"yes\" data-elementor-lightbox-slideshow=\"2b83958\" data-elementor-lightbox-title=\"hotel-teledom-pivnica\" data-e-action-hash=\"#elementor-action%3Aaction%3Dlightbox%26settings%3DeyJpZCI6MTc3MywidXJsIjoiaHR0cHM6XC9cL3d3dy5ob3RlbHRlbGVkb20uc2tcL3dwLWNvbnRlbnRcL3VwbG9hZHNcLzIwMThcLzAzXC9ob3RlbC10ZWxlZG9tLXBpdm5pY2EuanBnIiwic2xpZGVzaG93IjoiMmI4Mzk1OCJ9\" href='https:\/\/sub.hotelteledom.sk\/wp-content\/uploads\/2018\/03\/hotel-teledom-pivnica.jpg'><img loading=\"lazy\" width=\"600\" height=\"600\" src=\"https:\/\/sub.hotelteledom.sk\/wp-content\/uploads\/2018\/03\/hotel-teledom-pivnica-600x600.jpg\" alt=\"Mestsk\u00e1 Pivnica \u2013 \u0161t\u00fdlov\u00e1 re\u0161taur\u00e1cia v Hoteli TeleDom\" decoding=\"async\" srcset=\"https:\/\/sub.hotelteledom.sk\/wp-content\/uploads\/2018\/03\/hotel-teledom-pivnica-600x600.jpg 600w, https:\/\/sub.hotelteledom.sk\/wp-content\/uploads\/2018\/03\/hotel-teledom-pivnica-150x150.jpg 150w, https:\/\/sub.hotelteledom.sk\/wp-content\/uploads\/2018\/03\/hotel-teledom-pivnica-75x75.jpg 75w, https:\/\/sub.hotelteledom.sk\/wp-content\/uploads\/2018\/03\/hotel-teledom-pivnica-300x300.jpg 300w, https:\/\/sub.hotelteledom.sk\/wp-content\/uploads\/2018\/03\/hotel-teledom-pivnica-570x570.jpg 570w, https:\/\/sub.hotelteledom.sk\/wp-content\/uploads\/2018\/03\/hotel-teledom-pivnica-320x320.jpg 320w\" sizes=\"auto, (max-width: 600px) 100vw, 600px\" \/><\/a><br \/>\n\t\t\t<\/figure>\n<figure class='gallery-item'>\n\t\t\t\t<a data-elementor-open-lightbox=\"yes\" data-elementor-lightbox-slideshow=\"2b83958\" data-elementor-lightbox-title=\"hotelteledom-restauracia-2\" data-e-action-hash=\"#elementor-action%3Aaction%3Dlightbox%26settings%3DeyJpZCI6MTc3MSwidXJsIjoiaHR0cHM6XC9cL3d3dy5ob3RlbHRlbGVkb20uc2tcL3dwLWNvbnRlbnRcL3VwbG9hZHNcLzIwMThcLzAzXC9ob3RlbHRlbGVkb20tcmVzdGF1cmFjaWEtMi5qcGciLCJzbGlkZXNob3ciOiIyYjgzOTU4In0%3D\" href='https:\/\/sub.hotelteledom.sk\/wp-content\/uploads\/2018\/03\/hotelteledom-restauracia-2.jpg'><img loading=\"lazy\" width=\"600\" height=\"600\" src=\"https:\/\/sub.hotelteledom.sk\/wp-content\/uploads\/2018\/03\/hotelteledom-restauracia-2-600x600.jpg\" alt=\"Re\u0161taur\u00e1cia Hotela TeleDom v centre Ko\u0161\u00edc\" decoding=\"async\" srcset=\"https:\/\/sub.hotelteledom.sk\/wp-content\/uploads\/2018\/03\/hotelteledom-restauracia-2-600x600.jpg 600w, https:\/\/sub.hotelteledom.sk\/wp-content\/uploads\/2018\/03\/hotelteledom-restauracia-2-150x150.jpg 150w, https:\/\/sub.hotelteledom.sk\/wp-content\/uploads\/2018\/03\/hotelteledom-restauracia-2-75x75.jpg 75w, https:\/\/sub.hotelteledom.sk\/wp-content\/uploads\/2018\/03\/hotelteledom-restauracia-2-300x300.jpg 300w, https:\/\/sub.hotelteledom.sk\/wp-content\/uploads\/2018\/03\/hotelteledom-restauracia-2-570x570.jpg 570w, https:\/\/sub.hotelteledom.sk\/wp-content\/uploads\/2018\/03\/hotelteledom-restauracia-2-320x320.jpg 320w\" sizes=\"auto, (max-width: 600px) 100vw, 600px\" \/><\/a><br \/>\n\t\t\t<\/figure>\n<figure class='gallery-item'>\n\t\t\t\t<a data-elementor-open-lightbox=\"yes\" data-elementor-lightbox-slideshow=\"2b83958\" data-elementor-lightbox-title=\"hotelteledom-restauracia\" data-e-action-hash=\"#elementor-action%3Aaction%3Dlightbox%26settings%3DeyJpZCI6MTc3MCwidXJsIjoiaHR0cHM6XC9cL3d3dy5ob3RlbHRlbGVkb20uc2tcL3dwLWNvbnRlbnRcL3VwbG9hZHNcLzIwMThcLzAzXC9ob3RlbHRlbGVkb20tcmVzdGF1cmFjaWEtMS5qcGciLCJzbGlkZXNob3ciOiIyYjgzOTU4In0%3D\" href='https:\/\/sub.hotelteledom.sk\/wp-content\/uploads\/2018\/03\/hotelteledom-restauracia-1.jpg'><img loading=\"lazy\" width=\"600\" height=\"600\" src=\"https:\/\/sub.hotelteledom.sk\/wp-content\/uploads\/2018\/03\/hotelteledom-restauracia-1-600x600.jpg\" alt=\"Re\u0161taur\u00e1cia Hotela TeleDom v centre Ko\u0161\u00edc\" decoding=\"async\" srcset=\"https:\/\/sub.hotelteledom.sk\/wp-content\/uploads\/2018\/03\/hotelteledom-restauracia-1-600x600.jpg 600w, https:\/\/sub.hotelteledom.sk\/wp-content\/uploads\/2018\/03\/hotelteledom-restauracia-1-150x150.jpg 150w, https:\/\/sub.hotelteledom.sk\/wp-content\/uploads\/2018\/03\/hotelteledom-restauracia-1-75x75.jpg 75w, https:\/\/sub.hotelteledom.sk\/wp-content\/uploads\/2018\/03\/hotelteledom-restauracia-1-300x300.jpg 300w, https:\/\/sub.hotelteledom.sk\/wp-content\/uploads\/2018\/03\/hotelteledom-restauracia-1-570x570.jpg 570w, https:\/\/sub.hotelteledom.sk\/wp-content\/uploads\/2018\/03\/hotelteledom-restauracia-1-320x320.jpg 320w\" sizes=\"auto, (max-width: 600px) 100vw, 600px\" \/><\/a><br \/>\n\t\t\t<\/figure>\n<figure class='gallery-item'>\n\t\t\t\t<a data-elementor-open-lightbox=\"yes\" data-elementor-lightbox-slideshow=\"679eea8\" data-elementor-lightbox-title=\"hotel-teledom-pivnica\" data-e-action-hash=\"#elementor-action%3Aaction%3Dlightbox%26settings%3DeyJpZCI6MTc3MywidXJsIjoiaHR0cHM6XC9cL3d3dy5ob3RlbHRlbGVkb20uc2tcL3dwLWNvbnRlbnRcL3VwbG9hZHNcLzIwMThcLzAzXC9ob3RlbC10ZWxlZG9tLXBpdm5pY2EuanBnIiwic2xpZGVzaG93IjoiNjc5ZWVhOCJ9\" href='https:\/\/sub.hotelteledom.sk\/wp-content\/uploads\/2018\/03\/hotel-teledom-pivnica.jpg'><img loading=\"lazy\" width=\"600\" height=\"600\" src=\"https:\/\/sub.hotelteledom.sk\/wp-content\/uploads\/2018\/03\/hotel-teledom-pivnica-600x600.jpg\" alt=\"Mestsk\u00e1 Pivnica \u2013 \u0161t\u00fdlov\u00e1 re\u0161taur\u00e1cia v Hoteli TeleDom\" decoding=\"async\" srcset=\"https:\/\/sub.hotelteledom.sk\/wp-content\/uploads\/2018\/03\/hotel-teledom-pivnica-600x600.jpg 600w, https:\/\/sub.hotelteledom.sk\/wp-content\/uploads\/2018\/03\/hotel-teledom-pivnica-150x150.jpg 150w, https:\/\/sub.hotelteledom.sk\/wp-content\/uploads\/2018\/03\/hotel-teledom-pivnica-75x75.jpg 75w, https:\/\/sub.hotelteledom.sk\/wp-content\/uploads\/2018\/03\/hotel-teledom-pivnica-300x300.jpg 300w, https:\/\/sub.hotelteledom.sk\/wp-content\/uploads\/2018\/03\/hotel-teledom-pivnica-570x570.jpg 570w, https:\/\/sub.hotelteledom.sk\/wp-content\/uploads\/2018\/03\/hotel-teledom-pivnica-320x320.jpg 320w\" sizes=\"auto, (max-width: 600px) 100vw, 600px\" \/><\/a><br \/>\n\t\t\t<\/figure>\n<figure class='gallery-item'>\n\t\t\t\t<a data-elementor-open-lightbox=\"yes\" data-elementor-lightbox-slideshow=\"679eea8\" data-elementor-lightbox-title=\"hotelteledom-restauracia-2\" data-e-action-hash=\"#elementor-action%3Aaction%3Dlightbox%26settings%3DeyJpZCI6MTc3MSwidXJsIjoiaHR0cHM6XC9cL3d3dy5ob3RlbHRlbGVkb20uc2tcL3dwLWNvbnRlbnRcL3VwbG9hZHNcLzIwMThcLzAzXC9ob3RlbHRlbGVkb20tcmVzdGF1cmFjaWEtMi5qcGciLCJzbGlkZXNob3ciOiI2NzllZWE4In0%3D\" href='https:\/\/sub.hotelteledom.sk\/wp-content\/uploads\/2018\/03\/hotelteledom-restauracia-2.jpg'><img loading=\"lazy\" width=\"600\" height=\"600\" src=\"https:\/\/sub.hotelteledom.sk\/wp-content\/uploads\/2018\/03\/hotelteledom-restauracia-2-600x600.jpg\" alt=\"Re\u0161taur\u00e1cia Hotela TeleDom v centre Ko\u0161\u00edc\" decoding=\"async\" srcset=\"https:\/\/sub.hotelteledom.sk\/wp-content\/uploads\/2018\/03\/hotelteledom-restauracia-2-600x600.jpg 600w, https:\/\/sub.hotelteledom.sk\/wp-content\/uploads\/2018\/03\/hotelteledom-restauracia-2-150x150.jpg 150w, https:\/\/sub.hotelteledom.sk\/wp-content\/uploads\/2018\/03\/hotelteledom-restauracia-2-75x75.jpg 75w, https:\/\/sub.hotelteledom.sk\/wp-content\/uploads\/2018\/03\/hotelteledom-restauracia-2-300x300.jpg 300w, https:\/\/sub.hotelteledom.sk\/wp-content\/uploads\/2018\/03\/hotelteledom-restauracia-2-570x570.jpg 570w, https:\/\/sub.hotelteledom.sk\/wp-content\/uploads\/2018\/03\/hotelteledom-restauracia-2-320x320.jpg 320w\" sizes=\"auto, (max-width: 600px) 100vw, 600px\" \/><\/a><br \/>\n\t\t\t<\/figure>\n<figure class='gallery-item'>\n\t\t\t\t<a data-elementor-open-lightbox=\"yes\" data-elementor-lightbox-slideshow=\"679eea8\" data-elementor-lightbox-title=\"hotelteledom-restauracia\" data-e-action-hash=\"#elementor-action%3Aaction%3Dlightbox%26settings%3DeyJpZCI6MTc3MCwidXJsIjoiaHR0cHM6XC9cL3d3dy5ob3RlbHRlbGVkb20uc2tcL3dwLWNvbnRlbnRcL3VwbG9hZHNcLzIwMThcLzAzXC9ob3RlbHRlbGVkb20tcmVzdGF1cmFjaWEtMS5qcGciLCJzbGlkZXNob3ciOiI2NzllZWE4In0%3D\" href='https:\/\/sub.hotelteledom.sk\/wp-content\/uploads\/2018\/03\/hotelteledom-restauracia-1.jpg'><img loading=\"lazy\" width=\"600\" height=\"600\" src=\"https:\/\/sub.hotelteledom.sk\/wp-content\/uploads\/2018\/03\/hotelteledom-restauracia-1-600x600.jpg\" alt=\"Re\u0161taur\u00e1cia Hotela TeleDom v centre Ko\u0161\u00edc\" decoding=\"async\" srcset=\"https:\/\/sub.hotelteledom.sk\/wp-content\/uploads\/2018\/03\/hotelteledom-restauracia-1-600x600.jpg 600w, https:\/\/sub.hotelteledom.sk\/wp-content\/uploads\/2018\/03\/hotelteledom-restauracia-1-150x150.jpg 150w, https:\/\/sub.hotelteledom.sk\/wp-content\/uploads\/2018\/03\/hotelteledom-restauracia-1-75x75.jpg 75w, https:\/\/sub.hotelteledom.sk\/wp-content\/uploads\/2018\/03\/hotelteledom-restauracia-1-300x300.jpg 300w, https:\/\/sub.hotelteledom.sk\/wp-content\/uploads\/2018\/03\/hotelteledom-restauracia-1-570x570.jpg 570w, https:\/\/sub.hotelteledom.sk\/wp-content\/uploads\/2018\/03\/hotelteledom-restauracia-1-320x320.jpg 320w\" sizes=\"auto, (max-width: 600px) 100vw, 600px\" \/><\/a><br \/>\n\t\t\t<\/figure>\n","protected":false},"excerpt":{"rendered":"<p>T\u00f6bb, rugalmasan kialak\u00edthat\u00f3 termet k\u00edn\u00e1lunk. Kis, 30 f\u0151s esk\u00fcv\u0151t\u0151l a nagy, ak\u00e1r 170 f\u0151s rendezv\u00e9nyig minden alkalmat gond n\u00e9lk\u00fcl megszervez\u00fcnk. Minden term\u00fcnk semleges \u00e9s eleg\u00e1ns, \u00edgy nem sz\u00fcks\u00e9ges befektetni p\u00e9ld\u00e1ul a falak vagy oszlopok d\u00edsz\u00edt\u00e9s\u00e9be. B\u00e1rmilyen sz\u00edn\u0171 dekor\u00e1ci\u00f3 \u00edzl\u00e9ses lesz, \u00e9s semmi sem fogja zavarni. A Hotel TeleDom termei magas mennyezet\u0171ek, klimatiz\u00e1ltak \u00e9s min\u0151s\u00e9gi hangos\u00edt\u00e1ssal &#8230; <a title=\"Terem foglal\u00e1sa\" class=\"read-more\" href=\"https:\/\/sub.hotelteledom.sk\/hu\/terem-foglalasa\/\" aria-label=\"Read more about Terem foglal\u00e1sa\">Olvass tov\u00e1bb<\/a><\/p>\n","protected":false},"author":10,"featured_media":0,"parent":0,"menu_order":0,"comment_status":"closed","ping_status":"closed","template":"elementor_header_footer","meta":{"_teledom_gallery_image_ids":[],"footnotes":""},"class_list":["post-10003","page","type-page","status-publish"],"yoast_head":"<!-- This site is optimized with the Yoast SEO Premium plugin v27.3 (Yoast SEO v27.3) - https:\/\/yoast.com\/product\/yoast-seo-premium-wordpress\/ -->\n<title>Teremfoglal\u00e1s Kassa | Hotel Teledom \u2013 szalonok \u00e9s termek<\/title>\n<meta name=\"description\" content=\"A Hotel Teledom szalonjainak \u00e9s termeinek online foglal\u00e1sa Kassa belv\u00e1ros\u00e1ban. Arany szalon, R\u00e1k\u00f3czi-szalon, \u00c1trium \u2013 30-100 f\u0151, technika, catering.\" \/>\n<meta name=\"robots\" content=\"index, follow, max-snippet:-1, max-image-preview:large, max-video-preview:-1\" \/>\n<link rel=\"canonical\" href=\"https:\/\/sub.hotelteledom.sk\/hu\/terem-foglalasa\/\" \/>\n<meta property=\"og:locale\" content=\"hu_HU\" \/>\n<meta property=\"og:type\" content=\"article\" \/>\n<meta property=\"og:title\" content=\"Terem foglal\u00e1sa\" \/>\n<meta property=\"og:description\" content=\"A Hotel Teledom szalonjainak \u00e9s termeinek online foglal\u00e1sa Kassa belv\u00e1ros\u00e1ban. Arany szalon, R\u00e1k\u00f3czi-szalon, \u00c1trium \u2013 30-100 f\u0151, technika, catering.\" \/>\n<meta property=\"og:url\" content=\"https:\/\/sub.hotelteledom.sk\/hu\/terem-foglalasa\/\" \/>\n<meta property=\"og:site_name\" content=\"Hotel Teledom\" \/>\n<meta property=\"article:publisher\" content=\"https:\/\/www.facebook.com\/teledomonline\" \/>\n<meta property=\"article:modified_time\" content=\"2026-04-28T16:53:16+00:00\" \/>\n<meta property=\"og:image\" content=\"https:\/\/sub.hotelteledom.sk\/wp-content\/uploads\/2018\/03\/hotel-teledom-pivnica-600x600.jpg\" \/>\n<meta name=\"twitter:card\" content=\"summary_large_image\" \/>\n<meta name=\"twitter:label1\" content=\"Becs\u00fclt olvas\u00e1si id\u0151\" \/>\n\t<meta name=\"twitter:data1\" content=\"1 perc\" \/>\n<script type=\"application\/ld+json\" class=\"yoast-schema-graph\">{\"@context\":\"https:\\\/\\\/schema.org\",\"@graph\":[{\"@type\":\"WebPage\",\"@id\":\"https:\\\/\\\/sub.hotelteledom.sk\\\/hu\\\/terem-foglalasa\\\/\",\"url\":\"https:\\\/\\\/sub.hotelteledom.sk\\\/hu\\\/terem-foglalasa\\\/\",\"name\":\"Teremfoglal\u00e1s Kassa | Hotel Teledom \u2013 szalonok \u00e9s termek\",\"isPartOf\":{\"@id\":\"https:\\\/\\\/sub.hotelteledom.sk\\\/#website\"},\"primaryImageOfPage\":{\"@id\":\"https:\\\/\\\/sub.hotelteledom.sk\\\/hu\\\/terem-foglalasa\\\/#primaryimage\"},\"image\":{\"@id\":\"https:\\\/\\\/sub.hotelteledom.sk\\\/hu\\\/terem-foglalasa\\\/#primaryimage\"},\"thumbnailUrl\":\"https:\\\/\\\/sub.hotelteledom.sk\\\/wp-content\\\/uploads\\\/2018\\\/03\\\/hotel-teledom-pivnica-600x600.jpg\",\"datePublished\":\"2026-04-28T16:53:15+00:00\",\"dateModified\":\"2026-04-28T16:53:16+00:00\",\"description\":\"A Hotel Teledom szalonjainak \u00e9s termeinek online foglal\u00e1sa Kassa belv\u00e1ros\u00e1ban. Arany szalon, R\u00e1k\u00f3czi-szalon, \u00c1trium \u2013 30-100 f\u0151, technika, catering.\",\"breadcrumb\":{\"@id\":\"https:\\\/\\\/sub.hotelteledom.sk\\\/hu\\\/terem-foglalasa\\\/#breadcrumb\"},\"inLanguage\":\"hu\",\"potentialAction\":[{\"@type\":\"ReadAction\",\"target\":[\"https:\\\/\\\/sub.hotelteledom.sk\\\/hu\\\/terem-foglalasa\\\/\"]}]},{\"@type\":\"ImageObject\",\"inLanguage\":\"hu\",\"@id\":\"https:\\\/\\\/sub.hotelteledom.sk\\\/hu\\\/terem-foglalasa\\\/#primaryimage\",\"url\":\"https:\\\/\\\/sub.hotelteledom.sk\\\/wp-content\\\/uploads\\\/2018\\\/03\\\/hotel-teledom-pivnica-600x600.jpg\",\"contentUrl\":\"https:\\\/\\\/sub.hotelteledom.sk\\\/wp-content\\\/uploads\\\/2018\\\/03\\\/hotel-teledom-pivnica-600x600.jpg\"},{\"@type\":\"BreadcrumbList\",\"@id\":\"https:\\\/\\\/sub.hotelteledom.sk\\\/hu\\\/terem-foglalasa\\\/#breadcrumb\",\"itemListElement\":[{\"@type\":\"ListItem\",\"position\":1,\"name\":\"Domovsk\u00e1 str\u00e1nka\",\"item\":\"https:\\\/\\\/sub.hotelteledom.sk\\\/\"},{\"@type\":\"ListItem\",\"position\":2,\"name\":\"Terem foglal\u00e1sa\"}]},{\"@type\":\"WebSite\",\"@id\":\"https:\\\/\\\/sub.hotelteledom.sk\\\/#website\",\"url\":\"https:\\\/\\\/sub.hotelteledom.sk\\\/\",\"name\":\"Hotel TeleDom & Conference Center\",\"description\":\"Trojhviezdi\u010dkov\u00fd hotel, re\u0161taur\u00e1cia Mestsk\u00e1 Pivnica a konferen\u010dn\u00e9 centrum v historickom centre Ko\u0161\u00edc, 200 m od D\u00f3mu sv. Al\u017ebety.\",\"publisher\":{\"@id\":\"https:\\\/\\\/sub.hotelteledom.sk\\\/#organization\"},\"alternateName\":\"Hotel TeleDom\",\"potentialAction\":[{\"@type\":\"SearchAction\",\"target\":{\"@type\":\"EntryPoint\",\"urlTemplate\":\"https:\\\/\\\/sub.hotelteledom.sk\\\/?s={search_term_string}\"},\"query-input\":{\"@type\":\"PropertyValueSpecification\",\"valueRequired\":true,\"valueName\":\"search_term_string\"}}],\"inLanguage\":\"hu\"},{\"@type\":\"Organization\",\"@id\":\"https:\\\/\\\/sub.hotelteledom.sk\\\/#organization\",\"name\":\"Novitech Partner s.r.o.\",\"url\":\"https:\\\/\\\/sub.hotelteledom.sk\\\/\",\"logo\":{\"@type\":\"ImageObject\",\"inLanguage\":\"hu\",\"@id\":\"https:\\\/\\\/sub.hotelteledom.sk\\\/#\\\/schema\\\/logo\\\/image\\\/\",\"url\":\"https:\\\/\\\/sub.hotelteledom.sk\\\/wp-content\\\/uploads\\\/2022\\\/08\\\/cropped-teledom-logotyp-2021-2_\u041c\u043e\u043d\u0442\u0430\u0436\u043d\u0430\u044f-\u043e\u0431\u043b\u0430\u0441\u0442\u044c-1.png\",\"contentUrl\":\"https:\\\/\\\/sub.hotelteledom.sk\\\/wp-content\\\/uploads\\\/2022\\\/08\\\/cropped-teledom-logotyp-2021-2_\u041c\u043e\u043d\u0442\u0430\u0436\u043d\u0430\u044f-\u043e\u0431\u043b\u0430\u0441\u0442\u044c-1.png\",\"width\":512,\"height\":512,\"caption\":\"Novitech Partner s.r.o.\"},\"image\":{\"@id\":\"https:\\\/\\\/sub.hotelteledom.sk\\\/#\\\/schema\\\/logo\\\/image\\\/\"},\"sameAs\":[\"https:\\\/\\\/www.facebook.com\\\/teledomonline\",\"https:\\\/\\\/www.instagram.com\\\/teledomkosice\\\/\"],\"description\":\"Trojhviezdi\u010dkov\u00fd hotel, re\u0161taur\u00e1cia Mestsk\u00e1 Pivnica a konferen\u010dn\u00e9 centrum v historickom centre Ko\u0161\u00edc, 200 m od D\u00f3mu sv. Al\u017ebety.\",\"email\":\"online@teledom.sk\",\"telephone\":\"+421 55 327 44 01\",\"legalName\":\"Novitech Partner s.r.o.\",\"foundingDate\":\"2001-01-08\",\"vatID\":\"SK2020061043\",\"taxID\":\"2020061043\",\"numberOfEmployees\":{\"@type\":\"QuantitativeValue\",\"minValue\":\"11\",\"maxValue\":\"50\"},\"publishingPrinciples\":\"https:\\\/\\\/sub.hotelteledom.sk\\\/gdpr-system-ochrany-osobnych-udajov-v-ramci-spolocnosti-novitech-partner-s-r-o\\\/\",\"ownershipFundingInfo\":\"https:\\\/\\\/sub.hotelteledom.sk\\\/gdpr-system-ochrany-osobnych-udajov-v-ramci-spolocnosti-novitech-partner-s-r-o\\\/\",\"actionableFeedbackPolicy\":\"https:\\\/\\\/sub.hotelteledom.sk\\\/gdpr-system-ochrany-osobnych-udajov-v-ramci-spolocnosti-novitech-partner-s-r-o\\\/\"}]}<\/script>\n<!-- \/ Yoast SEO Premium plugin. -->","yoast_head_json":{"title":"Teremfoglal\u00e1s Kassa | Hotel Teledom \u2013 szalonok \u00e9s termek","description":"A Hotel Teledom szalonjainak \u00e9s termeinek online foglal\u00e1sa Kassa belv\u00e1ros\u00e1ban. Arany szalon, R\u00e1k\u00f3czi-szalon, \u00c1trium \u2013 30-100 f\u0151, technika, catering.","robots":{"index":"index","follow":"follow","max-snippet":"max-snippet:-1","max-image-preview":"max-image-preview:large","max-video-preview":"max-video-preview:-1"},"canonical":"https:\/\/sub.hotelteledom.sk\/hu\/terem-foglalasa\/","og_locale":"hu_HU","og_type":"article","og_title":"Terem foglal\u00e1sa","og_description":"A Hotel Teledom szalonjainak \u00e9s termeinek online foglal\u00e1sa Kassa belv\u00e1ros\u00e1ban. Arany szalon, R\u00e1k\u00f3czi-szalon, \u00c1trium \u2013 30-100 f\u0151, technika, catering.","og_url":"https:\/\/sub.hotelteledom.sk\/hu\/terem-foglalasa\/","og_site_name":"Hotel Teledom","article_publisher":"https:\/\/www.facebook.com\/teledomonline","article_modified_time":"2026-04-28T16:53:16+00:00","og_image":[{"url":"https:\/\/sub.hotelteledom.sk\/wp-content\/uploads\/2018\/03\/hotel-teledom-pivnica-600x600.jpg","type":"","width":"","height":""}],"twitter_card":"summary_large_image","twitter_misc":{"Becs\u00fclt olvas\u00e1si id\u0151":"1 perc"},"schema":{"@context":"https:\/\/schema.org","@graph":[{"@type":"WebPage","@id":"https:\/\/sub.hotelteledom.sk\/hu\/terem-foglalasa\/","url":"https:\/\/sub.hotelteledom.sk\/hu\/terem-foglalasa\/","name":"Teremfoglal\u00e1s Kassa | Hotel Teledom \u2013 szalonok \u00e9s termek","isPartOf":{"@id":"https:\/\/sub.hotelteledom.sk\/#website"},"primaryImageOfPage":{"@id":"https:\/\/sub.hotelteledom.sk\/hu\/terem-foglalasa\/#primaryimage"},"image":{"@id":"https:\/\/sub.hotelteledom.sk\/hu\/terem-foglalasa\/#primaryimage"},"thumbnailUrl":"https:\/\/sub.hotelteledom.sk\/wp-content\/uploads\/2018\/03\/hotel-teledom-pivnica-600x600.jpg","datePublished":"2026-04-28T16:53:15+00:00","dateModified":"2026-04-28T16:53:16+00:00","description":"A Hotel Teledom szalonjainak \u00e9s termeinek online foglal\u00e1sa Kassa belv\u00e1ros\u00e1ban. Arany szalon, R\u00e1k\u00f3czi-szalon, \u00c1trium \u2013 30-100 f\u0151, technika, catering.","breadcrumb":{"@id":"https:\/\/sub.hotelteledom.sk\/hu\/terem-foglalasa\/#breadcrumb"},"inLanguage":"hu","potentialAction":[{"@type":"ReadAction","target":["https:\/\/sub.hotelteledom.sk\/hu\/terem-foglalasa\/"]}]},{"@type":"ImageObject","inLanguage":"hu","@id":"https:\/\/sub.hotelteledom.sk\/hu\/terem-foglalasa\/#primaryimage","url":"https:\/\/sub.hotelteledom.sk\/wp-content\/uploads\/2018\/03\/hotel-teledom-pivnica-600x600.jpg","contentUrl":"https:\/\/sub.hotelteledom.sk\/wp-content\/uploads\/2018\/03\/hotel-teledom-pivnica-600x600.jpg"},{"@type":"BreadcrumbList","@id":"https:\/\/sub.hotelteledom.sk\/hu\/terem-foglalasa\/#breadcrumb","itemListElement":[{"@type":"ListItem","position":1,"name":"Domovsk\u00e1 str\u00e1nka","item":"https:\/\/sub.hotelteledom.sk\/"},{"@type":"ListItem","position":2,"name":"Terem foglal\u00e1sa"}]},{"@type":"WebSite","@id":"https:\/\/sub.hotelteledom.sk\/#website","url":"https:\/\/sub.hotelteledom.sk\/","name":"Hotel TeleDom & Conference Center","description":"Trojhviezdi\u010dkov\u00fd hotel, re\u0161taur\u00e1cia Mestsk\u00e1 Pivnica a konferen\u010dn\u00e9 centrum v historickom centre Ko\u0161\u00edc, 200 m od D\u00f3mu sv. Al\u017ebety.","publisher":{"@id":"https:\/\/sub.hotelteledom.sk\/#organization"},"alternateName":"Hotel TeleDom","potentialAction":[{"@type":"SearchAction","target":{"@type":"EntryPoint","urlTemplate":"https:\/\/sub.hotelteledom.sk\/?s={search_term_string}"},"query-input":{"@type":"PropertyValueSpecification","valueRequired":true,"valueName":"search_term_string"}}],"inLanguage":"hu"},{"@type":"Organization","@id":"https:\/\/sub.hotelteledom.sk\/#organization","name":"Novitech Partner s.r.o.","url":"https:\/\/sub.hotelteledom.sk\/","logo":{"@type":"ImageObject","inLanguage":"hu","@id":"https:\/\/sub.hotelteledom.sk\/#\/schema\/logo\/image\/","url":"https:\/\/sub.hotelteledom.sk\/wp-content\/uploads\/2022\/08\/cropped-teledom-logotyp-2021-2_\u041c\u043e\u043d\u0442\u0430\u0436\u043d\u0430\u044f-\u043e\u0431\u043b\u0430\u0441\u0442\u044c-1.png","contentUrl":"https:\/\/sub.hotelteledom.sk\/wp-content\/uploads\/2022\/08\/cropped-teledom-logotyp-2021-2_\u041c\u043e\u043d\u0442\u0430\u0436\u043d\u0430\u044f-\u043e\u0431\u043b\u0430\u0441\u0442\u044c-1.png","width":512,"height":512,"caption":"Novitech Partner s.r.o."},"image":{"@id":"https:\/\/sub.hotelteledom.sk\/#\/schema\/logo\/image\/"},"sameAs":["https:\/\/www.facebook.com\/teledomonline","https:\/\/www.instagram.com\/teledomkosice\/"],"description":"Trojhviezdi\u010dkov\u00fd hotel, re\u0161taur\u00e1cia Mestsk\u00e1 Pivnica a konferen\u010dn\u00e9 centrum v historickom centre Ko\u0161\u00edc, 200 m od D\u00f3mu sv. Al\u017ebety.","email":"online@teledom.sk","telephone":"+421 55 327 44 01","legalName":"Novitech Partner s.r.o.","foundingDate":"2001-01-08","vatID":"SK2020061043","taxID":"2020061043","numberOfEmployees":{"@type":"QuantitativeValue","minValue":"11","maxValue":"50"},"publishingPrinciples":"https:\/\/sub.hotelteledom.sk\/gdpr-system-ochrany-osobnych-udajov-v-ramci-spolocnosti-novitech-partner-s-r-o\/","ownershipFundingInfo":"https:\/\/sub.hotelteledom.sk\/gdpr-system-ochrany-osobnych-udajov-v-ramci-spolocnosti-novitech-partner-s-r-o\/","actionableFeedbackPolicy":"https:\/\/sub.hotelteledom.sk\/gdpr-system-ochrany-osobnych-udajov-v-ramci-spolocnosti-novitech-partner-s-r-o\/"}]}},"_links":{"self":[{"href":"https:\/\/sub.hotelteledom.sk\/hu\/wp-json\/wp\/v2\/pages\/10003","targetHints":{"allow":["GET"]}}],"collection":[{"href":"https:\/\/sub.hotelteledom.sk\/hu\/wp-json\/wp\/v2\/pages"}],"about":[{"href":"https:\/\/sub.hotelteledom.sk\/hu\/wp-json\/wp\/v2\/types\/page"}],"author":[{"embeddable":true,"href":"https:\/\/sub.hotelteledom.sk\/hu\/wp-json\/wp\/v2\/users\/10"}],"replies":[{"embeddable":true,"href":"https:\/\/sub.hotelteledom.sk\/hu\/wp-json\/wp\/v2\/comments?post=10003"}],"version-history":[{"count":1,"href":"https:\/\/sub.hotelteledom.sk\/hu\/wp-json\/wp\/v2\/pages\/10003\/revisions"}],"predecessor-version":[{"id":10004,"href":"https:\/\/sub.hotelteledom.sk\/hu\/wp-json\/wp\/v2\/pages\/10003\/revisions\/10004"}],"wp:attachment":[{"href":"https:\/\/sub.hotelteledom.sk\/hu\/wp-json\/wp\/v2\/media?parent=10003"}],"curies":[{"name":"wp","href":"https:\/\/api.w.org\/{rel}","templated":true}]}}