{"id":9825,"date":"2026-04-28T16:49:29","date_gmt":"2026-04-28T14:49:29","guid":{"rendered":"https:\/\/sub.hotelteledom.sk\/weddings-venues-in-the-heart-of-the-city\/"},"modified":"2026-04-28T18:52:30","modified_gmt":"2026-04-28T16:52:30","slug":"weddings-venues-in-the-heart-of-the-city","status":"publish","type":"page","link":"https:\/\/sub.hotelteledom.sk\/en\/weddings-venues-in-the-heart-of-the-city\/","title":{"rendered":"Weddings &#8211; venues in the heart of the city"},"content":{"rendered":"<h2>Weddings in Ko\u0161ice \u2013 Romantic Venues for Your Big Day<\/h2>\n<h4>We have several flexible halls to choose from. We can host anything from a small wedding for 30 guests up to a large reception comfortably entertaining 100 people.<\/h4>\n<p>\t\t\tmax. people<br \/>\n\t\t\t\t0<br \/>\n\t\t\tarea in m\u00b2<br \/>\n\t\t\t\t0<\/p>\n<p>All our halls are neutral and elegant, so there is no need to invest in decorating walls or columns, for example. Decorations in any colour will look tasteful and nothing will spoil them. The halls at Hotel TeleDom have high ceilings, air conditioning and a high-quality sound system. A large projection screen and projector are also available. If this equipment is used, the hall or part of it can be darkened so that photo or family-video presentations stand out.<\/p>\n<p>The TeleDom restaurant specialises in organising various events and celebrations:<\/p>\n<ul>\n<li>Wedding organisation<\/li>\n<li>Family events<\/li>\n<li>Ribbon ceremonies<\/li>\n<li>Corporate events<\/li>\n<li>Themed and seasonal events<\/li>\n<\/ul>\n<p>\t\t\t<a href=\"#priestory\"><br \/>\n\t\t\t\t\t\t<\/a><\/p>\n<h2>A place for everyone you love<\/h2>\n<h4>WEDDING VENUES<\/h4>\n<p>We are proud to offer beautiful and elegant venues for your wedding day, providing the perfect atmosphere for your celebration. From intimate, romantic rooms to large, luxurious halls, we have options for every taste and style. Our professional and attentive staff will take care of every detail to make your day a truly unforgettable experience.<\/p>\n<p>\t\t\t\t\t\t\t\t\t\t\u00c1trium (up to 100 people)R\u00e1koczi Salon (up to 20 people)Golden Salon (up to 25 people)<br \/>\n\t\t\t\t\t\t\t\t\t\t\t\t\t\tPrevious slide<br \/>\n\t\t\t\t\t\t\t\t\t\t\t\t\t\tNext slide<\/p>\n<h4>\u00c1trium<\/h4>\n<p>with its layout offers a capacity of up to 100 people. The space is ideal for larger wedding<br \/>\nreceptions, family celebrations (birthdays, christenings, confirmations, graduations), ribbon ceremonies,<br \/>\ncorporate evenings, business meetings, banquets, receptions and balls.<\/p>\n<p>\t\t\t<a role=\"button\"><br \/>\n\t\t\t\t\t\t\t\t\tMore photos<br \/>\n\t\t\t\t\t<\/a><\/p>\n<h4>R\u00e1koczi Salon<\/h4>\n<p>with a capacity of up to 20 people, it is an ideal place for family or corporate events. The salon<br \/>\nconsists of two rooms; the first is the dining area and the second is a relaxation zone<br \/>\nwith comfortable leather sofas. The salon has a touch of historical context and creates a pleasant<br \/>\nintimate atmosphere.<\/p>\n<p>\t\t\t<a role=\"button\"><br \/>\n\t\t\t\t\t\t\t\t\tMore photos<br \/>\n\t\t\t\t\t<\/a><\/p>\n<h4>Golden Salon<\/h4>\n<p>is an ideal venue for smaller events with a capacity of up to 25 guests. Visually it has<br \/>\na delicate and dreamy atmosphere; the space is dominated by gold tones and natural daylight.<\/p>\n<p>\t\t\t<a href=\"#baliky\"><br \/>\n\t\t\t\t\t\t<\/a><\/p>\n<h2>WEDDING PACKAGES ON OFFER<\/h2>\n<h4>WE WILL TAILOR EVERYTHING<\/h4>\n<p>Experience your dream wedding day in the beautiful surroundings of Hotel TeleDom! We offer special wedding packages that will make your preparations easier and ensure your big day is truly unforgettable. We provide our guests with exclusive venues, top-class gastronomy and professional services to make every detail perfect.<\/p>\n<h4>STANDARD<\/h4>\n<h5>\u20ac49.00 \/ person<\/h5>\n<h4>PREMIUM<\/h4>\n<h5>\u20ac54.00 \/ person<\/h5>\n<h4>EXCLUSIVE<\/h4>\n<h5>\u20ac59.00 \/ person<\/h5>\n<p>* For children up to 10 years a children&#8217;s portion is offered \u2013 charged at half the price of the whole package.<br \/>** Child up to 3 years \u2013 without meal\/individual offer.<\/p>\n<figure><img decoding=\"async\" src=\"https:\/\/sub.hotelteledom.sk\/wp-content\/uploads\/2024\/09\/ceri-10.webp\" alt=\"ceri-10.webp\" \/><\/figure>\n<figure><img decoding=\"async\" src=\"https:\/\/sub.hotelteledom.sk\/wp-content\/uploads\/2024\/09\/ceri-33.webp\" alt=\"ceri-33.webp\" \/><\/figure>\n<figure><img decoding=\"async\" src=\"https:\/\/sub.hotelteledom.sk\/wp-content\/uploads\/2024\/09\/ceri-36.webp\" alt=\"ceri-36.webp\" \/><\/figure>\n<figure><img decoding=\"async\" src=\"https:\/\/sub.hotelteledom.sk\/wp-content\/uploads\/2024\/09\/ceri-2.webp\" alt=\"ceri-2.webp\" \/><\/figure>\n<figure><img decoding=\"async\" src=\"https:\/\/sub.hotelteledom.sk\/wp-content\/uploads\/2024\/09\/IMG_2656-3.webp\" alt=\"IMG_2656-3.webp\" \/><\/figure>\n<figure><img decoding=\"async\" src=\"https:\/\/sub.hotelteledom.sk\/wp-content\/uploads\/2024\/09\/ceri-3-2.webp\" alt=\"ceri-3-2.webp\" \/><\/figure>\n<figure><img decoding=\"async\" src=\"https:\/\/sub.hotelteledom.sk\/wp-content\/uploads\/2024\/09\/ceri1.webp\" alt=\"ceri1.webp\" \/><\/figure>\n<h4>Additional services<\/h4>\n<h5>Own alcohol\/desserts<\/h5>\n<p>Possibility to bring your own alcohol\/desserts for a fee of \u20ac5.00 per adult.<\/p>\n<h5>Bringing your own goods<\/h5>\n<p>Possibility to bring your own goods for the wedding reception as early as two days before the wedding.<\/p>\n<h5>Wedding decoration<\/h5>\n<p>Basic decoration \u2013 \u20ac3.00 per person (white tablecloths, runners, chair covers, wedding props, napkins)<\/p>\n<h5>Hire of the venue<\/h5>\n<p>Until 21:00 it is included in the price of the wedding menu. After 21:00 a fee of \u20ac50.00 is charged for each hour started.<\/p>\n<p>* Rules for hiring the venue and the wedding reception<\/p>\n<p>\t\t\t<a href=\"#contact\"><br \/>\n\t\t\t\t\t\t<\/a><\/p>\n<h2>CONTACT OUR TEAM, WHO WILL DISCUSS WITH YOU<br \/>\nALL THE DETAILS AND OPTIONS<\/h2>\n<h5>Ing. J\u00e1n Fucsko<\/h5>\n<p>Restaurant Manager<\/p>\n<p>\t\t\t\t<a href=\"tel:+421553274405\" tabindex=\"-1\"><br \/>\n\t\t\t\t\t\t\t\t<\/a><\/p>\n<h6>\n\t\t\t\t\t\t<a href=\"tel:+421553274405\" ><br \/>\n\t\t\t\t\t\t\t+421 915 055 662\t\t\t\t\t\t<\/a><br \/>\n\t\t\t\t\t<\/h6>\n<p>\t\t\t\t<a href=\"mailto:restauracia@teledom.sk\" tabindex=\"-1\"><br \/>\n\t\t\t\t\t\t\t\t<\/a><\/p>\n<h6>\n\t\t\t\t\t\t<a href=\"mailto:restauracia@teledom.sk\" ><br \/>\n\t\t\t\t\t\t\trestauracia@teledom.sk\t\t\t\t\t\t<\/a><br \/>\n\t\t\t\t\t<\/h6>\n<p>\t\t\t\t\t<a href=\"https:\/\/www.facebook.com\/teledomonline\" target=\"_blank\"><br \/>\n\t\t\t\t\t\tFacebook<br \/>\n\t\t\t\t\t\t\t\t\t\t\t<\/a><br \/>\n\t\t\t\t\t<a href=\"https:\/\/www.instagram.com\/teledomonline\/\" target=\"_blank\"><br \/>\n\t\t\t\t\t\tInstagram<br \/>\n\t\t\t\t\t\t\t\t\t\t\t<\/a><br \/>\n\t\t\t\t\t<a href=\"mailto:restauracia@teledom.sk\" target=\"_blank\"><br \/>\n\t\t\t\t\t\tEnvelope<br \/>\n\t\t\t\t\t\t\t\t\t\t\t<\/a><br \/>\n\t\t\t<iframe loading=\"lazy\"\n\t\t\t\t\tsrc=\"https:\/\/maps.google.com\/maps?q=Timonova%20754%2F27%2C%20040%2001%20Star%C3%A9%20Mesto&#038;t=m&#038;z=15&#038;output=embed&#038;iwloc=near\"\n\t\t\t\t\ttitle=\"Timonova 754\/27, 040 01 Star\u00e9 Mesto\"\n\t\t\t\t\taria-label=\"Timonova 754\/27, 040 01 Star\u00e9 Mesto\"\n\t\t\t><\/iframe><\/p>\n","protected":false},"excerpt":{"rendered":"<p>Weddings in Ko\u0161ice \u2013 Romantic Venues for Your Big Day We have several flexible halls to choose from. We can host anything from a small wedding for 30 guests up to a large reception comfortably entertaining 100 people. max. people 0 area in m\u00b2 0 All our halls are neutral and elegant, so there is &#8230; <a title=\"Weddings &#8211; venues in the heart of the city\" class=\"read-more\" href=\"https:\/\/sub.hotelteledom.sk\/en\/weddings-venues-in-the-heart-of-the-city\/\" aria-label=\"Read more about Weddings &#8211; venues in the heart of the city\">Read more<\/a><\/p>\n","protected":false},"author":10,"featured_media":0,"parent":0,"menu_order":0,"comment_status":"closed","ping_status":"closed","template":"elementor_header_footer","meta":{"_teledom_gallery_image_ids":[],"footnotes":""},"class_list":["post-9825","page","type-page","status-publish"],"yoast_head":"<!-- This site is optimized with the Yoast SEO Premium plugin v27.3 (Yoast SEO v27.3) - https:\/\/yoast.com\/product\/yoast-seo-premium-wordpress\/ -->\n<title>Weddings Ko\u0161ice | Wedding halls \u2013 Hotel Teledom***<\/title>\n<meta name=\"description\" content=\"Hold your wedding in the heart of Ko\u0161ice. Elegant halls for 30\u2013170 guests, complete catering and decorations. STANDARD, PREMIUM and EXCLUSIVE packages.\" \/>\n<meta name=\"robots\" content=\"index, follow, max-snippet:-1, max-image-preview:large, max-video-preview:-1\" \/>\n<link rel=\"canonical\" href=\"https:\/\/sub.hotelteledom.sk\/ru\/\u0441\u0432\u0430\u0434\u044c\u0431\u044b-\u0437\u0430\u043b\u044b-\u0432-\u0441\u0435\u0440\u0434\u0446\u0435-\u0433\u043e\u0440\u043e\u0434\u0430\/\" \/>\n<meta property=\"og:locale\" content=\"en_US\" \/>\n<meta property=\"og:type\" content=\"article\" \/>\n<meta property=\"og:title\" content=\"Weddings - venues in the heart of the city\" \/>\n<meta property=\"og:description\" content=\"Hold your wedding in the heart of Ko\u0161ice. Elegant halls for 30\u2013170 guests, complete catering and decorations. STANDARD, PREMIUM and EXCLUSIVE packages.\" \/>\n<meta property=\"og:url\" content=\"https:\/\/sub.hotelteledom.sk\/ru\/\u0441\u0432\u0430\u0434\u044c\u0431\u044b-\u0437\u0430\u043b\u044b-\u0432-\u0441\u0435\u0440\u0434\u0446\u0435-\u0433\u043e\u0440\u043e\u0434\u0430\/\" \/>\n<meta property=\"og:site_name\" content=\"Hotel Teledom\" \/>\n<meta property=\"article:publisher\" content=\"https:\/\/www.facebook.com\/teledomonline\" \/>\n<meta property=\"article:modified_time\" content=\"2026-04-28T16:52:30+00:00\" \/>\n<meta property=\"og:image\" content=\"https:\/\/sub.hotelteledom.sk\/wp-content\/uploads\/2024\/09\/ceri-10.webp\" \/>\n<meta name=\"twitter:card\" content=\"summary_large_image\" \/>\n<meta name=\"twitter:label1\" content=\"Est. reading time\" \/>\n\t<meta name=\"twitter:data1\" content=\"3 minutes\" \/>\n<script type=\"application\/ld+json\" class=\"yoast-schema-graph\">{\"@context\":\"https:\\\/\\\/schema.org\",\"@graph\":[{\"@type\":\"WebPage\",\"@id\":\"https:\\\/\\\/sub.hotelteledom.sk\\\/ru\\\/%d1%81%d0%b2%d0%b0%d0%b4%d1%8c%d0%b1%d1%8b-%d0%b7%d0%b0%d0%bb%d1%8b-%d0%b2-%d1%81%d0%b5%d1%80%d0%b4%d1%86%d0%b5-%d0%b3%d0%be%d1%80%d0%be%d0%b4%d0%b0\\\/\",\"url\":\"https:\\\/\\\/sub.hotelteledom.sk\\\/ru\\\/%d1%81%d0%b2%d0%b0%d0%b4%d1%8c%d0%b1%d1%8b-%d0%b7%d0%b0%d0%bb%d1%8b-%d0%b2-%d1%81%d0%b5%d1%80%d0%b4%d1%86%d0%b5-%d0%b3%d0%be%d1%80%d0%be%d0%b4%d0%b0\\\/\",\"name\":\"Weddings Ko\u0161ice | Wedding halls \u2013 Hotel Teledom***\",\"isPartOf\":{\"@id\":\"https:\\\/\\\/sub.hotelteledom.sk\\\/#website\"},\"primaryImageOfPage\":{\"@id\":\"https:\\\/\\\/sub.hotelteledom.sk\\\/ru\\\/%d1%81%d0%b2%d0%b0%d0%b4%d1%8c%d0%b1%d1%8b-%d0%b7%d0%b0%d0%bb%d1%8b-%d0%b2-%d1%81%d0%b5%d1%80%d0%b4%d1%86%d0%b5-%d0%b3%d0%be%d1%80%d0%be%d0%b4%d0%b0\\\/#primaryimage\"},\"image\":{\"@id\":\"https:\\\/\\\/sub.hotelteledom.sk\\\/ru\\\/%d1%81%d0%b2%d0%b0%d0%b4%d1%8c%d0%b1%d1%8b-%d0%b7%d0%b0%d0%bb%d1%8b-%d0%b2-%d1%81%d0%b5%d1%80%d0%b4%d1%86%d0%b5-%d0%b3%d0%be%d1%80%d0%be%d0%b4%d0%b0\\\/#primaryimage\"},\"thumbnailUrl\":\"https:\\\/\\\/sub.hotelteledom.sk\\\/wp-content\\\/uploads\\\/2024\\\/09\\\/ceri-10.webp\",\"datePublished\":\"2026-04-28T14:49:29+00:00\",\"dateModified\":\"2026-04-28T16:52:30+00:00\",\"description\":\"Hold your wedding in the heart of Ko\u0161ice. Elegant halls for 30\u2013170 guests, complete catering and decorations. STANDARD, PREMIUM and EXCLUSIVE packages.\",\"breadcrumb\":{\"@id\":\"https:\\\/\\\/sub.hotelteledom.sk\\\/ru\\\/%d1%81%d0%b2%d0%b0%d0%b4%d1%8c%d0%b1%d1%8b-%d0%b7%d0%b0%d0%bb%d1%8b-%d0%b2-%d1%81%d0%b5%d1%80%d0%b4%d1%86%d0%b5-%d0%b3%d0%be%d1%80%d0%be%d0%b4%d0%b0\\\/#breadcrumb\"},\"inLanguage\":\"en-US\",\"potentialAction\":[{\"@type\":\"ReadAction\",\"target\":[\"https:\\\/\\\/sub.hotelteledom.sk\\\/ru\\\/%d1%81%d0%b2%d0%b0%d0%b4%d1%8c%d0%b1%d1%8b-%d0%b7%d0%b0%d0%bb%d1%8b-%d0%b2-%d1%81%d0%b5%d1%80%d0%b4%d1%86%d0%b5-%d0%b3%d0%be%d1%80%d0%be%d0%b4%d0%b0\\\/\"]}]},{\"@type\":\"ImageObject\",\"inLanguage\":\"en-US\",\"@id\":\"https:\\\/\\\/sub.hotelteledom.sk\\\/ru\\\/%d1%81%d0%b2%d0%b0%d0%b4%d1%8c%d0%b1%d1%8b-%d0%b7%d0%b0%d0%bb%d1%8b-%d0%b2-%d1%81%d0%b5%d1%80%d0%b4%d1%86%d0%b5-%d0%b3%d0%be%d1%80%d0%be%d0%b4%d0%b0\\\/#primaryimage\",\"url\":\"https:\\\/\\\/sub.hotelteledom.sk\\\/wp-content\\\/uploads\\\/2024\\\/09\\\/ceri-10.webp\",\"contentUrl\":\"https:\\\/\\\/sub.hotelteledom.sk\\\/wp-content\\\/uploads\\\/2024\\\/09\\\/ceri-10.webp\"},{\"@type\":\"BreadcrumbList\",\"@id\":\"https:\\\/\\\/sub.hotelteledom.sk\\\/ru\\\/%d1%81%d0%b2%d0%b0%d0%b4%d1%8c%d0%b1%d1%8b-%d0%b7%d0%b0%d0%bb%d1%8b-%d0%b2-%d1%81%d0%b5%d1%80%d0%b4%d1%86%d0%b5-%d0%b3%d0%be%d1%80%d0%be%d0%b4%d0%b0\\\/#breadcrumb\",\"itemListElement\":[{\"@type\":\"ListItem\",\"position\":1,\"name\":\"Domovsk\u00e1 str\u00e1nka\",\"item\":\"https:\\\/\\\/sub.hotelteledom.sk\\\/\"},{\"@type\":\"ListItem\",\"position\":2,\"name\":\"Weddings &#8211; venues in the heart of the city\"}]},{\"@type\":\"WebSite\",\"@id\":\"https:\\\/\\\/sub.hotelteledom.sk\\\/#website\",\"url\":\"https:\\\/\\\/sub.hotelteledom.sk\\\/\",\"name\":\"Hotel TeleDom & Conference Center\",\"description\":\"Trojhviezdi\u010dkov\u00fd hotel, re\u0161taur\u00e1cia Mestsk\u00e1 Pivnica a konferen\u010dn\u00e9 centrum v historickom centre Ko\u0161\u00edc, 200 m od D\u00f3mu sv. Al\u017ebety.\",\"publisher\":{\"@id\":\"https:\\\/\\\/sub.hotelteledom.sk\\\/#organization\"},\"alternateName\":\"Hotel TeleDom\",\"potentialAction\":[{\"@type\":\"SearchAction\",\"target\":{\"@type\":\"EntryPoint\",\"urlTemplate\":\"https:\\\/\\\/sub.hotelteledom.sk\\\/?s={search_term_string}\"},\"query-input\":{\"@type\":\"PropertyValueSpecification\",\"valueRequired\":true,\"valueName\":\"search_term_string\"}}],\"inLanguage\":\"en-US\"},{\"@type\":\"Organization\",\"@id\":\"https:\\\/\\\/sub.hotelteledom.sk\\\/#organization\",\"name\":\"Novitech Partner s.r.o.\",\"url\":\"https:\\\/\\\/sub.hotelteledom.sk\\\/\",\"logo\":{\"@type\":\"ImageObject\",\"inLanguage\":\"en-US\",\"@id\":\"https:\\\/\\\/sub.hotelteledom.sk\\\/#\\\/schema\\\/logo\\\/image\\\/\",\"url\":\"https:\\\/\\\/sub.hotelteledom.sk\\\/wp-content\\\/uploads\\\/2022\\\/08\\\/cropped-teledom-logotyp-2021-2_\u041c\u043e\u043d\u0442\u0430\u0436\u043d\u0430\u044f-\u043e\u0431\u043b\u0430\u0441\u0442\u044c-1.png\",\"contentUrl\":\"https:\\\/\\\/sub.hotelteledom.sk\\\/wp-content\\\/uploads\\\/2022\\\/08\\\/cropped-teledom-logotyp-2021-2_\u041c\u043e\u043d\u0442\u0430\u0436\u043d\u0430\u044f-\u043e\u0431\u043b\u0430\u0441\u0442\u044c-1.png\",\"width\":512,\"height\":512,\"caption\":\"Novitech Partner s.r.o.\"},\"image\":{\"@id\":\"https:\\\/\\\/sub.hotelteledom.sk\\\/#\\\/schema\\\/logo\\\/image\\\/\"},\"sameAs\":[\"https:\\\/\\\/www.facebook.com\\\/teledomonline\",\"https:\\\/\\\/www.instagram.com\\\/teledomkosice\\\/\"],\"description\":\"Trojhviezdi\u010dkov\u00fd hotel, re\u0161taur\u00e1cia Mestsk\u00e1 Pivnica a konferen\u010dn\u00e9 centrum v historickom centre Ko\u0161\u00edc, 200 m od D\u00f3mu sv. Al\u017ebety.\",\"email\":\"online@teledom.sk\",\"telephone\":\"+421 55 327 44 01\",\"legalName\":\"Novitech Partner s.r.o.\",\"foundingDate\":\"2001-01-08\",\"vatID\":\"SK2020061043\",\"taxID\":\"2020061043\",\"numberOfEmployees\":{\"@type\":\"QuantitativeValue\",\"minValue\":\"11\",\"maxValue\":\"50\"},\"publishingPrinciples\":\"https:\\\/\\\/sub.hotelteledom.sk\\\/gdpr-system-ochrany-osobnych-udajov-v-ramci-spolocnosti-novitech-partner-s-r-o\\\/\",\"ownershipFundingInfo\":\"https:\\\/\\\/sub.hotelteledom.sk\\\/gdpr-system-ochrany-osobnych-udajov-v-ramci-spolocnosti-novitech-partner-s-r-o\\\/\",\"actionableFeedbackPolicy\":\"https:\\\/\\\/sub.hotelteledom.sk\\\/gdpr-system-ochrany-osobnych-udajov-v-ramci-spolocnosti-novitech-partner-s-r-o\\\/\"}]}<\/script>\n<!-- \/ Yoast SEO Premium plugin. -->","yoast_head_json":{"title":"Weddings Ko\u0161ice | Wedding halls \u2013 Hotel Teledom***","description":"Hold your wedding in the heart of Ko\u0161ice. Elegant halls for 30\u2013170 guests, complete catering and decorations. STANDARD, PREMIUM and EXCLUSIVE packages.","robots":{"index":"index","follow":"follow","max-snippet":"max-snippet:-1","max-image-preview":"max-image-preview:large","max-video-preview":"max-video-preview:-1"},"canonical":"https:\/\/sub.hotelteledom.sk\/ru\/\u0441\u0432\u0430\u0434\u044c\u0431\u044b-\u0437\u0430\u043b\u044b-\u0432-\u0441\u0435\u0440\u0434\u0446\u0435-\u0433\u043e\u0440\u043e\u0434\u0430\/","og_locale":"en_US","og_type":"article","og_title":"Weddings - venues in the heart of the city","og_description":"Hold your wedding in the heart of Ko\u0161ice. Elegant halls for 30\u2013170 guests, complete catering and decorations. STANDARD, PREMIUM and EXCLUSIVE packages.","og_url":"https:\/\/sub.hotelteledom.sk\/ru\/\u0441\u0432\u0430\u0434\u044c\u0431\u044b-\u0437\u0430\u043b\u044b-\u0432-\u0441\u0435\u0440\u0434\u0446\u0435-\u0433\u043e\u0440\u043e\u0434\u0430\/","og_site_name":"Hotel Teledom","article_publisher":"https:\/\/www.facebook.com\/teledomonline","article_modified_time":"2026-04-28T16:52:30+00:00","og_image":[{"url":"https:\/\/sub.hotelteledom.sk\/wp-content\/uploads\/2024\/09\/ceri-10.webp","type":"","width":"","height":""}],"twitter_card":"summary_large_image","twitter_misc":{"Est. reading time":"3 minutes"},"schema":{"@context":"https:\/\/schema.org","@graph":[{"@type":"WebPage","@id":"https:\/\/sub.hotelteledom.sk\/ru\/%d1%81%d0%b2%d0%b0%d0%b4%d1%8c%d0%b1%d1%8b-%d0%b7%d0%b0%d0%bb%d1%8b-%d0%b2-%d1%81%d0%b5%d1%80%d0%b4%d1%86%d0%b5-%d0%b3%d0%be%d1%80%d0%be%d0%b4%d0%b0\/","url":"https:\/\/sub.hotelteledom.sk\/ru\/%d1%81%d0%b2%d0%b0%d0%b4%d1%8c%d0%b1%d1%8b-%d0%b7%d0%b0%d0%bb%d1%8b-%d0%b2-%d1%81%d0%b5%d1%80%d0%b4%d1%86%d0%b5-%d0%b3%d0%be%d1%80%d0%be%d0%b4%d0%b0\/","name":"Weddings Ko\u0161ice | Wedding halls \u2013 Hotel Teledom***","isPartOf":{"@id":"https:\/\/sub.hotelteledom.sk\/#website"},"primaryImageOfPage":{"@id":"https:\/\/sub.hotelteledom.sk\/ru\/%d1%81%d0%b2%d0%b0%d0%b4%d1%8c%d0%b1%d1%8b-%d0%b7%d0%b0%d0%bb%d1%8b-%d0%b2-%d1%81%d0%b5%d1%80%d0%b4%d1%86%d0%b5-%d0%b3%d0%be%d1%80%d0%be%d0%b4%d0%b0\/#primaryimage"},"image":{"@id":"https:\/\/sub.hotelteledom.sk\/ru\/%d1%81%d0%b2%d0%b0%d0%b4%d1%8c%d0%b1%d1%8b-%d0%b7%d0%b0%d0%bb%d1%8b-%d0%b2-%d1%81%d0%b5%d1%80%d0%b4%d1%86%d0%b5-%d0%b3%d0%be%d1%80%d0%be%d0%b4%d0%b0\/#primaryimage"},"thumbnailUrl":"https:\/\/sub.hotelteledom.sk\/wp-content\/uploads\/2024\/09\/ceri-10.webp","datePublished":"2026-04-28T14:49:29+00:00","dateModified":"2026-04-28T16:52:30+00:00","description":"Hold your wedding in the heart of Ko\u0161ice. Elegant halls for 30\u2013170 guests, complete catering and decorations. STANDARD, PREMIUM and EXCLUSIVE packages.","breadcrumb":{"@id":"https:\/\/sub.hotelteledom.sk\/ru\/%d1%81%d0%b2%d0%b0%d0%b4%d1%8c%d0%b1%d1%8b-%d0%b7%d0%b0%d0%bb%d1%8b-%d0%b2-%d1%81%d0%b5%d1%80%d0%b4%d1%86%d0%b5-%d0%b3%d0%be%d1%80%d0%be%d0%b4%d0%b0\/#breadcrumb"},"inLanguage":"en-US","potentialAction":[{"@type":"ReadAction","target":["https:\/\/sub.hotelteledom.sk\/ru\/%d1%81%d0%b2%d0%b0%d0%b4%d1%8c%d0%b1%d1%8b-%d0%b7%d0%b0%d0%bb%d1%8b-%d0%b2-%d1%81%d0%b5%d1%80%d0%b4%d1%86%d0%b5-%d0%b3%d0%be%d1%80%d0%be%d0%b4%d0%b0\/"]}]},{"@type":"ImageObject","inLanguage":"en-US","@id":"https:\/\/sub.hotelteledom.sk\/ru\/%d1%81%d0%b2%d0%b0%d0%b4%d1%8c%d0%b1%d1%8b-%d0%b7%d0%b0%d0%bb%d1%8b-%d0%b2-%d1%81%d0%b5%d1%80%d0%b4%d1%86%d0%b5-%d0%b3%d0%be%d1%80%d0%be%d0%b4%d0%b0\/#primaryimage","url":"https:\/\/sub.hotelteledom.sk\/wp-content\/uploads\/2024\/09\/ceri-10.webp","contentUrl":"https:\/\/sub.hotelteledom.sk\/wp-content\/uploads\/2024\/09\/ceri-10.webp"},{"@type":"BreadcrumbList","@id":"https:\/\/sub.hotelteledom.sk\/ru\/%d1%81%d0%b2%d0%b0%d0%b4%d1%8c%d0%b1%d1%8b-%d0%b7%d0%b0%d0%bb%d1%8b-%d0%b2-%d1%81%d0%b5%d1%80%d0%b4%d1%86%d0%b5-%d0%b3%d0%be%d1%80%d0%be%d0%b4%d0%b0\/#breadcrumb","itemListElement":[{"@type":"ListItem","position":1,"name":"Domovsk\u00e1 str\u00e1nka","item":"https:\/\/sub.hotelteledom.sk\/"},{"@type":"ListItem","position":2,"name":"Weddings &#8211; venues in the heart of the city"}]},{"@type":"WebSite","@id":"https:\/\/sub.hotelteledom.sk\/#website","url":"https:\/\/sub.hotelteledom.sk\/","name":"Hotel TeleDom & Conference Center","description":"Trojhviezdi\u010dkov\u00fd hotel, re\u0161taur\u00e1cia Mestsk\u00e1 Pivnica a konferen\u010dn\u00e9 centrum v historickom centre Ko\u0161\u00edc, 200 m od D\u00f3mu sv. Al\u017ebety.","publisher":{"@id":"https:\/\/sub.hotelteledom.sk\/#organization"},"alternateName":"Hotel TeleDom","potentialAction":[{"@type":"SearchAction","target":{"@type":"EntryPoint","urlTemplate":"https:\/\/sub.hotelteledom.sk\/?s={search_term_string}"},"query-input":{"@type":"PropertyValueSpecification","valueRequired":true,"valueName":"search_term_string"}}],"inLanguage":"en-US"},{"@type":"Organization","@id":"https:\/\/sub.hotelteledom.sk\/#organization","name":"Novitech Partner s.r.o.","url":"https:\/\/sub.hotelteledom.sk\/","logo":{"@type":"ImageObject","inLanguage":"en-US","@id":"https:\/\/sub.hotelteledom.sk\/#\/schema\/logo\/image\/","url":"https:\/\/sub.hotelteledom.sk\/wp-content\/uploads\/2022\/08\/cropped-teledom-logotyp-2021-2_\u041c\u043e\u043d\u0442\u0430\u0436\u043d\u0430\u044f-\u043e\u0431\u043b\u0430\u0441\u0442\u044c-1.png","contentUrl":"https:\/\/sub.hotelteledom.sk\/wp-content\/uploads\/2022\/08\/cropped-teledom-logotyp-2021-2_\u041c\u043e\u043d\u0442\u0430\u0436\u043d\u0430\u044f-\u043e\u0431\u043b\u0430\u0441\u0442\u044c-1.png","width":512,"height":512,"caption":"Novitech Partner s.r.o."},"image":{"@id":"https:\/\/sub.hotelteledom.sk\/#\/schema\/logo\/image\/"},"sameAs":["https:\/\/www.facebook.com\/teledomonline","https:\/\/www.instagram.com\/teledomkosice\/"],"description":"Trojhviezdi\u010dkov\u00fd hotel, re\u0161taur\u00e1cia Mestsk\u00e1 Pivnica a konferen\u010dn\u00e9 centrum v historickom centre Ko\u0161\u00edc, 200 m od D\u00f3mu sv. Al\u017ebety.","email":"online@teledom.sk","telephone":"+421 55 327 44 01","legalName":"Novitech Partner s.r.o.","foundingDate":"2001-01-08","vatID":"SK2020061043","taxID":"2020061043","numberOfEmployees":{"@type":"QuantitativeValue","minValue":"11","maxValue":"50"},"publishingPrinciples":"https:\/\/sub.hotelteledom.sk\/gdpr-system-ochrany-osobnych-udajov-v-ramci-spolocnosti-novitech-partner-s-r-o\/","ownershipFundingInfo":"https:\/\/sub.hotelteledom.sk\/gdpr-system-ochrany-osobnych-udajov-v-ramci-spolocnosti-novitech-partner-s-r-o\/","actionableFeedbackPolicy":"https:\/\/sub.hotelteledom.sk\/gdpr-system-ochrany-osobnych-udajov-v-ramci-spolocnosti-novitech-partner-s-r-o\/"}]}},"_links":{"self":[{"href":"https:\/\/sub.hotelteledom.sk\/en\/wp-json\/wp\/v2\/pages\/9825","targetHints":{"allow":["GET"]}}],"collection":[{"href":"https:\/\/sub.hotelteledom.sk\/en\/wp-json\/wp\/v2\/pages"}],"about":[{"href":"https:\/\/sub.hotelteledom.sk\/en\/wp-json\/wp\/v2\/types\/page"}],"author":[{"embeddable":true,"href":"https:\/\/sub.hotelteledom.sk\/en\/wp-json\/wp\/v2\/users\/10"}],"replies":[{"embeddable":true,"href":"https:\/\/sub.hotelteledom.sk\/en\/wp-json\/wp\/v2\/comments?post=9825"}],"version-history":[{"count":5,"href":"https:\/\/sub.hotelteledom.sk\/en\/wp-json\/wp\/v2\/pages\/9825\/revisions"}],"predecessor-version":[{"id":9994,"href":"https:\/\/sub.hotelteledom.sk\/en\/wp-json\/wp\/v2\/pages\/9825\/revisions\/9994"}],"wp:attachment":[{"href":"https:\/\/sub.hotelteledom.sk\/en\/wp-json\/wp\/v2\/media?parent=9825"}],"curies":[{"name":"wp","href":"https:\/\/api.w.org\/{rel}","templated":true}]}}