{"id":9774,"date":"2026-04-28T16:46:37","date_gmt":"2026-04-28T14:46:37","guid":{"rendered":"https:\/\/sub.hotelteledom.sk\/restaurant\/conference-centre\/"},"modified":"2026-04-28T18:37:18","modified_gmt":"2026-04-28T16:37:18","slug":"conference-centre","status":"publish","type":"page","link":"https:\/\/sub.hotelteledom.sk\/en\/restaurant\/conference-centre\/","title":{"rendered":"Conference Centre"},"content":{"rendered":"<h1>Looking for a venue for your corporate event or conference?<\/h1>\n<p style=\"text-align: center;\">You&#8217;re in the right place. When organising your events we&#8217;ll happily draw on our extensive experience \u2013 we have been on the market for over 20 years!<\/p>\n<p style=\"text-align: center;\"><strong>TeleDom<\/strong> is a conference, hotel and restaurant complex founded in 2001. It is located in the historic city centre of Ko\u0161ice.<\/p>\n<p style=\"text-align: center;\">We provide our clients with a wide range of services, from comfortable accommodation, catering and qualified staff to technological infrastructure with classrooms and training rooms of various capacities.<\/p>\n<figure><img decoding=\"async\" src=\"https:\/\/sub.hotelteledom.sk\/wp-content\/uploads\/2024\/10\/aula-new-scaled-1024x683-1.webp\" alt=\"aula-new-scaled-1024x683-1.webp\" \/><\/figure>\n<figure><img decoding=\"async\" src=\"https:\/\/sub.hotelteledom.sk\/wp-content\/uploads\/2024\/10\/aula-3-2048x1365-1.webp\" alt=\"aula-3-2048x1365-1.webp\" \/><\/figure>\n<figure><img decoding=\"async\" src=\"https:\/\/sub.hotelteledom.sk\/wp-content\/uploads\/2024\/10\/aula2-2048x1365-1.webp\" alt=\"aula2-2048x1365-1.webp\" \/><\/figure>\n<h2>CONGRESS HALL<br \/>\nALBERT EINSTEIN AULA<\/h2>\n<figure><img decoding=\"async\" src=\"https:\/\/sub.hotelteledom.sk\/wp-content\/uploads\/2024\/10\/aula-new-scaled-1024x683-1.webp\" alt=\"aula-new-scaled-1024x683-1.webp\" \/><\/figure>\n<figure><img decoding=\"async\" src=\"https:\/\/sub.hotelteledom.sk\/wp-content\/uploads\/2024\/10\/aula-3-2048x1365-1.webp\" alt=\"aula-3-2048x1365-1.webp\" \/><\/figure>\n<figure><img decoding=\"async\" src=\"https:\/\/sub.hotelteledom.sk\/wp-content\/uploads\/2024\/10\/aula2-2048x1365-1.webp\" alt=\"aula2-2048x1365-1.webp\" \/><\/figure>\n<p>A fully equipped training room with air conditioning and a high-quality sound system.<\/p>\n<p>Excellent for organising conferences, seminars and other events that require good acoustics and clear visibility of the speaker.<\/p>\n<p>Seating arrangement and capacity:<\/p>\n<ul>\n<li><strong>Seating type: <\/strong>Auditorium<\/li>\n<li><strong>Capacity: <\/strong>85\u201390 people<\/li>\n<\/ul>\n<h2>P. F. DRUCKER SPECIALISED MANAGEMENT TRAINING ROOM<\/h2>\n<figure><img decoding=\"async\" src=\"https:\/\/sub.hotelteledom.sk\/wp-content\/uploads\/2024\/10\/mu207-2-1000x1365-1.webp\" alt=\"mu207-2-1000x1365-1.webp\" \/><\/figure>\n<figure><img decoding=\"async\" src=\"https:\/\/sub.hotelteledom.sk\/wp-content\/uploads\/2024\/10\/mu207-1000x1365-1.webp\" alt=\"mu207-1000x1365-1.webp\" \/><\/figure>\n<figure><img decoding=\"async\" src=\"https:\/\/sub.hotelteledom.sk\/wp-content\/uploads\/2024\/10\/mu207-3-1000x1365-1.webp\" alt=\"mu207-3-1000x1365-1.webp\" \/><\/figure>\n<p>A fully equipped training room with air conditioning, flipchart and presentation technology.<\/p>\n<p>Used for workshops, seminars and training sessions.<\/p>\n<p>Seating arrangement and capacity:<\/p>\n<ul>\n<li><strong>U-shape:<\/strong> up to 18 people<\/li>\n<li><strong>Classroom seating:<\/strong> up to 27 people<\/li>\n<li><strong>Theatre seating (no tables):<\/strong> up to 30 people<\/li>\n<\/ul>\n<figure><img decoding=\"async\" src=\"https:\/\/sub.hotelteledom.sk\/wp-content\/uploads\/2024\/10\/MicrosoftTeams-image.jpg\" alt=\"MicrosoftTeams-image.jpg\" \/><\/figure>\n<figure><img decoding=\"async\" src=\"https:\/\/sub.hotelteledom.sk\/wp-content\/uploads\/2024\/10\/MicrosoftTeams-image-4.jpg\" alt=\"MicrosoftTeams-image-4.jpg\" \/><\/figure>\n<figure><img decoding=\"async\" src=\"https:\/\/sub.hotelteledom.sk\/wp-content\/uploads\/2024\/10\/MicrosoftTeams-image-3.jpg\" alt=\"MicrosoftTeams-image-3.jpg\" \/><\/figure>\n<figure><img decoding=\"async\" src=\"https:\/\/sub.hotelteledom.sk\/wp-content\/uploads\/2024\/10\/MicrosoftTeams-image-1.jpg\" alt=\"MicrosoftTeams-image-1.jpg\" \/><\/figure>\n<figure><img decoding=\"async\" src=\"https:\/\/sub.hotelteledom.sk\/wp-content\/uploads\/2024\/10\/MicrosoftTeams-image-2.jpg\" alt=\"MicrosoftTeams-image-2.jpg\" \/><\/figure>\n<figure><img decoding=\"async\" src=\"https:\/\/sub.hotelteledom.sk\/wp-content\/uploads\/2024\/10\/processed-1.webp\" alt=\"processed-1.webp\" \/><\/figure>\n<figure><img decoding=\"async\" src=\"https:\/\/sub.hotelteledom.sk\/wp-content\/uploads\/2024\/10\/processed-2.webp\" alt=\"Konferen\u010dn\u00e1 miestnos\u0165 v Hoteli TeleDom Ko\u0161ice \u2013 \u0161kolenia a semin\u00e1re\" \/><\/figure>\n<figure><img decoding=\"async\" src=\"https:\/\/sub.hotelteledom.sk\/wp-content\/uploads\/2024\/10\/processed-3.webp\" alt=\"Zasadacia miestnos\u0165 v Hoteli TeleDom Ko\u0161ice\" \/><\/figure>\n<figure><img decoding=\"async\" src=\"https:\/\/sub.hotelteledom.sk\/wp-content\/uploads\/2024\/10\/processed-4.webp\" alt=\"Konferen\u010dn\u00e9 priestory pre firemn\u00e9 podujatia \u2013 Hotel TeleDom Ko\u0161ice\" \/><\/figure>\n<h2>Management training room<br \/>\nJ. VON NEUMANN<\/h2>\n<figure><img decoding=\"async\" src=\"https:\/\/sub.hotelteledom.sk\/wp-content\/uploads\/2024\/10\/processed-1.webp\" alt=\"processed-1.webp\" \/><\/figure>\n<figure><img decoding=\"async\" src=\"https:\/\/sub.hotelteledom.sk\/wp-content\/uploads\/2024\/10\/processed-2.webp\" alt=\"Konferen\u010dn\u00e1 miestnos\u0165 v Hoteli TeleDom Ko\u0161ice \u2013 \u0161kolenia a semin\u00e1re\" \/><\/figure>\n<figure><img decoding=\"async\" src=\"https:\/\/sub.hotelteledom.sk\/wp-content\/uploads\/2024\/10\/processed-3.webp\" alt=\"Zasadacia miestnos\u0165 v Hoteli TeleDom Ko\u0161ice\" \/><\/figure>\n<figure><img decoding=\"async\" src=\"https:\/\/sub.hotelteledom.sk\/wp-content\/uploads\/2024\/10\/processed-4.webp\" alt=\"Konferen\u010dn\u00e9 priestory pre firemn\u00e9 podujatia \u2013 Hotel TeleDom Ko\u0161ice\" \/><\/figure>\n<p>A fully equipped training room with air conditioning, flipchart and presentation technology.<\/p>\n<p>Used for e-learning, courses, workshops and training sessions.<\/p>\n<p>Seating arrangement and capacity:<\/p>\n<ul>\n<li><strong>U-shape: <\/strong>up to 18 people<\/li>\n<li><strong>Classroom seating: <\/strong>up to 24 people<\/li>\n<li><strong>Theatre seating (no tables): <\/strong> up to 25 people<\/li>\n<\/ul>\n<h2>MANAGEMENT TRAINING ROOMS no.307 AND no.303<\/h2>\n<figure><img decoding=\"async\" src=\"https:\/\/sub.hotelteledom.sk\/wp-content\/uploads\/2024\/10\/8I0A0731-2048x1365-1.webp\" alt=\"8I0A0731-2048x1365-1.webp\" \/><\/figure>\n<figure><img decoding=\"async\" src=\"https:\/\/sub.hotelteledom.sk\/wp-content\/uploads\/2024\/10\/8I0A0738-2048x1365-1.webp\" alt=\"8I0A0738-2048x1365-1.webp\" \/><\/figure>\n<figure><img decoding=\"async\" src=\"https:\/\/sub.hotelteledom.sk\/wp-content\/uploads\/2024\/10\/aula-new-scaled-1024x683-2.webp\" alt=\"Konferen\u010dn\u00e1 miestnos\u0165 v Hoteli TeleDom Ko\u0161ice \u2013 \u0161kolenia a semin\u00e1re\" \/><\/figure>\n<p>Fully equipped training rooms with air conditioning, flipcharts and presentation technology.<\/p>\n<p>Used for workshops, seminars and training sessions.<\/p>\n<p>Seating arrangement and capacity:<\/p>\n<ul>\n<li><strong>U-shape:<\/strong> up to 18 people<\/li>\n<li><strong>Classroom seating:<\/strong> up to 27 people<\/li>\n<li><strong>Theatre seating (no tables):<\/strong> up to 30 people<\/li>\n<\/ul>\n<figure><img decoding=\"async\" src=\"https:\/\/sub.hotelteledom.sk\/wp-content\/uploads\/2024\/10\/8I0A0731-2048x1365-1.webp\" alt=\"8I0A0731-2048x1365-1.webp\" \/><\/figure>\n<figure><img decoding=\"async\" src=\"https:\/\/sub.hotelteledom.sk\/wp-content\/uploads\/2024\/10\/8I0A0738-2048x1365-1.webp\" alt=\"8I0A0738-2048x1365-1.webp\" \/><\/figure>\n<figure><img decoding=\"async\" src=\"https:\/\/sub.hotelteledom.sk\/wp-content\/uploads\/2024\/10\/aula-new-scaled-1024x683-2.webp\" alt=\"Konferen\u010dn\u00e1 miestnos\u0165 v Hoteli TeleDom Ko\u0161ice \u2013 \u0161kolenia a semin\u00e1re\" \/><\/figure>\n<h2>Don&#8217;t hesitate to contact us if you are interested<br \/><\/h2>\n","protected":false},"excerpt":{"rendered":"<p>Looking for a venue for your corporate event or conference? You&#8217;re in the right place. When organising your events we&#8217;ll happily draw on our extensive experience \u2013 we have been on the market for over 20 years! TeleDom is a conference, hotel and restaurant complex founded in 2001. It is located in the historic city &#8230; <a title=\"Conference Centre\" class=\"read-more\" href=\"https:\/\/sub.hotelteledom.sk\/en\/restaurant\/conference-centre\/\" aria-label=\"Read more about Conference Centre\">Read more<\/a><\/p>\n","protected":false},"author":10,"featured_media":0,"parent":2439,"menu_order":0,"comment_status":"closed","ping_status":"closed","template":"elementor_header_footer","meta":{"_teledom_gallery_image_ids":[],"footnotes":""},"class_list":["post-9774","page","type-page","status-publish"],"yoast_head":"<!-- This site is optimized with the Yoast SEO Premium plugin v27.3 (Yoast SEO v27.3) - https:\/\/yoast.com\/product\/yoast-seo-premium-wordpress\/ -->\n<title>Conference Centre Ko\u0161ice | Halls &amp; meetings \u2013 Hotel Teledom***<\/title>\n<meta name=\"description\" content=\"Conference Centre at Hotel Teledom*** in the centre of Ko\u0161ice. Halls up to 170 attendees, full AV, A\/C, catering and accommodation on site.\" \/>\n<meta name=\"robots\" content=\"index, follow, max-snippet:-1, max-image-preview:large, max-video-preview:-1\" \/>\n<link rel=\"canonical\" href=\"https:\/\/sub.hotelteledom.sk\/restauracia\/konferencne-centrum1\/\" \/>\n<meta property=\"og:locale\" content=\"en_US\" \/>\n<meta property=\"og:type\" content=\"article\" \/>\n<meta property=\"og:title\" content=\"Conference Centre\" \/>\n<meta property=\"og:description\" content=\"Conference Centre at Hotel Teledom*** in the centre of Ko\u0161ice. Halls up to 170 attendees, full AV, A\/C, catering and accommodation on site.\" \/>\n<meta property=\"og:url\" content=\"https:\/\/sub.hotelteledom.sk\/restauracia\/konferencne-centrum1\/\" \/>\n<meta property=\"og:site_name\" content=\"Hotel Teledom\" \/>\n<meta property=\"article:publisher\" content=\"https:\/\/www.facebook.com\/teledomonline\" \/>\n<meta property=\"article:modified_time\" content=\"2026-04-28T16:37:18+00:00\" \/>\n<meta property=\"og:image\" content=\"https:\/\/sub.hotelteledom.sk\/wp-content\/uploads\/2024\/10\/aula-new-scaled-1024x683-1.webp\" \/>\n<meta name=\"twitter:card\" content=\"summary_large_image\" \/>\n<meta name=\"twitter:label1\" content=\"Est. reading time\" \/>\n\t<meta name=\"twitter:data1\" content=\"1 minute\" \/>\n<script type=\"application\/ld+json\" class=\"yoast-schema-graph\">{\"@context\":\"https:\\\/\\\/schema.org\",\"@graph\":[{\"@type\":\"WebPage\",\"@id\":\"https:\\\/\\\/sub.hotelteledom.sk\\\/restauracia\\\/konferencne-centrum1\\\/\",\"url\":\"https:\\\/\\\/sub.hotelteledom.sk\\\/restauracia\\\/konferencne-centrum1\\\/\",\"name\":\"Conference Centre Ko\u0161ice | Halls & meetings \u2013 Hotel Teledom***\",\"isPartOf\":{\"@id\":\"https:\\\/\\\/sub.hotelteledom.sk\\\/#website\"},\"primaryImageOfPage\":{\"@id\":\"https:\\\/\\\/sub.hotelteledom.sk\\\/restauracia\\\/konferencne-centrum1\\\/#primaryimage\"},\"image\":{\"@id\":\"https:\\\/\\\/sub.hotelteledom.sk\\\/restauracia\\\/konferencne-centrum1\\\/#primaryimage\"},\"thumbnailUrl\":\"https:\\\/\\\/sub.hotelteledom.sk\\\/wp-content\\\/uploads\\\/2024\\\/10\\\/aula-new-scaled-1024x683-1.webp\",\"datePublished\":\"2026-04-28T14:46:37+00:00\",\"dateModified\":\"2026-04-28T16:37:18+00:00\",\"description\":\"Conference Centre at Hotel Teledom*** in the centre of Ko\u0161ice. Halls up to 170 attendees, full AV, A\\\/C, catering and accommodation on site.\",\"breadcrumb\":{\"@id\":\"https:\\\/\\\/sub.hotelteledom.sk\\\/restauracia\\\/konferencne-centrum1\\\/#breadcrumb\"},\"inLanguage\":\"en-US\",\"potentialAction\":[{\"@type\":\"ReadAction\",\"target\":[\"https:\\\/\\\/sub.hotelteledom.sk\\\/restauracia\\\/konferencne-centrum1\\\/\"]}]},{\"@type\":\"ImageObject\",\"inLanguage\":\"en-US\",\"@id\":\"https:\\\/\\\/sub.hotelteledom.sk\\\/restauracia\\\/konferencne-centrum1\\\/#primaryimage\",\"url\":\"https:\\\/\\\/sub.hotelteledom.sk\\\/wp-content\\\/uploads\\\/2024\\\/10\\\/aula-new-scaled-1024x683-1.webp\",\"contentUrl\":\"https:\\\/\\\/sub.hotelteledom.sk\\\/wp-content\\\/uploads\\\/2024\\\/10\\\/aula-new-scaled-1024x683-1.webp\"},{\"@type\":\"BreadcrumbList\",\"@id\":\"https:\\\/\\\/sub.hotelteledom.sk\\\/restauracia\\\/konferencne-centrum1\\\/#breadcrumb\",\"itemListElement\":[{\"@type\":\"ListItem\",\"position\":1,\"name\":\"Domovsk\u00e1 str\u00e1nka\",\"item\":\"https:\\\/\\\/sub.hotelteledom.sk\\\/\"},{\"@type\":\"ListItem\",\"position\":2,\"name\":\"Restaurant\",\"item\":\"https:\\\/\\\/sub.hotelteledom.sk\\\/en\\\/restaurant\\\/\"},{\"@type\":\"ListItem\",\"position\":3,\"name\":\"Conference Centre\"}]},{\"@type\":\"WebSite\",\"@id\":\"https:\\\/\\\/sub.hotelteledom.sk\\\/#website\",\"url\":\"https:\\\/\\\/sub.hotelteledom.sk\\\/\",\"name\":\"Hotel TeleDom & Conference Center\",\"description\":\"Trojhviezdi\u010dkov\u00fd hotel, re\u0161taur\u00e1cia Mestsk\u00e1 Pivnica a konferen\u010dn\u00e9 centrum v historickom centre Ko\u0161\u00edc, 200 m od D\u00f3mu sv. Al\u017ebety.\",\"publisher\":{\"@id\":\"https:\\\/\\\/sub.hotelteledom.sk\\\/#organization\"},\"alternateName\":\"Hotel TeleDom\",\"potentialAction\":[{\"@type\":\"SearchAction\",\"target\":{\"@type\":\"EntryPoint\",\"urlTemplate\":\"https:\\\/\\\/sub.hotelteledom.sk\\\/?s={search_term_string}\"},\"query-input\":{\"@type\":\"PropertyValueSpecification\",\"valueRequired\":true,\"valueName\":\"search_term_string\"}}],\"inLanguage\":\"en-US\"},{\"@type\":\"Organization\",\"@id\":\"https:\\\/\\\/sub.hotelteledom.sk\\\/#organization\",\"name\":\"Novitech Partner s.r.o.\",\"url\":\"https:\\\/\\\/sub.hotelteledom.sk\\\/\",\"logo\":{\"@type\":\"ImageObject\",\"inLanguage\":\"en-US\",\"@id\":\"https:\\\/\\\/sub.hotelteledom.sk\\\/#\\\/schema\\\/logo\\\/image\\\/\",\"url\":\"https:\\\/\\\/sub.hotelteledom.sk\\\/wp-content\\\/uploads\\\/2022\\\/08\\\/cropped-teledom-logotyp-2021-2_\u041c\u043e\u043d\u0442\u0430\u0436\u043d\u0430\u044f-\u043e\u0431\u043b\u0430\u0441\u0442\u044c-1.png\",\"contentUrl\":\"https:\\\/\\\/sub.hotelteledom.sk\\\/wp-content\\\/uploads\\\/2022\\\/08\\\/cropped-teledom-logotyp-2021-2_\u041c\u043e\u043d\u0442\u0430\u0436\u043d\u0430\u044f-\u043e\u0431\u043b\u0430\u0441\u0442\u044c-1.png\",\"width\":512,\"height\":512,\"caption\":\"Novitech Partner s.r.o.\"},\"image\":{\"@id\":\"https:\\\/\\\/sub.hotelteledom.sk\\\/#\\\/schema\\\/logo\\\/image\\\/\"},\"sameAs\":[\"https:\\\/\\\/www.facebook.com\\\/teledomonline\",\"https:\\\/\\\/www.instagram.com\\\/teledomkosice\\\/\"],\"description\":\"Trojhviezdi\u010dkov\u00fd hotel, re\u0161taur\u00e1cia Mestsk\u00e1 Pivnica a konferen\u010dn\u00e9 centrum v historickom centre Ko\u0161\u00edc, 200 m od D\u00f3mu sv. Al\u017ebety.\",\"email\":\"online@teledom.sk\",\"telephone\":\"+421 55 327 44 01\",\"legalName\":\"Novitech Partner s.r.o.\",\"foundingDate\":\"2001-01-08\",\"vatID\":\"SK2020061043\",\"taxID\":\"2020061043\",\"numberOfEmployees\":{\"@type\":\"QuantitativeValue\",\"minValue\":\"11\",\"maxValue\":\"50\"},\"publishingPrinciples\":\"https:\\\/\\\/sub.hotelteledom.sk\\\/gdpr-system-ochrany-osobnych-udajov-v-ramci-spolocnosti-novitech-partner-s-r-o\\\/\",\"ownershipFundingInfo\":\"https:\\\/\\\/sub.hotelteledom.sk\\\/gdpr-system-ochrany-osobnych-udajov-v-ramci-spolocnosti-novitech-partner-s-r-o\\\/\",\"actionableFeedbackPolicy\":\"https:\\\/\\\/sub.hotelteledom.sk\\\/gdpr-system-ochrany-osobnych-udajov-v-ramci-spolocnosti-novitech-partner-s-r-o\\\/\"}]}<\/script>\n<!-- \/ Yoast SEO Premium plugin. -->","yoast_head_json":{"title":"Conference Centre Ko\u0161ice | Halls & meetings \u2013 Hotel Teledom***","description":"Conference Centre at Hotel Teledom*** in the centre of Ko\u0161ice. Halls up to 170 attendees, full AV, A\/C, catering and accommodation on site.","robots":{"index":"index","follow":"follow","max-snippet":"max-snippet:-1","max-image-preview":"max-image-preview:large","max-video-preview":"max-video-preview:-1"},"canonical":"https:\/\/sub.hotelteledom.sk\/restauracia\/konferencne-centrum1\/","og_locale":"en_US","og_type":"article","og_title":"Conference Centre","og_description":"Conference Centre at Hotel Teledom*** in the centre of Ko\u0161ice. Halls up to 170 attendees, full AV, A\/C, catering and accommodation on site.","og_url":"https:\/\/sub.hotelteledom.sk\/restauracia\/konferencne-centrum1\/","og_site_name":"Hotel Teledom","article_publisher":"https:\/\/www.facebook.com\/teledomonline","article_modified_time":"2026-04-28T16:37:18+00:00","og_image":[{"url":"https:\/\/sub.hotelteledom.sk\/wp-content\/uploads\/2024\/10\/aula-new-scaled-1024x683-1.webp","type":"","width":"","height":""}],"twitter_card":"summary_large_image","twitter_misc":{"Est. reading time":"1 minute"},"schema":{"@context":"https:\/\/schema.org","@graph":[{"@type":"WebPage","@id":"https:\/\/sub.hotelteledom.sk\/restauracia\/konferencne-centrum1\/","url":"https:\/\/sub.hotelteledom.sk\/restauracia\/konferencne-centrum1\/","name":"Conference Centre Ko\u0161ice | Halls & meetings \u2013 Hotel Teledom***","isPartOf":{"@id":"https:\/\/sub.hotelteledom.sk\/#website"},"primaryImageOfPage":{"@id":"https:\/\/sub.hotelteledom.sk\/restauracia\/konferencne-centrum1\/#primaryimage"},"image":{"@id":"https:\/\/sub.hotelteledom.sk\/restauracia\/konferencne-centrum1\/#primaryimage"},"thumbnailUrl":"https:\/\/sub.hotelteledom.sk\/wp-content\/uploads\/2024\/10\/aula-new-scaled-1024x683-1.webp","datePublished":"2026-04-28T14:46:37+00:00","dateModified":"2026-04-28T16:37:18+00:00","description":"Conference Centre at Hotel Teledom*** in the centre of Ko\u0161ice. Halls up to 170 attendees, full AV, A\/C, catering and accommodation on site.","breadcrumb":{"@id":"https:\/\/sub.hotelteledom.sk\/restauracia\/konferencne-centrum1\/#breadcrumb"},"inLanguage":"en-US","potentialAction":[{"@type":"ReadAction","target":["https:\/\/sub.hotelteledom.sk\/restauracia\/konferencne-centrum1\/"]}]},{"@type":"ImageObject","inLanguage":"en-US","@id":"https:\/\/sub.hotelteledom.sk\/restauracia\/konferencne-centrum1\/#primaryimage","url":"https:\/\/sub.hotelteledom.sk\/wp-content\/uploads\/2024\/10\/aula-new-scaled-1024x683-1.webp","contentUrl":"https:\/\/sub.hotelteledom.sk\/wp-content\/uploads\/2024\/10\/aula-new-scaled-1024x683-1.webp"},{"@type":"BreadcrumbList","@id":"https:\/\/sub.hotelteledom.sk\/restauracia\/konferencne-centrum1\/#breadcrumb","itemListElement":[{"@type":"ListItem","position":1,"name":"Domovsk\u00e1 str\u00e1nka","item":"https:\/\/sub.hotelteledom.sk\/"},{"@type":"ListItem","position":2,"name":"Restaurant","item":"https:\/\/sub.hotelteledom.sk\/en\/restaurant\/"},{"@type":"ListItem","position":3,"name":"Conference Centre"}]},{"@type":"WebSite","@id":"https:\/\/sub.hotelteledom.sk\/#website","url":"https:\/\/sub.hotelteledom.sk\/","name":"Hotel TeleDom & Conference Center","description":"Trojhviezdi\u010dkov\u00fd hotel, re\u0161taur\u00e1cia Mestsk\u00e1 Pivnica a konferen\u010dn\u00e9 centrum v historickom centre Ko\u0161\u00edc, 200 m od D\u00f3mu sv. Al\u017ebety.","publisher":{"@id":"https:\/\/sub.hotelteledom.sk\/#organization"},"alternateName":"Hotel TeleDom","potentialAction":[{"@type":"SearchAction","target":{"@type":"EntryPoint","urlTemplate":"https:\/\/sub.hotelteledom.sk\/?s={search_term_string}"},"query-input":{"@type":"PropertyValueSpecification","valueRequired":true,"valueName":"search_term_string"}}],"inLanguage":"en-US"},{"@type":"Organization","@id":"https:\/\/sub.hotelteledom.sk\/#organization","name":"Novitech Partner s.r.o.","url":"https:\/\/sub.hotelteledom.sk\/","logo":{"@type":"ImageObject","inLanguage":"en-US","@id":"https:\/\/sub.hotelteledom.sk\/#\/schema\/logo\/image\/","url":"https:\/\/sub.hotelteledom.sk\/wp-content\/uploads\/2022\/08\/cropped-teledom-logotyp-2021-2_\u041c\u043e\u043d\u0442\u0430\u0436\u043d\u0430\u044f-\u043e\u0431\u043b\u0430\u0441\u0442\u044c-1.png","contentUrl":"https:\/\/sub.hotelteledom.sk\/wp-content\/uploads\/2022\/08\/cropped-teledom-logotyp-2021-2_\u041c\u043e\u043d\u0442\u0430\u0436\u043d\u0430\u044f-\u043e\u0431\u043b\u0430\u0441\u0442\u044c-1.png","width":512,"height":512,"caption":"Novitech Partner s.r.o."},"image":{"@id":"https:\/\/sub.hotelteledom.sk\/#\/schema\/logo\/image\/"},"sameAs":["https:\/\/www.facebook.com\/teledomonline","https:\/\/www.instagram.com\/teledomkosice\/"],"description":"Trojhviezdi\u010dkov\u00fd hotel, re\u0161taur\u00e1cia Mestsk\u00e1 Pivnica a konferen\u010dn\u00e9 centrum v historickom centre Ko\u0161\u00edc, 200 m od D\u00f3mu sv. Al\u017ebety.","email":"online@teledom.sk","telephone":"+421 55 327 44 01","legalName":"Novitech Partner s.r.o.","foundingDate":"2001-01-08","vatID":"SK2020061043","taxID":"2020061043","numberOfEmployees":{"@type":"QuantitativeValue","minValue":"11","maxValue":"50"},"publishingPrinciples":"https:\/\/sub.hotelteledom.sk\/gdpr-system-ochrany-osobnych-udajov-v-ramci-spolocnosti-novitech-partner-s-r-o\/","ownershipFundingInfo":"https:\/\/sub.hotelteledom.sk\/gdpr-system-ochrany-osobnych-udajov-v-ramci-spolocnosti-novitech-partner-s-r-o\/","actionableFeedbackPolicy":"https:\/\/sub.hotelteledom.sk\/gdpr-system-ochrany-osobnych-udajov-v-ramci-spolocnosti-novitech-partner-s-r-o\/"}]}},"_links":{"self":[{"href":"https:\/\/sub.hotelteledom.sk\/en\/wp-json\/wp\/v2\/pages\/9774","targetHints":{"allow":["GET"]}}],"collection":[{"href":"https:\/\/sub.hotelteledom.sk\/en\/wp-json\/wp\/v2\/pages"}],"about":[{"href":"https:\/\/sub.hotelteledom.sk\/en\/wp-json\/wp\/v2\/types\/page"}],"author":[{"embeddable":true,"href":"https:\/\/sub.hotelteledom.sk\/en\/wp-json\/wp\/v2\/users\/10"}],"replies":[{"embeddable":true,"href":"https:\/\/sub.hotelteledom.sk\/en\/wp-json\/wp\/v2\/comments?post=9774"}],"version-history":[{"count":5,"href":"https:\/\/sub.hotelteledom.sk\/en\/wp-json\/wp\/v2\/pages\/9774\/revisions"}],"predecessor-version":[{"id":9950,"href":"https:\/\/sub.hotelteledom.sk\/en\/wp-json\/wp\/v2\/pages\/9774\/revisions\/9950"}],"up":[{"embeddable":true,"href":"https:\/\/sub.hotelteledom.sk\/en\/wp-json\/wp\/v2\/pages\/2439"}],"wp:attachment":[{"href":"https:\/\/sub.hotelteledom.sk\/en\/wp-json\/wp\/v2\/media?parent=9774"}],"curies":[{"name":"wp","href":"https:\/\/api.w.org\/{rel}","templated":true}]}}