{"id":9765,"date":"2026-04-28T16:46:21","date_gmt":"2026-04-28T14:46:21","guid":{"rendered":"https:\/\/sub.hotelteledom.sk\/education-centre\/"},"modified":"2026-04-28T18:36:56","modified_gmt":"2026-04-28T16:36:56","slug":"education-centre","status":"publish","type":"page","link":"https:\/\/sub.hotelteledom.sk\/en\/education-centre\/","title":{"rendered":"Education Centre"},"content":{"rendered":"<p><a href=\"http:\/\/hotelteledom.sk\/restauracia\/denne-menu\"><br \/>\n\t\t\t\t\t\t\t\t\tTeleDom Education Centre<br \/>\n\t\t\t\t\t<\/a><\/p>\n<h2>Mestsk\u00e1 Pivnica<\/h2>\n<p>Mestsk\u00e1 Pivnica is a unique restaurant with a rich history dating back to 1841. A stylish cellar offering quality cask wines and a gallery of historical photographs of Ko\u0161ice. Whether you are looking for refreshments, a tasty daily menu during your work break, a perfect gastronomic experience to be enjoyed in peace, or a representative venue for a group meeting \u2013 Mestsk\u00e1 Pivnica will suit you. Hotel guests can also order lunch to their room.<\/p>\n<p>Our daytime restaurant is open from 11:00 to 14:00.<\/p>\n<p>\t\t\t<a href=\"http:\/\/hotelteledom.sk\/rezervacie-miestnosti\/\"><br \/>\n\t\t\t\t\t\t\t\t\tBook a date<br \/>\n\t\t\t\t\t<\/a><br \/>\n\t\t\t\t\t\t\t\t\t\t\t\t\t\tPrevious slide<br \/>\n\t\t\t\t\t\t\t\t\t\t\t\t\t\tNext slide<br \/>\n\t\t\t\t\t\t\t\t\t\tSlide HeadingLorem ipsum dolor sit amet, consectetur adipiscing elit. Ut elit tellus, luctus nec ullamcorper mattis, pulvinar dapibus leo.Click Here\t\t\t\t<\/p>\n<h2>\u00c1trium Restaurant<\/h2>\n<p>The \u00c1trium Restaurant is part of TeleDom Hotel***. We will gladly organise for you: wedding receptions, family celebrations (birthdays, christenings, confirmations, graduations), ribbon ceremonies, corporate evenings, business meetings, banquets, receptions and balls. For business, private or family meetings we have salons available that offer plenty of privacy. See below.<\/p>\n<p>\t\t\t<a href=\"http:\/\/hotelteledom.sk\/rezervacie-miestnosti\/\"><br \/>\n\t\t\t\t\t\t\t\t\tBook a date<br \/>\n\t\t\t\t\t<\/a><\/p>\n<h2>R\u00e1koczi Salon \/ salons<\/h2>\n<p>The R\u00e1koczi Salon is an ideal place for family and corporate events. The salon consists of two rooms; the dining area can welcome 20 guests. Don&#8217;t hesitate to contact our staff \u2013 in addition to renting the space we can also arrange the catering.<\/p>\n<p>\t\t\t<a href=\"http:\/\/hotelteledom.sk\/rezervacie-miestnosti\/\"><br \/>\n\t\t\t\t\t\t\t\t\tBook a date<br \/>\n\t\t\t\t\t<\/a><br \/>\n\t\t\t\t\t\t\t\t\t\t\t\t\t\tPrevious slide<br \/>\n\t\t\t\t\t\t\t\t\t\t\t\t\t\tNext slide<br \/>\n\t\t\t\t\t\t\t\t\t\t\t\t\t\tPrevious slide<br \/>\n\t\t\t\t\t\t\t\t\t\t\t\t\t\tNext slide<\/p>\n<h2>Small salon<\/h2>\n<p>The small salon is another ideal space for smaller events. In a beautiful, bright room there is space for 22 guests. Don&#8217;t hesitate to contact our staff \u2013 in addition to renting the space we can also arrange the catering.<\/p>\n<p>\t\t\t<a href=\"http:\/\/hotelteledom.sk\/rezervacie-miestnosti\/\"><br \/>\n\t\t\t\t\t\t\t\t\tBook a date<br \/>\n\t\t\t\t\t<\/a><br \/>\n\t\t\t\t\t\t\t\t\t\t\t\t\t\tPrevious slide<br \/>\n\t\t\t\t\t\t\t\t\t\t\t\t\t\tNext slide<\/p>\n<h1>Floor plan<\/h1>\n<p>\t\t\t\t\t\t\t\t\t\t\t\t\t<img loading=\"lazy\" decoding=\"async\" width=\"1500\" height=\"1013\" src=\"https:\/\/sub.hotelteledom.sk\/wp-content\/uploads\/2018\/04\/hotel-teledom-floor-plan-1.png\" alt=\"\" srcset=\"https:\/\/sub.hotelteledom.sk\/wp-content\/uploads\/2018\/04\/hotel-teledom-floor-plan-1.png 1500w, https:\/\/sub.hotelteledom.sk\/wp-content\/uploads\/2018\/04\/hotel-teledom-floor-plan-1-300x203.png 300w, https:\/\/sub.hotelteledom.sk\/wp-content\/uploads\/2018\/04\/hotel-teledom-floor-plan-1-768x519.png 768w, https:\/\/sub.hotelteledom.sk\/wp-content\/uploads\/2018\/04\/hotel-teledom-floor-plan-1-1024x692.png 1024w\" sizes=\"auto, (max-width: 1500px) 100vw, 1500px\" \/><br \/>\n\t\t\t<a href=\"http:\/\/hotelteledom.sk\/wp-content\/uploads\/2018\/04\/hotel-teledom-floor-plan.pdf\"><br \/>\n\t\t\t\t\t\t\t\t\tDownload plan<br \/>\n\t\t\t\t\t<\/a><\/p>\n","protected":false},"excerpt":{"rendered":"<p>TeleDom Education Centre Mestsk\u00e1 Pivnica Mestsk\u00e1 Pivnica is a unique restaurant with a rich history dating back to 1841. A stylish cellar offering quality cask wines and a gallery of historical photographs of Ko\u0161ice. Whether you are looking for refreshments, a tasty daily menu during your work break, a perfect gastronomic experience to be enjoyed &#8230; <a title=\"Education Centre\" class=\"read-more\" href=\"https:\/\/sub.hotelteledom.sk\/en\/education-centre\/\" aria-label=\"Read more about Education Centre\">Read more<\/a><\/p>\n","protected":false},"author":8,"featured_media":0,"parent":0,"menu_order":0,"comment_status":"closed","ping_status":"closed","template":"elementor_header_footer","meta":{"_teledom_gallery_image_ids":[],"footnotes":""},"class_list":["post-9765","page","type-page","status-publish"],"yoast_head":"<!-- This site is optimized with the Yoast SEO Premium plugin v27.3 (Yoast SEO v27.3) - https:\/\/yoast.com\/product\/yoast-seo-premium-wordpress\/ -->\n<title>Education Centre Ko\u0161ice | Hotel Teledom*** training rooms<\/title>\n<meta name=\"description\" content=\"Education Centre at Hotel Teledom*** in the centre of Ko\u0161ice. Modern training rooms, AV equipment, catering and accommodation in one venue.\" \/>\n<meta name=\"robots\" content=\"index, follow, max-snippet:-1, max-image-preview:large, max-video-preview:-1\" \/>\n<link rel=\"canonical\" href=\"https:\/\/sub.hotelteledom.sk\/vzdelavacie-centrum\/\" \/>\n<meta property=\"og:locale\" content=\"en_US\" \/>\n<meta property=\"og:type\" content=\"article\" \/>\n<meta property=\"og:title\" content=\"Education Centre\" \/>\n<meta property=\"og:description\" content=\"Education Centre at Hotel Teledom*** in the centre of Ko\u0161ice. Modern training rooms, AV equipment, catering and accommodation in one venue.\" \/>\n<meta property=\"og:url\" content=\"https:\/\/sub.hotelteledom.sk\/vzdelavacie-centrum\/\" \/>\n<meta property=\"og:site_name\" content=\"Hotel Teledom\" \/>\n<meta property=\"article:publisher\" content=\"https:\/\/www.facebook.com\/teledomonline\" \/>\n<meta property=\"article:modified_time\" content=\"2026-04-28T16:36:56+00:00\" \/>\n<meta property=\"og:image\" content=\"https:\/\/sub.hotelteledom.sk\/wp-content\/uploads\/2018\/04\/hotel-teledom-floor-plan-1.png\" \/>\n\t<meta property=\"og:image:width\" content=\"1500\" \/>\n\t<meta property=\"og:image:height\" content=\"1013\" \/>\n\t<meta property=\"og:image:type\" content=\"image\/png\" \/>\n<meta name=\"twitter:card\" content=\"summary_large_image\" \/>\n<meta name=\"twitter:label1\" content=\"Est. reading time\" \/>\n\t<meta name=\"twitter:data1\" content=\"1 minute\" \/>\n<script type=\"application\/ld+json\" class=\"yoast-schema-graph\">{\"@context\":\"https:\\\/\\\/schema.org\",\"@graph\":[{\"@type\":\"WebPage\",\"@id\":\"https:\\\/\\\/sub.hotelteledom.sk\\\/vzdelavacie-centrum\\\/\",\"url\":\"https:\\\/\\\/sub.hotelteledom.sk\\\/vzdelavacie-centrum\\\/\",\"name\":\"Education Centre Ko\u0161ice | Hotel Teledom*** training rooms\",\"isPartOf\":{\"@id\":\"https:\\\/\\\/sub.hotelteledom.sk\\\/#website\"},\"primaryImageOfPage\":{\"@id\":\"https:\\\/\\\/sub.hotelteledom.sk\\\/vzdelavacie-centrum\\\/#primaryimage\"},\"image\":{\"@id\":\"https:\\\/\\\/sub.hotelteledom.sk\\\/vzdelavacie-centrum\\\/#primaryimage\"},\"thumbnailUrl\":\"https:\\\/\\\/sub.hotelteledom.sk\\\/wp-content\\\/uploads\\\/2018\\\/04\\\/hotel-teledom-floor-plan-1.png\",\"datePublished\":\"2026-04-28T14:46:21+00:00\",\"dateModified\":\"2026-04-28T16:36:56+00:00\",\"description\":\"Education Centre at Hotel Teledom*** in the centre of Ko\u0161ice. Modern training rooms, AV equipment, catering and accommodation in one venue.\",\"breadcrumb\":{\"@id\":\"https:\\\/\\\/sub.hotelteledom.sk\\\/vzdelavacie-centrum\\\/#breadcrumb\"},\"inLanguage\":\"en-US\",\"potentialAction\":[{\"@type\":\"ReadAction\",\"target\":[\"https:\\\/\\\/sub.hotelteledom.sk\\\/vzdelavacie-centrum\\\/\"]}]},{\"@type\":\"ImageObject\",\"inLanguage\":\"en-US\",\"@id\":\"https:\\\/\\\/sub.hotelteledom.sk\\\/vzdelavacie-centrum\\\/#primaryimage\",\"url\":\"https:\\\/\\\/sub.hotelteledom.sk\\\/wp-content\\\/uploads\\\/2018\\\/04\\\/hotel-teledom-floor-plan-1.png\",\"contentUrl\":\"https:\\\/\\\/sub.hotelteledom.sk\\\/wp-content\\\/uploads\\\/2018\\\/04\\\/hotel-teledom-floor-plan-1.png\"},{\"@type\":\"BreadcrumbList\",\"@id\":\"https:\\\/\\\/sub.hotelteledom.sk\\\/vzdelavacie-centrum\\\/#breadcrumb\",\"itemListElement\":[{\"@type\":\"ListItem\",\"position\":1,\"name\":\"Domovsk\u00e1 str\u00e1nka\",\"item\":\"https:\\\/\\\/sub.hotelteledom.sk\\\/\"},{\"@type\":\"ListItem\",\"position\":2,\"name\":\"Education Centre\"}]},{\"@type\":\"WebSite\",\"@id\":\"https:\\\/\\\/sub.hotelteledom.sk\\\/#website\",\"url\":\"https:\\\/\\\/sub.hotelteledom.sk\\\/\",\"name\":\"Hotel TeleDom & Conference Center\",\"description\":\"Trojhviezdi\u010dkov\u00fd hotel, re\u0161taur\u00e1cia Mestsk\u00e1 Pivnica a konferen\u010dn\u00e9 centrum v historickom centre Ko\u0161\u00edc, 200 m od D\u00f3mu sv. Al\u017ebety.\",\"publisher\":{\"@id\":\"https:\\\/\\\/sub.hotelteledom.sk\\\/#organization\"},\"alternateName\":\"Hotel TeleDom\",\"potentialAction\":[{\"@type\":\"SearchAction\",\"target\":{\"@type\":\"EntryPoint\",\"urlTemplate\":\"https:\\\/\\\/sub.hotelteledom.sk\\\/?s={search_term_string}\"},\"query-input\":{\"@type\":\"PropertyValueSpecification\",\"valueRequired\":true,\"valueName\":\"search_term_string\"}}],\"inLanguage\":\"en-US\"},{\"@type\":\"Organization\",\"@id\":\"https:\\\/\\\/sub.hotelteledom.sk\\\/#organization\",\"name\":\"Novitech Partner s.r.o.\",\"url\":\"https:\\\/\\\/sub.hotelteledom.sk\\\/\",\"logo\":{\"@type\":\"ImageObject\",\"inLanguage\":\"en-US\",\"@id\":\"https:\\\/\\\/sub.hotelteledom.sk\\\/#\\\/schema\\\/logo\\\/image\\\/\",\"url\":\"https:\\\/\\\/sub.hotelteledom.sk\\\/wp-content\\\/uploads\\\/2022\\\/08\\\/cropped-teledom-logotyp-2021-2_\u041c\u043e\u043d\u0442\u0430\u0436\u043d\u0430\u044f-\u043e\u0431\u043b\u0430\u0441\u0442\u044c-1.png\",\"contentUrl\":\"https:\\\/\\\/sub.hotelteledom.sk\\\/wp-content\\\/uploads\\\/2022\\\/08\\\/cropped-teledom-logotyp-2021-2_\u041c\u043e\u043d\u0442\u0430\u0436\u043d\u0430\u044f-\u043e\u0431\u043b\u0430\u0441\u0442\u044c-1.png\",\"width\":512,\"height\":512,\"caption\":\"Novitech Partner s.r.o.\"},\"image\":{\"@id\":\"https:\\\/\\\/sub.hotelteledom.sk\\\/#\\\/schema\\\/logo\\\/image\\\/\"},\"sameAs\":[\"https:\\\/\\\/www.facebook.com\\\/teledomonline\",\"https:\\\/\\\/www.instagram.com\\\/teledomkosice\\\/\"],\"description\":\"Trojhviezdi\u010dkov\u00fd hotel, re\u0161taur\u00e1cia Mestsk\u00e1 Pivnica a konferen\u010dn\u00e9 centrum v historickom centre Ko\u0161\u00edc, 200 m od D\u00f3mu sv. Al\u017ebety.\",\"email\":\"online@teledom.sk\",\"telephone\":\"+421 55 327 44 01\",\"legalName\":\"Novitech Partner s.r.o.\",\"foundingDate\":\"2001-01-08\",\"vatID\":\"SK2020061043\",\"taxID\":\"2020061043\",\"numberOfEmployees\":{\"@type\":\"QuantitativeValue\",\"minValue\":\"11\",\"maxValue\":\"50\"},\"publishingPrinciples\":\"https:\\\/\\\/sub.hotelteledom.sk\\\/gdpr-system-ochrany-osobnych-udajov-v-ramci-spolocnosti-novitech-partner-s-r-o\\\/\",\"ownershipFundingInfo\":\"https:\\\/\\\/sub.hotelteledom.sk\\\/gdpr-system-ochrany-osobnych-udajov-v-ramci-spolocnosti-novitech-partner-s-r-o\\\/\",\"actionableFeedbackPolicy\":\"https:\\\/\\\/sub.hotelteledom.sk\\\/gdpr-system-ochrany-osobnych-udajov-v-ramci-spolocnosti-novitech-partner-s-r-o\\\/\"}]}<\/script>\n<!-- \/ Yoast SEO Premium plugin. -->","yoast_head_json":{"title":"Education Centre Ko\u0161ice | Hotel Teledom*** training rooms","description":"Education Centre at Hotel Teledom*** in the centre of Ko\u0161ice. Modern training rooms, AV equipment, catering and accommodation in one venue.","robots":{"index":"index","follow":"follow","max-snippet":"max-snippet:-1","max-image-preview":"max-image-preview:large","max-video-preview":"max-video-preview:-1"},"canonical":"https:\/\/sub.hotelteledom.sk\/vzdelavacie-centrum\/","og_locale":"en_US","og_type":"article","og_title":"Education Centre","og_description":"Education Centre at Hotel Teledom*** in the centre of Ko\u0161ice. Modern training rooms, AV equipment, catering and accommodation in one venue.","og_url":"https:\/\/sub.hotelteledom.sk\/vzdelavacie-centrum\/","og_site_name":"Hotel Teledom","article_publisher":"https:\/\/www.facebook.com\/teledomonline","article_modified_time":"2026-04-28T16:36:56+00:00","og_image":[{"width":1500,"height":1013,"url":"https:\/\/sub.hotelteledom.sk\/wp-content\/uploads\/2018\/04\/hotel-teledom-floor-plan-1.png","type":"image\/png"}],"twitter_card":"summary_large_image","twitter_misc":{"Est. reading time":"1 minute"},"schema":{"@context":"https:\/\/schema.org","@graph":[{"@type":"WebPage","@id":"https:\/\/sub.hotelteledom.sk\/vzdelavacie-centrum\/","url":"https:\/\/sub.hotelteledom.sk\/vzdelavacie-centrum\/","name":"Education Centre Ko\u0161ice | Hotel Teledom*** training rooms","isPartOf":{"@id":"https:\/\/sub.hotelteledom.sk\/#website"},"primaryImageOfPage":{"@id":"https:\/\/sub.hotelteledom.sk\/vzdelavacie-centrum\/#primaryimage"},"image":{"@id":"https:\/\/sub.hotelteledom.sk\/vzdelavacie-centrum\/#primaryimage"},"thumbnailUrl":"https:\/\/sub.hotelteledom.sk\/wp-content\/uploads\/2018\/04\/hotel-teledom-floor-plan-1.png","datePublished":"2026-04-28T14:46:21+00:00","dateModified":"2026-04-28T16:36:56+00:00","description":"Education Centre at Hotel Teledom*** in the centre of Ko\u0161ice. Modern training rooms, AV equipment, catering and accommodation in one venue.","breadcrumb":{"@id":"https:\/\/sub.hotelteledom.sk\/vzdelavacie-centrum\/#breadcrumb"},"inLanguage":"en-US","potentialAction":[{"@type":"ReadAction","target":["https:\/\/sub.hotelteledom.sk\/vzdelavacie-centrum\/"]}]},{"@type":"ImageObject","inLanguage":"en-US","@id":"https:\/\/sub.hotelteledom.sk\/vzdelavacie-centrum\/#primaryimage","url":"https:\/\/sub.hotelteledom.sk\/wp-content\/uploads\/2018\/04\/hotel-teledom-floor-plan-1.png","contentUrl":"https:\/\/sub.hotelteledom.sk\/wp-content\/uploads\/2018\/04\/hotel-teledom-floor-plan-1.png"},{"@type":"BreadcrumbList","@id":"https:\/\/sub.hotelteledom.sk\/vzdelavacie-centrum\/#breadcrumb","itemListElement":[{"@type":"ListItem","position":1,"name":"Domovsk\u00e1 str\u00e1nka","item":"https:\/\/sub.hotelteledom.sk\/"},{"@type":"ListItem","position":2,"name":"Education Centre"}]},{"@type":"WebSite","@id":"https:\/\/sub.hotelteledom.sk\/#website","url":"https:\/\/sub.hotelteledom.sk\/","name":"Hotel TeleDom & Conference Center","description":"Trojhviezdi\u010dkov\u00fd hotel, re\u0161taur\u00e1cia Mestsk\u00e1 Pivnica a konferen\u010dn\u00e9 centrum v historickom centre Ko\u0161\u00edc, 200 m od D\u00f3mu sv. Al\u017ebety.","publisher":{"@id":"https:\/\/sub.hotelteledom.sk\/#organization"},"alternateName":"Hotel TeleDom","potentialAction":[{"@type":"SearchAction","target":{"@type":"EntryPoint","urlTemplate":"https:\/\/sub.hotelteledom.sk\/?s={search_term_string}"},"query-input":{"@type":"PropertyValueSpecification","valueRequired":true,"valueName":"search_term_string"}}],"inLanguage":"en-US"},{"@type":"Organization","@id":"https:\/\/sub.hotelteledom.sk\/#organization","name":"Novitech Partner s.r.o.","url":"https:\/\/sub.hotelteledom.sk\/","logo":{"@type":"ImageObject","inLanguage":"en-US","@id":"https:\/\/sub.hotelteledom.sk\/#\/schema\/logo\/image\/","url":"https:\/\/sub.hotelteledom.sk\/wp-content\/uploads\/2022\/08\/cropped-teledom-logotyp-2021-2_\u041c\u043e\u043d\u0442\u0430\u0436\u043d\u0430\u044f-\u043e\u0431\u043b\u0430\u0441\u0442\u044c-1.png","contentUrl":"https:\/\/sub.hotelteledom.sk\/wp-content\/uploads\/2022\/08\/cropped-teledom-logotyp-2021-2_\u041c\u043e\u043d\u0442\u0430\u0436\u043d\u0430\u044f-\u043e\u0431\u043b\u0430\u0441\u0442\u044c-1.png","width":512,"height":512,"caption":"Novitech Partner s.r.o."},"image":{"@id":"https:\/\/sub.hotelteledom.sk\/#\/schema\/logo\/image\/"},"sameAs":["https:\/\/www.facebook.com\/teledomonline","https:\/\/www.instagram.com\/teledomkosice\/"],"description":"Trojhviezdi\u010dkov\u00fd hotel, re\u0161taur\u00e1cia Mestsk\u00e1 Pivnica a konferen\u010dn\u00e9 centrum v historickom centre Ko\u0161\u00edc, 200 m od D\u00f3mu sv. Al\u017ebety.","email":"online@teledom.sk","telephone":"+421 55 327 44 01","legalName":"Novitech Partner s.r.o.","foundingDate":"2001-01-08","vatID":"SK2020061043","taxID":"2020061043","numberOfEmployees":{"@type":"QuantitativeValue","minValue":"11","maxValue":"50"},"publishingPrinciples":"https:\/\/sub.hotelteledom.sk\/gdpr-system-ochrany-osobnych-udajov-v-ramci-spolocnosti-novitech-partner-s-r-o\/","ownershipFundingInfo":"https:\/\/sub.hotelteledom.sk\/gdpr-system-ochrany-osobnych-udajov-v-ramci-spolocnosti-novitech-partner-s-r-o\/","actionableFeedbackPolicy":"https:\/\/sub.hotelteledom.sk\/gdpr-system-ochrany-osobnych-udajov-v-ramci-spolocnosti-novitech-partner-s-r-o\/"}]}},"_links":{"self":[{"href":"https:\/\/sub.hotelteledom.sk\/en\/wp-json\/wp\/v2\/pages\/9765","targetHints":{"allow":["GET"]}}],"collection":[{"href":"https:\/\/sub.hotelteledom.sk\/en\/wp-json\/wp\/v2\/pages"}],"about":[{"href":"https:\/\/sub.hotelteledom.sk\/en\/wp-json\/wp\/v2\/types\/page"}],"author":[{"embeddable":true,"href":"https:\/\/sub.hotelteledom.sk\/en\/wp-json\/wp\/v2\/users\/8"}],"replies":[{"embeddable":true,"href":"https:\/\/sub.hotelteledom.sk\/en\/wp-json\/wp\/v2\/comments?post=9765"}],"version-history":[{"count":5,"href":"https:\/\/sub.hotelteledom.sk\/en\/wp-json\/wp\/v2\/pages\/9765\/revisions"}],"predecessor-version":[{"id":9944,"href":"https:\/\/sub.hotelteledom.sk\/en\/wp-json\/wp\/v2\/pages\/9765\/revisions\/9944"}],"wp:attachment":[{"href":"https:\/\/sub.hotelteledom.sk\/en\/wp-json\/wp\/v2\/media?parent=9765"}],"curies":[{"name":"wp","href":"https:\/\/api.w.org\/{rel}","templated":true}]}}