{"id":2439,"date":"2019-03-04T18:52:13","date_gmt":"2019-03-04T17:52:13","guid":{"rendered":"https:\/\/sub.hotelteledom.sk\/?page_id=2439"},"modified":"2019-07-16T17:02:10","modified_gmt":"2019-07-16T15:02:10","slug":"restaurant","status":"publish","type":"page","link":"https:\/\/sub.hotelteledom.sk\/en\/restaurant\/","title":{"rendered":"Restaurant"},"content":{"rendered":"<h2>The TeleDom Restaurant provides its customers with a wide range of services and venues, according to the nature of the social event. The<br \/>\nhotel&#8217;s stylish \u00c1trium restaurant is used for private parties, weddings, conferences and events of all kinds. Where is it possible to order snacks,<br \/>\ncatering and coffee-brake or just rent the premises.<\/h2>\n<h2>Lunch menu<\/h2>\n<h2>Lunch is served from 11am, Monday \u2013 Friday<\/h2>\n<p><a href=\"http:\/\/hotelteledom.sk\/restauracia\/denne-menu\" role=\"button\"><br \/>\nView daily menu<br \/>\n<\/a><\/p>\n<h2>Town Cellar<\/h2>\n<p>The Town Cellar is a unique restaurant with a rich history dating back to 1841. A stylish cellar with quality wine and a gallery of historical<br \/>\nphotos of Kosice. Whether you are looking for snacks, tasty daily meals during your work break, enjoying a perfect gastronomic experience<br \/>\nor a representative meeting room, the city cellar will surely satisfy your needs. Hotel guests can order lunch as part of room service.<\/p>\n<p>Our restaurant is open from 11am to 3pm.<\/p>\n<p><a href=\"http:\/\/hotelteledom.sk\/rezervacie-miestnosti\/\" role=\"button\"><br \/>\nBook a date<br \/>\n<\/a><\/p>\n<h2>Restaurant \u00c1trium<\/h2>\n<p>The \u00c1trium Restaurant is part of the TeleDom Hotel ***. We are happy to organize: wedding receptions, family celebrations (birthday<br \/>\nparties, baptisms, greetings, promotions), prom, business parties, business meetings, banquets, receptions and balls. For corporate, private or<br \/>\nfamily meetings, we have lounges offering plenty of privacy. See below.<\/p>\n<p><a href=\"http:\/\/newweb.hotelteledom.sk\/rezervacie-miestnosti\/\" role=\"button\"><br \/>\nBook a date<br \/>\n<\/a><\/p>\n<h2>R\u00e1koczi&#8217;s lounge \/ lounges<\/h2>\n<p>R\u00e1koczi\u00b4s lounge is an ideal place for family or business events. The lounge consists of two rooms, which can host up to 20 guests. In<br \/>\naddition to renting venues we also provide catering services therefore please do not hesitate to contact our staff in case of any questions.<\/p>\n<p><a href=\"http:\/\/newweb.hotelteledom.sk\/rezervacie-miestnosti\/\" role=\"button\"><br \/>\nBook a date<br \/>\n<\/a><\/p>\n<h2>Small lounge<\/h2>\n<p>The small lounge is another ideal venue for small events, space is bright and beautiful. This venue can fit up to 22 guests. In addition to<br \/>\nrenting venues we also provide catering services therefore please do not hesitate to contact our staff in case of any questions.<\/p>\n<p><a href=\"http:\/\/newweb.hotelteledom.sk\/rezervacie-miestnosti\/\" role=\"button\"><br \/>\nBook a date<br \/>\n<\/a><\/p>\n<h1>Floor plan of the room<\/h1>\n<p><img loading=\"lazy\" decoding=\"async\" src=\"https:\/\/sub.hotelteledom.sk\/wp-content\/uploads\/2018\/04\/hotel-teledom-floor-plan-1.png\" alt=\"\" srcset=\"https:\/\/sub.hotelteledom.sk\/wp-content\/uploads\/2018\/04\/hotel-teledom-floor-plan-1.png 1500w, https:\/\/sub.hotelteledom.sk\/wp-content\/uploads\/2018\/04\/hotel-teledom-floor-plan-1-300x203.png 300w, https:\/\/sub.hotelteledom.sk\/wp-content\/uploads\/2018\/04\/hotel-teledom-floor-plan-1-768x519.png 768w, https:\/\/sub.hotelteledom.sk\/wp-content\/uploads\/2018\/04\/hotel-teledom-floor-plan-1-1024x692.png 1024w\" sizes=\"auto, (max-width: 1500px) 100vw, 1500px\" width=\"1500\" height=\"1013\"><br \/>\n<a href=\"http:\/\/newweb.hotelteledom.sk\/wp-content\/uploads\/2018\/04\/hotel-teledom-floor-plan.pdf\" role=\"button\"><br \/>\nStiahnu\u0165 pl\u00e1n<br \/>\n<\/a><\/p>\n","protected":false},"excerpt":{"rendered":"<p>The TeleDom Restaurant provides its customers with a wide range of services and venues, according to the nature of the social event. The hotel&#8217;s stylish \u00c1trium restaurant is used for private parties, weddings, conferences and events of all kinds. Where is it possible to order snacks, catering and coffee-brake or just rent the premises. Lunch &#8230; <a title=\"Restaurant\" class=\"read-more\" href=\"https:\/\/sub.hotelteledom.sk\/en\/restaurant\/\" aria-label=\"Read more about Restaurant\">Read more<\/a><\/p>\n","protected":false},"author":1,"featured_media":0,"parent":0,"menu_order":0,"comment_status":"closed","ping_status":"closed","template":"elementor_header_footer","meta":{"_teledom_gallery_image_ids":[],"footnotes":""},"class_list":["post-2439","page","type-page","status-publish"],"yoast_head":"<!-- This site is optimized with the Yoast SEO Premium plugin v27.3 (Yoast SEO v27.3) - https:\/\/yoast.com\/product\/yoast-seo-premium-wordpress\/ -->\n<title>Restaurant - Hotel Teledom<\/title>\n<meta name=\"robots\" content=\"index, follow, max-snippet:-1, max-image-preview:large, max-video-preview:-1\" \/>\n<link rel=\"canonical\" href=\"https:\/\/sub.hotelteledom.sk\/en\/restaurant\/\" \/>\n<meta property=\"og:locale\" content=\"en_US\" \/>\n<meta property=\"og:type\" content=\"article\" \/>\n<meta property=\"og:title\" content=\"Restaurant\" \/>\n<meta property=\"og:description\" content=\"The TeleDom Restaurant provides its customers with a wide range of services and venues, according to the nature of the social event. The hotel&#8217;s stylish \u00c1trium restaurant is used for private parties, weddings, conferences and events of all kinds. Where is it possible to order snacks, catering and coffee-brake or just rent the premises. Lunch ... Read more\" \/>\n<meta property=\"og:url\" content=\"https:\/\/sub.hotelteledom.sk\/en\/restaurant\/\" \/>\n<meta property=\"og:site_name\" content=\"Hotel Teledom\" \/>\n<meta property=\"article:publisher\" content=\"https:\/\/www.facebook.com\/teledomonline\" \/>\n<meta property=\"article:modified_time\" content=\"2019-07-16T15:02:10+00:00\" \/>\n<meta property=\"og:image\" content=\"https:\/\/sub.hotelteledom.sk\/wp-content\/uploads\/2018\/04\/hotel-teledom-floor-plan-1.png\" \/>\n\t<meta property=\"og:image:width\" content=\"1500\" \/>\n\t<meta property=\"og:image:height\" content=\"1013\" \/>\n\t<meta property=\"og:image:type\" content=\"image\/png\" \/>\n<meta name=\"twitter:card\" content=\"summary_large_image\" \/>\n<meta name=\"twitter:label1\" content=\"Est. reading time\" \/>\n\t<meta name=\"twitter:data1\" content=\"2 minutes\" \/>\n<script type=\"application\/ld+json\" class=\"yoast-schema-graph\">{\"@context\":\"https:\\\/\\\/schema.org\",\"@graph\":[{\"@type\":\"WebPage\",\"@id\":\"https:\\\/\\\/sub.hotelteledom.sk\\\/en\\\/restaurant\\\/\",\"url\":\"https:\\\/\\\/sub.hotelteledom.sk\\\/en\\\/restaurant\\\/\",\"name\":\"Restaurant - Hotel Teledom\",\"isPartOf\":{\"@id\":\"https:\\\/\\\/sub.hotelteledom.sk\\\/#website\"},\"primaryImageOfPage\":{\"@id\":\"https:\\\/\\\/sub.hotelteledom.sk\\\/en\\\/restaurant\\\/#primaryimage\"},\"image\":{\"@id\":\"https:\\\/\\\/sub.hotelteledom.sk\\\/en\\\/restaurant\\\/#primaryimage\"},\"thumbnailUrl\":\"https:\\\/\\\/sub.hotelteledom.sk\\\/wp-content\\\/uploads\\\/2018\\\/04\\\/hotel-teledom-floor-plan-1.png\",\"datePublished\":\"2019-03-04T17:52:13+00:00\",\"dateModified\":\"2019-07-16T15:02:10+00:00\",\"breadcrumb\":{\"@id\":\"https:\\\/\\\/sub.hotelteledom.sk\\\/en\\\/restaurant\\\/#breadcrumb\"},\"inLanguage\":\"en-US\",\"potentialAction\":[{\"@type\":\"ReadAction\",\"target\":[\"https:\\\/\\\/sub.hotelteledom.sk\\\/en\\\/restaurant\\\/\"]}]},{\"@type\":\"ImageObject\",\"inLanguage\":\"en-US\",\"@id\":\"https:\\\/\\\/sub.hotelteledom.sk\\\/en\\\/restaurant\\\/#primaryimage\",\"url\":\"https:\\\/\\\/sub.hotelteledom.sk\\\/wp-content\\\/uploads\\\/2018\\\/04\\\/hotel-teledom-floor-plan-1.png\",\"contentUrl\":\"https:\\\/\\\/sub.hotelteledom.sk\\\/wp-content\\\/uploads\\\/2018\\\/04\\\/hotel-teledom-floor-plan-1.png\"},{\"@type\":\"BreadcrumbList\",\"@id\":\"https:\\\/\\\/sub.hotelteledom.sk\\\/en\\\/restaurant\\\/#breadcrumb\",\"itemListElement\":[{\"@type\":\"ListItem\",\"position\":1,\"name\":\"Domovsk\u00e1 str\u00e1nka\",\"item\":\"https:\\\/\\\/sub.hotelteledom.sk\\\/\"},{\"@type\":\"ListItem\",\"position\":2,\"name\":\"Restaurant\"}]},{\"@type\":\"WebSite\",\"@id\":\"https:\\\/\\\/sub.hotelteledom.sk\\\/#website\",\"url\":\"https:\\\/\\\/sub.hotelteledom.sk\\\/\",\"name\":\"Hotel TeleDom & Conference Center\",\"description\":\"Trojhviezdi\u010dkov\u00fd hotel, re\u0161taur\u00e1cia Mestsk\u00e1 Pivnica a konferen\u010dn\u00e9 centrum v historickom centre Ko\u0161\u00edc, 200 m od D\u00f3mu sv. Al\u017ebety.\",\"publisher\":{\"@id\":\"https:\\\/\\\/sub.hotelteledom.sk\\\/#organization\"},\"alternateName\":\"Hotel TeleDom\",\"potentialAction\":[{\"@type\":\"SearchAction\",\"target\":{\"@type\":\"EntryPoint\",\"urlTemplate\":\"https:\\\/\\\/sub.hotelteledom.sk\\\/?s={search_term_string}\"},\"query-input\":{\"@type\":\"PropertyValueSpecification\",\"valueRequired\":true,\"valueName\":\"search_term_string\"}}],\"inLanguage\":\"en-US\"},{\"@type\":\"Organization\",\"@id\":\"https:\\\/\\\/sub.hotelteledom.sk\\\/#organization\",\"name\":\"Novitech Partner s.r.o.\",\"url\":\"https:\\\/\\\/sub.hotelteledom.sk\\\/\",\"logo\":{\"@type\":\"ImageObject\",\"inLanguage\":\"en-US\",\"@id\":\"https:\\\/\\\/sub.hotelteledom.sk\\\/#\\\/schema\\\/logo\\\/image\\\/\",\"url\":\"https:\\\/\\\/sub.hotelteledom.sk\\\/wp-content\\\/uploads\\\/2022\\\/08\\\/cropped-teledom-logotyp-2021-2_\u041c\u043e\u043d\u0442\u0430\u0436\u043d\u0430\u044f-\u043e\u0431\u043b\u0430\u0441\u0442\u044c-1.png\",\"contentUrl\":\"https:\\\/\\\/sub.hotelteledom.sk\\\/wp-content\\\/uploads\\\/2022\\\/08\\\/cropped-teledom-logotyp-2021-2_\u041c\u043e\u043d\u0442\u0430\u0436\u043d\u0430\u044f-\u043e\u0431\u043b\u0430\u0441\u0442\u044c-1.png\",\"width\":512,\"height\":512,\"caption\":\"Novitech Partner s.r.o.\"},\"image\":{\"@id\":\"https:\\\/\\\/sub.hotelteledom.sk\\\/#\\\/schema\\\/logo\\\/image\\\/\"},\"sameAs\":[\"https:\\\/\\\/www.facebook.com\\\/teledomonline\",\"https:\\\/\\\/www.instagram.com\\\/teledomkosice\\\/\"],\"description\":\"Trojhviezdi\u010dkov\u00fd hotel, re\u0161taur\u00e1cia Mestsk\u00e1 Pivnica a konferen\u010dn\u00e9 centrum v historickom centre Ko\u0161\u00edc, 200 m od D\u00f3mu sv. Al\u017ebety.\",\"email\":\"online@teledom.sk\",\"telephone\":\"+421 55 327 44 01\",\"legalName\":\"Novitech Partner s.r.o.\",\"foundingDate\":\"2001-01-08\",\"vatID\":\"SK2020061043\",\"taxID\":\"2020061043\",\"numberOfEmployees\":{\"@type\":\"QuantitativeValue\",\"minValue\":\"11\",\"maxValue\":\"50\"},\"publishingPrinciples\":\"https:\\\/\\\/sub.hotelteledom.sk\\\/gdpr-system-ochrany-osobnych-udajov-v-ramci-spolocnosti-novitech-partner-s-r-o\\\/\",\"ownershipFundingInfo\":\"https:\\\/\\\/sub.hotelteledom.sk\\\/gdpr-system-ochrany-osobnych-udajov-v-ramci-spolocnosti-novitech-partner-s-r-o\\\/\",\"actionableFeedbackPolicy\":\"https:\\\/\\\/sub.hotelteledom.sk\\\/gdpr-system-ochrany-osobnych-udajov-v-ramci-spolocnosti-novitech-partner-s-r-o\\\/\"}]}<\/script>\n<!-- \/ Yoast SEO Premium plugin. -->","yoast_head_json":{"title":"Restaurant - Hotel Teledom","robots":{"index":"index","follow":"follow","max-snippet":"max-snippet:-1","max-image-preview":"max-image-preview:large","max-video-preview":"max-video-preview:-1"},"canonical":"https:\/\/sub.hotelteledom.sk\/en\/restaurant\/","og_locale":"en_US","og_type":"article","og_title":"Restaurant","og_description":"The TeleDom Restaurant provides its customers with a wide range of services and venues, according to the nature of the social event. The hotel&#8217;s stylish \u00c1trium restaurant is used for private parties, weddings, conferences and events of all kinds. Where is it possible to order snacks, catering and coffee-brake or just rent the premises. Lunch ... Read more","og_url":"https:\/\/sub.hotelteledom.sk\/en\/restaurant\/","og_site_name":"Hotel Teledom","article_publisher":"https:\/\/www.facebook.com\/teledomonline","article_modified_time":"2019-07-16T15:02:10+00:00","og_image":[{"width":1500,"height":1013,"url":"https:\/\/sub.hotelteledom.sk\/wp-content\/uploads\/2018\/04\/hotel-teledom-floor-plan-1.png","type":"image\/png"}],"twitter_card":"summary_large_image","twitter_misc":{"Est. reading time":"2 minutes"},"schema":{"@context":"https:\/\/schema.org","@graph":[{"@type":"WebPage","@id":"https:\/\/sub.hotelteledom.sk\/en\/restaurant\/","url":"https:\/\/sub.hotelteledom.sk\/en\/restaurant\/","name":"Restaurant - Hotel Teledom","isPartOf":{"@id":"https:\/\/sub.hotelteledom.sk\/#website"},"primaryImageOfPage":{"@id":"https:\/\/sub.hotelteledom.sk\/en\/restaurant\/#primaryimage"},"image":{"@id":"https:\/\/sub.hotelteledom.sk\/en\/restaurant\/#primaryimage"},"thumbnailUrl":"https:\/\/sub.hotelteledom.sk\/wp-content\/uploads\/2018\/04\/hotel-teledom-floor-plan-1.png","datePublished":"2019-03-04T17:52:13+00:00","dateModified":"2019-07-16T15:02:10+00:00","breadcrumb":{"@id":"https:\/\/sub.hotelteledom.sk\/en\/restaurant\/#breadcrumb"},"inLanguage":"en-US","potentialAction":[{"@type":"ReadAction","target":["https:\/\/sub.hotelteledom.sk\/en\/restaurant\/"]}]},{"@type":"ImageObject","inLanguage":"en-US","@id":"https:\/\/sub.hotelteledom.sk\/en\/restaurant\/#primaryimage","url":"https:\/\/sub.hotelteledom.sk\/wp-content\/uploads\/2018\/04\/hotel-teledom-floor-plan-1.png","contentUrl":"https:\/\/sub.hotelteledom.sk\/wp-content\/uploads\/2018\/04\/hotel-teledom-floor-plan-1.png"},{"@type":"BreadcrumbList","@id":"https:\/\/sub.hotelteledom.sk\/en\/restaurant\/#breadcrumb","itemListElement":[{"@type":"ListItem","position":1,"name":"Domovsk\u00e1 str\u00e1nka","item":"https:\/\/sub.hotelteledom.sk\/"},{"@type":"ListItem","position":2,"name":"Restaurant"}]},{"@type":"WebSite","@id":"https:\/\/sub.hotelteledom.sk\/#website","url":"https:\/\/sub.hotelteledom.sk\/","name":"Hotel TeleDom & Conference Center","description":"Trojhviezdi\u010dkov\u00fd hotel, re\u0161taur\u00e1cia Mestsk\u00e1 Pivnica a konferen\u010dn\u00e9 centrum v historickom centre Ko\u0161\u00edc, 200 m od D\u00f3mu sv. Al\u017ebety.","publisher":{"@id":"https:\/\/sub.hotelteledom.sk\/#organization"},"alternateName":"Hotel TeleDom","potentialAction":[{"@type":"SearchAction","target":{"@type":"EntryPoint","urlTemplate":"https:\/\/sub.hotelteledom.sk\/?s={search_term_string}"},"query-input":{"@type":"PropertyValueSpecification","valueRequired":true,"valueName":"search_term_string"}}],"inLanguage":"en-US"},{"@type":"Organization","@id":"https:\/\/sub.hotelteledom.sk\/#organization","name":"Novitech Partner s.r.o.","url":"https:\/\/sub.hotelteledom.sk\/","logo":{"@type":"ImageObject","inLanguage":"en-US","@id":"https:\/\/sub.hotelteledom.sk\/#\/schema\/logo\/image\/","url":"https:\/\/sub.hotelteledom.sk\/wp-content\/uploads\/2022\/08\/cropped-teledom-logotyp-2021-2_\u041c\u043e\u043d\u0442\u0430\u0436\u043d\u0430\u044f-\u043e\u0431\u043b\u0430\u0441\u0442\u044c-1.png","contentUrl":"https:\/\/sub.hotelteledom.sk\/wp-content\/uploads\/2022\/08\/cropped-teledom-logotyp-2021-2_\u041c\u043e\u043d\u0442\u0430\u0436\u043d\u0430\u044f-\u043e\u0431\u043b\u0430\u0441\u0442\u044c-1.png","width":512,"height":512,"caption":"Novitech Partner s.r.o."},"image":{"@id":"https:\/\/sub.hotelteledom.sk\/#\/schema\/logo\/image\/"},"sameAs":["https:\/\/www.facebook.com\/teledomonline","https:\/\/www.instagram.com\/teledomkosice\/"],"description":"Trojhviezdi\u010dkov\u00fd hotel, re\u0161taur\u00e1cia Mestsk\u00e1 Pivnica a konferen\u010dn\u00e9 centrum v historickom centre Ko\u0161\u00edc, 200 m od D\u00f3mu sv. Al\u017ebety.","email":"online@teledom.sk","telephone":"+421 55 327 44 01","legalName":"Novitech Partner s.r.o.","foundingDate":"2001-01-08","vatID":"SK2020061043","taxID":"2020061043","numberOfEmployees":{"@type":"QuantitativeValue","minValue":"11","maxValue":"50"},"publishingPrinciples":"https:\/\/sub.hotelteledom.sk\/gdpr-system-ochrany-osobnych-udajov-v-ramci-spolocnosti-novitech-partner-s-r-o\/","ownershipFundingInfo":"https:\/\/sub.hotelteledom.sk\/gdpr-system-ochrany-osobnych-udajov-v-ramci-spolocnosti-novitech-partner-s-r-o\/","actionableFeedbackPolicy":"https:\/\/sub.hotelteledom.sk\/gdpr-system-ochrany-osobnych-udajov-v-ramci-spolocnosti-novitech-partner-s-r-o\/"}]}},"_links":{"self":[{"href":"https:\/\/sub.hotelteledom.sk\/en\/wp-json\/wp\/v2\/pages\/2439","targetHints":{"allow":["GET"]}}],"collection":[{"href":"https:\/\/sub.hotelteledom.sk\/en\/wp-json\/wp\/v2\/pages"}],"about":[{"href":"https:\/\/sub.hotelteledom.sk\/en\/wp-json\/wp\/v2\/types\/page"}],"author":[{"embeddable":true,"href":"https:\/\/sub.hotelteledom.sk\/en\/wp-json\/wp\/v2\/users\/1"}],"replies":[{"embeddable":true,"href":"https:\/\/sub.hotelteledom.sk\/en\/wp-json\/wp\/v2\/comments?post=2439"}],"version-history":[{"count":5,"href":"https:\/\/sub.hotelteledom.sk\/en\/wp-json\/wp\/v2\/pages\/2439\/revisions"}],"predecessor-version":[{"id":3090,"href":"https:\/\/sub.hotelteledom.sk\/en\/wp-json\/wp\/v2\/pages\/2439\/revisions\/3090"}],"wp:attachment":[{"href":"https:\/\/sub.hotelteledom.sk\/en\/wp-json\/wp\/v2\/media?parent=2439"}],"curies":[{"name":"wp","href":"https:\/\/api.w.org\/{rel}","templated":true}]}}