{"id":9827,"date":"2026-04-28T16:49:38","date_gmt":"2026-04-28T14:49:38","guid":{"rendered":"https:\/\/sub.hotelteledom.sk\/hochzeiten-raeume-im-herzen-der-stadt\/"},"modified":"2026-04-28T18:52:40","modified_gmt":"2026-04-28T16:52:40","slug":"hochzeiten-raeume-im-herzen-der-stadt","status":"publish","type":"page","link":"https:\/\/sub.hotelteledom.sk\/de\/hochzeiten-raeume-im-herzen-der-stadt\/","title":{"rendered":"Hochzeiten &#8211; R\u00e4ume im Herzen der Stadt"},"content":{"rendered":"<h2>Hochzeiten in Ko\u0161ice \u2013 Romantische R\u00e4umlichkeiten f\u00fcr Ihren gro\u00dfen Tag<\/h2>\n<h4>Wir bieten mehrere flexible S\u00e4le an. Wir richten kleine Hochzeiten ab 30 G\u00e4sten ebenso aus wie gro\u00dfe Feiern, bei denen problemlos 100 Personen feiern.<\/h4>\n<p>\t\t\tmax. Personen<br \/>\n\t\t\t\t0<br \/>\n\t\t\tFl\u00e4che in m\u00b2<br \/>\n\t\t\t\t0<\/p>\n<p>Alle S\u00e4le sind neutral und elegant gehalten, sodass keine Investitionen z. B. in die Dekoration von W\u00e4nden oder S\u00e4ulen erforderlich sind. Eine Dekoration in jeder beliebigen Farbe wirkt geschmackvoll und wird nicht gest\u00f6rt. Die S\u00e4le im Hotel TeleDom verf\u00fcgen \u00fcber hohe Decken, Klimaanlage und eine hochwertige Beschallung. Au\u00dferdem stehen eine gro\u00dfe Projektionsleinwand und ein Beamer zur Verf\u00fcgung. Bei deren Nutzung kann der Saal oder ein Teil davon abgedunkelt werden, damit Foto- oder Familienvideopr\u00e4sentationen besser zur Geltung kommen.<\/p>\n<p>Das Restaurant TeleDom hat sich auf die Organisation verschiedener Veranstaltungen und Feiern spezialisiert:<\/p>\n<ul>\n<li>Hochzeitsplanung<\/li>\n<li>Familienfeiern<\/li>\n<li>Schulabschlussfeiern<\/li>\n<li>Firmenveranstaltungen<\/li>\n<li>Themen- und saisonale Veranstaltungen<\/li>\n<\/ul>\n<p>\t\t\t<a href=\"#priestory\"><br \/>\n\t\t\t\t\t\t<\/a><\/p>\n<h2>Ein Ort f\u00fcr alle, die Sie lieb haben<\/h2>\n<h4>HOCHZEITSR\u00c4UME<\/h4>\n<p>Wir sind stolz darauf, Ihnen sch\u00f6ne und elegante R\u00e4umlichkeiten f\u00fcr Ihren Hochzeitstag bieten zu k\u00f6nnen, die die perfekte Atmosph\u00e4re f\u00fcr Ihre Hochzeitsfeier schaffen. Von intimen, romantischen R\u00e4umen bis hin zu gro\u00dfen, luxuri\u00f6sen S\u00e4len haben wir M\u00f6glichkeiten f\u00fcr jeden Geschmack und Stil. Unser professionelles und aufmerksames Team k\u00fcmmert sich um jedes Detail, damit Ihr Tag ein wirklich unvergessliches Erlebnis wird.<\/p>\n<p>\t\t\t\t\t\t\t\t\t\t\u00c1trium (bis 100 Personen)R\u00e1koczi-Salon (bis 20 Personen)Goldener Salon (bis 25 Personen)<br \/>\n\t\t\t\t\t\t\t\t\t\t\t\t\t\tPrevious slide<br \/>\n\t\t\t\t\t\t\t\t\t\t\t\t\t\tNext slide<\/p>\n<h4>\u00c1trium<\/h4>\n<p>bietet durch seine Anordnung Platz f\u00fcr bis zu 100 Personen. Der Raum ist ideal f\u00fcr gr\u00f6\u00dfere Hochzeitsfeiern,<br \/>\nFamilienfeiern (Geburtstage, Tauffeiern, Firmungen, Promotionen), Schulabschlussfeiern,<br \/>\nFirmenabende, Gesch\u00e4ftstreffen, Bankette, Empf\u00e4nge und B\u00e4lle.<\/p>\n<p>\t\t\t<a role=\"button\"><br \/>\n\t\t\t\t\t\t\t\t\tMehr Fotos<br \/>\n\t\t\t\t\t<\/a><\/p>\n<h4>R\u00e1koczi-Salon<\/h4>\n<p>mit einer Kapazit\u00e4t von bis zu 20 Personen ist ein idealer Ort f\u00fcr Familien- und Firmenveranstaltungen. Der Salon<br \/>\nbesteht aus zwei R\u00e4umen: im ersten \u2013 dem Speisebereich \u2013 und der zweite Bereich ist eine Entspannungszone<br \/>\nmit bequemen Ledersofas. Der Salon hat einen Hauch historischen Charmes und schafft eine angenehme,<br \/>\nintime Atmosph\u00e4re.<\/p>\n<p>\t\t\t<a role=\"button\"><br \/>\n\t\t\t\t\t\t\t\t\tMehr Fotos<br \/>\n\t\t\t\t\t<\/a><\/p>\n<h4>Goldener Salon<\/h4>\n<p>ist ein idealer Raum f\u00fcr kleinere Veranstaltungen mit einer Kapazit\u00e4t von bis zu 25 G\u00e4sten. Optisch wirkt er<br \/>\nsanft und vertr\u00e4umt; den Raum dominieren goldene T\u00f6ne und nat\u00fcrliches Tageslicht.<\/p>\n<p>\t\t\t<a href=\"#baliky\"><br \/>\n\t\t\t\t\t\t<\/a><\/p>\n<h2>UNSERE HOCHZEITSPAKETE<\/h2>\n<h4>WIR PASSEN ALLES INDIVIDUELL AN<\/h4>\n<p>Erleben Sie Ihren Traumhochzeitstag in der wundersch\u00f6nen Umgebung des Hotels TeleDom! Wir bieten besondere Hochzeitspakete, die Ihnen die Vorbereitungen erleichtern und daf\u00fcr sorgen, dass Ihr gro\u00dfer Tag wirklich unvergesslich wird. Wir bieten unseren G\u00e4sten exklusive R\u00e4umlichkeiten, erstklassige Gastronomie und professionellen Service, damit jedes Detail perfekt ist.<\/p>\n<h4>STANDARD<\/h4>\n<h5>49,00 \u20ac\/ Person<\/h5>\n<h4>PREMIUM<\/h4>\n<h5>54,00 \u20ac\/ Person<\/h5>\n<h4>EXCLUSIVE<\/h4>\n<h5>59,00 \u20ac\/ Person<\/h5>\n<p>* F\u00fcr Kinder bis 10 Jahre wird eine Kinderportion angeboten \u2013 sie wird mit der H\u00e4lfte des gesamten Pakets berechnet.<br \/>** Kinder bis 3 Jahre \u2013 ohne Verpflegung \/ individuelles Angebot.<\/p>\n<figure><img decoding=\"async\" src=\"https:\/\/sub.hotelteledom.sk\/wp-content\/uploads\/2024\/09\/ceri-10.webp\" alt=\"ceri-10.webp\" \/><\/figure>\n<figure><img decoding=\"async\" src=\"https:\/\/sub.hotelteledom.sk\/wp-content\/uploads\/2024\/09\/ceri-33.webp\" alt=\"ceri-33.webp\" \/><\/figure>\n<figure><img decoding=\"async\" src=\"https:\/\/sub.hotelteledom.sk\/wp-content\/uploads\/2024\/09\/ceri-36.webp\" alt=\"ceri-36.webp\" \/><\/figure>\n<figure><img decoding=\"async\" src=\"https:\/\/sub.hotelteledom.sk\/wp-content\/uploads\/2024\/09\/ceri-2.webp\" alt=\"ceri-2.webp\" \/><\/figure>\n<figure><img decoding=\"async\" src=\"https:\/\/sub.hotelteledom.sk\/wp-content\/uploads\/2024\/09\/IMG_2656-3.webp\" alt=\"IMG_2656-3.webp\" \/><\/figure>\n<figure><img decoding=\"async\" src=\"https:\/\/sub.hotelteledom.sk\/wp-content\/uploads\/2024\/09\/ceri-3-2.webp\" alt=\"ceri-3-2.webp\" \/><\/figure>\n<figure><img decoding=\"async\" src=\"https:\/\/sub.hotelteledom.sk\/wp-content\/uploads\/2024\/09\/ceri1.webp\" alt=\"ceri1.webp\" \/><\/figure>\n<h4>Zusatzleistungen<\/h4>\n<h5>Eigener Alkohol\/eigenes Geb\u00e4ck<\/h5>\n<p>M\u00f6glichkeit, eigenen Alkohol\/eigenes Geb\u00e4ck mitzubringen, gegen eine Geb\u00fchr von 5,00 \u20ac pro Erwachsener.<\/p>\n<h5>Mitbringen eigener Waren<\/h5>\n<p>M\u00f6glichkeit, eigene Waren bereits zwei Tage vor der Hochzeit zur Hochzeitsfeier zu liefern.<\/p>\n<h5>Hochzeitsdekoration<\/h5>\n<p>Grundlegende Dekoration \u2013 3,00 \u20ac pro Person (wei\u00dfe Tischdecken, Tischl\u00e4ufer, Stuhlhussen, Hochzeitsrequisiten, Servietten)<\/p>\n<h5>Saalmiete<\/h5>\n<p> bis 21:00 Uhr ist im Hochzeitsmen\u00fc enthalten. Nach 21:00 Uhr werden 50,00 \u20ac pro angefangener Stunde berechnet.<\/p>\n<p>* Regeln f\u00fcr die Saalmiete und die Hochzeitsfeier<\/p>\n<p>\t\t\t<a href=\"#contact\"><br \/>\n\t\t\t\t\t\t<\/a><\/p>\n<h2>KONTAKTIEREN SIE UNSER TEAM, DAS MIT IHNEN<br \/>\nALLE DETAILS UND M\u00d6GLICHKEITEN BESPRICHT<\/h2>\n<h5>Ing. J\u00e1n Fucsko<\/h5>\n<p>Restaurantleiter<\/p>\n<p>\t\t\t\t<a href=\"tel:+421553274405\" tabindex=\"-1\"><br \/>\n\t\t\t\t\t\t\t\t<\/a><\/p>\n<h6>\n\t\t\t\t\t\t<a href=\"tel:+421553274405\" ><br \/>\n\t\t\t\t\t\t\t+421 915 055 662\t\t\t\t\t\t<\/a><br \/>\n\t\t\t\t\t<\/h6>\n<p>\t\t\t\t<a href=\"mailto:restauracia@teledom.sk\" tabindex=\"-1\"><br \/>\n\t\t\t\t\t\t\t\t<\/a><\/p>\n<h6>\n\t\t\t\t\t\t<a href=\"mailto:restauracia@teledom.sk\" ><br \/>\n\t\t\t\t\t\t\trestauracia@teledom.sk\t\t\t\t\t\t<\/a><br \/>\n\t\t\t\t\t<\/h6>\n<p>\t\t\t\t\t<a href=\"https:\/\/www.facebook.com\/teledomonline\" target=\"_blank\"><br \/>\n\t\t\t\t\t\tFacebook<br \/>\n\t\t\t\t\t\t\t\t\t\t\t<\/a><br \/>\n\t\t\t\t\t<a href=\"https:\/\/www.instagram.com\/teledomonline\/\" target=\"_blank\"><br \/>\n\t\t\t\t\t\tInstagram<br \/>\n\t\t\t\t\t\t\t\t\t\t\t<\/a><br \/>\n\t\t\t\t\t<a href=\"mailto:restauracia@teledom.sk\" target=\"_blank\"><br \/>\n\t\t\t\t\t\tEnvelope<br \/>\n\t\t\t\t\t\t\t\t\t\t\t<\/a><br \/>\n\t\t\t<iframe loading=\"lazy\"\n\t\t\t\t\tsrc=\"https:\/\/maps.google.com\/maps?q=Timonova%20754%2F27%2C%20040%2001%20Star%C3%A9%20Mesto&#038;t=m&#038;z=15&#038;output=embed&#038;iwloc=near\"\n\t\t\t\t\ttitle=\"Timonova 754\/27, 040 01 Star\u00e9 Mesto\"\n\t\t\t\t\taria-label=\"Timonova 754\/27, 040 01 Star\u00e9 Mesto\"\n\t\t\t><\/iframe><\/p>\n","protected":false},"excerpt":{"rendered":"<p>Hochzeiten in Ko\u0161ice \u2013 Romantische R\u00e4umlichkeiten f\u00fcr Ihren gro\u00dfen Tag Wir bieten mehrere flexible S\u00e4le an. Wir richten kleine Hochzeiten ab 30 G\u00e4sten ebenso aus wie gro\u00dfe Feiern, bei denen problemlos 100 Personen feiern. max. Personen 0 Fl\u00e4che in m\u00b2 0 Alle S\u00e4le sind neutral und elegant gehalten, sodass keine Investitionen z. B. in die &#8230; <a title=\"Hochzeiten &#8211; R\u00e4ume im Herzen der Stadt\" class=\"read-more\" href=\"https:\/\/sub.hotelteledom.sk\/de\/hochzeiten-raeume-im-herzen-der-stadt\/\" aria-label=\"Mehr Informationen \u00fcber Hochzeiten &#8211; R\u00e4ume im Herzen der Stadt\">Weiterlesen<\/a><\/p>\n","protected":false},"author":10,"featured_media":0,"parent":0,"menu_order":0,"comment_status":"closed","ping_status":"closed","template":"elementor_header_footer","meta":{"_teledom_gallery_image_ids":[],"footnotes":""},"class_list":["post-9827","page","type-page","status-publish"],"yoast_head":"<!-- This site is optimized with the Yoast SEO Premium plugin v27.3 (Yoast SEO v27.3) - https:\/\/yoast.com\/product\/yoast-seo-premium-wordpress\/ -->\n<title>Hochzeiten Ko\u0161ice | Hochzeitss\u00e4le \u2013 Hotel Teledom***<\/title>\n<meta name=\"description\" content=\"Feiern Sie Ihre Hochzeit im Herzen von Ko\u0161ice. Elegante S\u00e4le f\u00fcr 30\u2013170 G\u00e4ste, komplettes Catering und Dekoration. Pakete STANDARD, PREMIUM und EXCLUSIVE.\" \/>\n<meta name=\"robots\" content=\"index, follow, max-snippet:-1, max-image-preview:large, max-video-preview:-1\" \/>\n<link rel=\"canonical\" href=\"https:\/\/sub.hotelteledom.sk\/ru\/\u0441\u0432\u0430\u0434\u044c\u0431\u044b-\u0437\u0430\u043b\u044b-\u0432-\u0441\u0435\u0440\u0434\u0446\u0435-\u0433\u043e\u0440\u043e\u0434\u0430\/\" \/>\n<meta property=\"og:locale\" content=\"de_DE\" \/>\n<meta property=\"og:type\" content=\"article\" \/>\n<meta property=\"og:title\" content=\"Hochzeiten - R\u00e4ume im Herzen der Stadt\" \/>\n<meta property=\"og:description\" content=\"Feiern Sie Ihre Hochzeit im Herzen von Ko\u0161ice. Elegante S\u00e4le f\u00fcr 30\u2013170 G\u00e4ste, komplettes Catering und Dekoration. Pakete STANDARD, PREMIUM und EXCLUSIVE.\" \/>\n<meta property=\"og:url\" content=\"https:\/\/sub.hotelteledom.sk\/ru\/\u0441\u0432\u0430\u0434\u044c\u0431\u044b-\u0437\u0430\u043b\u044b-\u0432-\u0441\u0435\u0440\u0434\u0446\u0435-\u0433\u043e\u0440\u043e\u0434\u0430\/\" \/>\n<meta property=\"og:site_name\" content=\"Hotel Teledom\" \/>\n<meta property=\"article:publisher\" content=\"https:\/\/www.facebook.com\/teledomonline\" \/>\n<meta property=\"article:modified_time\" content=\"2026-04-28T16:52:40+00:00\" \/>\n<meta property=\"og:image\" content=\"https:\/\/sub.hotelteledom.sk\/wp-content\/uploads\/2024\/09\/ceri-10.webp\" \/>\n<meta name=\"twitter:card\" content=\"summary_large_image\" \/>\n<meta name=\"twitter:label1\" content=\"Gesch\u00e4tzte Lesezeit\" \/>\n\t<meta name=\"twitter:data1\" content=\"3\u00a0Minuten\" \/>\n<script type=\"application\/ld+json\" class=\"yoast-schema-graph\">{\"@context\":\"https:\\\/\\\/schema.org\",\"@graph\":[{\"@type\":\"WebPage\",\"@id\":\"https:\\\/\\\/sub.hotelteledom.sk\\\/ru\\\/%d1%81%d0%b2%d0%b0%d0%b4%d1%8c%d0%b1%d1%8b-%d0%b7%d0%b0%d0%bb%d1%8b-%d0%b2-%d1%81%d0%b5%d1%80%d0%b4%d1%86%d0%b5-%d0%b3%d0%be%d1%80%d0%be%d0%b4%d0%b0\\\/\",\"url\":\"https:\\\/\\\/sub.hotelteledom.sk\\\/ru\\\/%d1%81%d0%b2%d0%b0%d0%b4%d1%8c%d0%b1%d1%8b-%d0%b7%d0%b0%d0%bb%d1%8b-%d0%b2-%d1%81%d0%b5%d1%80%d0%b4%d1%86%d0%b5-%d0%b3%d0%be%d1%80%d0%be%d0%b4%d0%b0\\\/\",\"name\":\"Hochzeiten Ko\u0161ice | Hochzeitss\u00e4le \u2013 Hotel Teledom***\",\"isPartOf\":{\"@id\":\"https:\\\/\\\/sub.hotelteledom.sk\\\/#website\"},\"primaryImageOfPage\":{\"@id\":\"https:\\\/\\\/sub.hotelteledom.sk\\\/ru\\\/%d1%81%d0%b2%d0%b0%d0%b4%d1%8c%d0%b1%d1%8b-%d0%b7%d0%b0%d0%bb%d1%8b-%d0%b2-%d1%81%d0%b5%d1%80%d0%b4%d1%86%d0%b5-%d0%b3%d0%be%d1%80%d0%be%d0%b4%d0%b0\\\/#primaryimage\"},\"image\":{\"@id\":\"https:\\\/\\\/sub.hotelteledom.sk\\\/ru\\\/%d1%81%d0%b2%d0%b0%d0%b4%d1%8c%d0%b1%d1%8b-%d0%b7%d0%b0%d0%bb%d1%8b-%d0%b2-%d1%81%d0%b5%d1%80%d0%b4%d1%86%d0%b5-%d0%b3%d0%be%d1%80%d0%be%d0%b4%d0%b0\\\/#primaryimage\"},\"thumbnailUrl\":\"https:\\\/\\\/sub.hotelteledom.sk\\\/wp-content\\\/uploads\\\/2024\\\/09\\\/ceri-10.webp\",\"datePublished\":\"2026-04-28T14:49:38+00:00\",\"dateModified\":\"2026-04-28T16:52:40+00:00\",\"description\":\"Feiern Sie Ihre Hochzeit im Herzen von Ko\u0161ice. Elegante S\u00e4le f\u00fcr 30\u2013170 G\u00e4ste, komplettes Catering und Dekoration. Pakete STANDARD, PREMIUM und EXCLUSIVE.\",\"breadcrumb\":{\"@id\":\"https:\\\/\\\/sub.hotelteledom.sk\\\/ru\\\/%d1%81%d0%b2%d0%b0%d0%b4%d1%8c%d0%b1%d1%8b-%d0%b7%d0%b0%d0%bb%d1%8b-%d0%b2-%d1%81%d0%b5%d1%80%d0%b4%d1%86%d0%b5-%d0%b3%d0%be%d1%80%d0%be%d0%b4%d0%b0\\\/#breadcrumb\"},\"inLanguage\":\"de\",\"potentialAction\":[{\"@type\":\"ReadAction\",\"target\":[\"https:\\\/\\\/sub.hotelteledom.sk\\\/ru\\\/%d1%81%d0%b2%d0%b0%d0%b4%d1%8c%d0%b1%d1%8b-%d0%b7%d0%b0%d0%bb%d1%8b-%d0%b2-%d1%81%d0%b5%d1%80%d0%b4%d1%86%d0%b5-%d0%b3%d0%be%d1%80%d0%be%d0%b4%d0%b0\\\/\"]}]},{\"@type\":\"ImageObject\",\"inLanguage\":\"de\",\"@id\":\"https:\\\/\\\/sub.hotelteledom.sk\\\/ru\\\/%d1%81%d0%b2%d0%b0%d0%b4%d1%8c%d0%b1%d1%8b-%d0%b7%d0%b0%d0%bb%d1%8b-%d0%b2-%d1%81%d0%b5%d1%80%d0%b4%d1%86%d0%b5-%d0%b3%d0%be%d1%80%d0%be%d0%b4%d0%b0\\\/#primaryimage\",\"url\":\"https:\\\/\\\/sub.hotelteledom.sk\\\/wp-content\\\/uploads\\\/2024\\\/09\\\/ceri-10.webp\",\"contentUrl\":\"https:\\\/\\\/sub.hotelteledom.sk\\\/wp-content\\\/uploads\\\/2024\\\/09\\\/ceri-10.webp\"},{\"@type\":\"BreadcrumbList\",\"@id\":\"https:\\\/\\\/sub.hotelteledom.sk\\\/ru\\\/%d1%81%d0%b2%d0%b0%d0%b4%d1%8c%d0%b1%d1%8b-%d0%b7%d0%b0%d0%bb%d1%8b-%d0%b2-%d1%81%d0%b5%d1%80%d0%b4%d1%86%d0%b5-%d0%b3%d0%be%d1%80%d0%be%d0%b4%d0%b0\\\/#breadcrumb\",\"itemListElement\":[{\"@type\":\"ListItem\",\"position\":1,\"name\":\"Domovsk\u00e1 str\u00e1nka\",\"item\":\"https:\\\/\\\/sub.hotelteledom.sk\\\/\"},{\"@type\":\"ListItem\",\"position\":2,\"name\":\"Hochzeiten &#8211; R\u00e4ume im Herzen der Stadt\"}]},{\"@type\":\"WebSite\",\"@id\":\"https:\\\/\\\/sub.hotelteledom.sk\\\/#website\",\"url\":\"https:\\\/\\\/sub.hotelteledom.sk\\\/\",\"name\":\"Hotel TeleDom & Conference Center\",\"description\":\"Trojhviezdi\u010dkov\u00fd hotel, re\u0161taur\u00e1cia Mestsk\u00e1 Pivnica a konferen\u010dn\u00e9 centrum v historickom centre Ko\u0161\u00edc, 200 m od D\u00f3mu sv. Al\u017ebety.\",\"publisher\":{\"@id\":\"https:\\\/\\\/sub.hotelteledom.sk\\\/#organization\"},\"alternateName\":\"Hotel TeleDom\",\"potentialAction\":[{\"@type\":\"SearchAction\",\"target\":{\"@type\":\"EntryPoint\",\"urlTemplate\":\"https:\\\/\\\/sub.hotelteledom.sk\\\/?s={search_term_string}\"},\"query-input\":{\"@type\":\"PropertyValueSpecification\",\"valueRequired\":true,\"valueName\":\"search_term_string\"}}],\"inLanguage\":\"de\"},{\"@type\":\"Organization\",\"@id\":\"https:\\\/\\\/sub.hotelteledom.sk\\\/#organization\",\"name\":\"Novitech Partner s.r.o.\",\"url\":\"https:\\\/\\\/sub.hotelteledom.sk\\\/\",\"logo\":{\"@type\":\"ImageObject\",\"inLanguage\":\"de\",\"@id\":\"https:\\\/\\\/sub.hotelteledom.sk\\\/#\\\/schema\\\/logo\\\/image\\\/\",\"url\":\"https:\\\/\\\/sub.hotelteledom.sk\\\/wp-content\\\/uploads\\\/2022\\\/08\\\/cropped-teledom-logotyp-2021-2_\u041c\u043e\u043d\u0442\u0430\u0436\u043d\u0430\u044f-\u043e\u0431\u043b\u0430\u0441\u0442\u044c-1.png\",\"contentUrl\":\"https:\\\/\\\/sub.hotelteledom.sk\\\/wp-content\\\/uploads\\\/2022\\\/08\\\/cropped-teledom-logotyp-2021-2_\u041c\u043e\u043d\u0442\u0430\u0436\u043d\u0430\u044f-\u043e\u0431\u043b\u0430\u0441\u0442\u044c-1.png\",\"width\":512,\"height\":512,\"caption\":\"Novitech Partner s.r.o.\"},\"image\":{\"@id\":\"https:\\\/\\\/sub.hotelteledom.sk\\\/#\\\/schema\\\/logo\\\/image\\\/\"},\"sameAs\":[\"https:\\\/\\\/www.facebook.com\\\/teledomonline\",\"https:\\\/\\\/www.instagram.com\\\/teledomkosice\\\/\"],\"description\":\"Trojhviezdi\u010dkov\u00fd hotel, re\u0161taur\u00e1cia Mestsk\u00e1 Pivnica a konferen\u010dn\u00e9 centrum v historickom centre Ko\u0161\u00edc, 200 m od D\u00f3mu sv. Al\u017ebety.\",\"email\":\"online@teledom.sk\",\"telephone\":\"+421 55 327 44 01\",\"legalName\":\"Novitech Partner s.r.o.\",\"foundingDate\":\"2001-01-08\",\"vatID\":\"SK2020061043\",\"taxID\":\"2020061043\",\"numberOfEmployees\":{\"@type\":\"QuantitativeValue\",\"minValue\":\"11\",\"maxValue\":\"50\"},\"publishingPrinciples\":\"https:\\\/\\\/sub.hotelteledom.sk\\\/gdpr-system-ochrany-osobnych-udajov-v-ramci-spolocnosti-novitech-partner-s-r-o\\\/\",\"ownershipFundingInfo\":\"https:\\\/\\\/sub.hotelteledom.sk\\\/gdpr-system-ochrany-osobnych-udajov-v-ramci-spolocnosti-novitech-partner-s-r-o\\\/\",\"actionableFeedbackPolicy\":\"https:\\\/\\\/sub.hotelteledom.sk\\\/gdpr-system-ochrany-osobnych-udajov-v-ramci-spolocnosti-novitech-partner-s-r-o\\\/\"}]}<\/script>\n<!-- \/ Yoast SEO Premium plugin. -->","yoast_head_json":{"title":"Hochzeiten Ko\u0161ice | Hochzeitss\u00e4le \u2013 Hotel Teledom***","description":"Feiern Sie Ihre Hochzeit im Herzen von Ko\u0161ice. Elegante S\u00e4le f\u00fcr 30\u2013170 G\u00e4ste, komplettes Catering und Dekoration. Pakete STANDARD, PREMIUM und EXCLUSIVE.","robots":{"index":"index","follow":"follow","max-snippet":"max-snippet:-1","max-image-preview":"max-image-preview:large","max-video-preview":"max-video-preview:-1"},"canonical":"https:\/\/sub.hotelteledom.sk\/ru\/\u0441\u0432\u0430\u0434\u044c\u0431\u044b-\u0437\u0430\u043b\u044b-\u0432-\u0441\u0435\u0440\u0434\u0446\u0435-\u0433\u043e\u0440\u043e\u0434\u0430\/","og_locale":"de_DE","og_type":"article","og_title":"Hochzeiten - R\u00e4ume im Herzen der Stadt","og_description":"Feiern Sie Ihre Hochzeit im Herzen von Ko\u0161ice. Elegante S\u00e4le f\u00fcr 30\u2013170 G\u00e4ste, komplettes Catering und Dekoration. Pakete STANDARD, PREMIUM und EXCLUSIVE.","og_url":"https:\/\/sub.hotelteledom.sk\/ru\/\u0441\u0432\u0430\u0434\u044c\u0431\u044b-\u0437\u0430\u043b\u044b-\u0432-\u0441\u0435\u0440\u0434\u0446\u0435-\u0433\u043e\u0440\u043e\u0434\u0430\/","og_site_name":"Hotel Teledom","article_publisher":"https:\/\/www.facebook.com\/teledomonline","article_modified_time":"2026-04-28T16:52:40+00:00","og_image":[{"url":"https:\/\/sub.hotelteledom.sk\/wp-content\/uploads\/2024\/09\/ceri-10.webp","type":"","width":"","height":""}],"twitter_card":"summary_large_image","twitter_misc":{"Gesch\u00e4tzte Lesezeit":"3\u00a0Minuten"},"schema":{"@context":"https:\/\/schema.org","@graph":[{"@type":"WebPage","@id":"https:\/\/sub.hotelteledom.sk\/ru\/%d1%81%d0%b2%d0%b0%d0%b4%d1%8c%d0%b1%d1%8b-%d0%b7%d0%b0%d0%bb%d1%8b-%d0%b2-%d1%81%d0%b5%d1%80%d0%b4%d1%86%d0%b5-%d0%b3%d0%be%d1%80%d0%be%d0%b4%d0%b0\/","url":"https:\/\/sub.hotelteledom.sk\/ru\/%d1%81%d0%b2%d0%b0%d0%b4%d1%8c%d0%b1%d1%8b-%d0%b7%d0%b0%d0%bb%d1%8b-%d0%b2-%d1%81%d0%b5%d1%80%d0%b4%d1%86%d0%b5-%d0%b3%d0%be%d1%80%d0%be%d0%b4%d0%b0\/","name":"Hochzeiten Ko\u0161ice | Hochzeitss\u00e4le \u2013 Hotel Teledom***","isPartOf":{"@id":"https:\/\/sub.hotelteledom.sk\/#website"},"primaryImageOfPage":{"@id":"https:\/\/sub.hotelteledom.sk\/ru\/%d1%81%d0%b2%d0%b0%d0%b4%d1%8c%d0%b1%d1%8b-%d0%b7%d0%b0%d0%bb%d1%8b-%d0%b2-%d1%81%d0%b5%d1%80%d0%b4%d1%86%d0%b5-%d0%b3%d0%be%d1%80%d0%be%d0%b4%d0%b0\/#primaryimage"},"image":{"@id":"https:\/\/sub.hotelteledom.sk\/ru\/%d1%81%d0%b2%d0%b0%d0%b4%d1%8c%d0%b1%d1%8b-%d0%b7%d0%b0%d0%bb%d1%8b-%d0%b2-%d1%81%d0%b5%d1%80%d0%b4%d1%86%d0%b5-%d0%b3%d0%be%d1%80%d0%be%d0%b4%d0%b0\/#primaryimage"},"thumbnailUrl":"https:\/\/sub.hotelteledom.sk\/wp-content\/uploads\/2024\/09\/ceri-10.webp","datePublished":"2026-04-28T14:49:38+00:00","dateModified":"2026-04-28T16:52:40+00:00","description":"Feiern Sie Ihre Hochzeit im Herzen von Ko\u0161ice. Elegante S\u00e4le f\u00fcr 30\u2013170 G\u00e4ste, komplettes Catering und Dekoration. Pakete STANDARD, PREMIUM und EXCLUSIVE.","breadcrumb":{"@id":"https:\/\/sub.hotelteledom.sk\/ru\/%d1%81%d0%b2%d0%b0%d0%b4%d1%8c%d0%b1%d1%8b-%d0%b7%d0%b0%d0%bb%d1%8b-%d0%b2-%d1%81%d0%b5%d1%80%d0%b4%d1%86%d0%b5-%d0%b3%d0%be%d1%80%d0%be%d0%b4%d0%b0\/#breadcrumb"},"inLanguage":"de","potentialAction":[{"@type":"ReadAction","target":["https:\/\/sub.hotelteledom.sk\/ru\/%d1%81%d0%b2%d0%b0%d0%b4%d1%8c%d0%b1%d1%8b-%d0%b7%d0%b0%d0%bb%d1%8b-%d0%b2-%d1%81%d0%b5%d1%80%d0%b4%d1%86%d0%b5-%d0%b3%d0%be%d1%80%d0%be%d0%b4%d0%b0\/"]}]},{"@type":"ImageObject","inLanguage":"de","@id":"https:\/\/sub.hotelteledom.sk\/ru\/%d1%81%d0%b2%d0%b0%d0%b4%d1%8c%d0%b1%d1%8b-%d0%b7%d0%b0%d0%bb%d1%8b-%d0%b2-%d1%81%d0%b5%d1%80%d0%b4%d1%86%d0%b5-%d0%b3%d0%be%d1%80%d0%be%d0%b4%d0%b0\/#primaryimage","url":"https:\/\/sub.hotelteledom.sk\/wp-content\/uploads\/2024\/09\/ceri-10.webp","contentUrl":"https:\/\/sub.hotelteledom.sk\/wp-content\/uploads\/2024\/09\/ceri-10.webp"},{"@type":"BreadcrumbList","@id":"https:\/\/sub.hotelteledom.sk\/ru\/%d1%81%d0%b2%d0%b0%d0%b4%d1%8c%d0%b1%d1%8b-%d0%b7%d0%b0%d0%bb%d1%8b-%d0%b2-%d1%81%d0%b5%d1%80%d0%b4%d1%86%d0%b5-%d0%b3%d0%be%d1%80%d0%be%d0%b4%d0%b0\/#breadcrumb","itemListElement":[{"@type":"ListItem","position":1,"name":"Domovsk\u00e1 str\u00e1nka","item":"https:\/\/sub.hotelteledom.sk\/"},{"@type":"ListItem","position":2,"name":"Hochzeiten &#8211; R\u00e4ume im Herzen der Stadt"}]},{"@type":"WebSite","@id":"https:\/\/sub.hotelteledom.sk\/#website","url":"https:\/\/sub.hotelteledom.sk\/","name":"Hotel TeleDom & Conference Center","description":"Trojhviezdi\u010dkov\u00fd hotel, re\u0161taur\u00e1cia Mestsk\u00e1 Pivnica a konferen\u010dn\u00e9 centrum v historickom centre Ko\u0161\u00edc, 200 m od D\u00f3mu sv. Al\u017ebety.","publisher":{"@id":"https:\/\/sub.hotelteledom.sk\/#organization"},"alternateName":"Hotel TeleDom","potentialAction":[{"@type":"SearchAction","target":{"@type":"EntryPoint","urlTemplate":"https:\/\/sub.hotelteledom.sk\/?s={search_term_string}"},"query-input":{"@type":"PropertyValueSpecification","valueRequired":true,"valueName":"search_term_string"}}],"inLanguage":"de"},{"@type":"Organization","@id":"https:\/\/sub.hotelteledom.sk\/#organization","name":"Novitech Partner s.r.o.","url":"https:\/\/sub.hotelteledom.sk\/","logo":{"@type":"ImageObject","inLanguage":"de","@id":"https:\/\/sub.hotelteledom.sk\/#\/schema\/logo\/image\/","url":"https:\/\/sub.hotelteledom.sk\/wp-content\/uploads\/2022\/08\/cropped-teledom-logotyp-2021-2_\u041c\u043e\u043d\u0442\u0430\u0436\u043d\u0430\u044f-\u043e\u0431\u043b\u0430\u0441\u0442\u044c-1.png","contentUrl":"https:\/\/sub.hotelteledom.sk\/wp-content\/uploads\/2022\/08\/cropped-teledom-logotyp-2021-2_\u041c\u043e\u043d\u0442\u0430\u0436\u043d\u0430\u044f-\u043e\u0431\u043b\u0430\u0441\u0442\u044c-1.png","width":512,"height":512,"caption":"Novitech Partner s.r.o."},"image":{"@id":"https:\/\/sub.hotelteledom.sk\/#\/schema\/logo\/image\/"},"sameAs":["https:\/\/www.facebook.com\/teledomonline","https:\/\/www.instagram.com\/teledomkosice\/"],"description":"Trojhviezdi\u010dkov\u00fd hotel, re\u0161taur\u00e1cia Mestsk\u00e1 Pivnica a konferen\u010dn\u00e9 centrum v historickom centre Ko\u0161\u00edc, 200 m od D\u00f3mu sv. Al\u017ebety.","email":"online@teledom.sk","telephone":"+421 55 327 44 01","legalName":"Novitech Partner s.r.o.","foundingDate":"2001-01-08","vatID":"SK2020061043","taxID":"2020061043","numberOfEmployees":{"@type":"QuantitativeValue","minValue":"11","maxValue":"50"},"publishingPrinciples":"https:\/\/sub.hotelteledom.sk\/gdpr-system-ochrany-osobnych-udajov-v-ramci-spolocnosti-novitech-partner-s-r-o\/","ownershipFundingInfo":"https:\/\/sub.hotelteledom.sk\/gdpr-system-ochrany-osobnych-udajov-v-ramci-spolocnosti-novitech-partner-s-r-o\/","actionableFeedbackPolicy":"https:\/\/sub.hotelteledom.sk\/gdpr-system-ochrany-osobnych-udajov-v-ramci-spolocnosti-novitech-partner-s-r-o\/"}]}},"_links":{"self":[{"href":"https:\/\/sub.hotelteledom.sk\/de\/wp-json\/wp\/v2\/pages\/9827","targetHints":{"allow":["GET"]}}],"collection":[{"href":"https:\/\/sub.hotelteledom.sk\/de\/wp-json\/wp\/v2\/pages"}],"about":[{"href":"https:\/\/sub.hotelteledom.sk\/de\/wp-json\/wp\/v2\/types\/page"}],"author":[{"embeddable":true,"href":"https:\/\/sub.hotelteledom.sk\/de\/wp-json\/wp\/v2\/users\/10"}],"replies":[{"embeddable":true,"href":"https:\/\/sub.hotelteledom.sk\/de\/wp-json\/wp\/v2\/comments?post=9827"}],"version-history":[{"count":5,"href":"https:\/\/sub.hotelteledom.sk\/de\/wp-json\/wp\/v2\/pages\/9827\/revisions"}],"predecessor-version":[{"id":9996,"href":"https:\/\/sub.hotelteledom.sk\/de\/wp-json\/wp\/v2\/pages\/9827\/revisions\/9996"}],"wp:attachment":[{"href":"https:\/\/sub.hotelteledom.sk\/de\/wp-json\/wp\/v2\/media?parent=9827"}],"curies":[{"name":"wp","href":"https:\/\/api.w.org\/{rel}","templated":true}]}}