{"id":9818,"date":"2026-04-28T16:49:08","date_gmt":"2026-04-28T14:49:08","guid":{"rendered":"https:\/\/sub.hotelteledom.sk\/mestska-pivnica\/"},"modified":"2026-04-28T18:52:06","modified_gmt":"2026-04-28T16:52:06","slug":"mestska-pivnica","status":"publish","type":"page","link":"https:\/\/sub.hotelteledom.sk\/de\/mestska-pivnica\/","title":{"rendered":"Mestsk\u00e1 Pivnica"},"content":{"rendered":"<p>MESTSK\u00c1 PIVNICAMESTSK\u00c1 PIVNICAMESTSK\u00c1 PIVNICA<br \/>\n\t\t\t\t\t\t\t\t\t\t\t\t\t\tPrevious slide<br \/>\n\t\t\t\t\t\t\t\t\t\t\t\t\t\tNext slide<\/p>\n<blockquote>\n<h4>Mestsk\u00e1 Pivnica ist ein einzigartiges Restaurant mit einer reichen Geschichte, die bis ins Jahr 1841 zur\u00fcckreicht. Es wurde elegant in seinen urspr\u00fcnglichen Zustand restauriert; eine Galerie historischer Fotografien und hochwertige Fasweine unterstreichen das Ambiente.&nbsp;<\/h4>\n<h4>Dieser stilvolle Keller empf\u00e4ngt unsere G\u00e4ste mit einem schmackhaften Tagesmen\u00fc und einer Auswahl an alkoholischen und alkoholfreien Getr\u00e4nken.&nbsp;<\/h4>\n<h4>Die Mestsk\u00e1 Pivnica vermittelt ein angenehmes Gef\u00fchl und Erholung w\u00e4hrend Ihrer Arbeitspause.<\/h4>\n<\/blockquote>\n","protected":false},"excerpt":{"rendered":"<p>MESTSK\u00c1 PIVNICAMESTSK\u00c1 PIVNICAMESTSK\u00c1 PIVNICA Previous slide Next slide Mestsk\u00e1 Pivnica ist ein einzigartiges Restaurant mit einer reichen Geschichte, die bis ins Jahr 1841 zur\u00fcckreicht. Es wurde elegant in seinen urspr\u00fcnglichen Zustand restauriert; eine Galerie historischer Fotografien und hochwertige Fasweine unterstreichen das Ambiente.&nbsp; Dieser stilvolle Keller empf\u00e4ngt unsere G\u00e4ste mit einem schmackhaften Tagesmen\u00fc und einer Auswahl &#8230; <a title=\"Mestsk\u00e1 Pivnica\" class=\"read-more\" href=\"https:\/\/sub.hotelteledom.sk\/de\/mestska-pivnica\/\" aria-label=\"Mehr Informationen \u00fcber Mestsk\u00e1 Pivnica\">Weiterlesen<\/a><\/p>\n","protected":false},"author":10,"featured_media":1739,"parent":0,"menu_order":0,"comment_status":"closed","ping_status":"closed","template":"elementor_header_footer","meta":{"_teledom_gallery_image_ids":[],"footnotes":""},"class_list":["post-9818","page","type-page","status-publish","has-post-thumbnail"],"yoast_head":"<!-- This site is optimized with the Yoast SEO Premium plugin v27.3 (Yoast SEO v27.3) - https:\/\/yoast.com\/product\/yoast-seo-premium-wordpress\/ -->\n<title>Mestsk\u00e1 Pivnica Ko\u0161ice | Historisches Restaurant seit 1841<\/title>\n<meta name=\"description\" content=\"Mestsk\u00e1 Pivnica \u2013 ein historisches Restaurant im Zentrum von Ko\u0161ice seit 1841. Elegant restauriert, ideal f\u00fcr Abendessen, Feiern und gesellschaftliche Anl\u00e4sse.\" \/>\n<meta name=\"robots\" content=\"index, follow, max-snippet:-1, max-image-preview:large, max-video-preview:-1\" \/>\n<link rel=\"canonical\" href=\"https:\/\/sub.hotelteledom.sk\/ru\/mestska-pivnica\/\" \/>\n<meta property=\"og:locale\" content=\"de_DE\" \/>\n<meta property=\"og:type\" content=\"article\" \/>\n<meta property=\"og:title\" content=\"Mestsk\u00e1 Pivnica\" \/>\n<meta property=\"og:description\" content=\"Mestsk\u00e1 Pivnica \u2013 ein historisches Restaurant im Zentrum von Ko\u0161ice seit 1841. Elegant restauriert, ideal f\u00fcr Abendessen, Feiern und gesellschaftliche Anl\u00e4sse.\" \/>\n<meta property=\"og:url\" content=\"https:\/\/sub.hotelteledom.sk\/ru\/mestska-pivnica\/\" \/>\n<meta property=\"og:site_name\" content=\"Hotel Teledom\" \/>\n<meta property=\"article:publisher\" content=\"https:\/\/www.facebook.com\/teledomonline\" \/>\n<meta property=\"article:modified_time\" content=\"2026-04-28T16:52:06+00:00\" \/>\n<meta property=\"og:image\" content=\"https:\/\/sub.hotelteledom.sk\/wp-content\/uploads\/2018\/08\/hotel-teledom-pivnica-2.jpg\" \/>\n\t<meta property=\"og:image:width\" content=\"1000\" \/>\n\t<meta property=\"og:image:height\" content=\"667\" \/>\n\t<meta property=\"og:image:type\" content=\"image\/jpeg\" \/>\n<meta name=\"twitter:card\" content=\"summary_large_image\" \/>\n<script type=\"application\/ld+json\" class=\"yoast-schema-graph\">{\"@context\":\"https:\\\/\\\/schema.org\",\"@graph\":[{\"@type\":\"WebPage\",\"@id\":\"https:\\\/\\\/sub.hotelteledom.sk\\\/ru\\\/mestska-pivnica\\\/\",\"url\":\"https:\\\/\\\/sub.hotelteledom.sk\\\/ru\\\/mestska-pivnica\\\/\",\"name\":\"Mestsk\u00e1 Pivnica Ko\u0161ice | Historisches Restaurant seit 1841\",\"isPartOf\":{\"@id\":\"https:\\\/\\\/sub.hotelteledom.sk\\\/#website\"},\"primaryImageOfPage\":{\"@id\":\"https:\\\/\\\/sub.hotelteledom.sk\\\/ru\\\/mestska-pivnica\\\/#primaryimage\"},\"image\":{\"@id\":\"https:\\\/\\\/sub.hotelteledom.sk\\\/ru\\\/mestska-pivnica\\\/#primaryimage\"},\"thumbnailUrl\":\"https:\\\/\\\/sub.hotelteledom.sk\\\/wp-content\\\/uploads\\\/2018\\\/08\\\/hotel-teledom-pivnica-2.jpg\",\"datePublished\":\"2026-04-28T14:49:08+00:00\",\"dateModified\":\"2026-04-28T16:52:06+00:00\",\"description\":\"Mestsk\u00e1 Pivnica \u2013 ein historisches Restaurant im Zentrum von Ko\u0161ice seit 1841. Elegant restauriert, ideal f\u00fcr Abendessen, Feiern und gesellschaftliche Anl\u00e4sse.\",\"breadcrumb\":{\"@id\":\"https:\\\/\\\/sub.hotelteledom.sk\\\/ru\\\/mestska-pivnica\\\/#breadcrumb\"},\"inLanguage\":\"de\",\"potentialAction\":[{\"@type\":\"ReadAction\",\"target\":[\"https:\\\/\\\/sub.hotelteledom.sk\\\/ru\\\/mestska-pivnica\\\/\"]}]},{\"@type\":\"ImageObject\",\"inLanguage\":\"de\",\"@id\":\"https:\\\/\\\/sub.hotelteledom.sk\\\/ru\\\/mestska-pivnica\\\/#primaryimage\",\"url\":\"https:\\\/\\\/sub.hotelteledom.sk\\\/wp-content\\\/uploads\\\/2018\\\/08\\\/hotel-teledom-pivnica-2.jpg\",\"contentUrl\":\"https:\\\/\\\/sub.hotelteledom.sk\\\/wp-content\\\/uploads\\\/2018\\\/08\\\/hotel-teledom-pivnica-2.jpg\",\"width\":1000,\"height\":667,\"caption\":\"Mestsk\u00e1 Pivnica \u2013 \u0161t\u00fdlov\u00e1 re\u0161taur\u00e1cia v Hoteli TeleDom\"},{\"@type\":\"BreadcrumbList\",\"@id\":\"https:\\\/\\\/sub.hotelteledom.sk\\\/ru\\\/mestska-pivnica\\\/#breadcrumb\",\"itemListElement\":[{\"@type\":\"ListItem\",\"position\":1,\"name\":\"Domovsk\u00e1 str\u00e1nka\",\"item\":\"https:\\\/\\\/sub.hotelteledom.sk\\\/\"},{\"@type\":\"ListItem\",\"position\":2,\"name\":\"Mestsk\u00e1 Pivnica\"}]},{\"@type\":\"WebSite\",\"@id\":\"https:\\\/\\\/sub.hotelteledom.sk\\\/#website\",\"url\":\"https:\\\/\\\/sub.hotelteledom.sk\\\/\",\"name\":\"Hotel TeleDom & Conference Center\",\"description\":\"Trojhviezdi\u010dkov\u00fd hotel, re\u0161taur\u00e1cia Mestsk\u00e1 Pivnica a konferen\u010dn\u00e9 centrum v historickom centre Ko\u0161\u00edc, 200 m od D\u00f3mu sv. Al\u017ebety.\",\"publisher\":{\"@id\":\"https:\\\/\\\/sub.hotelteledom.sk\\\/#organization\"},\"alternateName\":\"Hotel TeleDom\",\"potentialAction\":[{\"@type\":\"SearchAction\",\"target\":{\"@type\":\"EntryPoint\",\"urlTemplate\":\"https:\\\/\\\/sub.hotelteledom.sk\\\/?s={search_term_string}\"},\"query-input\":{\"@type\":\"PropertyValueSpecification\",\"valueRequired\":true,\"valueName\":\"search_term_string\"}}],\"inLanguage\":\"de\"},{\"@type\":\"Organization\",\"@id\":\"https:\\\/\\\/sub.hotelteledom.sk\\\/#organization\",\"name\":\"Novitech Partner s.r.o.\",\"url\":\"https:\\\/\\\/sub.hotelteledom.sk\\\/\",\"logo\":{\"@type\":\"ImageObject\",\"inLanguage\":\"de\",\"@id\":\"https:\\\/\\\/sub.hotelteledom.sk\\\/#\\\/schema\\\/logo\\\/image\\\/\",\"url\":\"https:\\\/\\\/sub.hotelteledom.sk\\\/wp-content\\\/uploads\\\/2022\\\/08\\\/cropped-teledom-logotyp-2021-2_\u041c\u043e\u043d\u0442\u0430\u0436\u043d\u0430\u044f-\u043e\u0431\u043b\u0430\u0441\u0442\u044c-1.png\",\"contentUrl\":\"https:\\\/\\\/sub.hotelteledom.sk\\\/wp-content\\\/uploads\\\/2022\\\/08\\\/cropped-teledom-logotyp-2021-2_\u041c\u043e\u043d\u0442\u0430\u0436\u043d\u0430\u044f-\u043e\u0431\u043b\u0430\u0441\u0442\u044c-1.png\",\"width\":512,\"height\":512,\"caption\":\"Novitech Partner s.r.o.\"},\"image\":{\"@id\":\"https:\\\/\\\/sub.hotelteledom.sk\\\/#\\\/schema\\\/logo\\\/image\\\/\"},\"sameAs\":[\"https:\\\/\\\/www.facebook.com\\\/teledomonline\",\"https:\\\/\\\/www.instagram.com\\\/teledomkosice\\\/\"],\"description\":\"Trojhviezdi\u010dkov\u00fd hotel, re\u0161taur\u00e1cia Mestsk\u00e1 Pivnica a konferen\u010dn\u00e9 centrum v historickom centre Ko\u0161\u00edc, 200 m od D\u00f3mu sv. Al\u017ebety.\",\"email\":\"online@teledom.sk\",\"telephone\":\"+421 55 327 44 01\",\"legalName\":\"Novitech Partner s.r.o.\",\"foundingDate\":\"2001-01-08\",\"vatID\":\"SK2020061043\",\"taxID\":\"2020061043\",\"numberOfEmployees\":{\"@type\":\"QuantitativeValue\",\"minValue\":\"11\",\"maxValue\":\"50\"},\"publishingPrinciples\":\"https:\\\/\\\/sub.hotelteledom.sk\\\/gdpr-system-ochrany-osobnych-udajov-v-ramci-spolocnosti-novitech-partner-s-r-o\\\/\",\"ownershipFundingInfo\":\"https:\\\/\\\/sub.hotelteledom.sk\\\/gdpr-system-ochrany-osobnych-udajov-v-ramci-spolocnosti-novitech-partner-s-r-o\\\/\",\"actionableFeedbackPolicy\":\"https:\\\/\\\/sub.hotelteledom.sk\\\/gdpr-system-ochrany-osobnych-udajov-v-ramci-spolocnosti-novitech-partner-s-r-o\\\/\"}]}<\/script>\n<!-- \/ Yoast SEO Premium plugin. -->","yoast_head_json":{"title":"Mestsk\u00e1 Pivnica Ko\u0161ice | Historisches Restaurant seit 1841","description":"Mestsk\u00e1 Pivnica \u2013 ein historisches Restaurant im Zentrum von Ko\u0161ice seit 1841. Elegant restauriert, ideal f\u00fcr Abendessen, Feiern und gesellschaftliche Anl\u00e4sse.","robots":{"index":"index","follow":"follow","max-snippet":"max-snippet:-1","max-image-preview":"max-image-preview:large","max-video-preview":"max-video-preview:-1"},"canonical":"https:\/\/sub.hotelteledom.sk\/ru\/mestska-pivnica\/","og_locale":"de_DE","og_type":"article","og_title":"Mestsk\u00e1 Pivnica","og_description":"Mestsk\u00e1 Pivnica \u2013 ein historisches Restaurant im Zentrum von Ko\u0161ice seit 1841. Elegant restauriert, ideal f\u00fcr Abendessen, Feiern und gesellschaftliche Anl\u00e4sse.","og_url":"https:\/\/sub.hotelteledom.sk\/ru\/mestska-pivnica\/","og_site_name":"Hotel Teledom","article_publisher":"https:\/\/www.facebook.com\/teledomonline","article_modified_time":"2026-04-28T16:52:06+00:00","og_image":[{"width":1000,"height":667,"url":"https:\/\/sub.hotelteledom.sk\/wp-content\/uploads\/2018\/08\/hotel-teledom-pivnica-2.jpg","type":"image\/jpeg"}],"twitter_card":"summary_large_image","schema":{"@context":"https:\/\/schema.org","@graph":[{"@type":"WebPage","@id":"https:\/\/sub.hotelteledom.sk\/ru\/mestska-pivnica\/","url":"https:\/\/sub.hotelteledom.sk\/ru\/mestska-pivnica\/","name":"Mestsk\u00e1 Pivnica Ko\u0161ice | Historisches Restaurant seit 1841","isPartOf":{"@id":"https:\/\/sub.hotelteledom.sk\/#website"},"primaryImageOfPage":{"@id":"https:\/\/sub.hotelteledom.sk\/ru\/mestska-pivnica\/#primaryimage"},"image":{"@id":"https:\/\/sub.hotelteledom.sk\/ru\/mestska-pivnica\/#primaryimage"},"thumbnailUrl":"https:\/\/sub.hotelteledom.sk\/wp-content\/uploads\/2018\/08\/hotel-teledom-pivnica-2.jpg","datePublished":"2026-04-28T14:49:08+00:00","dateModified":"2026-04-28T16:52:06+00:00","description":"Mestsk\u00e1 Pivnica \u2013 ein historisches Restaurant im Zentrum von Ko\u0161ice seit 1841. Elegant restauriert, ideal f\u00fcr Abendessen, Feiern und gesellschaftliche Anl\u00e4sse.","breadcrumb":{"@id":"https:\/\/sub.hotelteledom.sk\/ru\/mestska-pivnica\/#breadcrumb"},"inLanguage":"de","potentialAction":[{"@type":"ReadAction","target":["https:\/\/sub.hotelteledom.sk\/ru\/mestska-pivnica\/"]}]},{"@type":"ImageObject","inLanguage":"de","@id":"https:\/\/sub.hotelteledom.sk\/ru\/mestska-pivnica\/#primaryimage","url":"https:\/\/sub.hotelteledom.sk\/wp-content\/uploads\/2018\/08\/hotel-teledom-pivnica-2.jpg","contentUrl":"https:\/\/sub.hotelteledom.sk\/wp-content\/uploads\/2018\/08\/hotel-teledom-pivnica-2.jpg","width":1000,"height":667,"caption":"Mestsk\u00e1 Pivnica \u2013 \u0161t\u00fdlov\u00e1 re\u0161taur\u00e1cia v Hoteli TeleDom"},{"@type":"BreadcrumbList","@id":"https:\/\/sub.hotelteledom.sk\/ru\/mestska-pivnica\/#breadcrumb","itemListElement":[{"@type":"ListItem","position":1,"name":"Domovsk\u00e1 str\u00e1nka","item":"https:\/\/sub.hotelteledom.sk\/"},{"@type":"ListItem","position":2,"name":"Mestsk\u00e1 Pivnica"}]},{"@type":"WebSite","@id":"https:\/\/sub.hotelteledom.sk\/#website","url":"https:\/\/sub.hotelteledom.sk\/","name":"Hotel TeleDom & Conference Center","description":"Trojhviezdi\u010dkov\u00fd hotel, re\u0161taur\u00e1cia Mestsk\u00e1 Pivnica a konferen\u010dn\u00e9 centrum v historickom centre Ko\u0161\u00edc, 200 m od D\u00f3mu sv. Al\u017ebety.","publisher":{"@id":"https:\/\/sub.hotelteledom.sk\/#organization"},"alternateName":"Hotel TeleDom","potentialAction":[{"@type":"SearchAction","target":{"@type":"EntryPoint","urlTemplate":"https:\/\/sub.hotelteledom.sk\/?s={search_term_string}"},"query-input":{"@type":"PropertyValueSpecification","valueRequired":true,"valueName":"search_term_string"}}],"inLanguage":"de"},{"@type":"Organization","@id":"https:\/\/sub.hotelteledom.sk\/#organization","name":"Novitech Partner s.r.o.","url":"https:\/\/sub.hotelteledom.sk\/","logo":{"@type":"ImageObject","inLanguage":"de","@id":"https:\/\/sub.hotelteledom.sk\/#\/schema\/logo\/image\/","url":"https:\/\/sub.hotelteledom.sk\/wp-content\/uploads\/2022\/08\/cropped-teledom-logotyp-2021-2_\u041c\u043e\u043d\u0442\u0430\u0436\u043d\u0430\u044f-\u043e\u0431\u043b\u0430\u0441\u0442\u044c-1.png","contentUrl":"https:\/\/sub.hotelteledom.sk\/wp-content\/uploads\/2022\/08\/cropped-teledom-logotyp-2021-2_\u041c\u043e\u043d\u0442\u0430\u0436\u043d\u0430\u044f-\u043e\u0431\u043b\u0430\u0441\u0442\u044c-1.png","width":512,"height":512,"caption":"Novitech Partner s.r.o."},"image":{"@id":"https:\/\/sub.hotelteledom.sk\/#\/schema\/logo\/image\/"},"sameAs":["https:\/\/www.facebook.com\/teledomonline","https:\/\/www.instagram.com\/teledomkosice\/"],"description":"Trojhviezdi\u010dkov\u00fd hotel, re\u0161taur\u00e1cia Mestsk\u00e1 Pivnica a konferen\u010dn\u00e9 centrum v historickom centre Ko\u0161\u00edc, 200 m od D\u00f3mu sv. Al\u017ebety.","email":"online@teledom.sk","telephone":"+421 55 327 44 01","legalName":"Novitech Partner s.r.o.","foundingDate":"2001-01-08","vatID":"SK2020061043","taxID":"2020061043","numberOfEmployees":{"@type":"QuantitativeValue","minValue":"11","maxValue":"50"},"publishingPrinciples":"https:\/\/sub.hotelteledom.sk\/gdpr-system-ochrany-osobnych-udajov-v-ramci-spolocnosti-novitech-partner-s-r-o\/","ownershipFundingInfo":"https:\/\/sub.hotelteledom.sk\/gdpr-system-ochrany-osobnych-udajov-v-ramci-spolocnosti-novitech-partner-s-r-o\/","actionableFeedbackPolicy":"https:\/\/sub.hotelteledom.sk\/gdpr-system-ochrany-osobnych-udajov-v-ramci-spolocnosti-novitech-partner-s-r-o\/"}]}},"_links":{"self":[{"href":"https:\/\/sub.hotelteledom.sk\/de\/wp-json\/wp\/v2\/pages\/9818","targetHints":{"allow":["GET"]}}],"collection":[{"href":"https:\/\/sub.hotelteledom.sk\/de\/wp-json\/wp\/v2\/pages"}],"about":[{"href":"https:\/\/sub.hotelteledom.sk\/de\/wp-json\/wp\/v2\/types\/page"}],"author":[{"embeddable":true,"href":"https:\/\/sub.hotelteledom.sk\/de\/wp-json\/wp\/v2\/users\/10"}],"replies":[{"embeddable":true,"href":"https:\/\/sub.hotelteledom.sk\/de\/wp-json\/wp\/v2\/comments?post=9818"}],"version-history":[{"count":5,"href":"https:\/\/sub.hotelteledom.sk\/de\/wp-json\/wp\/v2\/pages\/9818\/revisions"}],"predecessor-version":[{"id":9988,"href":"https:\/\/sub.hotelteledom.sk\/de\/wp-json\/wp\/v2\/pages\/9818\/revisions\/9988"}],"wp:featuredmedia":[{"embeddable":true,"href":"https:\/\/sub.hotelteledom.sk\/de\/wp-json\/wp\/v2\/media\/1739"}],"wp:attachment":[{"href":"https:\/\/sub.hotelteledom.sk\/de\/wp-json\/wp\/v2\/media?parent=9818"}],"curies":[{"name":"wp","href":"https:\/\/api.w.org\/{rel}","templated":true}]}}