{"id":9797,"date":"2026-04-28T16:48:00","date_gmt":"2026-04-28T14:48:00","guid":{"rendered":"https:\/\/sub.hotelteledom.sk\/restaurant\/konferenzzentrum\/"},"modified":"2026-04-28T18:37:25","modified_gmt":"2026-04-28T16:37:25","slug":"konferenzzentrum","status":"publish","type":"page","link":"https:\/\/sub.hotelteledom.sk\/de\/restaurant\/konferenzzentrum\/","title":{"rendered":"Konferenzzentrum"},"content":{"rendered":"<h1>Suchen Sie einen Ort f\u00fcr Ihre Firmenveranstaltung oder Konferenz?<\/h1>\n<p style=\"text-align: center;\">Sie sind hier richtig. Bei der Organisation Ihrer Veranstaltungen sch\u00f6pfen wir gerne aus unserer langj\u00e4hrigen Erfahrung \u2013 wir sind seit \u00fcber 20 Jahren am Markt!<\/p>\n<p style=\"text-align: center;\"><strong>TeleDom<\/strong> ist ein 2001 gegr\u00fcndeter Konferenz-, Hotel- und Restaurantkomplex. Er befindet sich im historischen Stadtzentrum von Ko\u0161ice.<\/p>\n<p style=\"text-align: center;\">Wir bieten unseren Kunden ein umfangreiches Leistungsspektrum: von komfortabler Unterbringung, Verpflegung und qualifiziertem Personal bis hin zu technischer Ausstattung mit Schulungs- und Tagungsr\u00e4umen unterschiedlicher Kapazit\u00e4t.<\/p>\n<figure><img decoding=\"async\" src=\"https:\/\/sub.hotelteledom.sk\/wp-content\/uploads\/2024\/10\/aula-new-scaled-1024x683-1.webp\" alt=\"aula-new-scaled-1024x683-1.webp\" \/><\/figure>\n<figure><img decoding=\"async\" src=\"https:\/\/sub.hotelteledom.sk\/wp-content\/uploads\/2024\/10\/aula-3-2048x1365-1.webp\" alt=\"aula-3-2048x1365-1.webp\" \/><\/figure>\n<figure><img decoding=\"async\" src=\"https:\/\/sub.hotelteledom.sk\/wp-content\/uploads\/2024\/10\/aula2-2048x1365-1.webp\" alt=\"aula2-2048x1365-1.webp\" \/><\/figure>\n<h2>KONGRESSSAAL<br \/>\nALBERT-EINSTEIN-AULA<\/h2>\n<figure><img decoding=\"async\" src=\"https:\/\/sub.hotelteledom.sk\/wp-content\/uploads\/2024\/10\/aula-new-scaled-1024x683-1.webp\" alt=\"aula-new-scaled-1024x683-1.webp\" \/><\/figure>\n<figure><img decoding=\"async\" src=\"https:\/\/sub.hotelteledom.sk\/wp-content\/uploads\/2024\/10\/aula-3-2048x1365-1.webp\" alt=\"aula-3-2048x1365-1.webp\" \/><\/figure>\n<figure><img decoding=\"async\" src=\"https:\/\/sub.hotelteledom.sk\/wp-content\/uploads\/2024\/10\/aula2-2048x1365-1.webp\" alt=\"aula2-2048x1365-1.webp\" \/><\/figure>\n<p>Ein voll ausgestatteter Schulungsraum mit Klimaanlage und hochwertiger Beschallungsanlage.<\/p>\n<p>Bestens geeignet f\u00fcr Konferenzen, Seminare und andere Veranstaltungen, die eine gute Akustik und klare Sicht zum Vortragenden erfordern.<\/p>\n<p>Bestuhlung und Kapazit\u00e4t:<\/p>\n<ul>\n<li><strong>Bestuhlungsart: <\/strong>Auditorium<\/li>\n<li><strong>Kapazit\u00e4t: <\/strong>85\u201390 Personen<\/li>\n<\/ul>\n<h2>SPEZIALISIERTER MANAGEMENTSCHULUNGSRAUM P. F. DRUCKER<\/h2>\n<figure><img decoding=\"async\" src=\"https:\/\/sub.hotelteledom.sk\/wp-content\/uploads\/2024\/10\/mu207-2-1000x1365-1.webp\" alt=\"mu207-2-1000x1365-1.webp\" \/><\/figure>\n<figure><img decoding=\"async\" src=\"https:\/\/sub.hotelteledom.sk\/wp-content\/uploads\/2024\/10\/mu207-1000x1365-1.webp\" alt=\"mu207-1000x1365-1.webp\" \/><\/figure>\n<figure><img decoding=\"async\" src=\"https:\/\/sub.hotelteledom.sk\/wp-content\/uploads\/2024\/10\/mu207-3-1000x1365-1.webp\" alt=\"mu207-3-1000x1365-1.webp\" \/><\/figure>\n<p>Ein voll ausgestatteter Schulungsraum mit Klimaanlage, Flipchart und Pr\u00e4sentationstechnik.<\/p>\n<p>Genutzt f\u00fcr Workshops, Seminare und Schulungen.<\/p>\n<p>Bestuhlung und Kapazit\u00e4t:<\/p>\n<ul>\n<li><strong>U-Form:<\/strong> bis zu 18 Personen<\/li>\n<li><strong>Klassenzimmer:<\/strong> bis zu 27 Personen<\/li>\n<li><strong>Kinobestuhlung (ohne Tische):<\/strong> bis zu 30 Personen<\/li>\n<\/ul>\n<figure><img decoding=\"async\" src=\"https:\/\/sub.hotelteledom.sk\/wp-content\/uploads\/2024\/10\/MicrosoftTeams-image.jpg\" alt=\"MicrosoftTeams-image.jpg\" \/><\/figure>\n<figure><img decoding=\"async\" src=\"https:\/\/sub.hotelteledom.sk\/wp-content\/uploads\/2024\/10\/MicrosoftTeams-image-4.jpg\" alt=\"MicrosoftTeams-image-4.jpg\" \/><\/figure>\n<figure><img decoding=\"async\" src=\"https:\/\/sub.hotelteledom.sk\/wp-content\/uploads\/2024\/10\/MicrosoftTeams-image-3.jpg\" alt=\"MicrosoftTeams-image-3.jpg\" \/><\/figure>\n<figure><img decoding=\"async\" src=\"https:\/\/sub.hotelteledom.sk\/wp-content\/uploads\/2024\/10\/MicrosoftTeams-image-1.jpg\" alt=\"MicrosoftTeams-image-1.jpg\" \/><\/figure>\n<figure><img decoding=\"async\" src=\"https:\/\/sub.hotelteledom.sk\/wp-content\/uploads\/2024\/10\/MicrosoftTeams-image-2.jpg\" alt=\"MicrosoftTeams-image-2.jpg\" \/><\/figure>\n<figure><img decoding=\"async\" src=\"https:\/\/sub.hotelteledom.sk\/wp-content\/uploads\/2024\/10\/processed-1.webp\" alt=\"processed-1.webp\" \/><\/figure>\n<figure><img decoding=\"async\" src=\"https:\/\/sub.hotelteledom.sk\/wp-content\/uploads\/2024\/10\/processed-2.webp\" alt=\"Konferen\u010dn\u00e1 miestnos\u0165 v Hoteli TeleDom Ko\u0161ice \u2013 \u0161kolenia a semin\u00e1re\" \/><\/figure>\n<figure><img decoding=\"async\" src=\"https:\/\/sub.hotelteledom.sk\/wp-content\/uploads\/2024\/10\/processed-3.webp\" alt=\"Zasadacia miestnos\u0165 v Hoteli TeleDom Ko\u0161ice\" \/><\/figure>\n<figure><img decoding=\"async\" src=\"https:\/\/sub.hotelteledom.sk\/wp-content\/uploads\/2024\/10\/processed-4.webp\" alt=\"Konferen\u010dn\u00e9 priestory pre firemn\u00e9 podujatia \u2013 Hotel TeleDom Ko\u0161ice\" \/><\/figure>\n<h2>Managementschulungsraum<br \/>\nJ. VON NEUMANN<\/h2>\n<figure><img decoding=\"async\" src=\"https:\/\/sub.hotelteledom.sk\/wp-content\/uploads\/2024\/10\/processed-1.webp\" alt=\"processed-1.webp\" \/><\/figure>\n<figure><img decoding=\"async\" src=\"https:\/\/sub.hotelteledom.sk\/wp-content\/uploads\/2024\/10\/processed-2.webp\" alt=\"Konferen\u010dn\u00e1 miestnos\u0165 v Hoteli TeleDom Ko\u0161ice \u2013 \u0161kolenia a semin\u00e1re\" \/><\/figure>\n<figure><img decoding=\"async\" src=\"https:\/\/sub.hotelteledom.sk\/wp-content\/uploads\/2024\/10\/processed-3.webp\" alt=\"Zasadacia miestnos\u0165 v Hoteli TeleDom Ko\u0161ice\" \/><\/figure>\n<figure><img decoding=\"async\" src=\"https:\/\/sub.hotelteledom.sk\/wp-content\/uploads\/2024\/10\/processed-4.webp\" alt=\"Konferen\u010dn\u00e9 priestory pre firemn\u00e9 podujatia \u2013 Hotel TeleDom Ko\u0161ice\" \/><\/figure>\n<p>Ein voll ausgestatteter Schulungsraum mit Klimaanlage, Flipchart und Pr\u00e4sentationstechnik.<\/p>\n<p>Genutzt f\u00fcr E-Learning, Kurse, Workshops und Schulungen.<\/p>\n<p>Bestuhlung und Kapazit\u00e4t:<\/p>\n<ul>\n<li><strong>U-Form: <\/strong>bis zu 18 Personen<\/li>\n<li><strong>Klassenzimmer: <\/strong>bis zu 24 Personen<\/li>\n<li><strong>Kinobestuhlung (ohne Tische): <\/strong> bis zu 25 Personen<\/li>\n<\/ul>\n<h2>MANAGEMENTSCHULUNGSR\u00c4UME Nr. 307 UND Nr. 303<\/h2>\n<figure><img decoding=\"async\" src=\"https:\/\/sub.hotelteledom.sk\/wp-content\/uploads\/2024\/10\/8I0A0731-2048x1365-1.webp\" alt=\"8I0A0731-2048x1365-1.webp\" \/><\/figure>\n<figure><img decoding=\"async\" src=\"https:\/\/sub.hotelteledom.sk\/wp-content\/uploads\/2024\/10\/8I0A0738-2048x1365-1.webp\" alt=\"8I0A0738-2048x1365-1.webp\" \/><\/figure>\n<figure><img decoding=\"async\" src=\"https:\/\/sub.hotelteledom.sk\/wp-content\/uploads\/2024\/10\/aula-new-scaled-1024x683-2.webp\" alt=\"Konferen\u010dn\u00e1 miestnos\u0165 v Hoteli TeleDom Ko\u0161ice \u2013 \u0161kolenia a semin\u00e1re\" \/><\/figure>\n<p>Voll ausgestattete Schulungsr\u00e4ume mit Klimaanlage, Flipcharts und Pr\u00e4sentationstechnik.<\/p>\n<p>Genutzt f\u00fcr Workshops, Seminare und Schulungen.<\/p>\n<p>Bestuhlung und Kapazit\u00e4t:<\/p>\n<ul>\n<li><strong>U-Form:<\/strong> bis zu 18 Personen<\/li>\n<li><strong>Klassenzimmer:<\/strong> bis zu 27 Personen<\/li>\n<li><strong>Kinobestuhlung (ohne Tische):<\/strong> bis zu 30 Personen<\/li>\n<\/ul>\n<figure><img decoding=\"async\" src=\"https:\/\/sub.hotelteledom.sk\/wp-content\/uploads\/2024\/10\/8I0A0731-2048x1365-1.webp\" alt=\"8I0A0731-2048x1365-1.webp\" \/><\/figure>\n<figure><img decoding=\"async\" src=\"https:\/\/sub.hotelteledom.sk\/wp-content\/uploads\/2024\/10\/8I0A0738-2048x1365-1.webp\" alt=\"8I0A0738-2048x1365-1.webp\" \/><\/figure>\n<figure><img decoding=\"async\" src=\"https:\/\/sub.hotelteledom.sk\/wp-content\/uploads\/2024\/10\/aula-new-scaled-1024x683-2.webp\" alt=\"Konferen\u010dn\u00e1 miestnos\u0165 v Hoteli TeleDom Ko\u0161ice \u2013 \u0161kolenia a semin\u00e1re\" \/><\/figure>\n<h2>Bei Interesse z\u00f6gern Sie nicht, uns zu kontaktieren<br \/><\/h2>\n","protected":false},"excerpt":{"rendered":"<p>Suchen Sie einen Ort f\u00fcr Ihre Firmenveranstaltung oder Konferenz? Sie sind hier richtig. Bei der Organisation Ihrer Veranstaltungen sch\u00f6pfen wir gerne aus unserer langj\u00e4hrigen Erfahrung \u2013 wir sind seit \u00fcber 20 Jahren am Markt! TeleDom ist ein 2001 gegr\u00fcndeter Konferenz-, Hotel- und Restaurantkomplex. Er befindet sich im historischen Stadtzentrum von Ko\u0161ice. Wir bieten unseren Kunden &#8230; <a title=\"Konferenzzentrum\" class=\"read-more\" href=\"https:\/\/sub.hotelteledom.sk\/de\/restaurant\/konferenzzentrum\/\" aria-label=\"Mehr Informationen \u00fcber Konferenzzentrum\">Weiterlesen<\/a><\/p>\n","protected":false},"author":10,"featured_media":0,"parent":2511,"menu_order":0,"comment_status":"closed","ping_status":"closed","template":"elementor_header_footer","meta":{"_teledom_gallery_image_ids":[],"footnotes":""},"class_list":["post-9797","page","type-page","status-publish"],"yoast_head":"<!-- This site is optimized with the Yoast SEO Premium plugin v27.3 (Yoast SEO v27.3) - https:\/\/yoast.com\/product\/yoast-seo-premium-wordpress\/ -->\n<title>Konferenzzentrum Ko\u0161ice | S\u00e4le &amp; Tagungen \u2013 Hotel Teledom***<\/title>\n<meta name=\"description\" content=\"Konferenzzentrum im Hotel Teledom*** im Zentrum von Ko\u0161ice. S\u00e4le bis 170 Personen, Konferenztechnik, Klimaanlage, Catering und \u00dcbernachtung vor Ort.\" \/>\n<meta name=\"robots\" content=\"index, follow, max-snippet:-1, max-image-preview:large, max-video-preview:-1\" \/>\n<link rel=\"canonical\" href=\"https:\/\/sub.hotelteledom.sk\/restauracia\/konferencne-centrum1\/\" \/>\n<meta property=\"og:locale\" content=\"de_DE\" \/>\n<meta property=\"og:type\" content=\"article\" \/>\n<meta property=\"og:title\" content=\"Konferenzzentrum\" \/>\n<meta property=\"og:description\" content=\"Konferenzzentrum im Hotel Teledom*** im Zentrum von Ko\u0161ice. S\u00e4le bis 170 Personen, Konferenztechnik, Klimaanlage, Catering und \u00dcbernachtung vor Ort.\" \/>\n<meta property=\"og:url\" content=\"https:\/\/sub.hotelteledom.sk\/restauracia\/konferencne-centrum1\/\" \/>\n<meta property=\"og:site_name\" content=\"Hotel Teledom\" \/>\n<meta property=\"article:publisher\" content=\"https:\/\/www.facebook.com\/teledomonline\" \/>\n<meta property=\"article:modified_time\" content=\"2026-04-28T16:37:25+00:00\" \/>\n<meta property=\"og:image\" content=\"https:\/\/sub.hotelteledom.sk\/wp-content\/uploads\/2024\/10\/aula-new-scaled-1024x683-1.webp\" \/>\n<meta name=\"twitter:card\" content=\"summary_large_image\" \/>\n<meta name=\"twitter:label1\" content=\"Gesch\u00e4tzte Lesezeit\" \/>\n\t<meta name=\"twitter:data1\" content=\"1\u00a0Minute\" \/>\n<script type=\"application\/ld+json\" class=\"yoast-schema-graph\">{\"@context\":\"https:\\\/\\\/schema.org\",\"@graph\":[{\"@type\":\"WebPage\",\"@id\":\"https:\\\/\\\/sub.hotelteledom.sk\\\/restauracia\\\/konferencne-centrum1\\\/\",\"url\":\"https:\\\/\\\/sub.hotelteledom.sk\\\/restauracia\\\/konferencne-centrum1\\\/\",\"name\":\"Konferenzzentrum Ko\u0161ice | S\u00e4le & Tagungen \u2013 Hotel Teledom***\",\"isPartOf\":{\"@id\":\"https:\\\/\\\/sub.hotelteledom.sk\\\/#website\"},\"primaryImageOfPage\":{\"@id\":\"https:\\\/\\\/sub.hotelteledom.sk\\\/restauracia\\\/konferencne-centrum1\\\/#primaryimage\"},\"image\":{\"@id\":\"https:\\\/\\\/sub.hotelteledom.sk\\\/restauracia\\\/konferencne-centrum1\\\/#primaryimage\"},\"thumbnailUrl\":\"https:\\\/\\\/sub.hotelteledom.sk\\\/wp-content\\\/uploads\\\/2024\\\/10\\\/aula-new-scaled-1024x683-1.webp\",\"datePublished\":\"2026-04-28T14:48:00+00:00\",\"dateModified\":\"2026-04-28T16:37:25+00:00\",\"description\":\"Konferenzzentrum im Hotel Teledom*** im Zentrum von Ko\u0161ice. S\u00e4le bis 170 Personen, Konferenztechnik, Klimaanlage, Catering und \u00dcbernachtung vor Ort.\",\"breadcrumb\":{\"@id\":\"https:\\\/\\\/sub.hotelteledom.sk\\\/restauracia\\\/konferencne-centrum1\\\/#breadcrumb\"},\"inLanguage\":\"de\",\"potentialAction\":[{\"@type\":\"ReadAction\",\"target\":[\"https:\\\/\\\/sub.hotelteledom.sk\\\/restauracia\\\/konferencne-centrum1\\\/\"]}]},{\"@type\":\"ImageObject\",\"inLanguage\":\"de\",\"@id\":\"https:\\\/\\\/sub.hotelteledom.sk\\\/restauracia\\\/konferencne-centrum1\\\/#primaryimage\",\"url\":\"https:\\\/\\\/sub.hotelteledom.sk\\\/wp-content\\\/uploads\\\/2024\\\/10\\\/aula-new-scaled-1024x683-1.webp\",\"contentUrl\":\"https:\\\/\\\/sub.hotelteledom.sk\\\/wp-content\\\/uploads\\\/2024\\\/10\\\/aula-new-scaled-1024x683-1.webp\"},{\"@type\":\"BreadcrumbList\",\"@id\":\"https:\\\/\\\/sub.hotelteledom.sk\\\/restauracia\\\/konferencne-centrum1\\\/#breadcrumb\",\"itemListElement\":[{\"@type\":\"ListItem\",\"position\":1,\"name\":\"Domovsk\u00e1 str\u00e1nka\",\"item\":\"https:\\\/\\\/sub.hotelteledom.sk\\\/\"},{\"@type\":\"ListItem\",\"position\":2,\"name\":\"Restaurant\",\"item\":\"https:\\\/\\\/sub.hotelteledom.sk\\\/restauracia\\\/\"},{\"@type\":\"ListItem\",\"position\":3,\"name\":\"Konferenzzentrum\"}]},{\"@type\":\"WebSite\",\"@id\":\"https:\\\/\\\/sub.hotelteledom.sk\\\/#website\",\"url\":\"https:\\\/\\\/sub.hotelteledom.sk\\\/\",\"name\":\"Hotel TeleDom & Conference Center\",\"description\":\"Trojhviezdi\u010dkov\u00fd hotel, re\u0161taur\u00e1cia Mestsk\u00e1 Pivnica a konferen\u010dn\u00e9 centrum v historickom centre Ko\u0161\u00edc, 200 m od D\u00f3mu sv. Al\u017ebety.\",\"publisher\":{\"@id\":\"https:\\\/\\\/sub.hotelteledom.sk\\\/#organization\"},\"alternateName\":\"Hotel TeleDom\",\"potentialAction\":[{\"@type\":\"SearchAction\",\"target\":{\"@type\":\"EntryPoint\",\"urlTemplate\":\"https:\\\/\\\/sub.hotelteledom.sk\\\/?s={search_term_string}\"},\"query-input\":{\"@type\":\"PropertyValueSpecification\",\"valueRequired\":true,\"valueName\":\"search_term_string\"}}],\"inLanguage\":\"de\"},{\"@type\":\"Organization\",\"@id\":\"https:\\\/\\\/sub.hotelteledom.sk\\\/#organization\",\"name\":\"Novitech Partner s.r.o.\",\"url\":\"https:\\\/\\\/sub.hotelteledom.sk\\\/\",\"logo\":{\"@type\":\"ImageObject\",\"inLanguage\":\"de\",\"@id\":\"https:\\\/\\\/sub.hotelteledom.sk\\\/#\\\/schema\\\/logo\\\/image\\\/\",\"url\":\"https:\\\/\\\/sub.hotelteledom.sk\\\/wp-content\\\/uploads\\\/2022\\\/08\\\/cropped-teledom-logotyp-2021-2_\u041c\u043e\u043d\u0442\u0430\u0436\u043d\u0430\u044f-\u043e\u0431\u043b\u0430\u0441\u0442\u044c-1.png\",\"contentUrl\":\"https:\\\/\\\/sub.hotelteledom.sk\\\/wp-content\\\/uploads\\\/2022\\\/08\\\/cropped-teledom-logotyp-2021-2_\u041c\u043e\u043d\u0442\u0430\u0436\u043d\u0430\u044f-\u043e\u0431\u043b\u0430\u0441\u0442\u044c-1.png\",\"width\":512,\"height\":512,\"caption\":\"Novitech Partner s.r.o.\"},\"image\":{\"@id\":\"https:\\\/\\\/sub.hotelteledom.sk\\\/#\\\/schema\\\/logo\\\/image\\\/\"},\"sameAs\":[\"https:\\\/\\\/www.facebook.com\\\/teledomonline\",\"https:\\\/\\\/www.instagram.com\\\/teledomkosice\\\/\"],\"description\":\"Trojhviezdi\u010dkov\u00fd hotel, re\u0161taur\u00e1cia Mestsk\u00e1 Pivnica a konferen\u010dn\u00e9 centrum v historickom centre Ko\u0161\u00edc, 200 m od D\u00f3mu sv. Al\u017ebety.\",\"email\":\"online@teledom.sk\",\"telephone\":\"+421 55 327 44 01\",\"legalName\":\"Novitech Partner s.r.o.\",\"foundingDate\":\"2001-01-08\",\"vatID\":\"SK2020061043\",\"taxID\":\"2020061043\",\"numberOfEmployees\":{\"@type\":\"QuantitativeValue\",\"minValue\":\"11\",\"maxValue\":\"50\"},\"publishingPrinciples\":\"https:\\\/\\\/sub.hotelteledom.sk\\\/gdpr-system-ochrany-osobnych-udajov-v-ramci-spolocnosti-novitech-partner-s-r-o\\\/\",\"ownershipFundingInfo\":\"https:\\\/\\\/sub.hotelteledom.sk\\\/gdpr-system-ochrany-osobnych-udajov-v-ramci-spolocnosti-novitech-partner-s-r-o\\\/\",\"actionableFeedbackPolicy\":\"https:\\\/\\\/sub.hotelteledom.sk\\\/gdpr-system-ochrany-osobnych-udajov-v-ramci-spolocnosti-novitech-partner-s-r-o\\\/\"}]}<\/script>\n<!-- \/ Yoast SEO Premium plugin. -->","yoast_head_json":{"title":"Konferenzzentrum Ko\u0161ice | S\u00e4le & Tagungen \u2013 Hotel Teledom***","description":"Konferenzzentrum im Hotel Teledom*** im Zentrum von Ko\u0161ice. S\u00e4le bis 170 Personen, Konferenztechnik, Klimaanlage, Catering und \u00dcbernachtung vor Ort.","robots":{"index":"index","follow":"follow","max-snippet":"max-snippet:-1","max-image-preview":"max-image-preview:large","max-video-preview":"max-video-preview:-1"},"canonical":"https:\/\/sub.hotelteledom.sk\/restauracia\/konferencne-centrum1\/","og_locale":"de_DE","og_type":"article","og_title":"Konferenzzentrum","og_description":"Konferenzzentrum im Hotel Teledom*** im Zentrum von Ko\u0161ice. S\u00e4le bis 170 Personen, Konferenztechnik, Klimaanlage, Catering und \u00dcbernachtung vor Ort.","og_url":"https:\/\/sub.hotelteledom.sk\/restauracia\/konferencne-centrum1\/","og_site_name":"Hotel Teledom","article_publisher":"https:\/\/www.facebook.com\/teledomonline","article_modified_time":"2026-04-28T16:37:25+00:00","og_image":[{"url":"https:\/\/sub.hotelteledom.sk\/wp-content\/uploads\/2024\/10\/aula-new-scaled-1024x683-1.webp","type":"","width":"","height":""}],"twitter_card":"summary_large_image","twitter_misc":{"Gesch\u00e4tzte Lesezeit":"1\u00a0Minute"},"schema":{"@context":"https:\/\/schema.org","@graph":[{"@type":"WebPage","@id":"https:\/\/sub.hotelteledom.sk\/restauracia\/konferencne-centrum1\/","url":"https:\/\/sub.hotelteledom.sk\/restauracia\/konferencne-centrum1\/","name":"Konferenzzentrum Ko\u0161ice | S\u00e4le & Tagungen \u2013 Hotel Teledom***","isPartOf":{"@id":"https:\/\/sub.hotelteledom.sk\/#website"},"primaryImageOfPage":{"@id":"https:\/\/sub.hotelteledom.sk\/restauracia\/konferencne-centrum1\/#primaryimage"},"image":{"@id":"https:\/\/sub.hotelteledom.sk\/restauracia\/konferencne-centrum1\/#primaryimage"},"thumbnailUrl":"https:\/\/sub.hotelteledom.sk\/wp-content\/uploads\/2024\/10\/aula-new-scaled-1024x683-1.webp","datePublished":"2026-04-28T14:48:00+00:00","dateModified":"2026-04-28T16:37:25+00:00","description":"Konferenzzentrum im Hotel Teledom*** im Zentrum von Ko\u0161ice. S\u00e4le bis 170 Personen, Konferenztechnik, Klimaanlage, Catering und \u00dcbernachtung vor Ort.","breadcrumb":{"@id":"https:\/\/sub.hotelteledom.sk\/restauracia\/konferencne-centrum1\/#breadcrumb"},"inLanguage":"de","potentialAction":[{"@type":"ReadAction","target":["https:\/\/sub.hotelteledom.sk\/restauracia\/konferencne-centrum1\/"]}]},{"@type":"ImageObject","inLanguage":"de","@id":"https:\/\/sub.hotelteledom.sk\/restauracia\/konferencne-centrum1\/#primaryimage","url":"https:\/\/sub.hotelteledom.sk\/wp-content\/uploads\/2024\/10\/aula-new-scaled-1024x683-1.webp","contentUrl":"https:\/\/sub.hotelteledom.sk\/wp-content\/uploads\/2024\/10\/aula-new-scaled-1024x683-1.webp"},{"@type":"BreadcrumbList","@id":"https:\/\/sub.hotelteledom.sk\/restauracia\/konferencne-centrum1\/#breadcrumb","itemListElement":[{"@type":"ListItem","position":1,"name":"Domovsk\u00e1 str\u00e1nka","item":"https:\/\/sub.hotelteledom.sk\/"},{"@type":"ListItem","position":2,"name":"Restaurant","item":"https:\/\/sub.hotelteledom.sk\/restauracia\/"},{"@type":"ListItem","position":3,"name":"Konferenzzentrum"}]},{"@type":"WebSite","@id":"https:\/\/sub.hotelteledom.sk\/#website","url":"https:\/\/sub.hotelteledom.sk\/","name":"Hotel TeleDom & Conference Center","description":"Trojhviezdi\u010dkov\u00fd hotel, re\u0161taur\u00e1cia Mestsk\u00e1 Pivnica a konferen\u010dn\u00e9 centrum v historickom centre Ko\u0161\u00edc, 200 m od D\u00f3mu sv. Al\u017ebety.","publisher":{"@id":"https:\/\/sub.hotelteledom.sk\/#organization"},"alternateName":"Hotel TeleDom","potentialAction":[{"@type":"SearchAction","target":{"@type":"EntryPoint","urlTemplate":"https:\/\/sub.hotelteledom.sk\/?s={search_term_string}"},"query-input":{"@type":"PropertyValueSpecification","valueRequired":true,"valueName":"search_term_string"}}],"inLanguage":"de"},{"@type":"Organization","@id":"https:\/\/sub.hotelteledom.sk\/#organization","name":"Novitech Partner s.r.o.","url":"https:\/\/sub.hotelteledom.sk\/","logo":{"@type":"ImageObject","inLanguage":"de","@id":"https:\/\/sub.hotelteledom.sk\/#\/schema\/logo\/image\/","url":"https:\/\/sub.hotelteledom.sk\/wp-content\/uploads\/2022\/08\/cropped-teledom-logotyp-2021-2_\u041c\u043e\u043d\u0442\u0430\u0436\u043d\u0430\u044f-\u043e\u0431\u043b\u0430\u0441\u0442\u044c-1.png","contentUrl":"https:\/\/sub.hotelteledom.sk\/wp-content\/uploads\/2022\/08\/cropped-teledom-logotyp-2021-2_\u041c\u043e\u043d\u0442\u0430\u0436\u043d\u0430\u044f-\u043e\u0431\u043b\u0430\u0441\u0442\u044c-1.png","width":512,"height":512,"caption":"Novitech Partner s.r.o."},"image":{"@id":"https:\/\/sub.hotelteledom.sk\/#\/schema\/logo\/image\/"},"sameAs":["https:\/\/www.facebook.com\/teledomonline","https:\/\/www.instagram.com\/teledomkosice\/"],"description":"Trojhviezdi\u010dkov\u00fd hotel, re\u0161taur\u00e1cia Mestsk\u00e1 Pivnica a konferen\u010dn\u00e9 centrum v historickom centre Ko\u0161\u00edc, 200 m od D\u00f3mu sv. Al\u017ebety.","email":"online@teledom.sk","telephone":"+421 55 327 44 01","legalName":"Novitech Partner s.r.o.","foundingDate":"2001-01-08","vatID":"SK2020061043","taxID":"2020061043","numberOfEmployees":{"@type":"QuantitativeValue","minValue":"11","maxValue":"50"},"publishingPrinciples":"https:\/\/sub.hotelteledom.sk\/gdpr-system-ochrany-osobnych-udajov-v-ramci-spolocnosti-novitech-partner-s-r-o\/","ownershipFundingInfo":"https:\/\/sub.hotelteledom.sk\/gdpr-system-ochrany-osobnych-udajov-v-ramci-spolocnosti-novitech-partner-s-r-o\/","actionableFeedbackPolicy":"https:\/\/sub.hotelteledom.sk\/gdpr-system-ochrany-osobnych-udajov-v-ramci-spolocnosti-novitech-partner-s-r-o\/"}]}},"_links":{"self":[{"href":"https:\/\/sub.hotelteledom.sk\/de\/wp-json\/wp\/v2\/pages\/9797","targetHints":{"allow":["GET"]}}],"collection":[{"href":"https:\/\/sub.hotelteledom.sk\/de\/wp-json\/wp\/v2\/pages"}],"about":[{"href":"https:\/\/sub.hotelteledom.sk\/de\/wp-json\/wp\/v2\/types\/page"}],"author":[{"embeddable":true,"href":"https:\/\/sub.hotelteledom.sk\/de\/wp-json\/wp\/v2\/users\/10"}],"replies":[{"embeddable":true,"href":"https:\/\/sub.hotelteledom.sk\/de\/wp-json\/wp\/v2\/comments?post=9797"}],"version-history":[{"count":5,"href":"https:\/\/sub.hotelteledom.sk\/de\/wp-json\/wp\/v2\/pages\/9797\/revisions"}],"predecessor-version":[{"id":9952,"href":"https:\/\/sub.hotelteledom.sk\/de\/wp-json\/wp\/v2\/pages\/9797\/revisions\/9952"}],"up":[{"embeddable":true,"href":"https:\/\/sub.hotelteledom.sk\/de\/wp-json\/wp\/v2\/pages\/2511"}],"wp:attachment":[{"href":"https:\/\/sub.hotelteledom.sk\/de\/wp-json\/wp\/v2\/media?parent=9797"}],"curies":[{"name":"wp","href":"https:\/\/api.w.org\/{rel}","templated":true}]}}