{"id":2511,"date":"2019-03-10T15:56:18","date_gmt":"2019-03-10T14:56:18","guid":{"rendered":"https:\/\/sub.hotelteledom.sk\/?page_id=2511"},"modified":"2026-04-28T18:36:10","modified_gmt":"2026-04-28T16:36:10","slug":"restaurant","status":"publish","type":"page","link":"https:\/\/sub.hotelteledom.sk\/de\/restaurant\/","title":{"rendered":"Restaurant"},"content":{"rendered":"<h4 style=\"text-align: center;\">Das Restaurant TeleDom bietet seinen G\u00e4sten ein breites Spektrum an Dienstleistungen und R\u00e4umlichkeiten \u2013 passend zur Art Ihrer Veranstaltung. Zum Hotel geh\u00f6rt das stilvolle Restaurant \u00c1trium, das f\u00fcr Feiern, Hochzeiten, Konferenzen und Veranstaltungen aller Art genutzt wird. Hier k\u00f6nnen Sie Erfrischungen, Catering und Coffee Breaks bestellen oder einfach nur die R\u00e4ume mieten.<\/h4>\n<p>\t\t\t\t\t\t\t\t\t\tSlide HeadingLorem ipsum dolor sit amet, consectetur adipiscing elit. Ut elit tellus, luctus nec ullamcorper mattis, pulvinar dapibus leo.Click Here<br \/>\n\t\t\t\t\t\t\t\t\t\t\t\t\t\tPredo\u0161l\u00e9<br \/>\n\t\t\t\t\t\t\t\t\t\t\t\t\t\t\u010eal\u0161ie<\/p>\n<h4><strong>Restaurant \u00c1trium<\/strong><\/h4>\n<h4>Das Restaurant \u00c1trium ist Teil des Hotels TeleDom Hotel***.<\/h4>\n<h4>Wir organisieren mit Freude f\u00fcr Sie: Hochzeitsfeiern, Familienfeiern (Geburtstage, Tauffeiern, Firmungen, Promotionen), Schulabschlussfeiern, Firmenabende, Gesch\u00e4ftstreffen, Bankette, Empf\u00e4nge und B\u00e4lle.<\/h4>\n<h4>F\u00fcr gesch\u00e4ftliche, private oder famili\u00e4re Treffen stehen Salons mit ausreichend Privatsph\u00e4re zur Verf\u00fcgung. Sehen Sie selbst.<\/h4>\n<p>\t\t\t<a href=\"https:\/\/sub.hotelteledom.sk\/de\/reservierung-von-restaurantraeumen\/\"><br \/>\n\t\t\t\t\t\t\t\t\tTermin reservieren<br \/>\n\t\t\t\t\t<\/a><\/p>\n<h4><strong>R\u00e1koczi-Salon \/ Salons<\/strong><\/h4>\n<h4>Der R\u00e1koczi-Salon ist ein idealer Ort f\u00fcr Familien- oder Firmenveranstaltungen. <\/h4>\n<h4>Der Salon besteht aus zwei R\u00e4umen; im Speisebereich finden bis zu 20 G\u00e4ste Platz. <\/h4>\n<h4>Z\u00f6gern Sie nicht, unser Personal zu kontaktieren \u2013 neben der Raumvermietung organisieren wir auch das Catering.<\/h4>\n<p>\t\t\t<a href=\"https:\/\/sub.hotelteledom.sk\/de\/reservierung-von-restaurantraeumen\/\"><br \/>\n\t\t\t\t\t\t\t\t\tTermin reservieren<br \/>\n\t\t\t\t\t<\/a><br \/>\n\t\t\t\t\t\t\t\t\t\t\t\t\t\tPrevious slide<br \/>\n\t\t\t\t\t\t\t\t\t\t\t\t\t\tNext slide<br \/>\n\t\t\t\t\t\t\t\t\t\t\t\t\t\tPredo\u0161l\u00e9<br \/>\n\t\t\t\t\t\t\t\t\t\t\t\t\t\t\u010eal\u0161ie<br \/>\n\t\t\t\t\t\t\t\t\t\t\t\t\t\tPrevious slide<br \/>\n\t\t\t\t\t\t\t\t\t\t\t\t\t\tNext slide<br \/>\n\t\t\t\t\t\t\t\t\t\t\t\t\t\tPredo\u0161l\u00e9<br \/>\n\t\t\t\t\t\t\t\t\t\t\t\t\t\t\u010eal\u0161ie<\/p>\n<h4><strong>Kleiner Goldener Salon <\/strong><\/h4>\n<h4>Der kleine Salon ist ein weiterer idealer Raum f\u00fcr kleinere Veranstaltungen.<\/h4>\n<h4>In dem sch\u00f6nen, hellen Raum finden 22 G\u00e4ste Platz.<\/h4>\n<h4>Z\u00f6gern Sie nicht, unser Personal zu kontaktieren \u2013 neben der Raumvermietung organisieren wir auch das Catering.<\/h4>\n<p>\t\t\t<a href=\"https:\/\/sub.hotelteledom.sk\/de\/reservierung-von-restaurantraeumen\/\"><br \/>\n\t\t\t\t\t\t\t\t\tTermin reservieren<br \/>\n\t\t\t\t\t<\/a><\/p>\n<h3 style=\"text-align: center;\">RAUMGRUNDRISS<\/h3>\n<p>\t\t\t\t\t\t\t\t\t\t\t\t\t<img loading=\"lazy\" decoding=\"async\" width=\"1500\" height=\"1013\" src=\"https:\/\/sub.hotelteledom.sk\/wp-content\/uploads\/2018\/04\/hotel-teledom-floor-plan-1.png\" alt=\"\" srcset=\"https:\/\/sub.hotelteledom.sk\/wp-content\/uploads\/2018\/04\/hotel-teledom-floor-plan-1.png 1500w, https:\/\/sub.hotelteledom.sk\/wp-content\/uploads\/2018\/04\/hotel-teledom-floor-plan-1-300x203.png 300w, https:\/\/sub.hotelteledom.sk\/wp-content\/uploads\/2018\/04\/hotel-teledom-floor-plan-1-768x519.png 768w, https:\/\/sub.hotelteledom.sk\/wp-content\/uploads\/2018\/04\/hotel-teledom-floor-plan-1-1024x692.png 1024w\" sizes=\"auto, (max-width: 1500px) 100vw, 1500px\" \/><\/p>\n","protected":false},"excerpt":{"rendered":"<p>Das Restaurant TeleDom bietet seinen G\u00e4sten ein breites Spektrum an Dienstleistungen und R\u00e4umlichkeiten \u2013 passend zur Art Ihrer Veranstaltung. Zum Hotel geh\u00f6rt das stilvolle Restaurant \u00c1trium, das f\u00fcr Feiern, Hochzeiten, Konferenzen und Veranstaltungen aller Art genutzt wird. Hier k\u00f6nnen Sie Erfrischungen, Catering und Coffee Breaks bestellen oder einfach nur die R\u00e4ume mieten. Slide HeadingLorem ipsum &#8230; <a title=\"Restaurant\" class=\"read-more\" href=\"https:\/\/sub.hotelteledom.sk\/de\/restaurant\/\" aria-label=\"Mehr Informationen \u00fcber Restaurant\">Weiterlesen<\/a><\/p>\n","protected":false},"author":1,"featured_media":8648,"parent":0,"menu_order":0,"comment_status":"closed","ping_status":"closed","template":"elementor_header_footer","meta":{"_teledom_gallery_image_ids":[],"footnotes":""},"class_list":["post-2511","page","type-page","status-publish","has-post-thumbnail"],"yoast_head":"<!-- This site is optimized with the Yoast SEO Premium plugin v27.3 (Yoast SEO v27.3) - https:\/\/yoast.com\/product\/yoast-seo-premium-wordpress\/ -->\n<title>Restaurant TeleDom Ko\u0161ice | Family events, weddings &amp; celebrations<\/title>\n<meta name=\"description\" content=\"Restaurant TeleDom in the centre of Ko\u0161ice \u2013 Golden Salon, R\u00e1koczi Salon and Atrium for 30\u2013100 guests. Weddings, celebrations, corporate events tailor-made.\" \/>\n<meta name=\"robots\" content=\"index, follow, max-snippet:-1, max-image-preview:large, max-video-preview:-1\" \/>\n<link rel=\"canonical\" href=\"https:\/\/sub.hotelteledom.sk\/restauracia\/\" \/>\n<meta property=\"og:locale\" content=\"de_DE\" \/>\n<meta property=\"og:type\" content=\"article\" \/>\n<meta property=\"og:title\" content=\"Restaurant\" \/>\n<meta property=\"og:description\" content=\"Restaurant TeleDom in the centre of Ko\u0161ice \u2013 Golden Salon, R\u00e1koczi Salon and Atrium for 30\u2013100 guests. Weddings, celebrations, corporate events tailor-made.\" \/>\n<meta property=\"og:url\" content=\"https:\/\/sub.hotelteledom.sk\/restauracia\/\" \/>\n<meta property=\"og:site_name\" content=\"Hotel Teledom\" \/>\n<meta property=\"article:publisher\" content=\"https:\/\/www.facebook.com\/teledomonline\" \/>\n<meta property=\"article:modified_time\" content=\"2026-04-28T16:36:10+00:00\" \/>\n<meta property=\"og:image\" content=\"https:\/\/sub.hotelteledom.sk\/wp-content\/uploads\/2024\/09\/svadba2-1.webp\" \/>\n\t<meta property=\"og:image:width\" content=\"1008\" \/>\n\t<meta property=\"og:image:height\" content=\"1200\" \/>\n\t<meta property=\"og:image:type\" content=\"image\/webp\" \/>\n<meta name=\"twitter:card\" content=\"summary_large_image\" \/>\n<meta name=\"twitter:label1\" content=\"Gesch\u00e4tzte Lesezeit\" \/>\n\t<meta name=\"twitter:data1\" content=\"1\u00a0Minute\" \/>\n<script type=\"application\/ld+json\" class=\"yoast-schema-graph\">{\"@context\":\"https:\\\/\\\/schema.org\",\"@graph\":[{\"@type\":\"WebPage\",\"@id\":\"https:\\\/\\\/sub.hotelteledom.sk\\\/restauracia\\\/\",\"url\":\"https:\\\/\\\/sub.hotelteledom.sk\\\/restauracia\\\/\",\"name\":\"Restaurant TeleDom Ko\u0161ice | Family events, weddings & celebrations\",\"isPartOf\":{\"@id\":\"https:\\\/\\\/sub.hotelteledom.sk\\\/#website\"},\"primaryImageOfPage\":{\"@id\":\"https:\\\/\\\/sub.hotelteledom.sk\\\/restauracia\\\/#primaryimage\"},\"image\":{\"@id\":\"https:\\\/\\\/sub.hotelteledom.sk\\\/restauracia\\\/#primaryimage\"},\"thumbnailUrl\":\"https:\\\/\\\/sub.hotelteledom.sk\\\/wp-content\\\/uploads\\\/2024\\\/09\\\/svadba2-1.webp\",\"datePublished\":\"2019-03-10T14:56:18+00:00\",\"dateModified\":\"2026-04-28T16:36:10+00:00\",\"description\":\"Restaurant TeleDom in the centre of Ko\u0161ice \u2013 Golden Salon, R\u00e1koczi Salon and Atrium for 30\u2013100 guests. Weddings, celebrations, corporate events tailor-made.\",\"breadcrumb\":{\"@id\":\"https:\\\/\\\/sub.hotelteledom.sk\\\/restauracia\\\/#breadcrumb\"},\"inLanguage\":\"de\",\"potentialAction\":[{\"@type\":\"ReadAction\",\"target\":[\"https:\\\/\\\/sub.hotelteledom.sk\\\/restauracia\\\/\"]}]},{\"@type\":\"ImageObject\",\"inLanguage\":\"de\",\"@id\":\"https:\\\/\\\/sub.hotelteledom.sk\\\/restauracia\\\/#primaryimage\",\"url\":\"https:\\\/\\\/sub.hotelteledom.sk\\\/wp-content\\\/uploads\\\/2024\\\/09\\\/svadba2-1.webp\",\"contentUrl\":\"https:\\\/\\\/sub.hotelteledom.sk\\\/wp-content\\\/uploads\\\/2024\\\/09\\\/svadba2-1.webp\",\"width\":1008,\"height\":1200,\"caption\":\"Svadobn\u00e1 s\u00e1la v re\u0161taur\u00e1cii Mestsk\u00e1 Pivnica \u2013 Hotel TeleDom\"},{\"@type\":\"BreadcrumbList\",\"@id\":\"https:\\\/\\\/sub.hotelteledom.sk\\\/restauracia\\\/#breadcrumb\",\"itemListElement\":[{\"@type\":\"ListItem\",\"position\":1,\"name\":\"Domovsk\u00e1 str\u00e1nka\",\"item\":\"https:\\\/\\\/sub.hotelteledom.sk\\\/\"},{\"@type\":\"ListItem\",\"position\":2,\"name\":\"Restaurant\"}]},{\"@type\":\"WebSite\",\"@id\":\"https:\\\/\\\/sub.hotelteledom.sk\\\/#website\",\"url\":\"https:\\\/\\\/sub.hotelteledom.sk\\\/\",\"name\":\"Hotel TeleDom & Conference Center\",\"description\":\"Trojhviezdi\u010dkov\u00fd hotel, re\u0161taur\u00e1cia Mestsk\u00e1 Pivnica a konferen\u010dn\u00e9 centrum v historickom centre Ko\u0161\u00edc, 200 m od D\u00f3mu sv. Al\u017ebety.\",\"publisher\":{\"@id\":\"https:\\\/\\\/sub.hotelteledom.sk\\\/#organization\"},\"alternateName\":\"Hotel TeleDom\",\"potentialAction\":[{\"@type\":\"SearchAction\",\"target\":{\"@type\":\"EntryPoint\",\"urlTemplate\":\"https:\\\/\\\/sub.hotelteledom.sk\\\/?s={search_term_string}\"},\"query-input\":{\"@type\":\"PropertyValueSpecification\",\"valueRequired\":true,\"valueName\":\"search_term_string\"}}],\"inLanguage\":\"de\"},{\"@type\":\"Organization\",\"@id\":\"https:\\\/\\\/sub.hotelteledom.sk\\\/#organization\",\"name\":\"Novitech Partner s.r.o.\",\"url\":\"https:\\\/\\\/sub.hotelteledom.sk\\\/\",\"logo\":{\"@type\":\"ImageObject\",\"inLanguage\":\"de\",\"@id\":\"https:\\\/\\\/sub.hotelteledom.sk\\\/#\\\/schema\\\/logo\\\/image\\\/\",\"url\":\"https:\\\/\\\/sub.hotelteledom.sk\\\/wp-content\\\/uploads\\\/2022\\\/08\\\/cropped-teledom-logotyp-2021-2_\u041c\u043e\u043d\u0442\u0430\u0436\u043d\u0430\u044f-\u043e\u0431\u043b\u0430\u0441\u0442\u044c-1.png\",\"contentUrl\":\"https:\\\/\\\/sub.hotelteledom.sk\\\/wp-content\\\/uploads\\\/2022\\\/08\\\/cropped-teledom-logotyp-2021-2_\u041c\u043e\u043d\u0442\u0430\u0436\u043d\u0430\u044f-\u043e\u0431\u043b\u0430\u0441\u0442\u044c-1.png\",\"width\":512,\"height\":512,\"caption\":\"Novitech Partner s.r.o.\"},\"image\":{\"@id\":\"https:\\\/\\\/sub.hotelteledom.sk\\\/#\\\/schema\\\/logo\\\/image\\\/\"},\"sameAs\":[\"https:\\\/\\\/www.facebook.com\\\/teledomonline\",\"https:\\\/\\\/www.instagram.com\\\/teledomkosice\\\/\"],\"description\":\"Trojhviezdi\u010dkov\u00fd hotel, re\u0161taur\u00e1cia Mestsk\u00e1 Pivnica a konferen\u010dn\u00e9 centrum v historickom centre Ko\u0161\u00edc, 200 m od D\u00f3mu sv. Al\u017ebety.\",\"email\":\"online@teledom.sk\",\"telephone\":\"+421 55 327 44 01\",\"legalName\":\"Novitech Partner s.r.o.\",\"foundingDate\":\"2001-01-08\",\"vatID\":\"SK2020061043\",\"taxID\":\"2020061043\",\"numberOfEmployees\":{\"@type\":\"QuantitativeValue\",\"minValue\":\"11\",\"maxValue\":\"50\"},\"publishingPrinciples\":\"https:\\\/\\\/sub.hotelteledom.sk\\\/gdpr-system-ochrany-osobnych-udajov-v-ramci-spolocnosti-novitech-partner-s-r-o\\\/\",\"ownershipFundingInfo\":\"https:\\\/\\\/sub.hotelteledom.sk\\\/gdpr-system-ochrany-osobnych-udajov-v-ramci-spolocnosti-novitech-partner-s-r-o\\\/\",\"actionableFeedbackPolicy\":\"https:\\\/\\\/sub.hotelteledom.sk\\\/gdpr-system-ochrany-osobnych-udajov-v-ramci-spolocnosti-novitech-partner-s-r-o\\\/\"}]}<\/script>\n<!-- \/ Yoast SEO Premium plugin. -->","yoast_head_json":{"title":"Restaurant TeleDom Ko\u0161ice | Family events, weddings & celebrations","description":"Restaurant TeleDom in the centre of Ko\u0161ice \u2013 Golden Salon, R\u00e1koczi Salon and Atrium for 30\u2013100 guests. Weddings, celebrations, corporate events tailor-made.","robots":{"index":"index","follow":"follow","max-snippet":"max-snippet:-1","max-image-preview":"max-image-preview:large","max-video-preview":"max-video-preview:-1"},"canonical":"https:\/\/sub.hotelteledom.sk\/restauracia\/","og_locale":"de_DE","og_type":"article","og_title":"Restaurant","og_description":"Restaurant TeleDom in the centre of Ko\u0161ice \u2013 Golden Salon, R\u00e1koczi Salon and Atrium for 30\u2013100 guests. Weddings, celebrations, corporate events tailor-made.","og_url":"https:\/\/sub.hotelteledom.sk\/restauracia\/","og_site_name":"Hotel Teledom","article_publisher":"https:\/\/www.facebook.com\/teledomonline","article_modified_time":"2026-04-28T16:36:10+00:00","og_image":[{"width":1008,"height":1200,"url":"https:\/\/sub.hotelteledom.sk\/wp-content\/uploads\/2024\/09\/svadba2-1.webp","type":"image\/webp"}],"twitter_card":"summary_large_image","twitter_misc":{"Gesch\u00e4tzte Lesezeit":"1\u00a0Minute"},"schema":{"@context":"https:\/\/schema.org","@graph":[{"@type":"WebPage","@id":"https:\/\/sub.hotelteledom.sk\/restauracia\/","url":"https:\/\/sub.hotelteledom.sk\/restauracia\/","name":"Restaurant TeleDom Ko\u0161ice | Family events, weddings & celebrations","isPartOf":{"@id":"https:\/\/sub.hotelteledom.sk\/#website"},"primaryImageOfPage":{"@id":"https:\/\/sub.hotelteledom.sk\/restauracia\/#primaryimage"},"image":{"@id":"https:\/\/sub.hotelteledom.sk\/restauracia\/#primaryimage"},"thumbnailUrl":"https:\/\/sub.hotelteledom.sk\/wp-content\/uploads\/2024\/09\/svadba2-1.webp","datePublished":"2019-03-10T14:56:18+00:00","dateModified":"2026-04-28T16:36:10+00:00","description":"Restaurant TeleDom in the centre of Ko\u0161ice \u2013 Golden Salon, R\u00e1koczi Salon and Atrium for 30\u2013100 guests. Weddings, celebrations, corporate events tailor-made.","breadcrumb":{"@id":"https:\/\/sub.hotelteledom.sk\/restauracia\/#breadcrumb"},"inLanguage":"de","potentialAction":[{"@type":"ReadAction","target":["https:\/\/sub.hotelteledom.sk\/restauracia\/"]}]},{"@type":"ImageObject","inLanguage":"de","@id":"https:\/\/sub.hotelteledom.sk\/restauracia\/#primaryimage","url":"https:\/\/sub.hotelteledom.sk\/wp-content\/uploads\/2024\/09\/svadba2-1.webp","contentUrl":"https:\/\/sub.hotelteledom.sk\/wp-content\/uploads\/2024\/09\/svadba2-1.webp","width":1008,"height":1200,"caption":"Svadobn\u00e1 s\u00e1la v re\u0161taur\u00e1cii Mestsk\u00e1 Pivnica \u2013 Hotel TeleDom"},{"@type":"BreadcrumbList","@id":"https:\/\/sub.hotelteledom.sk\/restauracia\/#breadcrumb","itemListElement":[{"@type":"ListItem","position":1,"name":"Domovsk\u00e1 str\u00e1nka","item":"https:\/\/sub.hotelteledom.sk\/"},{"@type":"ListItem","position":2,"name":"Restaurant"}]},{"@type":"WebSite","@id":"https:\/\/sub.hotelteledom.sk\/#website","url":"https:\/\/sub.hotelteledom.sk\/","name":"Hotel TeleDom & Conference Center","description":"Trojhviezdi\u010dkov\u00fd hotel, re\u0161taur\u00e1cia Mestsk\u00e1 Pivnica a konferen\u010dn\u00e9 centrum v historickom centre Ko\u0161\u00edc, 200 m od D\u00f3mu sv. Al\u017ebety.","publisher":{"@id":"https:\/\/sub.hotelteledom.sk\/#organization"},"alternateName":"Hotel TeleDom","potentialAction":[{"@type":"SearchAction","target":{"@type":"EntryPoint","urlTemplate":"https:\/\/sub.hotelteledom.sk\/?s={search_term_string}"},"query-input":{"@type":"PropertyValueSpecification","valueRequired":true,"valueName":"search_term_string"}}],"inLanguage":"de"},{"@type":"Organization","@id":"https:\/\/sub.hotelteledom.sk\/#organization","name":"Novitech Partner s.r.o.","url":"https:\/\/sub.hotelteledom.sk\/","logo":{"@type":"ImageObject","inLanguage":"de","@id":"https:\/\/sub.hotelteledom.sk\/#\/schema\/logo\/image\/","url":"https:\/\/sub.hotelteledom.sk\/wp-content\/uploads\/2022\/08\/cropped-teledom-logotyp-2021-2_\u041c\u043e\u043d\u0442\u0430\u0436\u043d\u0430\u044f-\u043e\u0431\u043b\u0430\u0441\u0442\u044c-1.png","contentUrl":"https:\/\/sub.hotelteledom.sk\/wp-content\/uploads\/2022\/08\/cropped-teledom-logotyp-2021-2_\u041c\u043e\u043d\u0442\u0430\u0436\u043d\u0430\u044f-\u043e\u0431\u043b\u0430\u0441\u0442\u044c-1.png","width":512,"height":512,"caption":"Novitech Partner s.r.o."},"image":{"@id":"https:\/\/sub.hotelteledom.sk\/#\/schema\/logo\/image\/"},"sameAs":["https:\/\/www.facebook.com\/teledomonline","https:\/\/www.instagram.com\/teledomkosice\/"],"description":"Trojhviezdi\u010dkov\u00fd hotel, re\u0161taur\u00e1cia Mestsk\u00e1 Pivnica a konferen\u010dn\u00e9 centrum v historickom centre Ko\u0161\u00edc, 200 m od D\u00f3mu sv. Al\u017ebety.","email":"online@teledom.sk","telephone":"+421 55 327 44 01","legalName":"Novitech Partner s.r.o.","foundingDate":"2001-01-08","vatID":"SK2020061043","taxID":"2020061043","numberOfEmployees":{"@type":"QuantitativeValue","minValue":"11","maxValue":"50"},"publishingPrinciples":"https:\/\/sub.hotelteledom.sk\/gdpr-system-ochrany-osobnych-udajov-v-ramci-spolocnosti-novitech-partner-s-r-o\/","ownershipFundingInfo":"https:\/\/sub.hotelteledom.sk\/gdpr-system-ochrany-osobnych-udajov-v-ramci-spolocnosti-novitech-partner-s-r-o\/","actionableFeedbackPolicy":"https:\/\/sub.hotelteledom.sk\/gdpr-system-ochrany-osobnych-udajov-v-ramci-spolocnosti-novitech-partner-s-r-o\/"}]}},"_links":{"self":[{"href":"https:\/\/sub.hotelteledom.sk\/de\/wp-json\/wp\/v2\/pages\/2511","targetHints":{"allow":["GET"]}}],"collection":[{"href":"https:\/\/sub.hotelteledom.sk\/de\/wp-json\/wp\/v2\/pages"}],"about":[{"href":"https:\/\/sub.hotelteledom.sk\/de\/wp-json\/wp\/v2\/types\/page"}],"author":[{"embeddable":true,"href":"https:\/\/sub.hotelteledom.sk\/de\/wp-json\/wp\/v2\/users\/1"}],"replies":[{"embeddable":true,"href":"https:\/\/sub.hotelteledom.sk\/de\/wp-json\/wp\/v2\/comments?post=2511"}],"version-history":[{"count":5,"href":"https:\/\/sub.hotelteledom.sk\/de\/wp-json\/wp\/v2\/pages\/2511\/revisions"}],"predecessor-version":[{"id":9926,"href":"https:\/\/sub.hotelteledom.sk\/de\/wp-json\/wp\/v2\/pages\/2511\/revisions\/9926"}],"wp:featuredmedia":[{"embeddable":true,"href":"https:\/\/sub.hotelteledom.sk\/de\/wp-json\/wp\/v2\/media\/8648"}],"wp:attachment":[{"href":"https:\/\/sub.hotelteledom.sk\/de\/wp-json\/wp\/v2\/media?parent=2511"}],"curies":[{"name":"wp","href":"https:\/\/api.w.org\/{rel}","templated":true}]}}