{"id":1436,"date":"2018-03-30T14:29:43","date_gmt":"2018-03-30T12:29:43","guid":{"rendered":"https:\/\/sub.hotelteledom.sk\/rezervacie-miestnosti\/"},"modified":"2022-09-16T17:10:58","modified_gmt":"2022-09-16T15:10:58","slug":"reservierung-von-restaurantraeumen","status":"publish","type":"page","link":"https:\/\/sub.hotelteledom.sk\/de\/reservierung-von-restaurantraeumen\/","title":{"rendered":"Rezerv\u00e1cia mistnosti"},"content":{"rendered":"<p>V ponuke m\u00e1me viacero s\u00e1l, ktor\u00e9 s\u00fa ve\u013emi flexibiln\u00e9. Priprav\u00edme mal\u00fa svadbu od 30 host\u00ed a\u017e po ve\u013ek\u00fa, kde sa bez probl\u00e9mov bude zab\u00e1va\u0165 170 \u013eud\u00ed.<\/p>\n<p>V\u0161etky s\u00e1ly s\u00fa neutr\u00e1lne a elegantn\u00e9, tak\u017ee nie je potrebn\u00e9 investova\u0165 napr. do zdobenia stien \u010di st\u013apov. V\u00fdzdoba v akejko\u013evek farbe bude vkusn\u00e1 a ni\u010d ju nebude ru\u0161i\u0165. V Hotel Teledome s\u00fa s\u00e1ly s vysok\u00fdmi stropmi, klimatizovan\u00e9 a tie\u017e kvalitne ozvu\u010den\u00e9. K dispoz\u00edcii je aj ve\u013ek\u00e9 pl\u00e1tno na premietanie \u010di projektor. V pr\u00edpade vyu\u017eitia tejto techniky sa s\u00e1la \u010di \u010das\u0165 s\u00e1ly d\u00e1 zatemni\u0165, aby vynikli prezent\u00e1cie fotiek \u010di rodinn\u00fdch vide\u00ed.<\/p>\n<p>M\u00e1te ot\u00e1zky? Vypl\u0148te, pros\u00edm, formul\u00e1r a radi sa s Vami skontaktujeme.<\/p>\n<figure class=\"gallery-item\"><a href=\"https:\/\/sub.hotelteledom.sk\/wp-content\/uploads\/2018\/03\/hotel-teledom-salon-3.jpg\" data-elementor-open-lightbox=\"default\" data-elementor-lightbox-slideshow=\"2b83958\"><img sizes=\"(max-width: 600px) 100vw, 600px\" srcset=\" 600w, https:\/\/sub.hotelteledom.sk\/wp-content\/uploads\/2018\/03\/hotel-teledom-salon-3-150x150.jpg 150w, https:\/\/sub.hotelteledom.sk\/wp-content\/uploads\/2018\/03\/hotel-teledom-salon-3-75x75.jpg 75w, https:\/\/sub.hotelteledom.sk\/wp-content\/uploads\/2018\/03\/hotel-teledom-salon-3-300x300.jpg 300w, https:\/\/sub.hotelteledom.sk\/wp-content\/uploads\/2018\/03\/hotel-teledom-salon-3-570x570.jpg 570w, https:\/\/sub.hotelteledom.sk\/wp-content\/uploads\/2018\/03\/hotel-teledom-salon-3-320x320.jpg 320w\" alt=\"\" width=\"600\" height=\"600\"><\/a><\/figure>\n<figure class=\"gallery-item\"><a href=\"https:\/\/sub.hotelteledom.sk\/wp-content\/uploads\/2018\/03\/hotel-teledom-salon-2.jpg\" data-elementor-open-lightbox=\"default\" data-elementor-lightbox-slideshow=\"2b83958\"><img sizes=\"(max-width: 600px) 100vw, 600px\" srcset=\" 600w, https:\/\/sub.hotelteledom.sk\/wp-content\/uploads\/2018\/03\/hotel-teledom-salon-2-150x150.jpg 150w, https:\/\/sub.hotelteledom.sk\/wp-content\/uploads\/2018\/03\/hotel-teledom-salon-2-75x75.jpg 75w, https:\/\/sub.hotelteledom.sk\/wp-content\/uploads\/2018\/03\/hotel-teledom-salon-2-300x300.jpg 300w, https:\/\/sub.hotelteledom.sk\/wp-content\/uploads\/2018\/03\/hotel-teledom-salon-2-570x570.jpg 570w, https:\/\/sub.hotelteledom.sk\/wp-content\/uploads\/2018\/03\/hotel-teledom-salon-2-320x320.jpg 320w\" alt=\"\" width=\"600\" height=\"600\"><\/a><\/figure>\n<figure class=\"gallery-item\"><a href=\"https:\/\/sub.hotelteledom.sk\/wp-content\/uploads\/2018\/03\/hotel-teledom-pivnica.jpg\" data-elementor-open-lightbox=\"default\" data-elementor-lightbox-slideshow=\"2b83958\"><img sizes=\"(max-width: 600px) 100vw, 600px\" srcset=\" 600w, https:\/\/sub.hotelteledom.sk\/wp-content\/uploads\/2018\/03\/hotel-teledom-pivnica-150x150.jpg 150w, https:\/\/sub.hotelteledom.sk\/wp-content\/uploads\/2018\/03\/hotel-teledom-pivnica-75x75.jpg 75w, https:\/\/sub.hotelteledom.sk\/wp-content\/uploads\/2018\/03\/hotel-teledom-pivnica-300x300.jpg 300w, https:\/\/sub.hotelteledom.sk\/wp-content\/uploads\/2018\/03\/hotel-teledom-pivnica-570x570.jpg 570w, https:\/\/sub.hotelteledom.sk\/wp-content\/uploads\/2018\/03\/hotel-teledom-pivnica-320x320.jpg 320w\" alt=\"\" width=\"600\" height=\"600\"><\/a><\/figure>\n<figure class=\"gallery-item\"><a href=\"https:\/\/sub.hotelteledom.sk\/wp-content\/uploads\/2018\/03\/hotelteledom-restauracia-2.jpg\" data-elementor-open-lightbox=\"default\" data-elementor-lightbox-slideshow=\"2b83958\"><img sizes=\"(max-width: 600px) 100vw, 600px\" srcset=\" 600w, https:\/\/sub.hotelteledom.sk\/wp-content\/uploads\/2018\/03\/hotelteledom-restauracia-2-150x150.jpg 150w, https:\/\/sub.hotelteledom.sk\/wp-content\/uploads\/2018\/03\/hotelteledom-restauracia-2-75x75.jpg 75w, https:\/\/sub.hotelteledom.sk\/wp-content\/uploads\/2018\/03\/hotelteledom-restauracia-2-300x300.jpg 300w, https:\/\/sub.hotelteledom.sk\/wp-content\/uploads\/2018\/03\/hotelteledom-restauracia-2-570x570.jpg 570w, https:\/\/sub.hotelteledom.sk\/wp-content\/uploads\/2018\/03\/hotelteledom-restauracia-2-320x320.jpg 320w\" alt=\"\" width=\"600\" height=\"600\"><\/a><\/figure>\n<figure class=\"gallery-item\"><a href=\"https:\/\/sub.hotelteledom.sk\/wp-content\/uploads\/2018\/03\/hotel-teledom-restauracia-rakoczi-saloniky-6.jpg\" data-elementor-open-lightbox=\"default\" data-elementor-lightbox-slideshow=\"2b83958\"><img sizes=\"(max-width: 600px) 100vw, 600px\" srcset=\" 600w, https:\/\/sub.hotelteledom.sk\/wp-content\/uploads\/2018\/03\/hotel-teledom-restauracia-rakoczi-saloniky-6-150x150.jpg 150w, https:\/\/sub.hotelteledom.sk\/wp-content\/uploads\/2018\/03\/hotel-teledom-restauracia-rakoczi-saloniky-6-75x75.jpg 75w, https:\/\/sub.hotelteledom.sk\/wp-content\/uploads\/2018\/03\/hotel-teledom-restauracia-rakoczi-saloniky-6-300x300.jpg 300w, https:\/\/sub.hotelteledom.sk\/wp-content\/uploads\/2018\/03\/hotel-teledom-restauracia-rakoczi-saloniky-6-570x570.jpg 570w, https:\/\/sub.hotelteledom.sk\/wp-content\/uploads\/2018\/03\/hotel-teledom-restauracia-rakoczi-saloniky-6-320x320.jpg 320w\" alt=\"\" width=\"600\" height=\"600\"><\/a><\/figure>\n<figure class=\"gallery-item\"><a href=\"https:\/\/sub.hotelteledom.sk\/wp-content\/uploads\/2018\/03\/hotelteledom-restauracia-1.jpg\" data-elementor-open-lightbox=\"default\" data-elementor-lightbox-slideshow=\"2b83958\"><img sizes=\"(max-width: 600px) 100vw, 600px\" srcset=\" 600w, https:\/\/sub.hotelteledom.sk\/wp-content\/uploads\/2018\/03\/hotelteledom-restauracia-1-150x150.jpg 150w, https:\/\/sub.hotelteledom.sk\/wp-content\/uploads\/2018\/03\/hotelteledom-restauracia-1-75x75.jpg 75w, https:\/\/sub.hotelteledom.sk\/wp-content\/uploads\/2018\/03\/hotelteledom-restauracia-1-300x300.jpg 300w, https:\/\/sub.hotelteledom.sk\/wp-content\/uploads\/2018\/03\/hotelteledom-restauracia-1-570x570.jpg 570w, https:\/\/sub.hotelteledom.sk\/wp-content\/uploads\/2018\/03\/hotelteledom-restauracia-1-320x320.jpg 320w\" alt=\"\" width=\"600\" height=\"600\"><\/a><\/figure>\n<figure class=\"gallery-item\"><a href=\"https:\/\/sub.hotelteledom.sk\/wp-content\/uploads\/2018\/03\/hotel-teledom-salon-3.jpg\" data-elementor-open-lightbox=\"default\" data-elementor-lightbox-slideshow=\"679eea8\"><img sizes=\"(max-width: 600px) 100vw, 600px\" srcset=\" 600w, https:\/\/sub.hotelteledom.sk\/wp-content\/uploads\/2018\/03\/hotel-teledom-salon-3-150x150.jpg 150w, https:\/\/sub.hotelteledom.sk\/wp-content\/uploads\/2018\/03\/hotel-teledom-salon-3-75x75.jpg 75w, https:\/\/sub.hotelteledom.sk\/wp-content\/uploads\/2018\/03\/hotel-teledom-salon-3-300x300.jpg 300w, https:\/\/sub.hotelteledom.sk\/wp-content\/uploads\/2018\/03\/hotel-teledom-salon-3-570x570.jpg 570w, https:\/\/sub.hotelteledom.sk\/wp-content\/uploads\/2018\/03\/hotel-teledom-salon-3-320x320.jpg 320w\" alt=\"\" width=\"600\" height=\"600\"><\/a><\/figure>\n<figure class=\"gallery-item\"><a href=\"https:\/\/sub.hotelteledom.sk\/wp-content\/uploads\/2018\/03\/hotel-teledom-salon-2.jpg\" data-elementor-open-lightbox=\"default\" data-elementor-lightbox-slideshow=\"679eea8\"><img sizes=\"(max-width: 600px) 100vw, 600px\" srcset=\" 600w, https:\/\/sub.hotelteledom.sk\/wp-content\/uploads\/2018\/03\/hotel-teledom-salon-2-150x150.jpg 150w, https:\/\/sub.hotelteledom.sk\/wp-content\/uploads\/2018\/03\/hotel-teledom-salon-2-75x75.jpg 75w, https:\/\/sub.hotelteledom.sk\/wp-content\/uploads\/2018\/03\/hotel-teledom-salon-2-300x300.jpg 300w, https:\/\/sub.hotelteledom.sk\/wp-content\/uploads\/2018\/03\/hotel-teledom-salon-2-570x570.jpg 570w, https:\/\/sub.hotelteledom.sk\/wp-content\/uploads\/2018\/03\/hotel-teledom-salon-2-320x320.jpg 320w\" alt=\"\" width=\"600\" height=\"600\"><\/a><\/figure>\n<figure class=\"gallery-item\"><a href=\"https:\/\/sub.hotelteledom.sk\/wp-content\/uploads\/2018\/03\/hotel-teledom-pivnica.jpg\" data-elementor-open-lightbox=\"default\" data-elementor-lightbox-slideshow=\"679eea8\"><img sizes=\"(max-width: 600px) 100vw, 600px\" srcset=\" 600w, https:\/\/sub.hotelteledom.sk\/wp-content\/uploads\/2018\/03\/hotel-teledom-pivnica-150x150.jpg 150w, https:\/\/sub.hotelteledom.sk\/wp-content\/uploads\/2018\/03\/hotel-teledom-pivnica-75x75.jpg 75w, https:\/\/sub.hotelteledom.sk\/wp-content\/uploads\/2018\/03\/hotel-teledom-pivnica-300x300.jpg 300w, https:\/\/sub.hotelteledom.sk\/wp-content\/uploads\/2018\/03\/hotel-teledom-pivnica-570x570.jpg 570w, https:\/\/sub.hotelteledom.sk\/wp-content\/uploads\/2018\/03\/hotel-teledom-pivnica-320x320.jpg 320w\" alt=\"\" width=\"600\" height=\"600\"><\/a><\/figure>\n<figure class=\"gallery-item\"><a href=\"https:\/\/sub.hotelteledom.sk\/wp-content\/uploads\/2018\/03\/hotelteledom-restauracia-2.jpg\" data-elementor-open-lightbox=\"default\" data-elementor-lightbox-slideshow=\"679eea8\"><img sizes=\"(max-width: 600px) 100vw, 600px\" srcset=\" 600w, https:\/\/sub.hotelteledom.sk\/wp-content\/uploads\/2018\/03\/hotelteledom-restauracia-2-150x150.jpg 150w, https:\/\/sub.hotelteledom.sk\/wp-content\/uploads\/2018\/03\/hotelteledom-restauracia-2-75x75.jpg 75w, https:\/\/sub.hotelteledom.sk\/wp-content\/uploads\/2018\/03\/hotelteledom-restauracia-2-300x300.jpg 300w, https:\/\/sub.hotelteledom.sk\/wp-content\/uploads\/2018\/03\/hotelteledom-restauracia-2-570x570.jpg 570w, https:\/\/sub.hotelteledom.sk\/wp-content\/uploads\/2018\/03\/hotelteledom-restauracia-2-320x320.jpg 320w\" alt=\"\" width=\"600\" height=\"600\"><\/a><\/figure>\n<figure class=\"gallery-item\"><a href=\"https:\/\/sub.hotelteledom.sk\/wp-content\/uploads\/2018\/03\/hotel-teledom-restauracia-rakoczi-saloniky-6.jpg\" data-elementor-open-lightbox=\"default\" data-elementor-lightbox-slideshow=\"679eea8\"><img sizes=\"(max-width: 600px) 100vw, 600px\" srcset=\" 600w, https:\/\/sub.hotelteledom.sk\/wp-content\/uploads\/2018\/03\/hotel-teledom-restauracia-rakoczi-saloniky-6-150x150.jpg 150w, https:\/\/sub.hotelteledom.sk\/wp-content\/uploads\/2018\/03\/hotel-teledom-restauracia-rakoczi-saloniky-6-75x75.jpg 75w, https:\/\/sub.hotelteledom.sk\/wp-content\/uploads\/2018\/03\/hotel-teledom-restauracia-rakoczi-saloniky-6-300x300.jpg 300w, https:\/\/sub.hotelteledom.sk\/wp-content\/uploads\/2018\/03\/hotel-teledom-restauracia-rakoczi-saloniky-6-570x570.jpg 570w, https:\/\/sub.hotelteledom.sk\/wp-content\/uploads\/2018\/03\/hotel-teledom-restauracia-rakoczi-saloniky-6-320x320.jpg 320w\" alt=\"\" width=\"600\" height=\"600\"><\/a><\/figure>\n<figure class=\"gallery-item\"><a href=\"https:\/\/sub.hotelteledom.sk\/wp-content\/uploads\/2018\/03\/hotelteledom-restauracia-1.jpg\" data-elementor-open-lightbox=\"default\" data-elementor-lightbox-slideshow=\"679eea8\"><img sizes=\"(max-width: 600px) 100vw, 600px\" srcset=\" 600w, https:\/\/sub.hotelteledom.sk\/wp-content\/uploads\/2018\/03\/hotelteledom-restauracia-1-150x150.jpg 150w, https:\/\/sub.hotelteledom.sk\/wp-content\/uploads\/2018\/03\/hotelteledom-restauracia-1-75x75.jpg 75w, https:\/\/sub.hotelteledom.sk\/wp-content\/uploads\/2018\/03\/hotelteledom-restauracia-1-300x300.jpg 300w, https:\/\/sub.hotelteledom.sk\/wp-content\/uploads\/2018\/03\/hotelteledom-restauracia-1-570x570.jpg 570w, https:\/\/sub.hotelteledom.sk\/wp-content\/uploads\/2018\/03\/hotelteledom-restauracia-1-320x320.jpg 320w\" alt=\"\" width=\"600\" height=\"600\"><\/a><\/figure>\n","protected":false},"excerpt":{"rendered":"<p>V ponuke m\u00e1me viacero s\u00e1l, ktor\u00e9 s\u00fa ve\u013emi flexibiln\u00e9. Priprav\u00edme mal\u00fa svadbu od 30 host\u00ed a\u017e po ve\u013ek\u00fa, kde sa bez probl\u00e9mov bude zab\u00e1va\u0165 170 \u013eud\u00ed. V\u0161etky s\u00e1ly s\u00fa neutr\u00e1lne a elegantn\u00e9, tak\u017ee nie je potrebn\u00e9 investova\u0165 napr. do zdobenia stien \u010di st\u013apov. V\u00fdzdoba v akejko\u013evek farbe bude vkusn\u00e1 a ni\u010d ju nebude ru\u0161i\u0165. V &#8230; <a title=\"Rezerv\u00e1cia mistnosti\" class=\"read-more\" href=\"https:\/\/sub.hotelteledom.sk\/de\/reservierung-von-restaurantraeumen\/\" aria-label=\"Mehr Informationen \u00fcber Rezerv\u00e1cia mistnosti\">Weiterlesen<\/a><\/p>\n","protected":false},"author":1,"featured_media":0,"parent":0,"menu_order":0,"comment_status":"closed","ping_status":"closed","template":"elementor_header_footer","meta":{"_teledom_gallery_image_ids":[],"footnotes":""},"class_list":["post-1436","page","type-page","status-publish"],"yoast_head":"<!-- This site is optimized with the Yoast SEO Premium plugin v27.3 (Yoast SEO v27.3) - https:\/\/yoast.com\/product\/yoast-seo-premium-wordpress\/ -->\n<title>Saalreservierung Ko\u0161ice | Hotel Teledom \u2013 Salons &amp; R\u00e4ume<\/title>\n<meta name=\"description\" content=\"Online-Reservierung der Salons und S\u00e4le des Hotel Teledom im Zentrum von Ko\u0161ice. Goldener Salon, R\u00e1koczi-Salon, Atrium \u2013 30 bis 100 G\u00e4ste, Technik &amp; Catering.\" \/>\n<meta name=\"robots\" content=\"index, follow, max-snippet:-1, max-image-preview:large, max-video-preview:-1\" \/>\n<link rel=\"canonical\" href=\"https:\/\/sub.hotelteledom.sk\/rezervacia-miestnosti\/\" \/>\n<meta property=\"og:locale\" content=\"de_DE\" \/>\n<meta property=\"og:type\" content=\"article\" \/>\n<meta property=\"og:title\" content=\"Rezerv\u00e1cia mistnosti\" \/>\n<meta property=\"og:description\" content=\"Online-Reservierung der Salons und S\u00e4le des Hotel Teledom im Zentrum von Ko\u0161ice. Goldener Salon, R\u00e1koczi-Salon, Atrium \u2013 30 bis 100 G\u00e4ste, Technik &amp; Catering.\" \/>\n<meta property=\"og:url\" content=\"https:\/\/sub.hotelteledom.sk\/rezervacia-miestnosti\/\" \/>\n<meta property=\"og:site_name\" content=\"Hotel Teledom\" \/>\n<meta property=\"article:publisher\" content=\"https:\/\/www.facebook.com\/teledomonline\" \/>\n<meta property=\"article:modified_time\" content=\"2022-09-16T15:10:58+00:00\" \/>\n<meta property=\"og:image\" content=\"https:\/\/sub.hotelteledom.sk\/wp-content\/uploads\/2026\/04\/2020-09-08.webp\" \/>\n\t<meta property=\"og:image:width\" content=\"680\" \/>\n\t<meta property=\"og:image:height\" content=\"410\" \/>\n\t<meta property=\"og:image:type\" content=\"image\/webp\" \/>\n<meta name=\"twitter:card\" content=\"summary_large_image\" \/>\n<meta name=\"twitter:label1\" content=\"Gesch\u00e4tzte Lesezeit\" \/>\n\t<meta name=\"twitter:data1\" content=\"1\u00a0Minute\" \/>\n<script type=\"application\/ld+json\" class=\"yoast-schema-graph\">{\"@context\":\"https:\\\/\\\/schema.org\",\"@graph\":[{\"@type\":\"WebPage\",\"@id\":\"https:\\\/\\\/sub.hotelteledom.sk\\\/rezervacia-miestnosti\\\/\",\"url\":\"https:\\\/\\\/sub.hotelteledom.sk\\\/rezervacia-miestnosti\\\/\",\"name\":\"Saalreservierung Ko\u0161ice | Hotel Teledom \u2013 Salons & R\u00e4ume\",\"isPartOf\":{\"@id\":\"https:\\\/\\\/sub.hotelteledom.sk\\\/#website\"},\"datePublished\":\"2018-03-30T12:29:43+00:00\",\"dateModified\":\"2022-09-16T15:10:58+00:00\",\"description\":\"Online-Reservierung der Salons und S\u00e4le des Hotel Teledom im Zentrum von Ko\u0161ice. Goldener Salon, R\u00e1koczi-Salon, Atrium \u2013 30 bis 100 G\u00e4ste, Technik & Catering.\",\"breadcrumb\":{\"@id\":\"https:\\\/\\\/sub.hotelteledom.sk\\\/rezervacia-miestnosti\\\/#breadcrumb\"},\"inLanguage\":\"de\",\"potentialAction\":[{\"@type\":\"ReadAction\",\"target\":[\"https:\\\/\\\/sub.hotelteledom.sk\\\/rezervacia-miestnosti\\\/\"]}]},{\"@type\":\"BreadcrumbList\",\"@id\":\"https:\\\/\\\/sub.hotelteledom.sk\\\/rezervacia-miestnosti\\\/#breadcrumb\",\"itemListElement\":[{\"@type\":\"ListItem\",\"position\":1,\"name\":\"Domovsk\u00e1 str\u00e1nka\",\"item\":\"https:\\\/\\\/sub.hotelteledom.sk\\\/\"},{\"@type\":\"ListItem\",\"position\":2,\"name\":\"Rezerv\u00e1cia mistnosti\"}]},{\"@type\":\"WebSite\",\"@id\":\"https:\\\/\\\/sub.hotelteledom.sk\\\/#website\",\"url\":\"https:\\\/\\\/sub.hotelteledom.sk\\\/\",\"name\":\"Hotel TeleDom & Conference Center\",\"description\":\"Trojhviezdi\u010dkov\u00fd hotel, re\u0161taur\u00e1cia Mestsk\u00e1 Pivnica a konferen\u010dn\u00e9 centrum v historickom centre Ko\u0161\u00edc, 200 m od D\u00f3mu sv. Al\u017ebety.\",\"publisher\":{\"@id\":\"https:\\\/\\\/sub.hotelteledom.sk\\\/#organization\"},\"alternateName\":\"Hotel TeleDom\",\"potentialAction\":[{\"@type\":\"SearchAction\",\"target\":{\"@type\":\"EntryPoint\",\"urlTemplate\":\"https:\\\/\\\/sub.hotelteledom.sk\\\/?s={search_term_string}\"},\"query-input\":{\"@type\":\"PropertyValueSpecification\",\"valueRequired\":true,\"valueName\":\"search_term_string\"}}],\"inLanguage\":\"de\"},{\"@type\":\"Organization\",\"@id\":\"https:\\\/\\\/sub.hotelteledom.sk\\\/#organization\",\"name\":\"Novitech Partner s.r.o.\",\"url\":\"https:\\\/\\\/sub.hotelteledom.sk\\\/\",\"logo\":{\"@type\":\"ImageObject\",\"inLanguage\":\"de\",\"@id\":\"https:\\\/\\\/sub.hotelteledom.sk\\\/#\\\/schema\\\/logo\\\/image\\\/\",\"url\":\"https:\\\/\\\/sub.hotelteledom.sk\\\/wp-content\\\/uploads\\\/2022\\\/08\\\/cropped-teledom-logotyp-2021-2_\u041c\u043e\u043d\u0442\u0430\u0436\u043d\u0430\u044f-\u043e\u0431\u043b\u0430\u0441\u0442\u044c-1.png\",\"contentUrl\":\"https:\\\/\\\/sub.hotelteledom.sk\\\/wp-content\\\/uploads\\\/2022\\\/08\\\/cropped-teledom-logotyp-2021-2_\u041c\u043e\u043d\u0442\u0430\u0436\u043d\u0430\u044f-\u043e\u0431\u043b\u0430\u0441\u0442\u044c-1.png\",\"width\":512,\"height\":512,\"caption\":\"Novitech Partner s.r.o.\"},\"image\":{\"@id\":\"https:\\\/\\\/sub.hotelteledom.sk\\\/#\\\/schema\\\/logo\\\/image\\\/\"},\"sameAs\":[\"https:\\\/\\\/www.facebook.com\\\/teledomonline\",\"https:\\\/\\\/www.instagram.com\\\/teledomkosice\\\/\"],\"description\":\"Trojhviezdi\u010dkov\u00fd hotel, re\u0161taur\u00e1cia Mestsk\u00e1 Pivnica a konferen\u010dn\u00e9 centrum v historickom centre Ko\u0161\u00edc, 200 m od D\u00f3mu sv. Al\u017ebety.\",\"email\":\"online@teledom.sk\",\"telephone\":\"+421 55 327 44 01\",\"legalName\":\"Novitech Partner s.r.o.\",\"foundingDate\":\"2001-01-08\",\"vatID\":\"SK2020061043\",\"taxID\":\"2020061043\",\"numberOfEmployees\":{\"@type\":\"QuantitativeValue\",\"minValue\":\"11\",\"maxValue\":\"50\"},\"publishingPrinciples\":\"https:\\\/\\\/sub.hotelteledom.sk\\\/gdpr-system-ochrany-osobnych-udajov-v-ramci-spolocnosti-novitech-partner-s-r-o\\\/\",\"ownershipFundingInfo\":\"https:\\\/\\\/sub.hotelteledom.sk\\\/gdpr-system-ochrany-osobnych-udajov-v-ramci-spolocnosti-novitech-partner-s-r-o\\\/\",\"actionableFeedbackPolicy\":\"https:\\\/\\\/sub.hotelteledom.sk\\\/gdpr-system-ochrany-osobnych-udajov-v-ramci-spolocnosti-novitech-partner-s-r-o\\\/\"}]}<\/script>\n<!-- \/ Yoast SEO Premium plugin. -->","yoast_head_json":{"title":"Saalreservierung Ko\u0161ice | Hotel Teledom \u2013 Salons & R\u00e4ume","description":"Online-Reservierung der Salons und S\u00e4le des Hotel Teledom im Zentrum von Ko\u0161ice. Goldener Salon, R\u00e1koczi-Salon, Atrium \u2013 30 bis 100 G\u00e4ste, Technik & Catering.","robots":{"index":"index","follow":"follow","max-snippet":"max-snippet:-1","max-image-preview":"max-image-preview:large","max-video-preview":"max-video-preview:-1"},"canonical":"https:\/\/sub.hotelteledom.sk\/rezervacia-miestnosti\/","og_locale":"de_DE","og_type":"article","og_title":"Rezerv\u00e1cia mistnosti","og_description":"Online-Reservierung der Salons und S\u00e4le des Hotel Teledom im Zentrum von Ko\u0161ice. Goldener Salon, R\u00e1koczi-Salon, Atrium \u2013 30 bis 100 G\u00e4ste, Technik & Catering.","og_url":"https:\/\/sub.hotelteledom.sk\/rezervacia-miestnosti\/","og_site_name":"Hotel Teledom","article_publisher":"https:\/\/www.facebook.com\/teledomonline","article_modified_time":"2022-09-16T15:10:58+00:00","og_image":[{"width":680,"height":410,"url":"https:\/\/sub.hotelteledom.sk\/wp-content\/uploads\/2026\/04\/2020-09-08.webp","type":"image\/webp"}],"twitter_card":"summary_large_image","twitter_misc":{"Gesch\u00e4tzte Lesezeit":"1\u00a0Minute"},"schema":{"@context":"https:\/\/schema.org","@graph":[{"@type":"WebPage","@id":"https:\/\/sub.hotelteledom.sk\/rezervacia-miestnosti\/","url":"https:\/\/sub.hotelteledom.sk\/rezervacia-miestnosti\/","name":"Saalreservierung Ko\u0161ice | Hotel Teledom \u2013 Salons & R\u00e4ume","isPartOf":{"@id":"https:\/\/sub.hotelteledom.sk\/#website"},"datePublished":"2018-03-30T12:29:43+00:00","dateModified":"2022-09-16T15:10:58+00:00","description":"Online-Reservierung der Salons und S\u00e4le des Hotel Teledom im Zentrum von Ko\u0161ice. Goldener Salon, R\u00e1koczi-Salon, Atrium \u2013 30 bis 100 G\u00e4ste, Technik & Catering.","breadcrumb":{"@id":"https:\/\/sub.hotelteledom.sk\/rezervacia-miestnosti\/#breadcrumb"},"inLanguage":"de","potentialAction":[{"@type":"ReadAction","target":["https:\/\/sub.hotelteledom.sk\/rezervacia-miestnosti\/"]}]},{"@type":"BreadcrumbList","@id":"https:\/\/sub.hotelteledom.sk\/rezervacia-miestnosti\/#breadcrumb","itemListElement":[{"@type":"ListItem","position":1,"name":"Domovsk\u00e1 str\u00e1nka","item":"https:\/\/sub.hotelteledom.sk\/"},{"@type":"ListItem","position":2,"name":"Rezerv\u00e1cia mistnosti"}]},{"@type":"WebSite","@id":"https:\/\/sub.hotelteledom.sk\/#website","url":"https:\/\/sub.hotelteledom.sk\/","name":"Hotel TeleDom & Conference Center","description":"Trojhviezdi\u010dkov\u00fd hotel, re\u0161taur\u00e1cia Mestsk\u00e1 Pivnica a konferen\u010dn\u00e9 centrum v historickom centre Ko\u0161\u00edc, 200 m od D\u00f3mu sv. Al\u017ebety.","publisher":{"@id":"https:\/\/sub.hotelteledom.sk\/#organization"},"alternateName":"Hotel TeleDom","potentialAction":[{"@type":"SearchAction","target":{"@type":"EntryPoint","urlTemplate":"https:\/\/sub.hotelteledom.sk\/?s={search_term_string}"},"query-input":{"@type":"PropertyValueSpecification","valueRequired":true,"valueName":"search_term_string"}}],"inLanguage":"de"},{"@type":"Organization","@id":"https:\/\/sub.hotelteledom.sk\/#organization","name":"Novitech Partner s.r.o.","url":"https:\/\/sub.hotelteledom.sk\/","logo":{"@type":"ImageObject","inLanguage":"de","@id":"https:\/\/sub.hotelteledom.sk\/#\/schema\/logo\/image\/","url":"https:\/\/sub.hotelteledom.sk\/wp-content\/uploads\/2022\/08\/cropped-teledom-logotyp-2021-2_\u041c\u043e\u043d\u0442\u0430\u0436\u043d\u0430\u044f-\u043e\u0431\u043b\u0430\u0441\u0442\u044c-1.png","contentUrl":"https:\/\/sub.hotelteledom.sk\/wp-content\/uploads\/2022\/08\/cropped-teledom-logotyp-2021-2_\u041c\u043e\u043d\u0442\u0430\u0436\u043d\u0430\u044f-\u043e\u0431\u043b\u0430\u0441\u0442\u044c-1.png","width":512,"height":512,"caption":"Novitech Partner s.r.o."},"image":{"@id":"https:\/\/sub.hotelteledom.sk\/#\/schema\/logo\/image\/"},"sameAs":["https:\/\/www.facebook.com\/teledomonline","https:\/\/www.instagram.com\/teledomkosice\/"],"description":"Trojhviezdi\u010dkov\u00fd hotel, re\u0161taur\u00e1cia Mestsk\u00e1 Pivnica a konferen\u010dn\u00e9 centrum v historickom centre Ko\u0161\u00edc, 200 m od D\u00f3mu sv. Al\u017ebety.","email":"online@teledom.sk","telephone":"+421 55 327 44 01","legalName":"Novitech Partner s.r.o.","foundingDate":"2001-01-08","vatID":"SK2020061043","taxID":"2020061043","numberOfEmployees":{"@type":"QuantitativeValue","minValue":"11","maxValue":"50"},"publishingPrinciples":"https:\/\/sub.hotelteledom.sk\/gdpr-system-ochrany-osobnych-udajov-v-ramci-spolocnosti-novitech-partner-s-r-o\/","ownershipFundingInfo":"https:\/\/sub.hotelteledom.sk\/gdpr-system-ochrany-osobnych-udajov-v-ramci-spolocnosti-novitech-partner-s-r-o\/","actionableFeedbackPolicy":"https:\/\/sub.hotelteledom.sk\/gdpr-system-ochrany-osobnych-udajov-v-ramci-spolocnosti-novitech-partner-s-r-o\/"}]}},"_links":{"self":[{"href":"https:\/\/sub.hotelteledom.sk\/de\/wp-json\/wp\/v2\/pages\/1436","targetHints":{"allow":["GET"]}}],"collection":[{"href":"https:\/\/sub.hotelteledom.sk\/de\/wp-json\/wp\/v2\/pages"}],"about":[{"href":"https:\/\/sub.hotelteledom.sk\/de\/wp-json\/wp\/v2\/types\/page"}],"author":[{"embeddable":true,"href":"https:\/\/sub.hotelteledom.sk\/de\/wp-json\/wp\/v2\/users\/1"}],"replies":[{"embeddable":true,"href":"https:\/\/sub.hotelteledom.sk\/de\/wp-json\/wp\/v2\/comments?post=1436"}],"version-history":[{"count":3,"href":"https:\/\/sub.hotelteledom.sk\/de\/wp-json\/wp\/v2\/pages\/1436\/revisions"}],"predecessor-version":[{"id":5486,"href":"https:\/\/sub.hotelteledom.sk\/de\/wp-json\/wp\/v2\/pages\/1436\/revisions\/5486"}],"wp:attachment":[{"href":"https:\/\/sub.hotelteledom.sk\/de\/wp-json\/wp\/v2\/media?parent=1436"}],"curies":[{"name":"wp","href":"https:\/\/api.w.org\/{rel}","templated":true}]}}