{"id":1429,"date":"2021-07-02T08:28:41","date_gmt":"2021-07-02T06:28:41","guid":{"rendered":"https:\/\/sub.hotelteledom.sk\/kontakt\/"},"modified":"2026-04-28T18:37:56","modified_gmt":"2026-04-28T16:37:56","slug":"kontakt","status":"publish","type":"page","link":"https:\/\/sub.hotelteledom.sk\/de\/kontakt\/","title":{"rendered":"Kontakt"},"content":{"rendered":"<p><img loading=\"lazy\" decoding=\"async\" width=\"491\" height=\"491\" src=\"https:\/\/sub.hotelteledom.sk\/wp-content\/uploads\/2018\/03\/hotel-teledom-icon-3.png\" alt=\"&quot;&quot;\" srcset=\"https:\/\/sub.hotelteledom.sk\/wp-content\/uploads\/2018\/03\/hotel-teledom-icon-3.png 491w, https:\/\/sub.hotelteledom.sk\/wp-content\/uploads\/2018\/03\/hotel-teledom-icon-3-150x150.png 150w, https:\/\/sub.hotelteledom.sk\/wp-content\/uploads\/2018\/03\/hotel-teledom-icon-3-300x300.png 300w, https:\/\/sub.hotelteledom.sk\/wp-content\/uploads\/2018\/03\/hotel-teledom-icon-3-75x75.png 75w, https:\/\/sub.hotelteledom.sk\/wp-content\/uploads\/2018\/03\/hotel-teledom-icon-3-320x320.png 320w\" sizes=\"auto, (max-width: 491px) 100vw, 491px\" \/>\t\t\t\t\t\t\t\t\t\t\t\t\t<\/p>\n<h2>TeleDom Konferenz- und Bildungszentrum<\/h2>\n<h5><strong>Leiterin des Konferenz- und Bildungszentrums <\/strong><\/h5>\n<h5>Mgr. Martina Sabolov\u00e1 <br \/>Anna \u010conto\u0161falsk\u00e1<\/h5>\n<p>Tel.: <a href=\"tel:+421553274401\">+421 55 327 44 01<\/a><\/p>\n<p>E-Mail: <a href=\"mailto:akymchenko@teledom.sk\">online@teledom.sk<\/a><\/p>\n<p>\t\t\t\t\t\t\t\t\t\t\t\t\t<img loading=\"lazy\" decoding=\"async\" width=\"491\" height=\"491\" src=\"https:\/\/sub.hotelteledom.sk\/wp-content\/uploads\/2018\/03\/hotel-teledom-icon-1.png\" alt=\"\" srcset=\"https:\/\/sub.hotelteledom.sk\/wp-content\/uploads\/2018\/03\/hotel-teledom-icon-1.png 491w, https:\/\/sub.hotelteledom.sk\/wp-content\/uploads\/2018\/03\/hotel-teledom-icon-1-150x150.png 150w, https:\/\/sub.hotelteledom.sk\/wp-content\/uploads\/2018\/03\/hotel-teledom-icon-1-300x300.png 300w, https:\/\/sub.hotelteledom.sk\/wp-content\/uploads\/2018\/03\/hotel-teledom-icon-1-75x75.png 75w, https:\/\/sub.hotelteledom.sk\/wp-content\/uploads\/2018\/03\/hotel-teledom-icon-1-320x320.png 320w\" sizes=\"auto, (max-width: 491px) 100vw, 491px\" \/>\t\t\t\t\t\t\t\t\t\t\t\t\t<\/p>\n<h2>Hotel TeleDom<\/h2>\n<h5><strong>Hotelmanagerin<\/strong><\/h5>\n<h5><strong>Eva Butkovsk\u00e1 <\/strong><\/h5>\n<p>Tel.: <a href=\"tel:+421553274401\">+421 55 327 44 01<\/a><br \/>E-Mail: <a href=\"mailto:butkovska@teledom.sk\">butkovska@teledom.sk<\/a><\/p>\n<h5><strong>Hotelrezeption<\/strong><\/h5>\n<p>Tel.: <a href=\"tel:+42155 3274401 \">+421 55 327 44 01 <\/a><br \/>E-Mail: <a href=\"mailto:recepcia@teledom.sk\">recepcia@teledom.sk<\/a><\/p>\n<p>\t\t\t\t\t\t\t\t\t\t\t\t\t<img loading=\"lazy\" decoding=\"async\" width=\"491\" height=\"491\" src=\"https:\/\/sub.hotelteledom.sk\/wp-content\/uploads\/2018\/03\/hotel-teledom-icon-2.png\" alt=\"&quot;&quot;\" srcset=\"https:\/\/sub.hotelteledom.sk\/wp-content\/uploads\/2018\/03\/hotel-teledom-icon-2.png 491w, https:\/\/sub.hotelteledom.sk\/wp-content\/uploads\/2018\/03\/hotel-teledom-icon-2-150x150.png 150w, https:\/\/sub.hotelteledom.sk\/wp-content\/uploads\/2018\/03\/hotel-teledom-icon-2-300x300.png 300w, https:\/\/sub.hotelteledom.sk\/wp-content\/uploads\/2018\/03\/hotel-teledom-icon-2-75x75.png 75w, https:\/\/sub.hotelteledom.sk\/wp-content\/uploads\/2018\/03\/hotel-teledom-icon-2-320x320.png 320w\" sizes=\"auto, (max-width: 491px) 100vw, 491px\" \/>\t\t\t\t\t\t\t\t\t\t\t\t\t<\/p>\n<h2>Restaurant TeleDom und Mestsk\u00e1 Pivnica<\/h2>\n<h5><b>Restaurantleiter<\/b><\/h5>\n<h5><strong>Ing. J\u00e1n Fucsko<\/strong><\/h5>\n<p>Tel.: <a href=\"tel:+421553274405\">+421 55 3274 405<\/a> , <a href=\"tel:+421915055662\">+421 915 055 662<\/a><br \/>E-Mail: <a href=\"mailto:restauracia@teledom.sk\">restauracia@teledom.sk<\/a><\/p>\n<p>\t\t\t<iframe loading=\"lazy\"\n\t\t\t\t\tsrc=\"https:\/\/maps.google.com\/maps?q=Timonova%2027%2C%20Ko%C5%A1ice&#038;t=m&#038;z=14&#038;output=embed&#038;iwloc=near\"\n\t\t\t\t\ttitle=\"Timonova 27, Ko\u0161ice\"\n\t\t\t\t\taria-label=\"Timonova 27, Ko\u0161ice\"\n\t\t\t><\/iframe><\/p>\n","protected":false},"excerpt":{"rendered":"<p>TeleDom Konferenz- und Bildungszentrum Leiterin des Konferenz- und Bildungszentrums Mgr. Martina Sabolov\u00e1 Anna \u010conto\u0161falsk\u00e1 Tel.: +421 55 327 44 01 E-Mail: online@teledom.sk Hotel TeleDom Hotelmanagerin Eva Butkovsk\u00e1 Tel.: +421 55 327 44 01E-Mail: butkovska@teledom.sk Hotelrezeption Tel.: +421 55 327 44 01 E-Mail: recepcia@teledom.sk Restaurant TeleDom und Mestsk\u00e1 Pivnica Restaurantleiter Ing. J\u00e1n Fucsko Tel.: +421 55 &#8230; <a title=\"Kontakt\" class=\"read-more\" href=\"https:\/\/sub.hotelteledom.sk\/de\/kontakt\/\" aria-label=\"Mehr Informationen \u00fcber Kontakt\">Weiterlesen<\/a><\/p>\n","protected":false},"author":1,"featured_media":9528,"parent":0,"menu_order":0,"comment_status":"closed","ping_status":"closed","template":"elementor_header_footer","meta":{"_teledom_gallery_image_ids":[],"footnotes":""},"class_list":["post-1429","page","type-page","status-publish","has-post-thumbnail"],"yoast_head":"<!-- This site is optimized with the Yoast SEO Premium plugin v27.3 (Yoast SEO v27.3) - https:\/\/yoast.com\/product\/yoast-seo-premium-wordpress\/ -->\n<title>Kontakt | Hotel Teledom*** Ko\u0161ice \u2013 Timonova 755<\/title>\n<meta name=\"description\" content=\"Kontaktieren Sie das Hotel Teledom*** in Ko\u0161ice. Adresse: Timonova 755, 040 01 Ko\u0161ice. Tel.: +421 55 327 44 01. E-Mail: recepcia@teledom.sk. Rezeption 24\/7.\" \/>\n<meta name=\"robots\" content=\"index, follow, max-snippet:-1, max-image-preview:large, max-video-preview:-1\" \/>\n<link rel=\"canonical\" href=\"https:\/\/sub.hotelteledom.sk\/kontakt\/\" \/>\n<meta property=\"og:locale\" content=\"de_DE\" \/>\n<meta property=\"og:type\" content=\"article\" \/>\n<meta property=\"og:title\" content=\"Kontakt\" \/>\n<meta property=\"og:description\" content=\"Kontaktieren Sie das Hotel Teledom*** in Ko\u0161ice. Adresse: Timonova 755, 040 01 Ko\u0161ice. Tel.: +421 55 327 44 01. E-Mail: recepcia@teledom.sk. Rezeption 24\/7.\" \/>\n<meta property=\"og:url\" content=\"https:\/\/sub.hotelteledom.sk\/kontakt\/\" \/>\n<meta property=\"og:site_name\" content=\"Hotel Teledom\" \/>\n<meta property=\"article:publisher\" content=\"https:\/\/www.facebook.com\/teledomonline\" \/>\n<meta property=\"article:modified_time\" content=\"2026-04-28T16:37:56+00:00\" \/>\n<meta property=\"og:image\" content=\"https:\/\/sub.hotelteledom.sk\/wp-content\/uploads\/2026\/04\/2020-09-08.webp\" \/>\n\t<meta property=\"og:image:width\" content=\"680\" \/>\n\t<meta property=\"og:image:height\" content=\"410\" \/>\n\t<meta property=\"og:image:type\" content=\"image\/webp\" \/>\n<meta name=\"twitter:card\" content=\"summary_large_image\" \/>\n<script type=\"application\/ld+json\" class=\"yoast-schema-graph\">{\"@context\":\"https:\\\/\\\/schema.org\",\"@graph\":[{\"@type\":\"WebPage\",\"@id\":\"https:\\\/\\\/sub.hotelteledom.sk\\\/kontakt\\\/\",\"url\":\"https:\\\/\\\/sub.hotelteledom.sk\\\/kontakt\\\/\",\"name\":\"Kontakt | Hotel Teledom*** Ko\u0161ice \u2013 Timonova 755\",\"isPartOf\":{\"@id\":\"https:\\\/\\\/sub.hotelteledom.sk\\\/#website\"},\"primaryImageOfPage\":{\"@id\":\"https:\\\/\\\/sub.hotelteledom.sk\\\/kontakt\\\/#primaryimage\"},\"image\":{\"@id\":\"https:\\\/\\\/sub.hotelteledom.sk\\\/kontakt\\\/#primaryimage\"},\"thumbnailUrl\":\"https:\\\/\\\/sub.hotelteledom.sk\\\/wp-content\\\/uploads\\\/2026\\\/04\\\/2020-09-08.webp\",\"datePublished\":\"2021-07-02T06:28:41+00:00\",\"dateModified\":\"2026-04-28T16:37:56+00:00\",\"description\":\"Kontaktieren Sie das Hotel Teledom*** in Ko\u0161ice. Adresse: Timonova 755, 040 01 Ko\u0161ice. Tel.: +421 55 327 44 01. E-Mail: recepcia@teledom.sk. Rezeption 24\\\/7.\",\"breadcrumb\":{\"@id\":\"https:\\\/\\\/sub.hotelteledom.sk\\\/kontakt\\\/#breadcrumb\"},\"inLanguage\":\"de\",\"potentialAction\":[{\"@type\":\"ReadAction\",\"target\":[\"https:\\\/\\\/sub.hotelteledom.sk\\\/kontakt\\\/\"]}]},{\"@type\":\"ImageObject\",\"inLanguage\":\"de\",\"@id\":\"https:\\\/\\\/sub.hotelteledom.sk\\\/kontakt\\\/#primaryimage\",\"url\":\"https:\\\/\\\/sub.hotelteledom.sk\\\/wp-content\\\/uploads\\\/2026\\\/04\\\/2020-09-08.webp\",\"contentUrl\":\"https:\\\/\\\/sub.hotelteledom.sk\\\/wp-content\\\/uploads\\\/2026\\\/04\\\/2020-09-08.webp\",\"width\":680,\"height\":410},{\"@type\":\"BreadcrumbList\",\"@id\":\"https:\\\/\\\/sub.hotelteledom.sk\\\/kontakt\\\/#breadcrumb\",\"itemListElement\":[{\"@type\":\"ListItem\",\"position\":1,\"name\":\"Domovsk\u00e1 str\u00e1nka\",\"item\":\"https:\\\/\\\/sub.hotelteledom.sk\\\/\"},{\"@type\":\"ListItem\",\"position\":2,\"name\":\"Kontakt\"}]},{\"@type\":\"WebSite\",\"@id\":\"https:\\\/\\\/sub.hotelteledom.sk\\\/#website\",\"url\":\"https:\\\/\\\/sub.hotelteledom.sk\\\/\",\"name\":\"Hotel TeleDom & Conference Center\",\"description\":\"Trojhviezdi\u010dkov\u00fd hotel, re\u0161taur\u00e1cia Mestsk\u00e1 Pivnica a konferen\u010dn\u00e9 centrum v historickom centre Ko\u0161\u00edc, 200 m od D\u00f3mu sv. Al\u017ebety.\",\"publisher\":{\"@id\":\"https:\\\/\\\/sub.hotelteledom.sk\\\/#organization\"},\"alternateName\":\"Hotel TeleDom\",\"potentialAction\":[{\"@type\":\"SearchAction\",\"target\":{\"@type\":\"EntryPoint\",\"urlTemplate\":\"https:\\\/\\\/sub.hotelteledom.sk\\\/?s={search_term_string}\"},\"query-input\":{\"@type\":\"PropertyValueSpecification\",\"valueRequired\":true,\"valueName\":\"search_term_string\"}}],\"inLanguage\":\"de\"},{\"@type\":\"Organization\",\"@id\":\"https:\\\/\\\/sub.hotelteledom.sk\\\/#organization\",\"name\":\"Novitech Partner s.r.o.\",\"url\":\"https:\\\/\\\/sub.hotelteledom.sk\\\/\",\"logo\":{\"@type\":\"ImageObject\",\"inLanguage\":\"de\",\"@id\":\"https:\\\/\\\/sub.hotelteledom.sk\\\/#\\\/schema\\\/logo\\\/image\\\/\",\"url\":\"https:\\\/\\\/sub.hotelteledom.sk\\\/wp-content\\\/uploads\\\/2022\\\/08\\\/cropped-teledom-logotyp-2021-2_\u041c\u043e\u043d\u0442\u0430\u0436\u043d\u0430\u044f-\u043e\u0431\u043b\u0430\u0441\u0442\u044c-1.png\",\"contentUrl\":\"https:\\\/\\\/sub.hotelteledom.sk\\\/wp-content\\\/uploads\\\/2022\\\/08\\\/cropped-teledom-logotyp-2021-2_\u041c\u043e\u043d\u0442\u0430\u0436\u043d\u0430\u044f-\u043e\u0431\u043b\u0430\u0441\u0442\u044c-1.png\",\"width\":512,\"height\":512,\"caption\":\"Novitech Partner s.r.o.\"},\"image\":{\"@id\":\"https:\\\/\\\/sub.hotelteledom.sk\\\/#\\\/schema\\\/logo\\\/image\\\/\"},\"sameAs\":[\"https:\\\/\\\/www.facebook.com\\\/teledomonline\",\"https:\\\/\\\/www.instagram.com\\\/teledomkosice\\\/\"],\"description\":\"Trojhviezdi\u010dkov\u00fd hotel, re\u0161taur\u00e1cia Mestsk\u00e1 Pivnica a konferen\u010dn\u00e9 centrum v historickom centre Ko\u0161\u00edc, 200 m od D\u00f3mu sv. Al\u017ebety.\",\"email\":\"online@teledom.sk\",\"telephone\":\"+421 55 327 44 01\",\"legalName\":\"Novitech Partner s.r.o.\",\"foundingDate\":\"2001-01-08\",\"vatID\":\"SK2020061043\",\"taxID\":\"2020061043\",\"numberOfEmployees\":{\"@type\":\"QuantitativeValue\",\"minValue\":\"11\",\"maxValue\":\"50\"},\"publishingPrinciples\":\"https:\\\/\\\/sub.hotelteledom.sk\\\/gdpr-system-ochrany-osobnych-udajov-v-ramci-spolocnosti-novitech-partner-s-r-o\\\/\",\"ownershipFundingInfo\":\"https:\\\/\\\/sub.hotelteledom.sk\\\/gdpr-system-ochrany-osobnych-udajov-v-ramci-spolocnosti-novitech-partner-s-r-o\\\/\",\"actionableFeedbackPolicy\":\"https:\\\/\\\/sub.hotelteledom.sk\\\/gdpr-system-ochrany-osobnych-udajov-v-ramci-spolocnosti-novitech-partner-s-r-o\\\/\"}]}<\/script>\n<!-- \/ Yoast SEO Premium plugin. -->","yoast_head_json":{"title":"Kontakt | Hotel Teledom*** Ko\u0161ice \u2013 Timonova 755","description":"Kontaktieren Sie das Hotel Teledom*** in Ko\u0161ice. Adresse: Timonova 755, 040 01 Ko\u0161ice. Tel.: +421 55 327 44 01. E-Mail: recepcia@teledom.sk. Rezeption 24\/7.","robots":{"index":"index","follow":"follow","max-snippet":"max-snippet:-1","max-image-preview":"max-image-preview:large","max-video-preview":"max-video-preview:-1"},"canonical":"https:\/\/sub.hotelteledom.sk\/kontakt\/","og_locale":"de_DE","og_type":"article","og_title":"Kontakt","og_description":"Kontaktieren Sie das Hotel Teledom*** in Ko\u0161ice. Adresse: Timonova 755, 040 01 Ko\u0161ice. Tel.: +421 55 327 44 01. E-Mail: recepcia@teledom.sk. Rezeption 24\/7.","og_url":"https:\/\/sub.hotelteledom.sk\/kontakt\/","og_site_name":"Hotel Teledom","article_publisher":"https:\/\/www.facebook.com\/teledomonline","article_modified_time":"2026-04-28T16:37:56+00:00","og_image":[{"width":680,"height":410,"url":"https:\/\/sub.hotelteledom.sk\/wp-content\/uploads\/2026\/04\/2020-09-08.webp","type":"image\/webp"}],"twitter_card":"summary_large_image","schema":{"@context":"https:\/\/schema.org","@graph":[{"@type":"WebPage","@id":"https:\/\/sub.hotelteledom.sk\/kontakt\/","url":"https:\/\/sub.hotelteledom.sk\/kontakt\/","name":"Kontakt | Hotel Teledom*** Ko\u0161ice \u2013 Timonova 755","isPartOf":{"@id":"https:\/\/sub.hotelteledom.sk\/#website"},"primaryImageOfPage":{"@id":"https:\/\/sub.hotelteledom.sk\/kontakt\/#primaryimage"},"image":{"@id":"https:\/\/sub.hotelteledom.sk\/kontakt\/#primaryimage"},"thumbnailUrl":"https:\/\/sub.hotelteledom.sk\/wp-content\/uploads\/2026\/04\/2020-09-08.webp","datePublished":"2021-07-02T06:28:41+00:00","dateModified":"2026-04-28T16:37:56+00:00","description":"Kontaktieren Sie das Hotel Teledom*** in Ko\u0161ice. Adresse: Timonova 755, 040 01 Ko\u0161ice. Tel.: +421 55 327 44 01. E-Mail: recepcia@teledom.sk. Rezeption 24\/7.","breadcrumb":{"@id":"https:\/\/sub.hotelteledom.sk\/kontakt\/#breadcrumb"},"inLanguage":"de","potentialAction":[{"@type":"ReadAction","target":["https:\/\/sub.hotelteledom.sk\/kontakt\/"]}]},{"@type":"ImageObject","inLanguage":"de","@id":"https:\/\/sub.hotelteledom.sk\/kontakt\/#primaryimage","url":"https:\/\/sub.hotelteledom.sk\/wp-content\/uploads\/2026\/04\/2020-09-08.webp","contentUrl":"https:\/\/sub.hotelteledom.sk\/wp-content\/uploads\/2026\/04\/2020-09-08.webp","width":680,"height":410},{"@type":"BreadcrumbList","@id":"https:\/\/sub.hotelteledom.sk\/kontakt\/#breadcrumb","itemListElement":[{"@type":"ListItem","position":1,"name":"Domovsk\u00e1 str\u00e1nka","item":"https:\/\/sub.hotelteledom.sk\/"},{"@type":"ListItem","position":2,"name":"Kontakt"}]},{"@type":"WebSite","@id":"https:\/\/sub.hotelteledom.sk\/#website","url":"https:\/\/sub.hotelteledom.sk\/","name":"Hotel TeleDom & Conference Center","description":"Trojhviezdi\u010dkov\u00fd hotel, re\u0161taur\u00e1cia Mestsk\u00e1 Pivnica a konferen\u010dn\u00e9 centrum v historickom centre Ko\u0161\u00edc, 200 m od D\u00f3mu sv. Al\u017ebety.","publisher":{"@id":"https:\/\/sub.hotelteledom.sk\/#organization"},"alternateName":"Hotel TeleDom","potentialAction":[{"@type":"SearchAction","target":{"@type":"EntryPoint","urlTemplate":"https:\/\/sub.hotelteledom.sk\/?s={search_term_string}"},"query-input":{"@type":"PropertyValueSpecification","valueRequired":true,"valueName":"search_term_string"}}],"inLanguage":"de"},{"@type":"Organization","@id":"https:\/\/sub.hotelteledom.sk\/#organization","name":"Novitech Partner s.r.o.","url":"https:\/\/sub.hotelteledom.sk\/","logo":{"@type":"ImageObject","inLanguage":"de","@id":"https:\/\/sub.hotelteledom.sk\/#\/schema\/logo\/image\/","url":"https:\/\/sub.hotelteledom.sk\/wp-content\/uploads\/2022\/08\/cropped-teledom-logotyp-2021-2_\u041c\u043e\u043d\u0442\u0430\u0436\u043d\u0430\u044f-\u043e\u0431\u043b\u0430\u0441\u0442\u044c-1.png","contentUrl":"https:\/\/sub.hotelteledom.sk\/wp-content\/uploads\/2022\/08\/cropped-teledom-logotyp-2021-2_\u041c\u043e\u043d\u0442\u0430\u0436\u043d\u0430\u044f-\u043e\u0431\u043b\u0430\u0441\u0442\u044c-1.png","width":512,"height":512,"caption":"Novitech Partner s.r.o."},"image":{"@id":"https:\/\/sub.hotelteledom.sk\/#\/schema\/logo\/image\/"},"sameAs":["https:\/\/www.facebook.com\/teledomonline","https:\/\/www.instagram.com\/teledomkosice\/"],"description":"Trojhviezdi\u010dkov\u00fd hotel, re\u0161taur\u00e1cia Mestsk\u00e1 Pivnica a konferen\u010dn\u00e9 centrum v historickom centre Ko\u0161\u00edc, 200 m od D\u00f3mu sv. Al\u017ebety.","email":"online@teledom.sk","telephone":"+421 55 327 44 01","legalName":"Novitech Partner s.r.o.","foundingDate":"2001-01-08","vatID":"SK2020061043","taxID":"2020061043","numberOfEmployees":{"@type":"QuantitativeValue","minValue":"11","maxValue":"50"},"publishingPrinciples":"https:\/\/sub.hotelteledom.sk\/gdpr-system-ochrany-osobnych-udajov-v-ramci-spolocnosti-novitech-partner-s-r-o\/","ownershipFundingInfo":"https:\/\/sub.hotelteledom.sk\/gdpr-system-ochrany-osobnych-udajov-v-ramci-spolocnosti-novitech-partner-s-r-o\/","actionableFeedbackPolicy":"https:\/\/sub.hotelteledom.sk\/gdpr-system-ochrany-osobnych-udajov-v-ramci-spolocnosti-novitech-partner-s-r-o\/"}]}},"_links":{"self":[{"href":"https:\/\/sub.hotelteledom.sk\/de\/wp-json\/wp\/v2\/pages\/1429","targetHints":{"allow":["GET"]}}],"collection":[{"href":"https:\/\/sub.hotelteledom.sk\/de\/wp-json\/wp\/v2\/pages"}],"about":[{"href":"https:\/\/sub.hotelteledom.sk\/de\/wp-json\/wp\/v2\/types\/page"}],"author":[{"embeddable":true,"href":"https:\/\/sub.hotelteledom.sk\/de\/wp-json\/wp\/v2\/users\/1"}],"replies":[{"embeddable":true,"href":"https:\/\/sub.hotelteledom.sk\/de\/wp-json\/wp\/v2\/comments?post=1429"}],"version-history":[{"count":5,"href":"https:\/\/sub.hotelteledom.sk\/de\/wp-json\/wp\/v2\/pages\/1429\/revisions"}],"predecessor-version":[{"id":9964,"href":"https:\/\/sub.hotelteledom.sk\/de\/wp-json\/wp\/v2\/pages\/1429\/revisions\/9964"}],"wp:featuredmedia":[{"embeddable":true,"href":"https:\/\/sub.hotelteledom.sk\/de\/wp-json\/wp\/v2\/media\/9528"}],"wp:attachment":[{"href":"https:\/\/sub.hotelteledom.sk\/de\/wp-json\/wp\/v2\/media?parent=1429"}],"curies":[{"name":"wp","href":"https:\/\/api.w.org\/{rel}","templated":true}]}}