{"id":1424,"date":"2018-04-20T13:45:34","date_gmt":"2018-04-20T11:45:34","guid":{"rendered":"https:\/\/sub.hotelteledom.sk\/galeria\/"},"modified":"2018-08-21T07:51:38","modified_gmt":"2018-08-21T05:51:38","slug":"galerie","status":"publish","type":"page","link":"https:\/\/sub.hotelteledom.sk\/de\/galerie\/","title":{"rendered":"Galerie"},"content":{"rendered":"<h2>HOTEL***<\/h2>\n<p><a href=\"\" data-elementor-open-lightbox=\"default\" data-elementor-lightbox-slideshow=\"a4f44d7\"><br \/>\n<img decoding=\"async\" title=\"hotel-teledom-exterier\" src=\"\" \/><\/a><\/p>\n<p>Hotel Teledom ***<\/p>\n<p><a href=\"\" data-elementor-open-lightbox=\"default\" data-elementor-lightbox-slideshow=\"a4f44d7\"><br \/>\n<img decoding=\"async\" title=\"RECEPCIA\" src=\"\" \/><\/a><\/p>\n<p>Recepcia<\/p>\n<p><a href=\"\" data-elementor-open-lightbox=\"default\" data-elementor-lightbox-slideshow=\"a4f44d7\"><br \/>\n<img decoding=\"async\" title=\"8I0A0324\" src=\"\" \/><\/a><\/p>\n<p>Ra\u0148ajky<\/p>\n<p><a href=\"\" data-elementor-open-lightbox=\"default\" data-elementor-lightbox-slideshow=\"a4f44d7\"><br \/>\n<img decoding=\"async\" title=\"8I0A0179\" src=\"\" \/><\/a><\/p>\n<p>Ra\u0148ajky<\/p>\n<p><a href=\"\" data-elementor-open-lightbox=\"default\" data-elementor-lightbox-slideshow=\"a4f44d7\"><br \/>\n<img decoding=\"async\" title=\"hotel-teledom-atrium-1\" src=\"\" \/><\/a><\/p>\n<p>\u00c1trium<\/p>\n<p><a href=\"\" data-elementor-open-lightbox=\"default\" data-elementor-lightbox-slideshow=\"a4f44d7\"><br \/>\n<img decoding=\"async\" title=\"Jednoposte\u013eov\u00e9 izby BUSINES\" src=\"\" \/><\/a><\/p>\n<p>Jednoposte\u013eov\u00e1 izba BUSINES<\/p>\n<p><a href=\"\" data-elementor-open-lightbox=\"default\" data-elementor-lightbox-slideshow=\"a4f44d7\"><br \/>\n<img decoding=\"async\" title=\"Jednoposte\u013eov\u00e9 izby BUSINES\" src=\"\" \/><\/a><\/p>\n<p>Jednoposte\u013eov\u00e1 izba BUSINES<\/p>\n<p><a href=\"\" data-elementor-open-lightbox=\"default\" data-elementor-lightbox-slideshow=\"a4f44d7\"><br \/>\n<img decoding=\"async\" title=\"Dvojposte\u013eov\u00e9 izby BUSINES\" src=\"\" \/><\/a><\/p>\n<p>Dvojposte\u013eov\u00e1 izba BUSINES<\/p>\n<p><a href=\"\" data-elementor-open-lightbox=\"default\" data-elementor-lightbox-slideshow=\"a4f44d7\"><br \/>\n<img decoding=\"async\" title=\"Dvojposte\u013eov\u00e9 izby BUSINES\" src=\"\" \/><\/a><\/p>\n<p>Dvojposte\u013eov\u00e1 izba BUSINES<\/p>\n<p><a href=\"\" data-elementor-open-lightbox=\"default\" data-elementor-lightbox-slideshow=\"a4f44d7\"><br \/>\n<img decoding=\"async\" title=\"Dvojposte\u013eov\u00e9 izby BUSINES\" src=\"\" \/><\/a><\/p>\n<p>Dvojposte\u013eov\u00e1 izba BUSINES<\/p>\n<p><a href=\"\" data-elementor-open-lightbox=\"default\" data-elementor-lightbox-slideshow=\"a4f44d7\"><br \/>\n<img decoding=\"async\" title=\"Dvojposte\u013eov\u00e9 izby BUSINES\" src=\"\" \/><\/a><\/p>\n<p>Dvojposte\u013eov\u00e1 izba BUSINES<\/p>\n<p><a href=\"\" data-elementor-open-lightbox=\"default\" data-elementor-lightbox-slideshow=\"a4f44d7\"><br \/>\n<img decoding=\"async\" title=\"8I0A0015\" src=\"\" \/><\/a><\/p>\n<p>Rodinn\u00fd apartm\u00e1nDvojposte\u013eov\u00e9 izby BUSINES<\/p>\n<p><a href=\"\" data-elementor-open-lightbox=\"default\" data-elementor-lightbox-slideshow=\"a4f44d7\"><br \/>\n<img decoding=\"async\" title=\"8I0A0095\" src=\"\" \/><\/a><\/p>\n<p>Dvojposte\u013eov\u00e9 izba Economy<\/p>\n<p><a href=\"\" data-elementor-open-lightbox=\"default\" data-elementor-lightbox-slideshow=\"a4f44d7\"><br \/>\n<img decoding=\"async\" title=\"8I0A0080\" src=\"\" \/><\/a><\/p>\n<p>Nad\u0161tandardn\u00fd apartm\u00e1n<\/p>\n<p><a href=\"\" data-elementor-open-lightbox=\"default\" data-elementor-lightbox-slideshow=\"a4f44d7\"><br \/>\n<img decoding=\"async\" title=\"8I0A0056\" src=\"\" \/><\/a><\/p>\n<p>Jednoposte\u013eov\u00e1 izba Economy<\/p>\n<p><a href=\"\" data-elementor-open-lightbox=\"default\" data-elementor-lightbox-slideshow=\"a4f44d7\"><br \/>\n<img decoding=\"async\" title=\"8I0A0043\" src=\"\" \/><\/a><\/p>\n<p>Rodinn\u00fd apartm\u00e1n<\/p>\n<p><a href=\"\" data-elementor-open-lightbox=\"default\" data-elementor-lightbox-slideshow=\"a4f44d7\"><br \/>\n<img decoding=\"async\" title=\"8I0A0028\" src=\"\" \/><\/a><\/p>\n<p>Dvojposte\u013eov\u00e1 izba Economy<\/p>\n<p><a href=\"\" data-elementor-open-lightbox=\"default\" data-elementor-lightbox-slideshow=\"a4f44d7\"><br \/>\n<img decoding=\"async\" title=\"8I0A0021\" src=\"\" \/><\/a><\/p>\n<p>Rodinn\u00fd apartm\u00e1n<\/p>\n<p><a role=\"button\" href=\"rezervujte-hotelovu-izbu\/\"><br \/>\nRezerv\u00e1cie izieb<br \/>\n<\/a><\/p>\n<h3>Sal\u00f3ny:<\/h3>\n<p><a href=\"\" data-elementor-open-lightbox=\"default\" data-elementor-lightbox-slideshow=\"3dc507f\"><br \/>\n<img decoding=\"async\" title=\"hotel-teledom-maly-salon\" src=\"\" \/><\/a><\/p>\n<p>Mal\u00fd sal\u00f3n<\/p>\n<p><a href=\"\" data-elementor-open-lightbox=\"default\" data-elementor-lightbox-slideshow=\"3dc507f\"><br \/>\n<img decoding=\"async\" title=\"hotel-teledom-maly-salon-4\" src=\"\" \/><\/a><\/p>\n<p>Mal\u00fd sal\u00f3n<\/p>\n<p><a href=\"\" data-elementor-open-lightbox=\"default\" data-elementor-lightbox-slideshow=\"3dc507f\"><br \/>\n<img decoding=\"async\" title=\"hotel-teledom-maly-salon-3\" src=\"\" \/><\/a><\/p>\n<p>Mal\u00fd sal\u00f3n<\/p>\n<p><a href=\"\" data-elementor-open-lightbox=\"default\" data-elementor-lightbox-slideshow=\"3dc507f\"><br \/>\n<img decoding=\"async\" title=\"R\u00e1kocziho sal\u00f3nik\" src=\"\" \/><\/a><\/p>\n<p>R\u00e1kocziho sal\u00f3nik<\/p>\n<p><a href=\"\" data-elementor-open-lightbox=\"default\" data-elementor-lightbox-slideshow=\"3dc507f\"><br \/>\n<img decoding=\"async\" title=\"R\u00e1kocziho sal\u00f3nik\" src=\"\" \/><\/a><\/p>\n<p>R\u00e1kocziho sal\u00f3nik<\/p>\n<p><a href=\"\" data-elementor-open-lightbox=\"default\" data-elementor-lightbox-slideshow=\"3dc507f\"><br \/>\n<img decoding=\"async\" title=\"R\u00e1kocziho sal\u00f3nik\" src=\"\" \/><\/a><\/p>\n<p>R\u00e1kocziho sal\u00f3nik<\/p>\n<p><a role=\"button\" href=\"restauracia\/\"><br \/>\nRezerv\u00e1cie sal\u00f3nov<br \/>\n<\/a><\/p>\n<h2>Mestsk\u00e1 pivnica<\/h2>\n<p><a href=\"\" data-elementor-open-lightbox=\"default\" data-elementor-lightbox-slideshow=\"34a098a\"><br \/>\n<img decoding=\"async\" title=\"Metsk\u00e1 pivnica\" src=\"\" \/><br \/>\n<\/a><br \/>\n<a href=\"\" data-elementor-open-lightbox=\"default\" data-elementor-lightbox-slideshow=\"34a098a\"><br \/>\n<img decoding=\"async\" title=\"Metsk\u00e1 pivnica\" src=\"\" \/><br \/>\n<\/a><br \/>\n<a href=\"\" data-elementor-open-lightbox=\"default\" data-elementor-lightbox-slideshow=\"34a098a\"><br \/>\n<img decoding=\"async\" title=\"Metsk\u00e1 pivnica\" src=\"\" \/><br \/>\n<\/a><br \/>\n<a href=\"\" data-elementor-open-lightbox=\"default\" data-elementor-lightbox-slideshow=\"34a098a\"><br \/>\n<img decoding=\"async\" title=\"8I0A0062\" src=\"\" \/><br \/>\n<\/a><br \/>\n<a href=\"\" data-elementor-open-lightbox=\"default\" data-elementor-lightbox-slideshow=\"34a098a\"><br \/>\n<img decoding=\"async\" title=\"Metsk\u00e1 pivnica\" src=\"\" \/><br \/>\n<\/a><br \/>\n<a href=\"\" data-elementor-open-lightbox=\"default\" data-elementor-lightbox-slideshow=\"34a098a\"><br \/>\n<img decoding=\"async\" title=\"Metsk\u00e1 pivnica\" src=\"\" \/><br \/>\n<\/a><br \/>\n<a role=\"button\" href=\"restauracia\/\"><br \/>\nDenn\u00e9 menu<br \/>\n<\/a><\/p>\n<h2>Kaviare\u0148 Tele bistro:<\/h2>\n<p><a href=\"\" data-elementor-open-lightbox=\"default\" data-elementor-lightbox-slideshow=\"540dddf\"><br \/>\n<img decoding=\"async\" title=\"8I0A9951\" src=\"\" \/><br \/>\n<\/a><br \/>\n<a href=\"\" data-elementor-open-lightbox=\"default\" data-elementor-lightbox-slideshow=\"540dddf\"><br \/>\n<img decoding=\"async\" title=\"8I0A9966\" src=\"\" \/><br \/>\n<\/a><br \/>\n<a href=\"\" data-elementor-open-lightbox=\"default\" data-elementor-lightbox-slideshow=\"540dddf\"><br \/>\n<img decoding=\"async\" title=\"8I0A0001\" src=\"\" \/><br \/>\n<\/a><br \/>\n<a role=\"button\" href=\"kaviaren\/\"><br \/>\nviac o kaviarni tu<br \/>\n<\/a><\/p>\n","protected":false},"excerpt":{"rendered":"<p>HOTEL*** Hotel Teledom *** Recepcia Ra\u0148ajky Ra\u0148ajky \u00c1trium Jednoposte\u013eov\u00e1 izba BUSINES Jednoposte\u013eov\u00e1 izba BUSINES Dvojposte\u013eov\u00e1 izba BUSINES Dvojposte\u013eov\u00e1 izba BUSINES Dvojposte\u013eov\u00e1 izba BUSINES Dvojposte\u013eov\u00e1 izba BUSINES Rodinn\u00fd apartm\u00e1nDvojposte\u013eov\u00e9 izby BUSINES Dvojposte\u013eov\u00e9 izba Economy Nad\u0161tandardn\u00fd apartm\u00e1n Jednoposte\u013eov\u00e1 izba Economy Rodinn\u00fd apartm\u00e1n Dvojposte\u013eov\u00e1 izba Economy Rodinn\u00fd apartm\u00e1n Rezerv\u00e1cie izieb Sal\u00f3ny: Mal\u00fd sal\u00f3n Mal\u00fd sal\u00f3n Mal\u00fd sal\u00f3n R\u00e1kocziho &#8230; <a title=\"Galerie\" class=\"read-more\" href=\"https:\/\/sub.hotelteledom.sk\/de\/galerie\/\" aria-label=\"Mehr Informationen \u00fcber Galerie\">Weiterlesen<\/a><\/p>\n","protected":false},"author":1,"featured_media":0,"parent":0,"menu_order":0,"comment_status":"closed","ping_status":"closed","template":"elementor_header_footer","meta":{"_teledom_gallery_image_ids":[],"footnotes":""},"class_list":["post-1424","page","type-page","status-publish"],"yoast_head":"<!-- This site is optimized with the Yoast SEO Premium plugin v27.3 (Yoast SEO v27.3) - https:\/\/yoast.com\/product\/yoast-seo-premium-wordpress\/ -->\n<title>Galerie | Hotel Teledom*** Ko\u0161ice \u2013 Zimmer und Interieur<\/title>\n<meta name=\"description\" content=\"Fotogalerie des Hotel Teledom*** in Ko\u0161ice. Sehen Sie Zimmer, Apartments, das Restaurant Mestsk\u00e1 Pivnica und die Konferenzr\u00e4ume im Stadtzentrum.\" \/>\n<meta name=\"robots\" content=\"index, follow, max-snippet:-1, max-image-preview:large, max-video-preview:-1\" \/>\n<link rel=\"canonical\" href=\"https:\/\/sub.hotelteledom.sk\/?page_id=1102\" \/>\n<meta property=\"og:locale\" content=\"de_DE\" \/>\n<meta property=\"og:type\" content=\"article\" \/>\n<meta property=\"og:title\" content=\"Galerie\" \/>\n<meta property=\"og:description\" content=\"Fotogalerie des Hotel Teledom*** in Ko\u0161ice. Sehen Sie Zimmer, Apartments, das Restaurant Mestsk\u00e1 Pivnica und die Konferenzr\u00e4ume im Stadtzentrum.\" \/>\n<meta property=\"og:url\" content=\"https:\/\/sub.hotelteledom.sk\/?page_id=1102\" \/>\n<meta property=\"og:site_name\" content=\"Hotel Teledom\" \/>\n<meta property=\"article:publisher\" content=\"https:\/\/www.facebook.com\/teledomonline\" \/>\n<meta property=\"article:modified_time\" content=\"2018-08-21T05:51:38+00:00\" \/>\n<meta property=\"og:image\" content=\"https:\/\/sub.hotelteledom.sk\/wp-content\/uploads\/2026\/04\/2020-09-08.webp\" \/>\n\t<meta property=\"og:image:width\" content=\"680\" \/>\n\t<meta property=\"og:image:height\" content=\"410\" \/>\n\t<meta property=\"og:image:type\" content=\"image\/webp\" \/>\n<meta name=\"twitter:card\" content=\"summary_large_image\" \/>\n<meta name=\"twitter:label1\" content=\"Gesch\u00e4tzte Lesezeit\" \/>\n\t<meta name=\"twitter:data1\" content=\"1\u00a0Minute\" \/>\n<script type=\"application\/ld+json\" class=\"yoast-schema-graph\">{\"@context\":\"https:\\\/\\\/schema.org\",\"@graph\":[{\"@type\":\"WebPage\",\"@id\":\"https:\\\/\\\/sub.hotelteledom.sk\\\/?page_id=1102\",\"url\":\"https:\\\/\\\/sub.hotelteledom.sk\\\/?page_id=1102\",\"name\":\"Galerie | Hotel Teledom*** Ko\u0161ice \u2013 Zimmer und Interieur\",\"isPartOf\":{\"@id\":\"https:\\\/\\\/sub.hotelteledom.sk\\\/#website\"},\"datePublished\":\"2018-04-20T11:45:34+00:00\",\"dateModified\":\"2018-08-21T05:51:38+00:00\",\"description\":\"Fotogalerie des Hotel Teledom*** in Ko\u0161ice. Sehen Sie Zimmer, Apartments, das Restaurant Mestsk\u00e1 Pivnica und die Konferenzr\u00e4ume im Stadtzentrum.\",\"breadcrumb\":{\"@id\":\"https:\\\/\\\/sub.hotelteledom.sk\\\/?page_id=1102#breadcrumb\"},\"inLanguage\":\"de\",\"potentialAction\":[{\"@type\":\"ReadAction\",\"target\":[\"https:\\\/\\\/sub.hotelteledom.sk\\\/?page_id=1102\"]}]},{\"@type\":\"BreadcrumbList\",\"@id\":\"https:\\\/\\\/sub.hotelteledom.sk\\\/?page_id=1102#breadcrumb\",\"itemListElement\":[{\"@type\":\"ListItem\",\"position\":1,\"name\":\"Domovsk\u00e1 str\u00e1nka\",\"item\":\"https:\\\/\\\/sub.hotelteledom.sk\\\/\"},{\"@type\":\"ListItem\",\"position\":2,\"name\":\"Galerie\"}]},{\"@type\":\"WebSite\",\"@id\":\"https:\\\/\\\/sub.hotelteledom.sk\\\/#website\",\"url\":\"https:\\\/\\\/sub.hotelteledom.sk\\\/\",\"name\":\"Hotel TeleDom & Conference Center\",\"description\":\"Trojhviezdi\u010dkov\u00fd hotel, re\u0161taur\u00e1cia Mestsk\u00e1 Pivnica a konferen\u010dn\u00e9 centrum v historickom centre Ko\u0161\u00edc, 200 m od D\u00f3mu sv. Al\u017ebety.\",\"publisher\":{\"@id\":\"https:\\\/\\\/sub.hotelteledom.sk\\\/#organization\"},\"alternateName\":\"Hotel TeleDom\",\"potentialAction\":[{\"@type\":\"SearchAction\",\"target\":{\"@type\":\"EntryPoint\",\"urlTemplate\":\"https:\\\/\\\/sub.hotelteledom.sk\\\/?s={search_term_string}\"},\"query-input\":{\"@type\":\"PropertyValueSpecification\",\"valueRequired\":true,\"valueName\":\"search_term_string\"}}],\"inLanguage\":\"de\"},{\"@type\":\"Organization\",\"@id\":\"https:\\\/\\\/sub.hotelteledom.sk\\\/#organization\",\"name\":\"Novitech Partner s.r.o.\",\"url\":\"https:\\\/\\\/sub.hotelteledom.sk\\\/\",\"logo\":{\"@type\":\"ImageObject\",\"inLanguage\":\"de\",\"@id\":\"https:\\\/\\\/sub.hotelteledom.sk\\\/#\\\/schema\\\/logo\\\/image\\\/\",\"url\":\"https:\\\/\\\/sub.hotelteledom.sk\\\/wp-content\\\/uploads\\\/2022\\\/08\\\/cropped-teledom-logotyp-2021-2_\u041c\u043e\u043d\u0442\u0430\u0436\u043d\u0430\u044f-\u043e\u0431\u043b\u0430\u0441\u0442\u044c-1.png\",\"contentUrl\":\"https:\\\/\\\/sub.hotelteledom.sk\\\/wp-content\\\/uploads\\\/2022\\\/08\\\/cropped-teledom-logotyp-2021-2_\u041c\u043e\u043d\u0442\u0430\u0436\u043d\u0430\u044f-\u043e\u0431\u043b\u0430\u0441\u0442\u044c-1.png\",\"width\":512,\"height\":512,\"caption\":\"Novitech Partner s.r.o.\"},\"image\":{\"@id\":\"https:\\\/\\\/sub.hotelteledom.sk\\\/#\\\/schema\\\/logo\\\/image\\\/\"},\"sameAs\":[\"https:\\\/\\\/www.facebook.com\\\/teledomonline\",\"https:\\\/\\\/www.instagram.com\\\/teledomkosice\\\/\"],\"description\":\"Trojhviezdi\u010dkov\u00fd hotel, re\u0161taur\u00e1cia Mestsk\u00e1 Pivnica a konferen\u010dn\u00e9 centrum v historickom centre Ko\u0161\u00edc, 200 m od D\u00f3mu sv. Al\u017ebety.\",\"email\":\"online@teledom.sk\",\"telephone\":\"+421 55 327 44 01\",\"legalName\":\"Novitech Partner s.r.o.\",\"foundingDate\":\"2001-01-08\",\"vatID\":\"SK2020061043\",\"taxID\":\"2020061043\",\"numberOfEmployees\":{\"@type\":\"QuantitativeValue\",\"minValue\":\"11\",\"maxValue\":\"50\"},\"publishingPrinciples\":\"https:\\\/\\\/sub.hotelteledom.sk\\\/gdpr-system-ochrany-osobnych-udajov-v-ramci-spolocnosti-novitech-partner-s-r-o\\\/\",\"ownershipFundingInfo\":\"https:\\\/\\\/sub.hotelteledom.sk\\\/gdpr-system-ochrany-osobnych-udajov-v-ramci-spolocnosti-novitech-partner-s-r-o\\\/\",\"actionableFeedbackPolicy\":\"https:\\\/\\\/sub.hotelteledom.sk\\\/gdpr-system-ochrany-osobnych-udajov-v-ramci-spolocnosti-novitech-partner-s-r-o\\\/\"}]}<\/script>\n<!-- \/ Yoast SEO Premium plugin. -->","yoast_head_json":{"title":"Galerie | Hotel Teledom*** Ko\u0161ice \u2013 Zimmer und Interieur","description":"Fotogalerie des Hotel Teledom*** in Ko\u0161ice. Sehen Sie Zimmer, Apartments, das Restaurant Mestsk\u00e1 Pivnica und die Konferenzr\u00e4ume im Stadtzentrum.","robots":{"index":"index","follow":"follow","max-snippet":"max-snippet:-1","max-image-preview":"max-image-preview:large","max-video-preview":"max-video-preview:-1"},"canonical":"https:\/\/sub.hotelteledom.sk\/?page_id=1102","og_locale":"de_DE","og_type":"article","og_title":"Galerie","og_description":"Fotogalerie des Hotel Teledom*** in Ko\u0161ice. Sehen Sie Zimmer, Apartments, das Restaurant Mestsk\u00e1 Pivnica und die Konferenzr\u00e4ume im Stadtzentrum.","og_url":"https:\/\/sub.hotelteledom.sk\/?page_id=1102","og_site_name":"Hotel Teledom","article_publisher":"https:\/\/www.facebook.com\/teledomonline","article_modified_time":"2018-08-21T05:51:38+00:00","og_image":[{"width":680,"height":410,"url":"https:\/\/sub.hotelteledom.sk\/wp-content\/uploads\/2026\/04\/2020-09-08.webp","type":"image\/webp"}],"twitter_card":"summary_large_image","twitter_misc":{"Gesch\u00e4tzte Lesezeit":"1\u00a0Minute"},"schema":{"@context":"https:\/\/schema.org","@graph":[{"@type":"WebPage","@id":"https:\/\/sub.hotelteledom.sk\/?page_id=1102","url":"https:\/\/sub.hotelteledom.sk\/?page_id=1102","name":"Galerie | Hotel Teledom*** Ko\u0161ice \u2013 Zimmer und Interieur","isPartOf":{"@id":"https:\/\/sub.hotelteledom.sk\/#website"},"datePublished":"2018-04-20T11:45:34+00:00","dateModified":"2018-08-21T05:51:38+00:00","description":"Fotogalerie des Hotel Teledom*** in Ko\u0161ice. Sehen Sie Zimmer, Apartments, das Restaurant Mestsk\u00e1 Pivnica und die Konferenzr\u00e4ume im Stadtzentrum.","breadcrumb":{"@id":"https:\/\/sub.hotelteledom.sk\/?page_id=1102#breadcrumb"},"inLanguage":"de","potentialAction":[{"@type":"ReadAction","target":["https:\/\/sub.hotelteledom.sk\/?page_id=1102"]}]},{"@type":"BreadcrumbList","@id":"https:\/\/sub.hotelteledom.sk\/?page_id=1102#breadcrumb","itemListElement":[{"@type":"ListItem","position":1,"name":"Domovsk\u00e1 str\u00e1nka","item":"https:\/\/sub.hotelteledom.sk\/"},{"@type":"ListItem","position":2,"name":"Galerie"}]},{"@type":"WebSite","@id":"https:\/\/sub.hotelteledom.sk\/#website","url":"https:\/\/sub.hotelteledom.sk\/","name":"Hotel TeleDom & Conference Center","description":"Trojhviezdi\u010dkov\u00fd hotel, re\u0161taur\u00e1cia Mestsk\u00e1 Pivnica a konferen\u010dn\u00e9 centrum v historickom centre Ko\u0161\u00edc, 200 m od D\u00f3mu sv. Al\u017ebety.","publisher":{"@id":"https:\/\/sub.hotelteledom.sk\/#organization"},"alternateName":"Hotel TeleDom","potentialAction":[{"@type":"SearchAction","target":{"@type":"EntryPoint","urlTemplate":"https:\/\/sub.hotelteledom.sk\/?s={search_term_string}"},"query-input":{"@type":"PropertyValueSpecification","valueRequired":true,"valueName":"search_term_string"}}],"inLanguage":"de"},{"@type":"Organization","@id":"https:\/\/sub.hotelteledom.sk\/#organization","name":"Novitech Partner s.r.o.","url":"https:\/\/sub.hotelteledom.sk\/","logo":{"@type":"ImageObject","inLanguage":"de","@id":"https:\/\/sub.hotelteledom.sk\/#\/schema\/logo\/image\/","url":"https:\/\/sub.hotelteledom.sk\/wp-content\/uploads\/2022\/08\/cropped-teledom-logotyp-2021-2_\u041c\u043e\u043d\u0442\u0430\u0436\u043d\u0430\u044f-\u043e\u0431\u043b\u0430\u0441\u0442\u044c-1.png","contentUrl":"https:\/\/sub.hotelteledom.sk\/wp-content\/uploads\/2022\/08\/cropped-teledom-logotyp-2021-2_\u041c\u043e\u043d\u0442\u0430\u0436\u043d\u0430\u044f-\u043e\u0431\u043b\u0430\u0441\u0442\u044c-1.png","width":512,"height":512,"caption":"Novitech Partner s.r.o."},"image":{"@id":"https:\/\/sub.hotelteledom.sk\/#\/schema\/logo\/image\/"},"sameAs":["https:\/\/www.facebook.com\/teledomonline","https:\/\/www.instagram.com\/teledomkosice\/"],"description":"Trojhviezdi\u010dkov\u00fd hotel, re\u0161taur\u00e1cia Mestsk\u00e1 Pivnica a konferen\u010dn\u00e9 centrum v historickom centre Ko\u0161\u00edc, 200 m od D\u00f3mu sv. Al\u017ebety.","email":"online@teledom.sk","telephone":"+421 55 327 44 01","legalName":"Novitech Partner s.r.o.","foundingDate":"2001-01-08","vatID":"SK2020061043","taxID":"2020061043","numberOfEmployees":{"@type":"QuantitativeValue","minValue":"11","maxValue":"50"},"publishingPrinciples":"https:\/\/sub.hotelteledom.sk\/gdpr-system-ochrany-osobnych-udajov-v-ramci-spolocnosti-novitech-partner-s-r-o\/","ownershipFundingInfo":"https:\/\/sub.hotelteledom.sk\/gdpr-system-ochrany-osobnych-udajov-v-ramci-spolocnosti-novitech-partner-s-r-o\/","actionableFeedbackPolicy":"https:\/\/sub.hotelteledom.sk\/gdpr-system-ochrany-osobnych-udajov-v-ramci-spolocnosti-novitech-partner-s-r-o\/"}]}},"_links":{"self":[{"href":"https:\/\/sub.hotelteledom.sk\/de\/wp-json\/wp\/v2\/pages\/1424","targetHints":{"allow":["GET"]}}],"collection":[{"href":"https:\/\/sub.hotelteledom.sk\/de\/wp-json\/wp\/v2\/pages"}],"about":[{"href":"https:\/\/sub.hotelteledom.sk\/de\/wp-json\/wp\/v2\/types\/page"}],"author":[{"embeddable":true,"href":"https:\/\/sub.hotelteledom.sk\/de\/wp-json\/wp\/v2\/users\/1"}],"replies":[{"embeddable":true,"href":"https:\/\/sub.hotelteledom.sk\/de\/wp-json\/wp\/v2\/comments?post=1424"}],"version-history":[{"count":2,"href":"https:\/\/sub.hotelteledom.sk\/de\/wp-json\/wp\/v2\/pages\/1424\/revisions"}],"predecessor-version":[{"id":1687,"href":"https:\/\/sub.hotelteledom.sk\/de\/wp-json\/wp\/v2\/pages\/1424\/revisions\/1687"}],"wp:attachment":[{"href":"https:\/\/sub.hotelteledom.sk\/de\/wp-json\/wp\/v2\/media?parent=1424"}],"curies":[{"name":"wp","href":"https:\/\/api.w.org\/{rel}","templated":true}]}}